{"id":12718,"date":"2020-06-29T15:42:01","date_gmt":"2020-06-29T15:42:01","guid":{"rendered":"https:\/\/web.lasallesantiago.gal\/tenda\/sin%20categor\u00eda\/fisica-y-quimica-gonzalez-j-e-outrosed-sm-savia-2016-2-o-eso\/"},"modified":"2021-07-13T08:31:49","modified_gmt":"2021-07-13T08:31:49","slug":"fisica-y-quimica-gonzalez-j-e-outrosed-sm-savia-2016-2","status":"publish","type":"product","link":"https:\/\/web.lasallesantiago.gal\/es\/tienda\/libros\/libros-eso-es\/fisica-y-quimica-gonzalez-j-e-outrosed-sm-savia-2016-2\/","title":{"rendered":"F\u00edsica y Qu\u00edmica, Gonz\u00e1lez, J e outros;Ed. SM Savia (2016) &#8211; 2.\u00ba ESO"},"content":{"rendered":"<p>F\u00edsica y Qu\u00edmica, Gonz\u00e1lez, J e outros;<br \/>\nEd. SM Savia (2016) &#8211; 2.\u00ba ESO<\/p>\n","protected":false},"excerpt":{"rendered":"<p>F\u00edsica y Qu\u00edmica, Gonz\u00e1lez, J e outros; Ed. SM Savia (2016) &#8211; 2.\u00ba ESO<\/p>\n","protected":false},"featured_media":12541,"template":"","meta":[],"product_brand":[],"product_cat":[200],"product_tag":[],"class_list":{"0":"post-12718","1":"product","2":"type-product","3":"status-publish","4":"has-post-thumbnail","6":"product_cat-libros-eso","8":"first","9":"onbackorder","10":"shipping-taxable","11":"product-type-simple"},"_links":{"self":[{"href":"https:\/\/web.lasallesantiago.gal\/es\/wp-json\/wp\/v2\/product\/12718","targetHints":{"allow":["GET"]}}],"collection":[{"href":"https:\/\/web.lasallesantiago.gal\/es\/wp-json\/wp\/v2\/product"}],"about":[{"href":"https:\/\/web.lasallesantiago.gal\/es\/wp-json\/wp\/v2\/types\/product"}],"wp:featuredmedia":[{"embeddable":true,"href":"https:\/\/web.lasallesantiago.gal\/es\/wp-json\/wp\/v2\/media\/12541"}],"wp:attachment":[{"href":"https:\/\/web.lasallesantiago.gal\/es\/wp-json\/wp\/v2\/media?parent=12718"}],"wp:term":[{"taxonomy":"product_brand","embeddable":true,"href":"https:\/\/web.lasallesantiago.gal\/es\/wp-json\/wp\/v2\/product_brand?post=12718"},{"taxonomy":"product_cat","embeddable":true,"href":"https:\/\/web.lasallesantiago.gal\/es\/wp-json\/wp\/v2\/product_cat?post=12718"},{"taxonomy":"product_tag","embeddable":true,"href":"https:\/\/web.lasallesantiago.gal\/es\/wp-json\/wp\/v2\/product_tag?post=12718"}],"curies":[{"name":"wp","href":"https:\/\/api.w.org\/{rel}","templated":true}]}}