{"id":9499,"date":"2020-05-14T11:47:40","date_gmt":"2020-05-14T11:47:40","guid":{"rendered":"https:\/\/web.lasallesantiago.gal\/?page_id=9499"},"modified":"2020-06-02T08:57:26","modified_gmt":"2020-06-02T08:57:26","slug":"hara","status":"publish","type":"page","link":"https:\/\/web.lasallesantiago.gal\/es\/hara\/","title":{"rendered":"Hara"},"content":{"rendered":"<div id=\"pl-9499\"  class=\"panel-layout\" ><div id=\"pg-9499-0\"  class=\"panel-grid panel-no-style\" ><div id=\"pgc-9499-0-0\"  class=\"panel-grid-cell\" ><div id=\"panel-9499-0-0-0\" class=\"so-panel widget widget_heading panel-first-child panel-last-child\" data-index=\"0\" ><div class=\"thim-widget-heading template-base\"><div class=\"sc_heading  text-left\"><h3 style=\"text-transform: uppercase;\" class=\"title\">Programas La Salle - Hara<\/h3><p class=\"sub-heading\" style=\"\">Programa de Interioridad: el Camino hacia uno mismo, hacia los dem\u00e1s y hacia la trascendencia<\/p><span class=\"line\"><\/span><\/div><\/div><\/div><\/div><\/div><div id=\"pg-9499-1\"  class=\"panel-grid panel-no-style\" ><div id=\"pgc-9499-1-0\"  class=\"panel-grid-cell\" ><div id=\"panel-9499-1-0-0\" class=\"so-panel widget widget_siteorigin-panels-builder panel-first-child panel-last-child\" data-index=\"1\" ><div id=\"pl-w5ed61476e1316\"  class=\"panel-layout\" ><div id=\"pg-w5ed61476e1316-0\"  class=\"panel-grid panel-no-style\" ><div id=\"pgc-w5ed61476e1316-0-0\"  class=\"panel-grid-cell\" ><div id=\"panel-w5ed61476e1316-0-0-0\" class=\"so-panel widget widget_sow-editor panel-first-child panel-last-child\" data-index=\"0\" ><div\n\t\t\t\n\t\t\tclass=\"so-widget-sow-editor so-widget-sow-editor-base\"\n\t\t\t\n\t\t>\n<div class=\"siteorigin-widget-tinymce textwidget\">\n\t<p>Hara es una palabra de origen japon\u00e9s que se refiere al centro de gravedad f\u00edsica, psicol\u00f3gica y espiritual de la persona, es decir, lo m\u00e1s interior que tenemos, aquello que nos hacer ser quienes somos, lo m\u00e1s profundo de nuestra identidad.<\/p>\n<p>El proyecto Hara educa en uno de los paradigmas educativos del momento: la <span class=\"texto-azul\">interioridad<\/span> desde distintas dimensiones. Se trabajaba en sesiones, tras las que se comparte cada experiencia que se ha generado en nuestro interior como parte fundamental de las mismas.<\/p>\n<\/div>\n<\/div><\/div><\/div><\/div><div id=\"pg-w5ed61476e1316-1\"  class=\"panel-grid panel-no-style\" ><div id=\"pgc-w5ed61476e1316-1-0\"  class=\"panel-grid-cell\" ><div id=\"panel-w5ed61476e1316-1-0-0\" class=\"so-panel widget widget_sow-editor panel-first-child panel-last-child\" data-index=\"1\" ><div\n\t\t\t\n\t\t\tclass=\"so-widget-sow-editor so-widget-sow-editor-base\"\n\t\t\t\n\t\t>\n<div class=\"siteorigin-widget-tinymce textwidget\">\n\t<h2 class=\"texto-azul\">Trabajo corporal<\/h2>\n<p>Nuestro objetivo es la estimulaci\u00f3n y enriquecimiento de las estructuras neuronales que facilitan la entrada y abarca distintas <span class=\"texto-azul\">t\u00e9cnicas corporales<\/span> que nos permiten tomar conciencia de lo m\u00e1s \u00edntimo de nosotros mismos, nos posibilita <span class=\"texto-azul\">vivir con m\u00e1s serenidad y profundidad<\/span> el \u201caqu\u00ed y ahora\u201d, nos concede la <span class=\"texto-azul\">oportunidad de comunicarnos<\/span> con mayor calidez y calidad con cuantos nos rodean y nos facilita el encuentro con el yo profundo.<\/p>\n<\/div>\n<\/div><\/div><\/div><\/div><div id=\"pg-w5ed61476e1316-2\"  class=\"panel-grid panel-no-style\" ><div id=\"pgc-w5ed61476e1316-2-0\"  class=\"panel-grid-cell\" ><div id=\"panel-w5ed61476e1316-2-0-0\" class=\"so-panel widget widget_sow-editor panel-first-child panel-last-child\" data-index=\"2\" ><div\n\t\t\t\n\t\t\tclass=\"so-widget-sow-editor so-widget-sow-editor-base\"\n\t\t\t\n\t\t>\n<div class=\"siteorigin-widget-tinymce textwidget\">\n\t<h2 class=\"texto-azul\">Integraci\u00f3n emocional<\/h2>\n<p>A trav\u00e9s de las actividades y din\u00e1micas, de la reflexi\u00f3n personal, del di\u00e1logo y del acompa\u00f1amiento individualizado, se ofrecen herramientas que favorecen el <span class=\"texto-azul\">autoconocimiento<\/span>, pero tambi\u00e9n el <span class=\"texto-azul\">descubrimiento de la individualidad del otro<\/span>.<\/p>\n<\/div>\n<\/div><\/div><\/div><\/div><div id=\"pg-w5ed61476e1316-3\"  class=\"panel-grid panel-no-style\" ><div id=\"pgc-w5ed61476e1316-3-0\"  class=\"panel-grid-cell\" ><div id=\"panel-w5ed61476e1316-3-0-0\" class=\"so-panel widget widget_sow-editor panel-first-child panel-last-child\" data-index=\"3\" ><div\n\t\t\t\n\t\t\tclass=\"so-widget-sow-editor so-widget-sow-editor-base\"\n\t\t\t\n\t\t>\n<div class=\"siteorigin-widget-tinymce textwidget\">\n\t<h2 class=\"texto-azul\">Apertura a la trascendencia<\/h2>\n<p>Partiendo de la experiencia interior generada a trav\u00e9s de din\u00e1micas, experiencias de silencio, admiraci\u00f3n est\u00e9tica, cultivo de la actitud de agradecimiento, curiosidad, misterio, ejercicios sencillos de iniciaci\u00f3n a la meditaci\u00f3n\u2026 se intenta conducir a los alumnos hacia la <span class=\"texto-azul\">apertura a la trascendencia<\/span>. Trascendencia con min\u00fascula, pero tambi\u00e9n con may\u00fasculas, la experiencia del Absoluto.<\/p>\n<p>Estas dimensiones no se trabajan de forma aislada sino de forma conjunta. Las t\u00e9cnicas y herramientas que se proponen en el proyecto nos posibilitan la forma de intervenir de manera global, de manera que cada dimensi\u00f3n se vea enriquecida por las otras. Las herramientas m\u00e1s habituales son:<\/p>\n<ul>\n<li><span class=\"texto-azul\">Respiraci\u00f3n<\/span>: saber respirar bien nos ayuda a hacer m\u00e1s profundo nuestro silencio. Aprender a acompasar movimiento y respiraci\u00f3n nos armoniza.<\/li>\n<li><span class=\"texto-azul\">Relajaci\u00f3n<\/span>: ayuda a la introspecci\u00f3n y al inicio de la meditaci\u00f3n.<\/li>\n<li><span class=\"texto-azul\">M\u00fasica<\/span>: la m\u00fasica se convierte en la base o en el ambiente preciso para muchas actividades.<\/li>\n<li><span class=\"texto-azul\">Expresi\u00f3n art\u00edstica<\/span>: se trata de trabajar diferentes v\u00edas de expresi\u00f3n cuando la palabra no basta.<\/li>\n<li><span class=\"texto-azul\">Trabajo de la voz<\/span>: descubrir las posibles modulaciones de la voz es un potente ejercicio para ponernos en contacto con nuestra \u201cm\u00fasica interior\u201d.<\/li>\n<li><span class=\"texto-azul\">Juegos<\/span>: son los medios adecuados para crear el ambiente necesario.<\/li>\n<li><span class=\"texto-azul\">Din\u00e1micas<\/span>: experiencias que evocan distintas realidades.<\/li>\n<li><span class=\"texto-azul\">Visualizaciones<\/span>: t\u00e9cnica psicol\u00f3gica para alcanzar una condici\u00f3n emocional deseada a trav\u00e9s de imaginar algo concreto. Unida a la relajaci\u00f3n se convierte en un camino de meditaci\u00f3n que puede ir abriendo al sentido de la oraci\u00f3n meditativa.<\/li>\n<\/ul>\n<p>El proyecto Hara se trabaja con los alumnos, con las familias y con los educadores.<\/p>\n<\/div>\n<\/div><\/div><\/div><\/div><\/div><\/div><\/div><div id=\"pgc-9499-1-1\"  class=\"panel-grid-cell\" ><div id=\"panel-9499-1-1-0\" class=\"so-panel widget widget_sow-editor panel-first-child panel-last-child\" data-index=\"2\" ><div class=\"menu-secundario panel-widget-style panel-widget-style-for-9499-1-1-0\" ><div\n\t\t\t\n\t\t\tclass=\"so-widget-sow-editor so-widget-sow-editor-base\"\n\t\t\t\n\t\t><h3 class=\"widget-title\">Programas La Salle<\/h3>\n<div class=\"siteorigin-widget-tinymce textwidget\">\n\t<div class=\"widget-area\">\n<aside class=\"widget widget_nav_menu\">\n<div>\n<ul class=\"menu\">\n<li class=\"menu-item menu-item-type-custom menu-item-object-custom tc-menu-item tc-menu-depth-0 tc-menu-align-left tc-menu-layout-default\"><a class=\"tc-menu-inner\" href=\"\/ulises\">Ulises<\/a><\/li>\n<li class=\"menu-item menu-item-type-custom menu-item-object-custom tc-menu-item tc-menu-depth-0 tc-menu-align-left tc-menu-layout-default\"><a class=\"tc-menu-inner\" href=\"\/crea\">Crea<\/a><\/li>\n<li class=\"menu-item menu-item-type-custom menu-item-object-custom tc-menu-item tc-menu-depth-0 tc-menu-align-left tc-menu-layout-default\"><a class=\"tc-menu-inner\" href=\"\/optimis\">Optimis<\/a><\/li>\n<li class=\"menu-item menu-item-type-custom menu-item-object-custom tc-menu-item tc-menu-depth-0 tc-menu-align-left tc-menu-layout-default\"><a class=\"tc-menu-inner\" href=\"\/irati\">Irati<\/a><\/li>\n<li class=\"menu-item menu-item-type-custom menu-item-object-custom tc-menu-item tc-menu-depth-0 tc-menu-align-left tc-menu-layout-default\"><a class=\"tc-menu-inner\" href=\"\/lectura-eficaz\">Lectura Eficaz<\/a><\/li>\n<li class=\"menu-item menu-item-type-custom menu-item-object-custom tc-menu-item tc-menu-depth-0 tc-menu-align-left tc-menu-layout-default\"><a class=\"tc-menu-inner\" href=\"\/aprendizaje-cooperativo\">Aprendizaje Cooperativo<\/a><\/li>\n<li class=\"menu-item menu-item-type-custom menu-item-object-custom tc-menu-item tc-menu-depth-0 tc-menu-align-left tc-menu-layout-default\"><a class=\"tc-menu-inner\" href=\"\/hara\">Hara<\/a><\/li>\n<\/ul>\n<\/div>\n<\/aside>\n<\/div>\n<\/div>\n<\/div><\/div><\/div><\/div><\/div><\/div>","protected":false},"excerpt":{"rendered":"<p>Ulises Crea Optimis Irati Lectura Eficaz Aprendizaje Cooperativo Hara<\/p>\n","protected":false},"author":1,"featured_media":0,"parent":0,"menu_order":0,"comment_status":"closed","ping_status":"closed","template":"","meta":{"footnotes":""},"class_list":["post-9499","page","type-page","status-publish","hentry"],"_links":{"self":[{"href":"https:\/\/web.lasallesantiago.gal\/es\/wp-json\/wp\/v2\/pages\/9499","targetHints":{"allow":["GET"]}}],"collection":[{"href":"https:\/\/web.lasallesantiago.gal\/es\/wp-json\/wp\/v2\/pages"}],"about":[{"href":"https:\/\/web.lasallesantiago.gal\/es\/wp-json\/wp\/v2\/types\/page"}],"author":[{"embeddable":true,"href":"https:\/\/web.lasallesantiago.gal\/es\/wp-json\/wp\/v2\/users\/1"}],"replies":[{"embeddable":true,"href":"https:\/\/web.lasallesantiago.gal\/es\/wp-json\/wp\/v2\/comments?post=9499"}],"version-history":[{"count":0,"href":"https:\/\/web.lasallesantiago.gal\/es\/wp-json\/wp\/v2\/pages\/9499\/revisions"}],"wp:attachment":[{"href":"https:\/\/web.lasallesantiago.gal\/es\/wp-json\/wp\/v2\/media?parent=9499"}],"curies":[{"name":"wp","href":"https:\/\/api.w.org\/{rel}","templated":true}]}}