{"id":9493,"date":"2020-05-14T11:20:47","date_gmt":"2020-05-14T11:20:47","guid":{"rendered":"https:\/\/web.lasallesantiago.gal\/?page_id=9493"},"modified":"2020-05-14T11:20:47","modified_gmt":"2020-05-14T11:20:47","slug":"lectura-eficaz","status":"publish","type":"page","link":"https:\/\/web.lasallesantiago.gal\/es\/lectura-eficaz\/","title":{"rendered":"Lectura Eficaz"},"content":{"rendered":"<div id=\"pl-9493\"  class=\"panel-layout\" ><div id=\"pg-9493-0\"  class=\"panel-grid panel-no-style\" ><div id=\"pgc-9493-0-0\"  class=\"panel-grid-cell\" ><div id=\"panel-9493-0-0-0\" class=\"so-panel widget widget_heading panel-first-child panel-last-child\" data-index=\"0\" ><div class=\"thim-widget-heading template-base\"><div class=\"sc_heading  text-left\"><h3 style=\"text-transform: uppercase;\" class=\"title\">Programas La Salle - Lectura Eficaz<\/h3><p class=\"sub-heading\" style=\"\">Programa de Mejora de la Competencia Lectora<\/p><span class=\"line\"><\/span><\/div><\/div><\/div><\/div><\/div><div id=\"pg-9493-1\"  class=\"panel-grid panel-no-style\" ><div id=\"pgc-9493-1-0\"  class=\"panel-grid-cell\" ><div id=\"panel-9493-1-0-0\" class=\"so-panel widget widget_siteorigin-panels-builder panel-first-child panel-last-child\" data-index=\"1\" ><div id=\"pl-w5ebd298f51615\"  class=\"panel-layout\" ><div id=\"pg-w5ebd298f51615-0\"  class=\"panel-grid panel-no-style\" ><div id=\"pgc-w5ebd298f51615-0-0\"  class=\"panel-grid-cell\" ><div id=\"panel-w5ebd298f51615-0-0-0\" class=\"so-panel widget widget_sow-editor panel-first-child panel-last-child\" data-index=\"0\" ><div\n\t\t\t\n\t\t\tclass=\"so-widget-sow-editor so-widget-sow-editor-base\"\n\t\t\t\n\t\t>\n<div class=\"siteorigin-widget-tinymce textwidget\">\n\t<p>Lectura Eficaz es un programa cuyo objetivo \u00faltimo es convertir a todos los alumnos en <span class=\"texto-azul\">lectores eficaces a trav\u00e9s del trabajo continuo<\/span> con unas <span class=\"texto-azul\">t\u00e9cnicas de trabajo intelectual<\/span> convenientemente estructuradas y secuenciadas que pretenden fomentar y desarrollar las capacidades que intervienen directamente en el acto lector: atenci\u00f3n, comprensi\u00f3n, intuici\u00f3n, velocidad, habilidad visual, memoria, anticipaci\u00f3n\u2026<\/p>\n<p>Estas t\u00e9cnicas se enfocan a mejorar la <span class=\"texto-azul\">motivaci\u00f3n<\/span>, la <span class=\"texto-azul\">comprensi\u00f3n<\/span> y la <span class=\"texto-azul\">capacitaci\u00f3n<\/span> lectoras de los estudiantes.<\/p>\n<p>Desarrollando estas capacidades, totalmente en la l\u00ednea propuesta por la normativa educativa, estamos facilitando, no solo la lectura, sino todo el proceso global del aprendizaje. De este modo, este programa sirve para prevenir, en lo posible, el fracaso escolar ligado en edades iniciales a la falta de competencia lectora.<\/p>\n<p>Se desarrolla mediante diversas l\u00edneas de trabajo:<\/p>\n<ul>\n<li><span class=\"texto-azul\">Proyecto Lector de Centro<\/span>, que articula la lectura en todas las etapas educativas.<\/li>\n<li><span class=\"texto-azul\">Materiales de lectura espec\u00edficos por etapas<\/span>: juegos de lectura, estrategias lectoras\u2026<\/li>\n<li><span class=\"texto-azul\">Materiales para la lectura en voz alta<\/span>, en la etapa de primaria.<\/li>\n<li><span class=\"texto-azul\">Havilect<\/span>, programa inform\u00e1tico que entrena y desarrolla las habilidades necesarias para realizar con \u00e9xito el acto lector: ampliaci\u00f3n del campo visual, disminuci\u00f3n de fijaciones, localizaci\u00f3n r\u00e1pida de una informaci\u00f3n, memoria visual, anticipaci\u00f3n del sentido\u2026<\/li>\n<\/ul>\n<\/div>\n<\/div><\/div><\/div><\/div><\/div><\/div><\/div><div id=\"pgc-9493-1-1\"  class=\"panel-grid-cell\" ><div id=\"panel-9493-1-1-0\" class=\"so-panel widget widget_sow-editor panel-first-child panel-last-child\" data-index=\"2\" ><div class=\"menu-secundario panel-widget-style panel-widget-style-for-9493-1-1-0\" ><div\n\t\t\t\n\t\t\tclass=\"so-widget-sow-editor so-widget-sow-editor-base\"\n\t\t\t\n\t\t><h3 class=\"widget-title\">Programas La Salle<\/h3>\n<div class=\"siteorigin-widget-tinymce textwidget\">\n\t<div class=\"widget-area\">\n<aside class=\"widget widget_nav_menu\">\n<div>\n<ul class=\"menu\">\n<li class=\"menu-item menu-item-type-custom menu-item-object-custom tc-menu-item tc-menu-depth-0 tc-menu-align-left tc-menu-layout-default\"><a class=\"tc-menu-inner\" href=\"\/ulises\">Ulises<\/a><\/li>\n<li class=\"menu-item menu-item-type-custom menu-item-object-custom tc-menu-item tc-menu-depth-0 tc-menu-align-left tc-menu-layout-default\"><a class=\"tc-menu-inner\" href=\"\/crea\">Crea<\/a><\/li>\n<li class=\"menu-item menu-item-type-custom menu-item-object-custom tc-menu-item tc-menu-depth-0 tc-menu-align-left tc-menu-layout-default\"><a class=\"tc-menu-inner\" href=\"\/optimis\">Optimis<\/a><\/li>\n<li class=\"menu-item menu-item-type-custom menu-item-object-custom tc-menu-item tc-menu-depth-0 tc-menu-align-left tc-menu-layout-default\"><a class=\"tc-menu-inner\" href=\"\/irati\">Irati<\/a><\/li>\n<li class=\"menu-item menu-item-type-custom menu-item-object-custom tc-menu-item tc-menu-depth-0 tc-menu-align-left tc-menu-layout-default\"><a class=\"tc-menu-inner\" href=\"\/lectura-eficaz\">Lectura Eficaz<\/a><\/li>\n<li class=\"menu-item menu-item-type-custom menu-item-object-custom tc-menu-item tc-menu-depth-0 tc-menu-align-left tc-menu-layout-default\"><a class=\"tc-menu-inner\" href=\"\/aprendizaje-cooperativo\">Aprendizaje Cooperativo<\/a><\/li>\n<li class=\"menu-item menu-item-type-custom menu-item-object-custom tc-menu-item tc-menu-depth-0 tc-menu-align-left tc-menu-layout-default\"><a class=\"tc-menu-inner\" href=\"\/hara\">Hara<\/a><\/li>\n<\/ul>\n<\/div>\n<\/aside>\n<\/div>\n<\/div>\n<\/div><\/div><\/div><\/div><\/div><\/div>","protected":false},"excerpt":{"rendered":"<p>Ulises Crea Optimis Irati Lectura Eficaz Aprendizaje Cooperativo Hara<\/p>\n","protected":false},"author":1,"featured_media":0,"parent":0,"menu_order":0,"comment_status":"closed","ping_status":"closed","template":"","meta":{"footnotes":""},"class_list":["post-9493","page","type-page","status-publish","hentry"],"_links":{"self":[{"href":"https:\/\/web.lasallesantiago.gal\/es\/wp-json\/wp\/v2\/pages\/9493","targetHints":{"allow":["GET"]}}],"collection":[{"href":"https:\/\/web.lasallesantiago.gal\/es\/wp-json\/wp\/v2\/pages"}],"about":[{"href":"https:\/\/web.lasallesantiago.gal\/es\/wp-json\/wp\/v2\/types\/page"}],"author":[{"embeddable":true,"href":"https:\/\/web.lasallesantiago.gal\/es\/wp-json\/wp\/v2\/users\/1"}],"replies":[{"embeddable":true,"href":"https:\/\/web.lasallesantiago.gal\/es\/wp-json\/wp\/v2\/comments?post=9493"}],"version-history":[{"count":0,"href":"https:\/\/web.lasallesantiago.gal\/es\/wp-json\/wp\/v2\/pages\/9493\/revisions"}],"wp:attachment":[{"href":"https:\/\/web.lasallesantiago.gal\/es\/wp-json\/wp\/v2\/media?parent=9493"}],"curies":[{"name":"wp","href":"https:\/\/api.w.org\/{rel}","templated":true}]}}