{"id":9476,"date":"2020-05-14T11:11:23","date_gmt":"2020-05-14T11:11:23","guid":{"rendered":"https:\/\/web.lasallesantiago.gal\/?page_id=9476"},"modified":"2020-05-14T11:16:38","modified_gmt":"2020-05-14T11:16:38","slug":"irati","status":"publish","type":"page","link":"https:\/\/web.lasallesantiago.gal\/es\/irati\/","title":{"rendered":"Irati"},"content":{"rendered":"<div id=\"pl-9476\"  class=\"panel-layout\" ><div id=\"pg-9476-0\"  class=\"panel-grid panel-no-style\" ><div id=\"pgc-9476-0-0\"  class=\"panel-grid-cell\" ><div id=\"panel-9476-0-0-0\" class=\"so-panel widget widget_heading panel-first-child panel-last-child\" data-index=\"0\" ><div class=\"thim-widget-heading template-base\"><div class=\"sc_heading  text-left\"><h3 style=\"text-transform: uppercase;\" class=\"title\">Programas La Salle - Irati<\/h3><p class=\"sub-heading\" style=\"\">Programa para la Gesti\u00f3n del Conocimiento y el Pensamiento Estrat\u00e9gico<\/p><span class=\"line\"><\/span><\/div><\/div><\/div><\/div><\/div><div id=\"pg-9476-1\"  class=\"panel-grid panel-no-style\" ><div id=\"pgc-9476-1-0\"  class=\"panel-grid-cell\" ><div id=\"panel-9476-1-0-0\" class=\"so-panel widget widget_siteorigin-panels-builder panel-first-child panel-last-child\" data-index=\"1\" ><div id=\"pl-w5ebd2896ad9bf\"  class=\"panel-layout\" ><div id=\"pg-w5ebd2896ad9bf-0\"  class=\"panel-grid panel-no-style\" ><div id=\"pgc-w5ebd2896ad9bf-0-0\"  class=\"panel-grid-cell\" ><div id=\"panel-w5ebd2896ad9bf-0-0-0\" class=\"so-panel widget widget_sow-editor panel-first-child panel-last-child\" data-index=\"0\" ><div\n\t\t\t\n\t\t\tclass=\"so-widget-sow-editor so-widget-sow-editor-base\"\n\t\t\t\n\t\t>\n<div class=\"siteorigin-widget-tinymce textwidget\">\n\t<p>El programa Irati es un conjunto de procedimientos que asegura un <span class=\"texto-azul\">procesamiento inteligente de la informaci\u00f3n para poder transformarla en conocimiento<\/span>.<\/p>\n<p>En un mundo saturado de informaci\u00f3n, donde el conocimiento se multiplica en segundos, el acceso y las fuentes son infinitos, nos encontramos con la necesidad fundamental de aprender a gestionar esa ingente cantidad de datos.<\/p>\n<p>Necesitamos disponer de recursos y estrategias tanto para la validaci\u00f3n de las fuentes como para la s\u00edntesis y tratamiento de dicha informaci\u00f3n. El objetivo es visualizar, comprender, retener y comunicar o externalizar lo trabajado. Con este programa facilitamos al alumnado estrategias de mapping, Ishikawa, infograf\u00edas, diagrama Gantt, y otras en l\u00ednea de \u201cvisual thinking\u201d.<\/p>\n<\/div>\n<\/div><\/div><\/div><\/div><\/div><\/div><\/div><div id=\"pgc-9476-1-1\"  class=\"panel-grid-cell\" ><div id=\"panel-9476-1-1-0\" class=\"so-panel widget widget_sow-editor panel-first-child panel-last-child\" data-index=\"2\" ><div class=\"menu-secundario panel-widget-style panel-widget-style-for-9476-1-1-0\" ><div\n\t\t\t\n\t\t\tclass=\"so-widget-sow-editor so-widget-sow-editor-base\"\n\t\t\t\n\t\t><h3 class=\"widget-title\">Programas La Salle<\/h3>\n<div class=\"siteorigin-widget-tinymce textwidget\">\n\t<div class=\"widget-area\">\n<aside class=\"widget widget_nav_menu\">\n<div>\n<ul class=\"menu\">\n<li class=\"menu-item menu-item-type-custom menu-item-object-custom tc-menu-item tc-menu-depth-0 tc-menu-align-left tc-menu-layout-default\"><a class=\"tc-menu-inner\" href=\"\/ulises\">Ulises<\/a><\/li>\n<li class=\"menu-item menu-item-type-custom menu-item-object-custom tc-menu-item tc-menu-depth-0 tc-menu-align-left tc-menu-layout-default\"><a class=\"tc-menu-inner\" href=\"\/crea\">Crea<\/a><\/li>\n<li class=\"menu-item menu-item-type-custom menu-item-object-custom tc-menu-item tc-menu-depth-0 tc-menu-align-left tc-menu-layout-default\"><a class=\"tc-menu-inner\" href=\"\/optimis\">Optimis<\/a><\/li>\n<li class=\"menu-item menu-item-type-custom menu-item-object-custom tc-menu-item tc-menu-depth-0 tc-menu-align-left tc-menu-layout-default\"><a class=\"tc-menu-inner\" href=\"\/irati\">Irati<\/a><\/li>\n<li class=\"menu-item menu-item-type-custom menu-item-object-custom tc-menu-item tc-menu-depth-0 tc-menu-align-left tc-menu-layout-default\"><a class=\"tc-menu-inner\" href=\"\/lectura-eficaz\">Lectura Eficaz<\/a><\/li>\n<li class=\"menu-item menu-item-type-custom menu-item-object-custom tc-menu-item tc-menu-depth-0 tc-menu-align-left tc-menu-layout-default\"><a class=\"tc-menu-inner\" href=\"\/aprendizaje-cooperativo\">Aprendizaje Cooperativo<\/a><\/li>\n<li class=\"menu-item menu-item-type-custom menu-item-object-custom tc-menu-item tc-menu-depth-0 tc-menu-align-left tc-menu-layout-default\"><a class=\"tc-menu-inner\" href=\"\/hara\">Hara<\/a><\/li>\n<\/ul>\n<\/div>\n<\/aside>\n<\/div>\n<\/div>\n<\/div><\/div><\/div><\/div><\/div><\/div>","protected":false},"excerpt":{"rendered":"<p>Ulises Crea Optimis Irati Lectura Eficaz Aprendizaje Cooperativo Hara<\/p>\n","protected":false},"author":1,"featured_media":0,"parent":0,"menu_order":0,"comment_status":"closed","ping_status":"closed","template":"","meta":{"footnotes":""},"class_list":["post-9476","page","type-page","status-publish","hentry"],"_links":{"self":[{"href":"https:\/\/web.lasallesantiago.gal\/es\/wp-json\/wp\/v2\/pages\/9476","targetHints":{"allow":["GET"]}}],"collection":[{"href":"https:\/\/web.lasallesantiago.gal\/es\/wp-json\/wp\/v2\/pages"}],"about":[{"href":"https:\/\/web.lasallesantiago.gal\/es\/wp-json\/wp\/v2\/types\/page"}],"author":[{"embeddable":true,"href":"https:\/\/web.lasallesantiago.gal\/es\/wp-json\/wp\/v2\/users\/1"}],"replies":[{"embeddable":true,"href":"https:\/\/web.lasallesantiago.gal\/es\/wp-json\/wp\/v2\/comments?post=9476"}],"version-history":[{"count":0,"href":"https:\/\/web.lasallesantiago.gal\/es\/wp-json\/wp\/v2\/pages\/9476\/revisions"}],"wp:attachment":[{"href":"https:\/\/web.lasallesantiago.gal\/es\/wp-json\/wp\/v2\/media?parent=9476"}],"curies":[{"name":"wp","href":"https:\/\/api.w.org\/{rel}","templated":true}]}}