{"id":9464,"date":"2020-05-14T11:04:10","date_gmt":"2020-05-14T11:04:10","guid":{"rendered":"https:\/\/web.lasallesantiago.gal\/?page_id=9464"},"modified":"2020-05-14T11:05:40","modified_gmt":"2020-05-14T11:05:40","slug":"crea","status":"publish","type":"page","link":"https:\/\/web.lasallesantiago.gal\/es\/crea\/","title":{"rendered":"Crea"},"content":{"rendered":"<div id=\"pl-9464\"  class=\"panel-layout\" ><div id=\"pg-9464-0\"  class=\"panel-grid panel-no-style\" ><div id=\"pgc-9464-0-0\"  class=\"panel-grid-cell\" ><div id=\"panel-9464-0-0-0\" class=\"so-panel widget widget_heading panel-first-child panel-last-child\" data-index=\"0\" ><div class=\"thim-widget-heading template-base\"><div class=\"sc_heading  text-left\"><h3 style=\"text-transform: uppercase;\" class=\"title\">Programas La Salle - Crea<\/h3><p class=\"sub-heading\" style=\"\">Programa de Estimulaci\u00f3n de la Inteligencia Creativa o Pensamiento Lateral<\/p><span class=\"line\"><\/span><\/div><\/div><\/div><\/div><\/div><div id=\"pg-9464-1\"  class=\"panel-grid panel-no-style\" ><div id=\"pgc-9464-1-0\"  class=\"panel-grid-cell\" ><div id=\"panel-9464-1-0-0\" class=\"so-panel widget widget_siteorigin-panels-builder panel-first-child panel-last-child\" data-index=\"1\" ><div id=\"pl-w5ebd2604347f8\"  class=\"panel-layout\" ><div id=\"pg-w5ebd2604347f8-0\"  class=\"panel-grid panel-no-style\" ><div id=\"pgc-w5ebd2604347f8-0-0\"  class=\"panel-grid-cell\" ><div id=\"panel-w5ebd2604347f8-0-0-0\" class=\"so-panel widget widget_sow-editor panel-first-child panel-last-child\" data-index=\"0\" ><div\n\t\t\t\n\t\t\tclass=\"so-widget-sow-editor so-widget-sow-editor-base\"\n\t\t\t\n\t\t>\n<div class=\"siteorigin-widget-tinymce textwidget\">\n\t<p>El desarrollo de la creatividad es una demanda y una necesidad de la sociedad en la que vivimos. Pero adem\u00e1s es una capacidad esencialmente humana que nos enriquece y completa. Nuestra oferta educativa incluye de una manera expl\u00edcita el desarrollo de esta dimensi\u00f3n en la que tenemos ya un importante recorrido.<\/p>\n<p>Se trata de dotar a nuestro alumnado de las <span class=\"texto-azul\">estrategias y herramientas que pueden preservar y hacer crecer la capacidad creativa<\/span> con la que todos nacemos. Nuestro objetivo es poner dicha capacidad al servicio de la mejora personal y social, una creatividad orientada a la identificaci\u00f3n y b\u00fasqueda de soluciones a aquellos problemas que no pueden resolverse desde f\u00f3rmulas y convenciones, sino que requieren explorar otras alternativas.<\/p>\n<p>Este planteamiento est\u00e1 \u00edntimamente relacionado con actitudes y valores de orden afectivo-emocional (no enjuiciar las ideas de otro sino trabajar a partir de ellas) tanto en su aspecto interpersonal (seguridad, confianza o participaci\u00f3n) como intrapersonal (colaboraci\u00f3n, valoraci\u00f3n de otras aportaciones o esp\u00edritu de equipo). Desde las etapas iniciales (5 a\u00f1os) proponemos a nuestro alumnado experiencias para activar los principios b\u00e1sicos del pensamiento creativo eficaz.<\/p>\n<p>Crea incluye estrategias espec\u00edficas para entrenar y desarrollar el pensamiento lateral, entre ellas el procedimiento IDEAL, validado hace tiempo en distintos contextos: Identificar y Definir adecuadamente un problema para Explorar alternativas de forma eficaz y poder llevar a la Acci\u00f3n aquella que se considere la mejor, testando los Logros conseguidos una vez realizada.<\/p>\n<\/div>\n<\/div><\/div><\/div><\/div><\/div><\/div><\/div><div id=\"pgc-9464-1-1\"  class=\"panel-grid-cell\" ><div id=\"panel-9464-1-1-0\" class=\"so-panel widget widget_sow-editor panel-first-child panel-last-child\" data-index=\"2\" ><div class=\"menu-secundario panel-widget-style panel-widget-style-for-9464-1-1-0\" ><div\n\t\t\t\n\t\t\tclass=\"so-widget-sow-editor so-widget-sow-editor-base\"\n\t\t\t\n\t\t><h3 class=\"widget-title\">Programas La Salle<\/h3>\n<div class=\"siteorigin-widget-tinymce textwidget\">\n\t<div class=\"widget-area\">\n<aside class=\"widget widget_nav_menu\">\n<div>\n<ul class=\"menu\">\n<li class=\"menu-item menu-item-type-custom menu-item-object-custom tc-menu-item tc-menu-depth-0 tc-menu-align-left tc-menu-layout-default\"><a class=\"tc-menu-inner\" href=\"\/ulises\">Ulises<\/a><\/li>\n<li class=\"menu-item menu-item-type-custom menu-item-object-custom tc-menu-item tc-menu-depth-0 tc-menu-align-left tc-menu-layout-default\"><a class=\"tc-menu-inner\" href=\"\/crea\">Crea<\/a><\/li>\n<li class=\"menu-item menu-item-type-custom menu-item-object-custom tc-menu-item tc-menu-depth-0 tc-menu-align-left tc-menu-layout-default\"><a class=\"tc-menu-inner\" href=\"\/optimis\">Optimis<\/a><\/li>\n<li class=\"menu-item menu-item-type-custom menu-item-object-custom tc-menu-item tc-menu-depth-0 tc-menu-align-left tc-menu-layout-default\"><a class=\"tc-menu-inner\" href=\"\/irati\">Irati<\/a><\/li>\n<li class=\"menu-item menu-item-type-custom menu-item-object-custom tc-menu-item tc-menu-depth-0 tc-menu-align-left tc-menu-layout-default\"><a class=\"tc-menu-inner\" href=\"\/lectura-eficaz\">Lectura Eficaz<\/a><\/li>\n<li class=\"menu-item menu-item-type-custom menu-item-object-custom tc-menu-item tc-menu-depth-0 tc-menu-align-left tc-menu-layout-default\"><a class=\"tc-menu-inner\" href=\"\/aprendizaje-cooperativo\">Aprendizaje Cooperativo<\/a><\/li>\n<li class=\"menu-item menu-item-type-custom menu-item-object-custom tc-menu-item tc-menu-depth-0 tc-menu-align-left tc-menu-layout-default\"><a class=\"tc-menu-inner\" href=\"\/hara\">Hara<\/a><\/li>\n<\/ul>\n<\/div>\n<\/aside>\n<\/div>\n<\/div>\n<\/div><\/div><\/div><\/div><\/div><\/div>","protected":false},"excerpt":{"rendered":"<p>Ulises Crea Optimis Irati Lectura Eficaz Aprendizaje Cooperativo Hara<\/p>\n","protected":false},"author":1,"featured_media":0,"parent":0,"menu_order":0,"comment_status":"closed","ping_status":"closed","template":"","meta":{"footnotes":""},"class_list":["post-9464","page","type-page","status-publish","hentry"],"_links":{"self":[{"href":"https:\/\/web.lasallesantiago.gal\/es\/wp-json\/wp\/v2\/pages\/9464","targetHints":{"allow":["GET"]}}],"collection":[{"href":"https:\/\/web.lasallesantiago.gal\/es\/wp-json\/wp\/v2\/pages"}],"about":[{"href":"https:\/\/web.lasallesantiago.gal\/es\/wp-json\/wp\/v2\/types\/page"}],"author":[{"embeddable":true,"href":"https:\/\/web.lasallesantiago.gal\/es\/wp-json\/wp\/v2\/users\/1"}],"replies":[{"embeddable":true,"href":"https:\/\/web.lasallesantiago.gal\/es\/wp-json\/wp\/v2\/comments?post=9464"}],"version-history":[{"count":0,"href":"https:\/\/web.lasallesantiago.gal\/es\/wp-json\/wp\/v2\/pages\/9464\/revisions"}],"wp:attachment":[{"href":"https:\/\/web.lasallesantiago.gal\/es\/wp-json\/wp\/v2\/media?parent=9464"}],"curies":[{"name":"wp","href":"https:\/\/api.w.org\/{rel}","templated":true}]}}