{"id":9079,"date":"2020-05-13T08:16:53","date_gmt":"2020-05-13T08:16:53","guid":{"rendered":"https:\/\/web.lasallesantiago.gal\/?page_id=9079"},"modified":"2025-06-18T10:57:15","modified_gmt":"2025-06-18T08:57:15","slug":"codigo-etico","status":"publish","type":"page","link":"https:\/\/web.lasallesantiago.gal\/es\/codigo-etico\/","title":{"rendered":"C\u00f3digo \u00e9tico"},"content":{"rendered":"<div id=\"pl-9079\"  class=\"panel-layout\" ><div id=\"pg-9079-0\"  class=\"panel-grid panel-no-style\" ><div id=\"pgc-9079-0-0\"  class=\"panel-grid-cell\" ><div id=\"panel-9079-0-0-0\" class=\"so-panel widget widget_heading panel-first-child panel-last-child\" data-index=\"0\" ><div class=\"thim-widget-heading template-base\"><div class=\"sc_heading  text-left\"><h3 style=\"text-transform: uppercase;\" class=\"title\">C\u00f3digo \u00e9tico<\/h3><p class=\"sub-heading\" style=\"\">Red de Obras Educativas de Hermanos de las Escuelas Cristianas La Salle Sector Valladolid<\/p><span class=\"line\"><\/span><\/div><\/div><\/div><\/div><\/div><div id=\"pg-9079-1\"  class=\"panel-grid panel-no-style\" ><div id=\"pgc-9079-1-0\"  class=\"panel-grid-cell\" ><div id=\"panel-9079-1-0-0\" class=\"so-panel widget widget_sow-editor panel-first-child\" data-index=\"1\" ><div\n\t\t\t\n\t\t\tclass=\"so-widget-sow-editor so-widget-sow-editor-base\"\n\t\t\t\n\t\t>\n<div class=\"siteorigin-widget-tinymce textwidget\">\n\t<p>Este <strong>C\u00f3digo \u00c9tico y de Conducta<\/strong> expone los compromisos y las responsabilidades \u00e9ticas en la gesti\u00f3n de las actividades desarrolladas por la <strong>Red de Obras Educativas de Hermanos de las Escuelas Cristianas La Salle Sector Valladolid<\/strong>. Estas deben ser conocidas y asumidas por todos los que la integran, ya sea personal docente, personal de administraci\u00f3n y servicios, alumnado, familias o proveedores.<\/p>\n<p>Los Centros que integran la Red de Obras tienen como misi\u00f3n educar desde una visi\u00f3n cristiana de la persona y del mundo, participando en la evangelizaci\u00f3n de la Iglesia Cat\u00f3lica, potenciando la formaci\u00f3n integral de la ni\u00f1ez y la juventud y haciendo que se sientan protagonistas de su desarrollo acad\u00e9mico y humano. Todos los integrantes y part\u00edcipes en la Red de Obras Educativas deben prestar un servicio de calidad, con un tratamiento integral al alumnado y sus familias, respetando las peculiaridades de cada individuo y con el m\u00e1ximo respeto a su intimidad.<\/p>\n<\/div>\n<\/div><\/div><div id=\"panel-9079-1-0-1\" class=\"so-panel widget widget_button panel-last-child\" data-index=\"2\" ><div class=\"thim-widget-button template-base\"><a class=\"widget-button  normal custom_style\" href=\"https:\/\/web.lasallesantiago.gal\/wp-content\/uploads\/2025\/06\/codigo-etico-2025-cas.pdf\" style=\"--widget-button-font-size: 14px;--widget-button-font-weight: normal;--widget-button-border-width: 1;--widget-button-color: #005aa0;--widget-button-border-color: #005aa0;--widget-button-background-color: #ffffff;--widget-button-color-hover: #ffffff;--widget-button-border-color-hover: #005aa0;--widget-button-background-color-hover: #005aa0;\">Consultar C\u00f3digo \u00e9tico<\/a><\/div><\/div><\/div><\/div><\/div>","protected":false},"excerpt":{"rendered":"<p>Este C\u00f3digo \u00c9tico y de Conducta expone los compromisos y las responsabilidades \u00e9ticas en la gesti\u00f3n de las actividades desarrolladas por la Red de Obras Educativas de Hermanos de las Escuelas Cristianas La Salle Sector Valladolid. Estas deben ser conocidas &hellip; <\/p>\n","protected":false},"author":1,"featured_media":0,"parent":0,"menu_order":0,"comment_status":"closed","ping_status":"closed","template":"","meta":{"footnotes":""},"class_list":["post-9079","page","type-page","status-publish","hentry"],"_links":{"self":[{"href":"https:\/\/web.lasallesantiago.gal\/es\/wp-json\/wp\/v2\/pages\/9079","targetHints":{"allow":["GET"]}}],"collection":[{"href":"https:\/\/web.lasallesantiago.gal\/es\/wp-json\/wp\/v2\/pages"}],"about":[{"href":"https:\/\/web.lasallesantiago.gal\/es\/wp-json\/wp\/v2\/types\/page"}],"author":[{"embeddable":true,"href":"https:\/\/web.lasallesantiago.gal\/es\/wp-json\/wp\/v2\/users\/1"}],"replies":[{"embeddable":true,"href":"https:\/\/web.lasallesantiago.gal\/es\/wp-json\/wp\/v2\/comments?post=9079"}],"version-history":[{"count":1,"href":"https:\/\/web.lasallesantiago.gal\/es\/wp-json\/wp\/v2\/pages\/9079\/revisions"}],"predecessor-version":[{"id":27602,"href":"https:\/\/web.lasallesantiago.gal\/es\/wp-json\/wp\/v2\/pages\/9079\/revisions\/27602"}],"wp:attachment":[{"href":"https:\/\/web.lasallesantiago.gal\/es\/wp-json\/wp\/v2\/media?parent=9079"}],"curies":[{"name":"wp","href":"https:\/\/api.w.org\/{rel}","templated":true}]}}