{"id":9076,"date":"2020-05-13T08:16:27","date_gmt":"2020-05-13T08:16:27","guid":{"rendered":"https:\/\/web.lasallesantiago.gal\/?page_id=9076"},"modified":"2024-10-22T18:09:17","modified_gmt":"2024-10-22T16:09:17","slug":"reglamento-de-regimen-interior","status":"publish","type":"page","link":"https:\/\/web.lasallesantiago.gal\/es\/reglamento-de-regimen-interior\/","title":{"rendered":"Reglamento de R\u00e9gimen Interior"},"content":{"rendered":"<div id=\"pl-9076\"  class=\"panel-layout\" ><div id=\"pg-9076-0\"  class=\"panel-grid panel-no-style\" ><div id=\"pgc-9076-0-0\"  class=\"panel-grid-cell\" ><div id=\"panel-9076-0-0-0\" class=\"so-panel widget widget_heading panel-first-child panel-last-child\" data-index=\"0\" ><div class=\"thim-widget-heading template-base\"><div class=\"sc_heading  text-left\"><h3 style=\"text-transform: uppercase;\" class=\"title\">Reglamento de R\u00e9gimen Interior<\/h3><span class=\"line\"><\/span><\/div><\/div><\/div><\/div><\/div><div id=\"pg-9076-1\"  class=\"panel-grid panel-no-style\" ><div id=\"pgc-9076-1-0\"  class=\"panel-grid-cell\" ><div id=\"panel-9076-1-0-0\" class=\"so-panel widget widget_sow-editor panel-first-child\" data-index=\"1\" ><div\n\t\t\t\n\t\t\tclass=\"so-widget-sow-editor so-widget-sow-editor-base\"\n\t\t\t\n\t\t>\n<div class=\"siteorigin-widget-tinymce textwidget\">\n\t<p>El presente<strong> Reglamento de R\u00e9gimen Interior<\/strong> tiene por objeto regular la organizaci\u00f3n y el funcionamiento del Colegio La Salle Santiago de Compostela y promover la participaci\u00f3n de todos los que forman la Comunidad Educativa.<\/p>\n<\/div>\n<\/div><\/div><div id=\"panel-9076-1-0-1\" class=\"so-panel widget widget_button panel-last-child\" data-index=\"2\" ><div class=\"thim-widget-button template-base\"><a class=\"widget-button  normal custom_style\" href=\"https:\/\/web.lasallesantiago.gal\/wp-content\/uploads\/2024\/10\/rri-version-2024_v36gal.pdf\" style=\"--widget-button-font-size: 14px;--widget-button-font-weight: normal;--widget-button-border-width: 1;--widget-button-color: #005aa0;--widget-button-border-color: #005aa0;--widget-button-background-color: #ffffff;--widget-button-color-hover: #ffffff;--widget-button-border-color-hover: #005aa0;--widget-button-background-color-hover: #005aa0;\">Consultar RRI<\/a><\/div><\/div><\/div><\/div><\/div>","protected":false},"excerpt":{"rendered":"<p>El presente Reglamento de R\u00e9gimen Interior tiene por objeto regular la organizaci\u00f3n y el funcionamiento del Colegio La Salle Santiago de Compostela y promover la participaci\u00f3n de todos los que forman la Comunidad Educativa.<\/p>\n","protected":false},"author":1,"featured_media":0,"parent":0,"menu_order":0,"comment_status":"closed","ping_status":"closed","template":"","meta":{"footnotes":""},"class_list":["post-9076","page","type-page","status-publish","hentry"],"_links":{"self":[{"href":"https:\/\/web.lasallesantiago.gal\/es\/wp-json\/wp\/v2\/pages\/9076","targetHints":{"allow":["GET"]}}],"collection":[{"href":"https:\/\/web.lasallesantiago.gal\/es\/wp-json\/wp\/v2\/pages"}],"about":[{"href":"https:\/\/web.lasallesantiago.gal\/es\/wp-json\/wp\/v2\/types\/page"}],"author":[{"embeddable":true,"href":"https:\/\/web.lasallesantiago.gal\/es\/wp-json\/wp\/v2\/users\/1"}],"replies":[{"embeddable":true,"href":"https:\/\/web.lasallesantiago.gal\/es\/wp-json\/wp\/v2\/comments?post=9076"}],"version-history":[{"count":0,"href":"https:\/\/web.lasallesantiago.gal\/es\/wp-json\/wp\/v2\/pages\/9076\/revisions"}],"wp:attachment":[{"href":"https:\/\/web.lasallesantiago.gal\/es\/wp-json\/wp\/v2\/media?parent=9076"}],"curies":[{"name":"wp","href":"https:\/\/api.w.org\/{rel}","templated":true}]}}