{"id":9067,"date":"2020-05-13T08:14:33","date_gmt":"2020-05-13T08:14:33","guid":{"rendered":"https:\/\/web.lasallesantiago.gal\/?page_id=9067"},"modified":"2021-11-03T11:39:15","modified_gmt":"2021-11-03T11:39:15","slug":"revista-colegial","status":"publish","type":"page","link":"https:\/\/web.lasallesantiago.gal\/es\/revista-colegial\/","title":{"rendered":"Revista Colegial"},"content":{"rendered":"<div id=\"pl-9067\"  class=\"panel-layout\" ><div id=\"pg-9067-0\"  class=\"panel-grid panel-no-style\" ><div id=\"pgc-9067-0-0\"  class=\"panel-grid-cell\" ><div id=\"panel-9067-0-0-0\" class=\"so-panel widget widget_heading panel-first-child panel-last-child\" data-index=\"0\" ><div class=\"thim-widget-heading template-base\"><div class=\"sc_heading  text-left\"><h3 style=\"text-transform: uppercase;\" class=\"title\">EIDOS<\/h3><p class=\"sub-heading\" style=\"\">Nuestra revista colegial<\/p><span class=\"line\"><\/span><\/div><\/div><\/div><\/div><\/div><div id=\"pg-9067-1\"  class=\"panel-grid panel-no-style\" ><div id=\"pgc-9067-1-0\"  class=\"panel-grid-cell\" ><div id=\"panel-9067-1-0-0\" class=\"widget_text so-panel widget widget_custom_html panel-first-child\" data-index=\"1\" ><div class=\"textwidget custom-html-widget\"><div>\n\t<img decoding=\"async\" alt=\"EIDOS 1 - 1976\" src=\"\/EIDOS\/EIDOS1.png\" \/>\n<\/div><\/div><\/div><div id=\"panel-9067-1-0-1\" class=\"widget_text so-panel widget widget_custom_html panel-last-child\" data-index=\"2\" ><h3 class=\"widget-title\">EIDOS N\u00ba 1 &#8211; 1976<\/h3><div class=\"textwidget custom-html-widget\"><a class=\"icono pdf\" href=\"\/EIDOS\/EIDOS_numero_1_1976_ano_santo_compostelano_2a_edicion_ocr.pdf\" target=\"_blank\">Formato PDF (6.1Mb)<\/a><\/div><\/div><\/div><div id=\"pgc-9067-1-1\"  class=\"panel-grid-cell\" ><div id=\"panel-9067-1-1-0\" class=\"so-panel widget widget_sow-editor panel-first-child panel-last-child\" data-index=\"3\" ><div\n\t\t\t\n\t\t\tclass=\"so-widget-sow-editor so-widget-sow-editor-base\"\n\t\t\t\n\t\t>\n<div class=\"siteorigin-widget-tinymce textwidget\">\n\t<p>La revista <strong>EIDOS<\/strong> nace fruto del empe\u00f1o y la ilusi\u00f3n del Hno. Fernando Di\u00e9guez y nueve alumnos que se animaron a publicar el <strong>primer n\u00famero en marzo de 1976<\/strong>. En ella se puede leer:<\/p>\n<blockquote style=\"font-size:0.9em;\"><p>Eiqu\u00ed tes, amigo leitor, <strong>EIDOS<\/strong>, unas follas que chegan \u00e1s t\u00faas mans como paxaros chichiantes, cando a primaveira amosa as primeiras follas, como anduri\u00f1as que voltan ao teu tellado para cantarche cousas de lonxeiras terras, como x\u00edlgaros cantaruxeiros que trai o t\u00e9pedo angueiro de marzal\u2026<\/p>\n<p>EIDOS fala na mesma lingua doce, lizgaira e morri\u00f1osa na que falaron os nosos antergos dende fai moitos anos.<\/p><\/blockquote>\n<p>Su importancia hist\u00f3rica estriba en ser <strong>la primera publicaci\u00f3n totalmente en gallego realizada en Galicia<\/strong> tras la guerra civil. En sus primeros n\u00fameros podemos leer una entrevista a <strong>D. Antonio Fraguas Fraguas<\/strong>.<\/p>\n<p><span class=\"icono enlace\"><strong>Real Academia Galega<\/strong> <a href=\"https:\/\/academia.gal\/-\/eidos-a-revista-escolar-que-debutou-en-1976-cunha-entrevista-a-antonio-fraguas?p_l_back_url=%2Fprocura%3Fq%3Deidos\" rel=\"noopener\" target=\"_blank\">'Eidos', a revista escolar que debutou en 1976 cunha entrevista a Antonio Fraguas<\/a><\/span><\/p>\n<\/div>\n<\/div><\/div><\/div><\/div><div id=\"pg-9067-2\"  class=\"panel-grid panel-has-style\" ><div class=\"panel-row-style panel-row-style-for-9067-2\" ><div id=\"pgc-9067-2-0\"  class=\"panel-grid-cell\" ><div id=\"panel-9067-2-0-0\" class=\"widget_text so-panel widget widget_custom_html panel-first-child\" data-index=\"4\" ><div class=\"textwidget custom-html-widget\"><div>\n\t<img decoding=\"async\" alt=\"EIDOS 60\" src=\"https:\/\/web.lasallesantiago.gal\/wp-content\/uploads\/2020\/05\/EIDOS60_cubierta.png\" \/>\n<\/div><\/div><\/div><div id=\"panel-9067-2-0-1\" class=\"widget_text so-panel widget widget_custom_html panel-last-child\" data-index=\"5\" ><h3 class=\"widget-title\">Memoria escolar 2018\/2019<\/h3><div class=\"textwidget custom-html-widget\"><a class=\"icono pdf\" href=\"\/EIDOS\/EIDOS60_1819_WEB.pdf\" target=\"_blank\">Formato PDF ( 12.9Mb)<\/a><\/div><\/div><\/div><div id=\"pgc-9067-2-1\"  class=\"panel-grid-cell\" ><div id=\"panel-9067-2-1-0\" class=\"widget_text so-panel widget widget_custom_html panel-first-child\" data-index=\"6\" ><div class=\"textwidget custom-html-widget\"><div>\n\t<img decoding=\"async\" alt=\"EIDOS 59\" src=\"https:\/\/web.lasallesantiago.gal\/wp-content\/uploads\/2020\/05\/EIDOS59_cubierta.png\" \/>\n\t<div style=\"\">\n\t\t\n\t<\/div>\n<\/div><\/div><\/div><div id=\"panel-9067-2-1-1\" class=\"widget_text so-panel widget widget_custom_html panel-last-child\" data-index=\"7\" ><h3 class=\"widget-title\">Memoria escolar 2017\/2018<\/h3><div class=\"textwidget custom-html-widget\"><a class=\"icono pdf\" href=\"\/EIDOS\/EIDOS59_1718_WEB.pdf\" target=\"_blank\">Formato PDF ( 27.4Mb)<\/a><\/div><\/div><\/div><div id=\"pgc-9067-2-2\"  class=\"panel-grid-cell\" ><div id=\"panel-9067-2-2-0\" class=\"widget_text so-panel widget widget_custom_html panel-first-child\" data-index=\"8\" ><div class=\"textwidget custom-html-widget\"><div>\n\t<img decoding=\"async\" alt=\"EIDOS 58\" src=\"https:\/\/web.lasallesantiago.gal\/wp-content\/uploads\/2020\/05\/EIDOS58_cubierta.png\" \/>\n\t<div style=\"\">\n\t\t\n\t<\/div>\n<\/div><\/div><\/div><div id=\"panel-9067-2-2-1\" class=\"widget_text so-panel widget widget_custom_html panel-last-child\" data-index=\"9\" ><h3 class=\"widget-title\">Memoria escolar 2016\/2017<\/h3><div class=\"textwidget custom-html-widget\"><a class=\"icono pdf\" href=\"\/EIDOS\/EIDOS58_1617_WEB.pdf\" target=\"_blank\">Formato PDF ( 12.2Mb)<\/a><\/div><\/div><\/div><div id=\"pgc-9067-2-3\"  class=\"panel-grid-cell\" ><div id=\"panel-9067-2-3-0\" class=\"widget_text so-panel widget widget_custom_html panel-first-child\" data-index=\"10\" ><div class=\"textwidget custom-html-widget\"><div>\n\t<img decoding=\"async\" alt=\"EIDOS 57\" src=\"https:\/\/web.lasallesantiago.gal\/wp-content\/uploads\/2020\/05\/EIDOS57_cubierta.png\" \/>\n\t<div style=\"\">\n\t\t\n\t<\/div>\n<\/div><\/div><\/div><div id=\"panel-9067-2-3-1\" class=\"widget_text so-panel widget widget_custom_html panel-last-child\" data-index=\"11\" ><h3 class=\"widget-title\">Memoria escolar 2015\/2016<\/h3><div class=\"textwidget custom-html-widget\"><a class=\"icono pdf\" href=\"\/EIDOS\/EIDOS57_1516_WEB.pdf\" target=\"_blank\">Formato PDF ( 13.2Mb)<\/a><\/div><\/div><\/div><\/div><\/div><div id=\"pg-9067-3\"  class=\"panel-grid panel-has-style\" ><div class=\"panel-row-style panel-row-style-for-9067-3\" ><div id=\"pgc-9067-3-0\"  class=\"panel-grid-cell\" ><div id=\"panel-9067-3-0-0\" class=\"widget_text so-panel widget widget_custom_html panel-first-child\" data-index=\"12\" ><div class=\"textwidget custom-html-widget\"><div>\n\t<img decoding=\"async\" alt=\"EIDOS 56\" src=\"https:\/\/web.lasallesantiago.gal\/wp-content\/uploads\/2020\/05\/EIDOS56_cubierta.jpg\" \/>\n<\/div><\/div><\/div><div id=\"panel-9067-3-0-1\" class=\"widget_text so-panel widget widget_custom_html panel-last-child\" data-index=\"13\" ><h3 class=\"widget-title\">Memoria escolar 2014\/2015<\/h3><div class=\"textwidget custom-html-widget\"><a class=\"icono pdf\" href=\"\/EIDOS\/EIDOS56_1415_WEB.pdf\" target=\"_blank\">Formato PDF ( 27.4Mb)<\/a><\/div><\/div><\/div><div id=\"pgc-9067-3-1\"  class=\"panel-grid-cell panel-grid-cell-empty\" ><\/div><div id=\"pgc-9067-3-2\"  class=\"panel-grid-cell panel-grid-cell-empty panel-grid-cell-mobile-last\" ><\/div><div id=\"pgc-9067-3-3\"  class=\"panel-grid-cell panel-grid-cell-empty\" ><\/div><\/div><\/div><\/div>","protected":false},"excerpt":{"rendered":"<p>La revista EIDOS nace fruto del empe\u00f1o y la ilusi\u00f3n del Hno. Fernando Di\u00e9guez y nueve alumnos que se animaron a publicar el primer n\u00famero en marzo de 1976. En ella se puede leer: Eiqu\u00ed tes, amigo leitor, EIDOS, unas &hellip; <\/p>\n","protected":false},"author":1,"featured_media":0,"parent":0,"menu_order":0,"comment_status":"closed","ping_status":"closed","template":"","meta":{"footnotes":""},"class_list":["post-9067","page","type-page","status-publish","hentry"],"_links":{"self":[{"href":"https:\/\/web.lasallesantiago.gal\/es\/wp-json\/wp\/v2\/pages\/9067","targetHints":{"allow":["GET"]}}],"collection":[{"href":"https:\/\/web.lasallesantiago.gal\/es\/wp-json\/wp\/v2\/pages"}],"about":[{"href":"https:\/\/web.lasallesantiago.gal\/es\/wp-json\/wp\/v2\/types\/page"}],"author":[{"embeddable":true,"href":"https:\/\/web.lasallesantiago.gal\/es\/wp-json\/wp\/v2\/users\/1"}],"replies":[{"embeddable":true,"href":"https:\/\/web.lasallesantiago.gal\/es\/wp-json\/wp\/v2\/comments?post=9067"}],"version-history":[{"count":0,"href":"https:\/\/web.lasallesantiago.gal\/es\/wp-json\/wp\/v2\/pages\/9067\/revisions"}],"wp:attachment":[{"href":"https:\/\/web.lasallesantiago.gal\/es\/wp-json\/wp\/v2\/media?parent=9067"}],"curies":[{"name":"wp","href":"https:\/\/api.w.org\/{rel}","templated":true}]}}