{"id":9052,"date":"2020-05-13T08:10:18","date_gmt":"2020-05-13T08:10:18","guid":{"rendered":"https:\/\/web.lasallesantiago.gal\/?page_id=9052"},"modified":"2020-05-25T11:56:08","modified_gmt":"2020-05-25T11:56:08","slug":"proyecto-deportivo","status":"publish","type":"page","link":"https:\/\/web.lasallesantiago.gal\/es\/proyecto-deportivo\/","title":{"rendered":"Proyecto deportivo"},"content":{"rendered":"<div id=\"pl-9052\"  class=\"panel-layout\" ><div id=\"pg-9052-0\"  class=\"panel-grid panel-no-style\" ><div id=\"pgc-9052-0-0\"  class=\"panel-grid-cell\" ><div id=\"panel-9052-0-0-0\" class=\"so-panel widget widget_heading panel-first-child panel-last-child\" data-index=\"0\" ><div class=\"thim-widget-heading template-base\"><div class=\"sc_heading  text-left\"><h3 style=\"text-transform: uppercase;\" class=\"title\">Proyecto deportivo<\/h3><span class=\"line\"><\/span><\/div><\/div><\/div><\/div><\/div><div id=\"pg-9052-1\"  class=\"panel-grid panel-no-style\" ><div id=\"pgc-9052-1-0\"  class=\"panel-grid-cell\" ><div id=\"panel-9052-1-0-0\" class=\"so-panel widget widget_sow-editor panel-first-child panel-last-child\" data-index=\"1\" ><div\n\t\t\t\n\t\t\tclass=\"so-widget-sow-editor so-widget-sow-editor-base\"\n\t\t\t\n\t\t>\n<div class=\"siteorigin-widget-tinymce textwidget\">\n\t<h4 class=\"texto-azul\">El jugador como meta<\/h4>\n<p>La principal meta del Club es la formaci\u00f3n de jugadores que sean capaces de mejorar d\u00eda a d\u00eda como deportistas y como personas. El trabajo diario, el compromiso a nivel individual y de grupo, la disciplina, el esfuerzo, el orgullo de pertenecer y representar a un colectivo, y el respeto a todos los integrantes del Club son las claves para conseguirlo.<\/p>\n<h4 class=\"texto-azul\">Una gran familia<\/h4>\n<p>Entrenadores, directivos, jugadores y familiares formamos el Club. Nos identificamos como un club deportivo de formaci\u00f3n dirigido a chicos y chicas, la mayor\u00eda en edad escolar. En nuestro club conviven, y as\u00ed se plasma en la confecci\u00f3n de nuestros equipos, aspectos sociales y de competici\u00f3n, priorizando la educaci\u00f3n integral y deportiva de nuestros jugadores sobre el resultado de la propia competici\u00f3n.<\/p>\n<p>Los miembros del Club formamos una gran familia, no somos \u00fanicamente parte de un equipo. Todos debemos colaborar en conseguir \u00e9xitos para el Club y ser part\u00edcipes de los mismos.<\/p>\n<h4 class=\"texto-azul\">Voluntariedad, compromiso y compatibilidad<\/h4>\n<p>La inscripci\u00f3n en el Club es voluntaria e implica el conocimiento y aceptaci\u00f3n de estos principios.<\/p>\n<p>Al fichar por el Club, el jugador y sus familiares adquieren una serie de compromisos que abarcan toda la temporada (entrenos, partidos, campeonatos, cuotas, etc.). Antes de fichar, es necesario evaluar si se podr\u00e1n cumplir dichos compromisos y si son compatibles con otras actividades.<\/p>\n<p>El deporte ocupa un lugar fundamental en la formaci\u00f3n de las personas, sobre todo en la edad escolar. Esta actividad debe ser un complemento a los estudios, y en ning\u00fan caso supondr\u00e1n un obst\u00e1culo para el mismo.<\/p>\n<h4 class=\"texto-azul\">Deportividad, convivencia y reglamento de r\u00e9gimen interno<\/h4>\n<p>Las relaciones con el resto de la comunidad del baloncesto, como son los \u00e1rbitros y los equipos rivales, ser\u00e1n correctas y cordiales. El esp\u00edritu deportivo de juego limpio o fair play debe presidir la actuaci\u00f3n de nuestros equipos y jugadores, dentro y fuera de las pistas.<\/p>\n<\/div>\n<\/div><\/div><\/div><\/div><\/div>","protected":false},"excerpt":{"rendered":"<p>El jugador como meta La principal meta del Club es la formaci\u00f3n de jugadores que sean capaces de mejorar d\u00eda a d\u00eda como deportistas y como personas. El trabajo diario, el compromiso a nivel individual y de grupo, la disciplina, &hellip; <\/p>\n","protected":false},"author":1,"featured_media":0,"parent":0,"menu_order":0,"comment_status":"closed","ping_status":"closed","template":"","meta":{"footnotes":""},"class_list":["post-9052","page","type-page","status-publish","hentry"],"_links":{"self":[{"href":"https:\/\/web.lasallesantiago.gal\/es\/wp-json\/wp\/v2\/pages\/9052","targetHints":{"allow":["GET"]}}],"collection":[{"href":"https:\/\/web.lasallesantiago.gal\/es\/wp-json\/wp\/v2\/pages"}],"about":[{"href":"https:\/\/web.lasallesantiago.gal\/es\/wp-json\/wp\/v2\/types\/page"}],"author":[{"embeddable":true,"href":"https:\/\/web.lasallesantiago.gal\/es\/wp-json\/wp\/v2\/users\/1"}],"replies":[{"embeddable":true,"href":"https:\/\/web.lasallesantiago.gal\/es\/wp-json\/wp\/v2\/comments?post=9052"}],"version-history":[{"count":0,"href":"https:\/\/web.lasallesantiago.gal\/es\/wp-json\/wp\/v2\/pages\/9052\/revisions"}],"wp:attachment":[{"href":"https:\/\/web.lasallesantiago.gal\/es\/wp-json\/wp\/v2\/media?parent=9052"}],"curies":[{"name":"wp","href":"https:\/\/api.w.org\/{rel}","templated":true}]}}