{"id":9049,"date":"2020-05-13T08:09:45","date_gmt":"2020-05-13T08:09:45","guid":{"rendered":"https:\/\/web.lasallesantiago.gal\/?page_id=9049"},"modified":"2020-05-25T08:47:52","modified_gmt":"2020-05-25T08:47:52","slug":"historia-club-deportivo","status":"publish","type":"page","link":"https:\/\/web.lasallesantiago.gal\/es\/historia-club-deportivo\/","title":{"rendered":"Historia Club Deportivo"},"content":{"rendered":"<div id=\"pl-9049\"  class=\"panel-layout\" ><div id=\"pg-9049-0\"  class=\"panel-grid panel-no-style\" ><div id=\"pgc-9049-0-0\"  class=\"panel-grid-cell\" ><div id=\"panel-9049-0-0-0\" class=\"so-panel widget widget_heading panel-first-child panel-last-child\" data-index=\"0\" ><div class=\"thim-widget-heading template-base\"><div class=\"sc_heading  text-left\"><h3 style=\"text-transform: uppercase;\" class=\"title\">Historia Club Deportivo<\/h3><span class=\"line\"><\/span><\/div><\/div><\/div><\/div><\/div><div id=\"pg-9049-1\"  class=\"panel-grid panel-no-style\" ><div id=\"pgc-9049-1-0\"  class=\"panel-grid-cell\" ><div id=\"panel-9049-1-0-0\" class=\"so-panel widget widget_sow-editor panel-first-child panel-last-child\" data-index=\"1\" ><div\n\t\t\t\n\t\t\tclass=\"so-widget-sow-editor so-widget-sow-editor-base\"\n\t\t\t\n\t\t>\n<div class=\"siteorigin-widget-tinymce textwidget\">\n\t<p>El <strong>Club Deportivo san Juan Bautista La Salle<\/strong> fue fundado el a\u00f1o 1991. Inscrito en la Federaci\u00f3n Gallega de Atletismo, en sus primeros a\u00f1os combin\u00f3 el deporte escolar con el federado en las siguientes disciplinas: f\u00fatbol, f\u00fatbol-sala, balonmano, baloncesto y atletismo.<\/p>\n<p>Al desaparecer el Deporte Escolar e integrarse todo en deporte federado, el Club compiti\u00f3 en baloncesto, f\u00fatbol y f\u00fatbol sala en todas las categor\u00edas, incluida la s\u00e9nior, prestando especial atenci\u00f3n al deporte femenino.<\/p>\n<p>Entre otros reconocimientos por su labor en la promoci\u00f3n del deporte base, obtuvo el premio al mejor Club gallego de baloncesto base, concedido por la Federaci\u00f3n Gallega.<\/p>\n<p>Actualmente cuenta con 320 licencias federativas y 23 monitores que se encargan de la formaci\u00f3n humana y deportiva de ni\u00f1os y j\u00f3venes.<\/p>\n<\/div>\n<\/div><\/div><\/div><\/div><\/div>","protected":false},"excerpt":{"rendered":"<p>El Club Deportivo san Juan Bautista La Salle fue fundado el a\u00f1o 1991. Inscrito en la Federaci\u00f3n Gallega de Atletismo, en sus primeros a\u00f1os combin\u00f3 el deporte escolar con el federado en las siguientes disciplinas: f\u00fatbol, f\u00fatbol-sala, balonmano, baloncesto y &hellip; <\/p>\n","protected":false},"author":1,"featured_media":0,"parent":0,"menu_order":0,"comment_status":"closed","ping_status":"closed","template":"","meta":{"footnotes":""},"class_list":["post-9049","page","type-page","status-publish","hentry"],"_links":{"self":[{"href":"https:\/\/web.lasallesantiago.gal\/es\/wp-json\/wp\/v2\/pages\/9049","targetHints":{"allow":["GET"]}}],"collection":[{"href":"https:\/\/web.lasallesantiago.gal\/es\/wp-json\/wp\/v2\/pages"}],"about":[{"href":"https:\/\/web.lasallesantiago.gal\/es\/wp-json\/wp\/v2\/types\/page"}],"author":[{"embeddable":true,"href":"https:\/\/web.lasallesantiago.gal\/es\/wp-json\/wp\/v2\/users\/1"}],"replies":[{"embeddable":true,"href":"https:\/\/web.lasallesantiago.gal\/es\/wp-json\/wp\/v2\/comments?post=9049"}],"version-history":[{"count":0,"href":"https:\/\/web.lasallesantiago.gal\/es\/wp-json\/wp\/v2\/pages\/9049\/revisions"}],"wp:attachment":[{"href":"https:\/\/web.lasallesantiago.gal\/es\/wp-json\/wp\/v2\/media?parent=9049"}],"curies":[{"name":"wp","href":"https:\/\/api.w.org\/{rel}","templated":true}]}}