{"id":9046,"date":"2020-05-13T08:09:05","date_gmt":"2020-05-13T08:09:05","guid":{"rendered":"https:\/\/web.lasallesantiago.gal\/?page_id=9046"},"modified":"2021-11-09T10:26:28","modified_gmt":"2021-11-09T10:26:28","slug":"certificacion-cambridge","status":"publish","type":"page","link":"https:\/\/web.lasallesantiago.gal\/es\/certificacion-cambridge\/","title":{"rendered":"Certificaci\u00f3n Cambridge"},"content":{"rendered":"<div id=\"pl-9046\"  class=\"panel-layout\" ><div id=\"pg-9046-0\"  class=\"panel-grid panel-no-style\" ><div id=\"pgc-9046-0-0\"  class=\"panel-grid-cell\" ><div id=\"panel-9046-0-0-0\" class=\"so-panel widget widget_heading panel-first-child panel-last-child\" data-index=\"0\" ><div class=\"thim-widget-heading template-base\"><div class=\"sc_heading  text-left\"><h3 style=\"text-transform: uppercase;\" class=\"title\">Certificaci\u00f3n Cambridge<\/h3><span class=\"line\"><\/span><\/div><\/div><\/div><\/div><\/div><div id=\"pg-9046-1\"  class=\"panel-grid panel-no-style\" ><div id=\"pgc-9046-1-0\"  class=\"panel-grid-cell\" ><div id=\"panel-9046-1-0-0\" class=\"so-panel widget widget_sow-editor panel-first-child panel-last-child\" data-index=\"1\" ><div\n\t\t\t\n\t\t\tclass=\"so-widget-sow-editor so-widget-sow-editor-base\"\n\t\t\t\n\t\t>\n<div class=\"siteorigin-widget-tinymce textwidget\">\n\t<p>Dentro del Plan Ling\u00fc\u00edstico del Colegio La Salle de Santiago y para potenciar el aprendizaje del ingl\u00e9s, animamos y preparamos a nuestros alumnos para que consigan los certificados <i><strong>Cambridge English<\/strong><\/i>, reconocidos por m\u00e1s de 20.000 universidades en todo el mundo y numerosas organizaciones empresariales y educativas. Estos t\u00edtulos son los m\u00e1s reconocidos como prueba de competencia ling\u00fc\u00edstica en lengua inglesa y su consecuci\u00f3n supone una ventaja para cualquier alumno, pues suponen una evidencia oficial de su nivel de ingl\u00e9s.<\/p>\n<p>En el colegio hemos ampliado gratuitamente el horario lectivo una hora m\u00e1s para preparar la materia de Lengua Inglesa (por lo tanto, tienen 4 horas semanales en vez de 3). En esta 4.\u00aa hora los alumnos trabajan las destrezas orales de las pruebas (<i>listening<\/i>, <i>speaking<\/i>).<\/p>\n<p>Adem\u00e1s, para aquellos que voluntariamente lo deseen, se ofrece la posibilidad de tener una hora extraescolar m\u00e1s por la tarde. En esta hora, los alumnos, divididos en grupos por nivel, trabajan el resto de destrezas con materiales propios de la prueba a la que se van a enfrentar. La distribuci\u00f3n de los grupos depender\u00e1 del nivel inicial y de la demanda de alumnos. El objetivo es componer grupos para los <strong>ex\u00e1menes Pet (B1), First (B2) y Advanced (C1)<\/strong>.<\/p>\n<\/div>\n<\/div><\/div><\/div><\/div><div id=\"pg-9046-2\"  class=\"panel-grid panel-no-style\" ><div id=\"pgc-9046-2-0\"  class=\"panel-grid-cell\" ><div id=\"panel-9046-2-0-0\" class=\"so-panel widget widget_accordion panel-first-child panel-last-child\" data-index=\"2\" ><div class=\"thim-widget-accordion template-base\"><div class=\"thim-widget-accordion\"><div id=\"accordion_69f3d1f43bf6b\" class=\"panel-group\" role=\"tablist\" aria-multiselectable=\"true\">\n\t<!-- List Panel -->\n\t\n\t\t\t<div class=\"panel panel-default\">\n\t\t\t\t<div class=\"panel-heading\" role=\"tab\"\n\t\t\t\t\t id=\"heading_accordion_69f3d1f43bf6b_0\">\n\t\t\t\t\t<h4 class=\"panel-title\">\n\t\t\t\t\t\t<a role=\"button\" class=\"collapsed\" data-toggle=\"collapse\"\n\t\t\t\t\t\t   data-parent=\"#accordion_69f3d1f43bf6b\"\n\t\t\t\t\t\t   href=\"#collapse_accordion_69f3d1f43bf6b_0\" aria-expanded=\"false\"\n\t\t\t\t\t\t   aria-controls=\"collapse_accordion_69f3d1f43bf6b_0\">\n\t\t\t\t\t\t\tPreliminary (PET for Schools - B1)\t\t\t\t\t\t<\/a>\n\t\t\t\t\t<\/h4>\n\t\t\t\t<\/div>\n\t\t\t\t<div id=\"collapse_accordion_69f3d1f43bf6b_0\"\n\t\t\t\t\t class=\"panel-collapse collapse\"\n\t\t\t\t\t role=\"tabpanel\" aria-labelledby=\"heading_accordion_69f3d1f43bf6b_0\">\n\t\t\t\t\t<div class=\"panel-body\">\n\t\t\t\t\t\t<h4 class=\"texto-azul\">Destinatarios<\/h4>\nAlumnos que hayan obtenido el KET (A2) o alumnos en ESO o Bachillerato que quieran certificar su nivel de ingl\u00e9s.\n<br>\n\n<h4 class=\"texto-azul\">Objetivos<\/h4>\nObtener el certificado de la Universidad de Cambridge B1 (PET for Schools) <br>\nTrabajar las cinco destrezas comunicativas: Reading, Use of English, Writing, Listening y Speaking. <br>\nFamiliarizarse con la metodolog\u00eda de la Universidad de Cambridge y el formato de examen. <br>\nElaborar una estrategia clara y precisa para realizar un buen examen. <br>\nPracticar, analizar y depurar errores, dudas, etc.  <br>\n\n<h4 class=\"texto-azul\">Actividades que se desarrollan<\/h4>\nUna sesi\u00f3n semanal de 60 minutos\n<br>\n<h4 class=\"texto-azul\">D\u00edas y horas<\/h4>\nA convenir.<br>\nEl horario puede variar seg\u00fan el n\u00famero de personas inscritas.\n<br>\n<h4 class=\"texto-azul\">Material necesario<\/h4>\nSe proveer\u00e1 a los alumnos con el material necesario semanalmente, teniendo en cuenta la secuenciaci\u00f3n de las pr\u00e1cticas de cada destreza.\n<br>\n<h4 class=\"texto-azul\">Responsable<\/h4>\nEvan Gill\n<br>\n<h4 class=\"texto-azul\">Coste<\/h4>\n35 \u20ac. El precio incluye las tasas del examen.\n<br>\n<h4 class=\"texto-azul\">Para participar<\/h4>\nLos grupos tendr\u00e1n un m\u00ednimo de 10 alumnos y un m\u00e1ximo de 20.<br>\nLa inscripci\u00f3n se realizar\u00e1 a trav\u00e9s del formulario disponible en Sallenet. Previamente se enviar\u00e1 una circular explicativa.\n\n\t\t\t\t\t<\/div>\n\t\t\t\t<\/div>\n\t\t\t<\/div>\n\n\t\t\n\t\t\t<div class=\"panel panel-default\">\n\t\t\t\t<div class=\"panel-heading\" role=\"tab\"\n\t\t\t\t\t id=\"heading_accordion_69f3d1f43bf6b_1\">\n\t\t\t\t\t<h4 class=\"panel-title\">\n\t\t\t\t\t\t<a role=\"button\" class=\"collapsed\" data-toggle=\"collapse\"\n\t\t\t\t\t\t   data-parent=\"#accordion_69f3d1f43bf6b\"\n\t\t\t\t\t\t   href=\"#collapse_accordion_69f3d1f43bf6b_1\" aria-expanded=\"false\"\n\t\t\t\t\t\t   aria-controls=\"collapse_accordion_69f3d1f43bf6b_1\">\n\t\t\t\t\t\t\tFirst Certificate (FCE for Schools - B2)\t\t\t\t\t\t<\/a>\n\t\t\t\t\t<\/h4>\n\t\t\t\t<\/div>\n\t\t\t\t<div id=\"collapse_accordion_69f3d1f43bf6b_1\"\n\t\t\t\t\t class=\"panel-collapse collapse\"\n\t\t\t\t\t role=\"tabpanel\" aria-labelledby=\"heading_accordion_69f3d1f43bf6b_1\">\n\t\t\t\t\t<div class=\"panel-body\">\n\t\t\t\t\t\t<h4 class=\"texto-azul\">Destinatarios<\/h4>\nAlumnos que hayan obtenido el PET (B1) o alumnos en ESO o Bachillerato que quieran certificar su nivel de ingl\u00e9s.\n<br>\n\n<h4 class=\"texto-azul\">Objetivos<\/h4>\nObtener el certificado de la Universidad de Cambridge B2 (FCE for Schools)<br>\nTrabajar las cinco destrezas comunicativas: Reading, Use of English, Writing, Listening y Speaking.<br>\nFamiliarizarse con la metodolog\u00eda de la Universidad de Cambridge y el formato de examen.<br>\nElaborar una estrategia clara y precisa para realizar un buen examen.<br>\nPracticar, analizar y depurar errores, dudas, etc. <br>\n\n<h4 class=\"texto-azul\">Actividades que se desarrollan<\/h4>\nUna sesi\u00f3n semanal de 60 minutos\n<br>\n<h4 class=\"texto-azul\">D\u00edas y horas<\/h4>\nA convenir.<br>\nEl horario puede variar seg\u00fan el n\u00famero de personas inscritas.\n<br>\n<h4 class=\"texto-azul\">Material necesario<\/h4>\nSe proveer\u00e1 a los alumnos con el material necesario semanalmente, teniendo en cuenta la secuenciaci\u00f3n de las pr\u00e1cticas de cada destreza.\n<br>\n<h4 class=\"texto-azul\">Responsable<\/h4>\nEvan Gill\n<br>\n<h4 class=\"texto-azul\">Coste<\/h4>\n37 \u20ac. El precio incluye las tasas del examen.\n<br>\n<h4 class=\"texto-azul\">Para participar<\/h4>\nLos grupos tendr\u00e1n un m\u00ednimo de 10 alumnos y un m\u00e1ximo de 20.<br>\nLa inscripci\u00f3n se realizar\u00e1 a trav\u00e9s del formulario disponible en Sallenet. Previamente se enviar\u00e1 una circular explicativa.\n\n\t\t\t\t\t<\/div>\n\t\t\t\t<\/div>\n\t\t\t<\/div>\n\n\t\t\n\t\t\t<div class=\"panel panel-default\">\n\t\t\t\t<div class=\"panel-heading\" role=\"tab\"\n\t\t\t\t\t id=\"heading_accordion_69f3d1f43bf6b_2\">\n\t\t\t\t\t<h4 class=\"panel-title\">\n\t\t\t\t\t\t<a role=\"button\" class=\"collapsed\" data-toggle=\"collapse\"\n\t\t\t\t\t\t   data-parent=\"#accordion_69f3d1f43bf6b\"\n\t\t\t\t\t\t   href=\"#collapse_accordion_69f3d1f43bf6b_2\" aria-expanded=\"false\"\n\t\t\t\t\t\t   aria-controls=\"collapse_accordion_69f3d1f43bf6b_2\">\n\t\t\t\t\t\t\tAdvance Certificate (CAE - C1)\t\t\t\t\t\t<\/a>\n\t\t\t\t\t<\/h4>\n\t\t\t\t<\/div>\n\t\t\t\t<div id=\"collapse_accordion_69f3d1f43bf6b_2\"\n\t\t\t\t\t class=\"panel-collapse collapse\"\n\t\t\t\t\t role=\"tabpanel\" aria-labelledby=\"heading_accordion_69f3d1f43bf6b_2\">\n\t\t\t\t\t<div class=\"panel-body\">\n\t\t\t\t\t\t<h4 class=\"texto-azul\">Destinatarios<\/h4>\nAlumnos que hayan obtenido el FCE (B2) o alumnos en ESO o Bachillerato que quieran certificar su nivel de ingl\u00e9s.<br>\n\n<h4 class=\"texto-azul\">Objetivos<\/h4>\nObtener el certificado de la Universidad de Cambridge C1 (Cambridge Advance Certificate in English)<br>\nTrabajar las cinco destrezas comunicativas: Reading, Use of English, Writing, Listening y Speaking.<br>\nFamiliarizarse con la metodolog\u00eda de la Universidad de Cambridge y el formato de examen.<br>\nElaborar una estrategia clara y precisa para realizar un buen examen.<br>\nPracticar, analizar y depurar errores, dudas, etc. <br>\n\n<h4 class=\"texto-azul\">Actividades que se desarrollan<\/h4>\nUna sesi\u00f3n semanal de 60 minutos\n<br>\n<h4 class=\"texto-azul\">D\u00edas y horas<\/h4>\nA convenir.<br>\nEl horario de cada nivel puede variar seg\u00fan el n\u00famero de personas inscritas.\n<br>\n<h4 class=\"texto-azul\">Material necesario<\/h4>\nSe proveer\u00e1 a los alumnos con el material necesario semanalmente, teniendo en cuenta la secuenciaci\u00f3n de las pr\u00e1cticas de cada destreza.\n<br>\n<h4 class=\"texto-azul\">Responsable<\/h4>\nEvan Gill\n<br>\n<h4 class=\"texto-azul\">Coste<\/h4>\n40 \u20ac. El precio incluye las tasas del examen.\n<br>\n<h4 class=\"texto-azul\">Para participar<\/h4>\nLos grupos tendr\u00e1n un m\u00ednimo de 10 alumnos y un m\u00e1ximo de 20.<br>\nLa inscripci\u00f3n se realizar\u00e1 a trav\u00e9s del formulario disponible en Sallenet. Previamente se enviar\u00e1 una circular explicativa.\n\n\t\t\t\t\t<\/div>\n\t\t\t\t<\/div>\n\t\t\t<\/div>\n\n\t\t\t<!-- End: List Panel -->\n<\/div>\n<\/div>\n<\/div><\/div><\/div><\/div><\/div>","protected":false},"excerpt":{"rendered":"<p>Dentro del Plan Ling\u00fc\u00edstico del Colegio La Salle de Santiago y para potenciar el aprendizaje del ingl\u00e9s, animamos y preparamos a nuestros alumnos para que consigan los certificados Cambridge English, reconocidos por m\u00e1s de 20.000 universidades en todo el mundo &hellip; <\/p>\n","protected":false},"author":1,"featured_media":0,"parent":0,"menu_order":0,"comment_status":"closed","ping_status":"closed","template":"","meta":{"footnotes":""},"class_list":["post-9046","page","type-page","status-publish","hentry"],"_links":{"self":[{"href":"https:\/\/web.lasallesantiago.gal\/es\/wp-json\/wp\/v2\/pages\/9046","targetHints":{"allow":["GET"]}}],"collection":[{"href":"https:\/\/web.lasallesantiago.gal\/es\/wp-json\/wp\/v2\/pages"}],"about":[{"href":"https:\/\/web.lasallesantiago.gal\/es\/wp-json\/wp\/v2\/types\/page"}],"author":[{"embeddable":true,"href":"https:\/\/web.lasallesantiago.gal\/es\/wp-json\/wp\/v2\/users\/1"}],"replies":[{"embeddable":true,"href":"https:\/\/web.lasallesantiago.gal\/es\/wp-json\/wp\/v2\/comments?post=9046"}],"version-history":[{"count":0,"href":"https:\/\/web.lasallesantiago.gal\/es\/wp-json\/wp\/v2\/pages\/9046\/revisions"}],"wp:attachment":[{"href":"https:\/\/web.lasallesantiago.gal\/es\/wp-json\/wp\/v2\/media?parent=9046"}],"curies":[{"name":"wp","href":"https:\/\/api.w.org\/{rel}","templated":true}]}}