{"id":9043,"date":"2020-05-13T08:08:29","date_gmt":"2020-05-13T08:08:29","guid":{"rendered":"https:\/\/web.lasallesantiago.gal\/?page_id=9043"},"modified":"2021-11-09T07:21:27","modified_gmt":"2021-11-09T07:21:27","slug":"delf","status":"publish","type":"page","link":"https:\/\/web.lasallesantiago.gal\/es\/delf\/","title":{"rendered":"DELF"},"content":{"rendered":"<div id=\"pl-9043\"  class=\"panel-layout\" ><div id=\"pg-9043-0\"  class=\"panel-grid panel-no-style\" ><div id=\"pgc-9043-0-0\"  class=\"panel-grid-cell\" ><div id=\"panel-9043-0-0-0\" class=\"so-panel widget widget_heading panel-first-child panel-last-child\" data-index=\"0\" ><div class=\"thim-widget-heading template-base\"><div class=\"sc_heading  text-left\"><h3 style=\"text-transform: uppercase;\" class=\"title\">DELF<\/h3><span class=\"line\"><\/span><\/div><\/div><\/div><\/div><\/div><div id=\"pg-9043-1\"  class=\"panel-grid panel-no-style\" ><div id=\"pgc-9043-1-0\"  class=\"panel-grid-cell\" ><div id=\"panel-9043-1-0-0\" class=\"so-panel widget widget_sow-editor panel-first-child panel-last-child\" data-index=\"1\" ><div\n\t\t\t\n\t\t\tclass=\"so-widget-sow-editor so-widget-sow-editor-base\"\n\t\t\t\n\t\t>\n<div class=\"siteorigin-widget-tinymce textwidget\">\n\t<p>Dentro del Plan Ling\u00fc\u00edstico del Colegio La Salle de Santiago y para potenciar el aprendizaje del franc\u00e9s, animamos y preparamos a nuestros alumnos para que consigan los certificados <strong><i>DELF (Diploma de Estudios en Lengua Francesa)<\/i><\/strong>. Es un diploma oficial expedido por el Ministerio franc\u00e9s de Educaci\u00f3n que certifica las competencias en franc\u00e9s de los candidatos extranjeros. El DELF se compone de cuatro diplomas independientes, uno por cada uno de los cuatro primeros niveles del Marco Com\u00fan Europeo de Referencia para las Lenguas.<\/p>\n<p>Teniendo en cuenta los buenos resultados de las anteriores convocatorias, ofertamos la <strong>preparaci\u00f3n para los niveles B1 y B2<\/strong>.<\/p>\n<\/div>\n<\/div><\/div><\/div><\/div><div id=\"pg-9043-2\"  class=\"panel-grid panel-no-style\" ><div id=\"pgc-9043-2-0\"  class=\"panel-grid-cell\" ><div id=\"panel-9043-2-0-0\" class=\"so-panel widget widget_accordion panel-first-child panel-last-child\" data-index=\"2\" ><div class=\"thim-widget-accordion template-base\"><div class=\"thim-widget-accordion\"><div id=\"accordion_69d5040c7a6de\" class=\"panel-group\" role=\"tablist\" aria-multiselectable=\"true\">\n\t<!-- List Panel -->\n\t\n\t\t\t<div class=\"panel panel-default\">\n\t\t\t\t<div class=\"panel-heading\" role=\"tab\"\n\t\t\t\t\t id=\"heading_accordion_69d5040c7a6de_0\">\n\t\t\t\t\t<h4 class=\"panel-title\">\n\t\t\t\t\t\t<a role=\"button\" class=\"collapsed\" data-toggle=\"collapse\"\n\t\t\t\t\t\t   data-parent=\"#accordion_69d5040c7a6de\"\n\t\t\t\t\t\t   href=\"#collapse_accordion_69d5040c7a6de_0\" aria-expanded=\"false\"\n\t\t\t\t\t\t   aria-controls=\"collapse_accordion_69d5040c7a6de_0\">\n\t\t\t\t\t\t\tExamen oficial DELF B1\t\t\t\t\t\t<\/a>\n\t\t\t\t\t<\/h4>\n\t\t\t\t<\/div>\n\t\t\t\t<div id=\"collapse_accordion_69d5040c7a6de_0\"\n\t\t\t\t\t class=\"panel-collapse collapse\"\n\t\t\t\t\t role=\"tabpanel\" aria-labelledby=\"heading_accordion_69d5040c7a6de_0\">\n\t\t\t\t\t<div class=\"panel-body\">\n\t\t\t\t\t\t<h4 class=\"texto-azul\">Destinatarios<\/h4>\nAlumnos de Bachillerato que quieran certificar su nivel de franc\u00e9s.\n<br>\n<h4 class=\"texto-azul\">Objetivos<\/h4>\nObtener el certificado de la lengua francesa oficial. <br>\nTrabajar las cuatro destrezas seg\u00fan el marco europeo del aprendizaje de las lenguas: comprensi\u00f3n oral y escrita y expresi\u00f3n oral y escrita. <br>\nFamiliarizarse con el formato de examen.<br>\nElaborar una estrategia clara y precisa para realizar un buen examen.<br>\nPracticar, analizar y depurar errores, dudas, etc. <br>\n<h4 class=\"texto-azul\">Actividades que se desarrollan<\/h4>\nUna hora semanal de 60 minutos\n<br>\n<h4 class=\"texto-azul\">D\u00edas y horas<\/h4>\nA convenir.\n<br>\n<h4 class=\"texto-azul\">Material necesario<\/h4>\nSe proveer\u00e1 a los alumnos con el material necesario semanalmente, teniendo en cuenta la secuenciaci\u00f3n de las pr\u00e1cticas de cada destreza.\n<br>\n<h4 class=\"texto-azul\">Responsable<\/h4>\nSara Castedo.\n<br>\n<h4 class=\"texto-azul\">Coste<\/h4>\n35 \u20ac. El precio incluye las tasas del examen. \n<br>\n<h4 class=\"texto-azul\">Para participar<\/h4>\nLos grupos tendr\u00e1n un m\u00ednimo de 10 alumnos y un m\u00e1ximo de 20.<br>\nLa inscripci\u00f3n se realizar\u00e1 a trav\u00e9s del formulario disponible en Sallenet. Previamente se enviar\u00e1 una circular explicativa.\n\n\t\t\t\t\t<\/div>\n\t\t\t\t<\/div>\n\t\t\t<\/div>\n\n\t\t\n\t\t\t<div class=\"panel panel-default\">\n\t\t\t\t<div class=\"panel-heading\" role=\"tab\"\n\t\t\t\t\t id=\"heading_accordion_69d5040c7a6de_1\">\n\t\t\t\t\t<h4 class=\"panel-title\">\n\t\t\t\t\t\t<a role=\"button\" class=\"collapsed\" data-toggle=\"collapse\"\n\t\t\t\t\t\t   data-parent=\"#accordion_69d5040c7a6de\"\n\t\t\t\t\t\t   href=\"#collapse_accordion_69d5040c7a6de_1\" aria-expanded=\"false\"\n\t\t\t\t\t\t   aria-controls=\"collapse_accordion_69d5040c7a6de_1\">\n\t\t\t\t\t\t\tExamen oficial DELF B2\t\t\t\t\t\t<\/a>\n\t\t\t\t\t<\/h4>\n\t\t\t\t<\/div>\n\t\t\t\t<div id=\"collapse_accordion_69d5040c7a6de_1\"\n\t\t\t\t\t class=\"panel-collapse collapse\"\n\t\t\t\t\t role=\"tabpanel\" aria-labelledby=\"heading_accordion_69d5040c7a6de_1\">\n\t\t\t\t\t<div class=\"panel-body\">\n\t\t\t\t\t\t<h4 class=\"texto-azul\">Destinatarios<\/h4>\nAlumnos de Bachillerato que quieran certificar su nivel de franc\u00e9s.\n<br>\n<h4 class=\"texto-azul\">Objetivos<\/h4>\nObtener el certificado de la lengua francesa oficial. <br>\nTrabajar las cuatro destrezas seg\u00fan el marco europeo del aprendizaje de las lenguas: comprensi\u00f3n oral y escrita y expresi\u00f3n oral y escrita. <br>\nFamiliarizarse con el formato de examen.<br>\nElaborar una estrategia clara y precisa para realizar un buen examen.<br>\nPracticar, analizar y depurar errores, dudas, etc. <br>\n<h4 class=\"texto-azul\">Actividades que se desarrollan<\/h4>\nUna hora semanal de 60 minutos\n<br>\n<h4 class=\"texto-azul\">D\u00edas y horas<\/h4>\nA convenir. \n<br>\n<h4 class=\"texto-azul\">Material necesario<\/h4>\nSe proveer\u00e1 a los alumnos con el material necesario semanalmente, teniendo en cuenta la secuenciaci\u00f3n de las pr\u00e1cticas de cada destreza.\n<br>\n<h4 class=\"texto-azul\">Responsable<\/h4>\nSara Castedo.\n<br>\n<h4 class=\"texto-azul\">Coste<\/h4>\n37 \u20ac. El precio incluye las tasas del examen. \n<br>\n<h4 class=\"texto-azul\">Para participar<\/h4>\nLos grupos tendr\u00e1n un m\u00ednimo de 10 alumnos y un m\u00e1ximo de 20.<br>\nLa inscripci\u00f3n se realizar\u00e1 a trav\u00e9s del formulario disponible en Sallenet. Previamente se enviar\u00e1 una circular explicativa.\n\n\t\t\t\t\t<\/div>\n\t\t\t\t<\/div>\n\t\t\t<\/div>\n\n\t\t\t<!-- End: List Panel -->\n<\/div>\n<\/div>\n<\/div><\/div><\/div><\/div><\/div>","protected":false},"excerpt":{"rendered":"<p>Dentro del Plan Ling\u00fc\u00edstico del Colegio La Salle de Santiago y para potenciar el aprendizaje del franc\u00e9s, animamos y preparamos a nuestros alumnos para que consigan los certificados DELF (Diploma de Estudios en Lengua Francesa). Es un diploma oficial expedido &hellip; <\/p>\n","protected":false},"author":1,"featured_media":0,"parent":0,"menu_order":0,"comment_status":"closed","ping_status":"closed","template":"","meta":{"footnotes":""},"class_list":["post-9043","page","type-page","status-publish","hentry"],"_links":{"self":[{"href":"https:\/\/web.lasallesantiago.gal\/es\/wp-json\/wp\/v2\/pages\/9043","targetHints":{"allow":["GET"]}}],"collection":[{"href":"https:\/\/web.lasallesantiago.gal\/es\/wp-json\/wp\/v2\/pages"}],"about":[{"href":"https:\/\/web.lasallesantiago.gal\/es\/wp-json\/wp\/v2\/types\/page"}],"author":[{"embeddable":true,"href":"https:\/\/web.lasallesantiago.gal\/es\/wp-json\/wp\/v2\/users\/1"}],"replies":[{"embeddable":true,"href":"https:\/\/web.lasallesantiago.gal\/es\/wp-json\/wp\/v2\/comments?post=9043"}],"version-history":[{"count":0,"href":"https:\/\/web.lasallesantiago.gal\/es\/wp-json\/wp\/v2\/pages\/9043\/revisions"}],"wp:attachment":[{"href":"https:\/\/web.lasallesantiago.gal\/es\/wp-json\/wp\/v2\/media?parent=9043"}],"curies":[{"name":"wp","href":"https:\/\/api.w.org\/{rel}","templated":true}]}}