{"id":9029,"date":"2020-05-13T08:03:51","date_gmt":"2020-05-13T08:03:51","guid":{"rendered":"https:\/\/web.lasallesantiago.gal\/?page_id=9029"},"modified":"2020-05-20T08:33:12","modified_gmt":"2020-05-20T08:33:12","slug":"justicia","status":"publish","type":"page","link":"https:\/\/web.lasallesantiago.gal\/es\/justicia\/","title":{"rendered":"Educaci\u00f3n en la Justicia"},"content":{"rendered":"<div id=\"pl-9029\"  class=\"panel-layout\" ><div id=\"pg-9029-0\"  class=\"panel-grid panel-no-style\" ><div id=\"pgc-9029-0-0\"  class=\"panel-grid-cell\" ><div id=\"panel-9029-0-0-0\" class=\"so-panel widget widget_heading panel-first-child panel-last-child\" data-index=\"0\" ><div class=\"thim-widget-heading template-base\"><div class=\"sc_heading  text-left\"><h3 style=\"text-transform: uppercase;\" class=\"title\">Educaci\u00f3n en la Justicia<\/h3><span class=\"line\"><\/span><\/div><\/div><\/div><\/div><\/div><div id=\"pg-9029-1\"  class=\"panel-grid panel-no-style\" ><div id=\"pgc-9029-1-0\"  class=\"panel-grid-cell\" ><div id=\"panel-9029-1-0-0\" class=\"so-panel widget widget_siteorigin-panels-builder panel-first-child panel-last-child\" data-index=\"1\" ><div id=\"pl-w5ec4eb483bbde\"  class=\"panel-layout\" ><div id=\"pg-w5ec4eb483bbde-0\"  class=\"panel-grid panel-no-style\" ><div id=\"pgc-w5ec4eb483bbde-0-0\"  class=\"panel-grid-cell\" ><div id=\"panel-w5ec4eb483bbde-0-0-0\" class=\"so-panel widget widget_sow-editor panel-first-child\" data-index=\"0\" ><div\n\t\t\t\n\t\t\tclass=\"so-widget-sow-editor so-widget-sow-editor-base\"\n\t\t\t\n\t\t>\n<div class=\"siteorigin-widget-tinymce textwidget\">\n\t<p>Contemplamos como una oportunidad y una obligaci\u00f3n contribuir a una verdadera <strong>educaci\u00f3n en la Justicia<\/strong><strong>, <\/strong><strong>Paz<\/strong> y <strong>Solidaridad<\/strong>, no solo por la sensibilidad social hacia los m\u00e1s necesitados, sino como parte esencial de nuestra identidad lasaliana. Esta solidaridad se hace efectiva con los m\u00e1s lejanos en la geograf\u00eda, a trav\u00e9s de nuestra <strong>ONG PROYDE<\/strong>, y con los m\u00e1s cercanos, especialmente por nuestras obras socioeducativas y la atenci\u00f3n a los alumnos con dificultades.<\/p>\n<p>Como colegio contamos con un <strong>Plan de Educaci\u00f3n en la Justicia y la Solidaridad<\/strong> que se concreta en acciones y experiencias a trav\u00e9s de:<\/p>\n<ul>\n<li style=\"list-style-type: none;\">\n<ul>\n<li>Reflexiones de la ma\u00f1ana.<\/li>\n<li>Campa\u00f1a de Navidad<\/li>\n<li>Semana de los Derechos del Ni\u00f1o.<\/li>\n<li>Semana de los Derechos Humanos<\/li>\n<li>Plan de acercamiento a la Realidad (P.A.R.)<\/li>\n<li>Voluntariado. Plan de Acci\u00f3n social (P.A.S.)<\/li>\n<li>Contenidos curriculares espec\u00edficos sobre el tema en todas las etapas educativas.<\/li>\n<\/ul>\n<\/li>\n<\/ul>\n<\/div>\n<\/div><\/div><div id=\"panel-w5ec4eb483bbde-0-0-1\" class=\"so-panel widget widget_tab panel-last-child\" data-index=\"1\" ><div class=\"thim-widget-tab template-tab\">\n<ul class=\"nav nav-tabs\" role=\"tablist\"><li role=\"presentation\" class='active tab-col-2'><a href=\"#thim-widget-tab-11775872065-1-73\"  role=\"tab\" data-toggle=\"tab\">Plan de Acercamiento a la Realidad (P.A.R.)<\/a><\/li><li role=\"presentation\" class='tab-col-2'><a href=\"#thim-widget-tab-21775872065-1-73\"  role=\"tab\" data-toggle=\"tab\">Plan de Acci\u00f3n Social (P.A.S.)<\/a><\/li><\/ul><div class=\"tab-content\"> <div role=\"tabpanel\" class=\"tab-pane active\" id=\"thim-widget-tab-11775872065-1-73\">El P.A.R. est\u00e1 dirigido a alumnos de infantil y Secundaria.  En Primaria en estos momentos est\u00e1 en revisi\u00f3n, aunque se realizan acciones y proyectos puntuales: huerto escolar en colaboraci\u00f3n con Manos Unidas, charlas de sensibilizaci\u00f3n (discapacidad...)\n<br><br>\nIntentamos poner las condiciones para que los alumnos miren con ojos abiertos las necesidades de las personas que nos rodean, reflexionen sobre las causas que provocan esas desigualdades y a buscar alg\u00fan peque\u00f1o compromiso que puedan paliarlas.\n<\/div> <div role=\"tabpanel\" class=\"tab-pane\" id=\"thim-widget-tab-21775872065-1-73\">Dirigido a alumnos de 4.\u00ba ESO, 1.\u00ba y 2.\u00ba de Bachillerato.\n<br><br>\nIntentamos que nuestros alumnos sean conscientes de las distintas realidades sociales que los rodean, a menudo muy distintas de la suya, y entiendan que, si bien no pueden cambiar todo el mundo, si que pueden poner su granito de arena para crear una sociedad m\u00e1s justa, generando de esta forma un impacto en su mundo.\n<br><br>\nEs decir, buscamos desarrollar en nuestros alumnos la capacidad de compromiso y solidaridad con aquellos m\u00e1s desfavorecidos mediante la ayuda directa y la reflexi\u00f3n sobre las causas que provocan las diferencias.\n<br><br>\n<h5 class=\"texto-azul\"> Metodolog\u00eda<\/h5>\n\n<ul>\n<li>Compromiso directo con personas necesitadas y con las instituciones que las atienden.<\/li>\n<li>Formaci\u00f3n y reflexi\u00f3n sobre las causas de injusticia y sobre la experiencia que est\u00e1n viviendo.<\/li>\n<li>Acci\u00f3n realizada con el acompa\u00f1amiento por adultos que comparten la experiencia desde el servicio, la cercan\u00eda, el apoyo, la escucha, el di\u00e1logo y la disponibilidad.<\/li>\n<li>Contacto con diferentes ONGD de nuestro entorno para trabajar juntos.<\/li>\n<\/ul>\n<br>\n<h5 class=\"texto-azul\"> Realidades con las que colaboramos<\/h5>\n\n<ul>\n<li>Special Olympics<\/li>\n<li>Centro Sociocomunitario \"Porta do Cami\u00f1o\"<\/li>\n<li>Asociaci\u00f3n Centinelas<\/li>\n<li>Centro Xuvenil \"Don Bosco\"<\/li>\n<\/ul><\/div><\/div><\/div><\/div><\/div><\/div><\/div><\/div><\/div><\/div><\/div>","protected":false},"excerpt":{"rendered":"<p>Educaci\u00f3n en la Justicia Contemplamos como una oportunidad y una obligaci\u00f3n contribuir a una verdadera educaci\u00f3n en la Justicia, Paz y Solidaridad, no solo por la sensibilidad social hacia los m\u00e1s necesitados, sino como parte esencial de nuestra identidad lasaliana. &hellip; <\/p>\n","protected":false},"author":1,"featured_media":0,"parent":0,"menu_order":0,"comment_status":"closed","ping_status":"closed","template":"","meta":{"footnotes":""},"class_list":["post-9029","page","type-page","status-publish","hentry"],"_links":{"self":[{"href":"https:\/\/web.lasallesantiago.gal\/es\/wp-json\/wp\/v2\/pages\/9029","targetHints":{"allow":["GET"]}}],"collection":[{"href":"https:\/\/web.lasallesantiago.gal\/es\/wp-json\/wp\/v2\/pages"}],"about":[{"href":"https:\/\/web.lasallesantiago.gal\/es\/wp-json\/wp\/v2\/types\/page"}],"author":[{"embeddable":true,"href":"https:\/\/web.lasallesantiago.gal\/es\/wp-json\/wp\/v2\/users\/1"}],"replies":[{"embeddable":true,"href":"https:\/\/web.lasallesantiago.gal\/es\/wp-json\/wp\/v2\/comments?post=9029"}],"version-history":[{"count":0,"href":"https:\/\/web.lasallesantiago.gal\/es\/wp-json\/wp\/v2\/pages\/9029\/revisions"}],"wp:attachment":[{"href":"https:\/\/web.lasallesantiago.gal\/es\/wp-json\/wp\/v2\/media?parent=9029"}],"curies":[{"name":"wp","href":"https:\/\/api.w.org\/{rel}","templated":true}]}}