{"id":9023,"date":"2020-05-13T08:02:50","date_gmt":"2020-05-13T08:02:50","guid":{"rendered":"https:\/\/web.lasallesantiago.gal\/?page_id=9023"},"modified":"2020-06-05T09:14:49","modified_gmt":"2020-06-05T09:14:49","slug":"sallejoven","status":"publish","type":"page","link":"https:\/\/web.lasallesantiago.gal\/es\/sallejoven\/","title":{"rendered":"Salle Joven"},"content":{"rendered":"<div id=\"pl-9023\"  class=\"panel-layout\" ><div id=\"pg-9023-0\"  class=\"panel-grid panel-no-style\" ><div id=\"pgc-9023-0-0\"  class=\"panel-grid-cell\" ><div id=\"panel-9023-0-0-0\" class=\"so-panel widget widget_heading panel-first-child panel-last-child\" data-index=\"0\" ><div class=\"thim-widget-heading template-base\"><div class=\"sc_heading  text-left\"><h3 style=\"text-transform: uppercase;\" class=\"title\">Salle Joven<\/h3><p class=\"sub-heading\" style=\"\">\u00bfQui\u00e9nes somos?<\/p><span class=\"line\"><\/span><\/div><\/div><\/div><\/div><\/div><div id=\"pg-9023-1\"  class=\"panel-grid panel-has-style\" ><div class=\"thim-bg-overlay siteorigin-panels-stretch panel-row-style panel-row-style-for-9023-1\" data-stretch-type=\"full\" ><div id=\"pgc-9023-1-0\"  class=\"panel-grid-cell\" ><div id=\"panel-9023-1-0-0\" class=\"so-panel widget widget_single-images panel-first-child panel-last-child\" data-index=\"1\" ><div class=\"thim-widget-single-images template-single-images\">\n<div class=\"single-image text-center\"><img src =\"https:\/\/web.lasallesantiago.gal\/wp-content\/uploads\/2020\/05\/Logo_salle_xove-300x180.png\" width=\"300\" height=\"180\" alt=\"\"\/><\/div><\/div><\/div><\/div><div id=\"pgc-9023-1-1\"  class=\"panel-grid-cell\" ><div class=\"panel-cell-style panel-cell-style-for-9023-1-1\" ><div id=\"panel-9023-1-1-0\" class=\"so-panel widget widget_sow-editor panel-first-child\" data-index=\"2\" ><div\n\t\t\t\n\t\t\tclass=\"so-widget-sow-editor so-widget-sow-editor-base\"\n\t\t\t\n\t\t>\n<div class=\"siteorigin-widget-tinymce textwidget\">\n\t<p><span style=\"font-size: 1.5em; color: white\">Salle Joven<span><\/span><\/span><\/p>\n<\/div>\n<\/div><\/div><div id=\"panel-9023-1-1-1\" class=\"so-panel widget widget_button panel-last-child\" data-index=\"3\" ><div class=\"thim-widget-button template-base\"><a class=\"widget-button  normal custom_style\" href=\"#\" style=\"--widget-button-font-size: 14px;--widget-button-font-weight: normal;--widget-button-border-width: 1px;--widget-button-color: #005aa0;--widget-button-border-color: #005aa0;--widget-button-background-color: #ffffff;--widget-button-color-hover: #ffffff;--widget-button-border-color-hover: #005aa0;--widget-button-background-color-hover: #005aa0;\">www.sallejoven.es<\/a><\/div><\/div><\/div><\/div><\/div><\/div><div id=\"pg-9023-2\"  class=\"panel-grid panel-no-style\" ><div id=\"pgc-9023-2-0\"  class=\"panel-grid-cell\" ><div id=\"panel-9023-2-0-0\" class=\"so-panel widget widget_sow-editor panel-first-child panel-last-child\" data-index=\"4\" ><div\n\t\t\t\n\t\t\tclass=\"so-widget-sow-editor so-widget-sow-editor-base\"\n\t\t\t\n\t\t>\n<div class=\"siteorigin-widget-tinymce textwidget\">\n\t<p>Es el movimiento juvenil lasaliano. Es la comuni\u00f3n de diversos grupos de alumnos y antiguos alumnos, que coinciden y se unen en una misma propuesta educativa y evangelizadora, inspirada en el esp\u00edritu de san Juan Bautista de La Salle.<\/p>\n<p>Tiene como objetivo fomentar la convivencia y los valores propios del centro, promover actividades de ocio alternativo y ofrecer a los muchachos de estos grupos actividades que los ayuden a conocerse, convivir y potenciar la pertenencia al ambiente lasaliano de nuestro colegio.<\/p>\n<p>Nuestro grupo local forma parte de Salle Joven Valladolid que es \u201cun gran paraguas\u201d que aglutina a j\u00f3venes de diferentes grupos. A pesar de la diversidad, se saben parte de un todo com\u00fan.<\/p>\n<p>En <strong>SalleXoven<\/strong> ofrecemos a nuestros ni\u00f1os, adolescentes y j\u00f3venes una oportunidad \u00fanica de disfrutar, convivir e intercambiar vivencias en un entorno sano, que fomenta la solidaridad y el respeto mutuo. Intentamos organizar, con gente diversa, momentos de encuentro para convivir y celebrar lo que nos une; las actividades que organizamos incluyen:<\/p>\n<ul>\n<li>Encuentros con chicos de su edad del colegio y de otros colegios o parroquias.<\/li>\n<li>Colonias y campamentos de verano.<\/li>\n<li>Campos de trabajo.<\/li>\n<li>Encuentro de educadores.<\/li>\n<\/ul>\n<p>\u2026Y muchas actividades m\u00e1s que tenemos preparadas para ti.<\/p>\n<\/div>\n<\/div><\/div><\/div><\/div><\/div>","protected":false},"excerpt":{"rendered":"<p>Salle Joven<\/p>\n","protected":false},"author":1,"featured_media":0,"parent":0,"menu_order":0,"comment_status":"closed","ping_status":"closed","template":"","meta":{"footnotes":""},"class_list":["post-9023","page","type-page","status-publish","hentry"],"_links":{"self":[{"href":"https:\/\/web.lasallesantiago.gal\/es\/wp-json\/wp\/v2\/pages\/9023","targetHints":{"allow":["GET"]}}],"collection":[{"href":"https:\/\/web.lasallesantiago.gal\/es\/wp-json\/wp\/v2\/pages"}],"about":[{"href":"https:\/\/web.lasallesantiago.gal\/es\/wp-json\/wp\/v2\/types\/page"}],"author":[{"embeddable":true,"href":"https:\/\/web.lasallesantiago.gal\/es\/wp-json\/wp\/v2\/users\/1"}],"replies":[{"embeddable":true,"href":"https:\/\/web.lasallesantiago.gal\/es\/wp-json\/wp\/v2\/comments?post=9023"}],"version-history":[{"count":0,"href":"https:\/\/web.lasallesantiago.gal\/es\/wp-json\/wp\/v2\/pages\/9023\/revisions"}],"wp:attachment":[{"href":"https:\/\/web.lasallesantiago.gal\/es\/wp-json\/wp\/v2\/media?parent=9023"}],"curies":[{"name":"wp","href":"https:\/\/api.w.org\/{rel}","templated":true}]}}