{"id":9020,"date":"2020-05-13T08:02:22","date_gmt":"2020-05-13T08:02:22","guid":{"rendered":"https:\/\/web.lasallesantiago.gal\/?page_id=9020"},"modified":"2020-05-27T13:41:50","modified_gmt":"2020-05-27T13:41:50","slug":"lema-del-curso","status":"publish","type":"page","link":"https:\/\/web.lasallesantiago.gal\/es\/lema-del-curso\/","title":{"rendered":"Lema del curso"},"content":{"rendered":"<div id=\"pl-9020\"  class=\"panel-layout\" ><div id=\"pg-9020-0\"  class=\"panel-grid panel-no-style\" ><div id=\"pgc-9020-0-0\"  class=\"panel-grid-cell\" ><div id=\"panel-9020-0-0-0\" class=\"so-panel widget widget_heading panel-first-child panel-last-child\" data-index=\"0\" ><div class=\"thim-widget-heading template-base\"><div class=\"sc_heading  text-left\"><h3 style=\"text-transform: uppercase;\" class=\"title\">Imagina<\/h3><p class=\"sub-heading\" style=\"\">Lema del curso 2019-2020 \u00b7 Imagina un mundo mejor<\/p><span class=\"line\"><\/span><\/div><\/div><\/div><\/div><\/div><div id=\"pg-9020-1\"  class=\"panel-grid panel-no-style\" ><div id=\"pgc-9020-1-0\"  class=\"panel-grid-cell\" ><div id=\"panel-9020-1-0-0\" class=\"so-panel widget widget_sow-editor panel-first-child panel-last-child\" data-index=\"1\" ><div\n\t\t\t\n\t\t\tclass=\"so-widget-sow-editor so-widget-sow-editor-base\"\n\t\t\t\n\t\t>\n<div class=\"siteorigin-widget-tinymce textwidget\">\n\t<blockquote>\n<p>Imaginar es aprender a mirar de manera diferente, a buscar soluciones donde nadie ha buscado antes, a proponer opciones que a nadie m\u00e1s se le hab\u00edan ocurrido, a anticiparnos a los problemas y dificultades y ofrecer nuevas respuestas, a so\u00f1ar con un mundo diferente del que ahora tenemos...<\/p>\n<\/blockquote>\n<\/div>\n<\/div><\/div><\/div><\/div><div id=\"pg-9020-2\"  class=\"panel-grid panel-no-style\" ><div id=\"pgc-9020-2-0\"  class=\"panel-grid-cell\" ><div id=\"panel-9020-2-0-0\" class=\"so-panel widget widget_single-images panel-first-child panel-last-child\" data-index=\"2\" ><div class=\"thim-widget-single-images template-single-images\">\n<div class=\"single-image text-left\"><img src =\"https:\/\/web.lasallesantiago.gal\/wp-content\/uploads\/2020\/05\/lema_imagina_sp-1.jpg\" width=\"300\" height=\"214\" alt=\"\"\/><\/div><\/div><\/div><\/div><div id=\"pgc-9020-2-1\"  class=\"panel-grid-cell\" ><div id=\"panel-9020-2-1-0\" class=\"so-panel widget widget_sow-editor panel-first-child panel-last-child\" data-index=\"3\" ><div\n\t\t\t\n\t\t\tclass=\"so-widget-sow-editor so-widget-sow-editor-base\"\n\t\t\t\n\t\t>\n<div class=\"siteorigin-widget-tinymce textwidget\">\n\t<p><strong>La imaginaci\u00f3n nos abre nuevos mundos, ideas, percepciones<\/strong>... los ni\u00f1os disfrutan imaginando cosas nuevas a trav\u00e9s de los juegos. Los que no somos ya tan ni\u00f1os recordamos con agrado cuando imagin\u00e1bamos que \u00e9ramos polic\u00edas y persegu\u00edamos los \"malos\", m\u00e9dicos que curaban a todos o los protagonistas de nuestras pel\u00edculas favoritas. La imaginaci\u00f3n, adem\u00e1s de conectarnos con nuestra parte creativa nos anima y motiva a actuar, a movernos, a ser protagonistas. Con este lema queremos iniciar un movimiento en el coraz\u00f3n de todas las personas que formamos <strong>La Salle<\/strong>.<\/p>\n<\/div>\n<\/div><\/div><\/div><\/div><div id=\"pg-9020-3\"  class=\"panel-grid panel-no-style\" ><div id=\"pgc-9020-3-0\"  class=\"panel-grid-cell\" ><div id=\"panel-9020-3-0-0\" class=\"so-panel widget widget_sow-editor panel-first-child panel-last-child\" data-index=\"4\" ><div\n\t\t\t\n\t\t\tclass=\"so-widget-sow-editor so-widget-sow-editor-base\"\n\t\t\t\n\t\t>\n<div class=\"siteorigin-widget-tinymce textwidget\">\n\t<p>Un movimiento que se inicia en nuestro interior y sale hacia afuera con mucha fuerza. Seg\u00fan el diccionario, el verbo \"imaginar\" tiene cuatro acepciones:<\/p>\n<ol>\n<li style=\"list-style-type: none;\">\n<ol>\n<li>tr. Representar en la mente la imagen de algo o de alguien: Imagina un campo de flores. U. t. c. prnl. No me lo imagino ya con hijos.<\/li>\n<li>tr. Suponer algo a partir de ciertos indicios. Imagino que te quedar\u00e1s a comer. U. t. C. prnl.<\/li>\n<li>tr. Inventar o crear algo. He imaginado una forma de solucionar el problema.<\/li>\n<li>tr. Concebir algo con la fantas\u00eda.<\/li>\n<\/ol>\n<\/li>\n<\/ol>\n<p>Nosotros nos concentramos en las dos \u00faltimas: inventar, crear y concebir con fantas\u00eda. Con este lema pretendemos trabajar en nuestro alumnado las capacidades y competencias que nos sit\u00faan en la disposici\u00f3n de un inventor, de un creador.<\/p>\n<p>Se trata de introducirnos en el mundo de los creadores, de los inventores y aprender con ellos a mirar de manera diferente, a buscar soluciones donde nadie ha buscado antes, a proponer opciones que a nadie m\u00e1s se le hab\u00edan ocurrido, a anticiparnos a los problemas y dificultades y ofrecer nuevas respuestas, a so\u00f1ar con un mundo diferente del que ahora tenemos ... La palabra \"<strong>imagina<\/strong>\" nos evoca todo esto.<\/p>\n<p>La idea asociada a este lema se refleja en la manera que presentaremos y trabajaremos el cartel durante el <strong>curso 2019- 2020<\/strong>. Queremos que el cartel se mantenga activo durante todo el a\u00f1o.<\/p>\n<\/div>\n<\/div><\/div><\/div><\/div><div id=\"pg-9020-4\"  class=\"panel-grid panel-no-style\" ><div id=\"pgc-9020-4-0\"  class=\"panel-grid-cell\" ><div id=\"panel-9020-4-0-0\" class=\"so-panel widget widget_sow-editor panel-first-child panel-last-child\" data-index=\"5\" ><div\n\t\t\t\n\t\t\tclass=\"so-widget-sow-editor so-widget-sow-editor-base\"\n\t\t\t\n\t\t>\n<div class=\"siteorigin-widget-tinymce textwidget\">\n\t<h3 class=\"texto-azul\">Desde nuestra historia<\/h3>\n<p><strong>San Juan Bautista de La Salle<\/strong> supo proyectar este valor en todo su itinerario de vida y en todas y cada una de las iniciativas que puso en marcha:<\/p>\n<ul>\n<li>Organiz\u00f3 las escuelas populares abiertas a todas las clases sociales<\/li>\n<li>Fund\u00f3 una instituci\u00f3n con vocaci\u00f3n de progreso y de universalidad<\/li>\n<li>Escribi\u00f3 libros sabios y variados, con ideas innovadoras<\/li>\n<li>Sembr\u00f3 inquietudes que se prolongaron m\u00e1s all\u00e1 de su muerte<\/li>\n<li>Prest\u00f3 su nombre a un movimiento que sigue vivo en el mundo<\/li>\n<li>Incluso sus obras pedag\u00f3gicas y espirituales testimonian que fue capaz de ser creativo partiendo de la realidad que vivi\u00f3 en el d\u00eda a d\u00eda<\/li>\n<li>S\u00f3lo al final de su camino, mirando atr\u00e1s se dio cuenta perfectamente que hab\u00eda nacido un Instituto de educadores cristianos. Vio que hab\u00eda escrito dos docenas de libros para estos educadores y para los escolares.<\/li>\n<li>Tambi\u00e9n comprendi\u00f3 que se trataba de algo <strong>nuevo y din\u00e1mico<\/strong>, y pidi\u00f3 a los que le hab\u00edan seguido que no se amilana, ya que la necesidad educativa era ingente y urgente.<\/li>\n<\/ul>\n<p>La Salle \"<em>imagina<\/em>\" un escuela nueva donde se educaba desde la <strong>fraternidad<\/strong> de unos hermanos que viv\u00edan juntos y lo compart\u00edan todo. Hasta este momento el proyecto de escuela era local e individual de alguna persona; una escuela que educaba en la <strong>fe<\/strong> sosteniendo el sentido de la vida de muchas personas frente a una escuela que s\u00f3lo se fijaba en el prestigio y nivel intelectual que pudieran proporcionar a las \u00e9lites, y una escuela al <strong>servicio<\/strong> de los m\u00e1s necesitados que se 'sentaban junto a personas acomodadas, estableciendo relaciones de justicia entre ellos frente a la escuela de los maestros cal\u00edgrafos, que s\u00f3lo buscaban el dinero de los que s\u00ed pod\u00edan pagar.<\/p>\n<p>Hoy nos toca a nosotros hacer realidad este valor medio de nuestras comunidades educativas. Nuestro car\u00e1cter propio es muy claro en relaci\u00f3n al desarrollo de la <strong>creatividad<\/strong>.<\/p>\n<\/div>\n<\/div><\/div><\/div><\/div><\/div>","protected":false},"excerpt":{"rendered":"<p>Imaginar es aprender a mirar de manera diferente, a buscar soluciones donde nadie ha buscado antes, a proponer opciones que a nadie m\u00e1s se le hab\u00edan ocurrido, a anticiparnos a los problemas y dificultades y ofrecer nuevas respuestas, a so\u00f1ar &hellip; <\/p>\n","protected":false},"author":1,"featured_media":0,"parent":0,"menu_order":0,"comment_status":"closed","ping_status":"closed","template":"","meta":{"footnotes":""},"class_list":["post-9020","page","type-page","status-publish","hentry"],"_links":{"self":[{"href":"https:\/\/web.lasallesantiago.gal\/es\/wp-json\/wp\/v2\/pages\/9020","targetHints":{"allow":["GET"]}}],"collection":[{"href":"https:\/\/web.lasallesantiago.gal\/es\/wp-json\/wp\/v2\/pages"}],"about":[{"href":"https:\/\/web.lasallesantiago.gal\/es\/wp-json\/wp\/v2\/types\/page"}],"author":[{"embeddable":true,"href":"https:\/\/web.lasallesantiago.gal\/es\/wp-json\/wp\/v2\/users\/1"}],"replies":[{"embeddable":true,"href":"https:\/\/web.lasallesantiago.gal\/es\/wp-json\/wp\/v2\/comments?post=9020"}],"version-history":[{"count":0,"href":"https:\/\/web.lasallesantiago.gal\/es\/wp-json\/wp\/v2\/pages\/9020\/revisions"}],"wp:attachment":[{"href":"https:\/\/web.lasallesantiago.gal\/es\/wp-json\/wp\/v2\/media?parent=9020"}],"curies":[{"name":"wp","href":"https:\/\/api.w.org\/{rel}","templated":true}]}}