{"id":9017,"date":"2020-05-13T08:01:52","date_gmt":"2020-05-13T08:01:52","guid":{"rendered":"https:\/\/web.lasallesantiago.gal\/?page_id=9017"},"modified":"2020-05-29T08:09:08","modified_gmt":"2020-05-29T08:09:08","slug":"la-pastoral-en-la-salle","status":"publish","type":"page","link":"https:\/\/web.lasallesantiago.gal\/es\/la-pastoral-en-la-salle\/","title":{"rendered":"La pastoral en La Salle"},"content":{"rendered":"<div id=\"pl-9017\"  class=\"panel-layout\" ><div id=\"pg-9017-0\"  class=\"panel-grid panel-no-style\" ><div id=\"pgc-9017-0-0\"  class=\"panel-grid-cell\" ><div id=\"panel-9017-0-0-0\" class=\"so-panel widget widget_heading panel-first-child panel-last-child\" data-index=\"0\" ><div class=\"thim-widget-heading template-base\"><div class=\"sc_heading  text-left\"><h3 style=\"text-transform: uppercase;\" class=\"title\">La pastoral en La Salle<\/h3><span class=\"line\"><\/span><\/div><\/div><\/div><\/div><\/div><div id=\"pg-9017-1\"  class=\"panel-grid panel-no-style\" ><div id=\"pgc-9017-1-0\"  class=\"panel-grid-cell\" ><div id=\"panel-9017-1-0-0\" class=\"so-panel widget widget_sow-editor panel-first-child panel-last-child\" data-index=\"1\" ><div\n\t\t\t\n\t\t\tclass=\"so-widget-sow-editor so-widget-sow-editor-base\"\n\t\t\t\n\t\t>\n<div class=\"siteorigin-widget-tinymce textwidget\">\n\t<p>El fin principal de las Obras Educativas La Salle y, por tanto, del colegio La Salle Santiago es la evangelizaci\u00f3n. Educamos evangelizando y evangelizamos educando. Los destinatarios son todas y cada una de las personas que componen la comunidad educativa. Todas son a la vez protagonistas y destinatarios de nuestra acci\u00f3n evangelizadora.<\/p>\n<h4 class=\"texto-azul\">La Pastoral como proyecto<\/h4>\n<p>Entendemos la pastoral como un proyecto que da sentido y coherencia a nuestro marco educativo, y cuyo fin es acompa\u00f1ar en el proceso de ser y hacerse persona: la b\u00fasqueda del sentido de la vida.<\/p>\n<p>La pastoral lasaliana propone los valores de fe, fraternidad y servicio a trav\u00e9s de la cercan\u00eda, la personalizaci\u00f3n, el acompa\u00f1amiento y el compromiso con los necesitados, partiendo del humanismo cristiano y de los valores del Evangelio, en comuni\u00f3n con la Iglesia local y universal.<\/p>\n<h4 class=\"texto-azul\">El di\u00e1logo fe-cultura<\/h4>\n<p>En el colegio La Salle apostamos por el di\u00e1logo fe-cultura y, dentro de \u00e9l, por una Ense\u00f1anza Religiosa Escolar de calidad que fomenta el conocimiento expl\u00edcito de Jes\u00fas de Nazaret y su evangelio, ayuda al an\u00e1lisis cr\u00edtico de la sociedad y sus valores, aporta cultura religiosa, social e hist\u00f3rica a nuestros alumnos en su maduraci\u00f3n como personas y en la fe como cristianos para que puedan hacer opciones personales en la construcci\u00f3n de un mundo m\u00e1s fraterno, solidario, justo y pac\u00edfico dentro de una sociedad cada vez m\u00e1s plural.<\/p>\n<h4 class=\"texto-azul\">La Pastoral como experiencia-vivencia<\/h4>\n<p><span class=\"texto-amarillo\"><strong>Celebrar la fe<\/strong><\/span>: Proponemos momentos intensos de celebraci\u00f3n de la fe, una fe compartida que comunique la experiencia de manera significativa y una fe encarnada en cada itinerario vital. Por ello la educaci\u00f3n de la interioridad, las celebraciones de signos y s\u00edmbolos, la iniciaci\u00f3n a los sacramentos y el compartir la fe desde elementos claves relacionados con el lenguaje, la est\u00e9tica, la emoci\u00f3n, la relaci\u00f3n\u2026 tienen sentido y prioridad en el colegio La Salle.<\/p>\n<p><span class=\"texto-amarillo\"><strong>Construir la fraternidad<\/strong><\/span>: El estilo fraterno en las relaciones se manifiesta en el ambiente acogedor que viven los integrantes de la comunidad educativa. La comunidad representa el contenido y el m\u00e9todo de nuestro proyecto educativo.<\/p>\n<p>En primer lugar, como comunidad educativa que afronta el reto de dar educaci\u00f3n humana y cristiana y de responder a las necesidades sociales del entorno. En segundo lugar, como comunidad cristiana que vive, comparte y celebra su fe en la misi\u00f3n educativa.<\/p>\n<p><span class=\"texto-amarillo\"><strong>Vivir el servicio<\/strong><\/span>: Las acciones solidarias que se realizan en el colegio La Salle responden a un plan de educaci\u00f3n para la justicia y la solidaridad. Ese plan posibilita conocer la realidad social, interpretarla e invitar a actuar en la misma.<\/p>\n<p>Las campa\u00f1as solidarias, las iniciativas de voluntariado, los campos de trabajo... nacen y crecen como respuestas acompa\u00f1adas en el proceso de crecimiento y maduraci\u00f3n de los ni\u00f1os, j\u00f3venes y adultos y facilitan retos de compromiso personal.<\/p>\n<p><span class=\"texto-amarillo\"><strong>Personalizaci\u00f3n y acompa\u00f1amiento<\/strong><\/span>: Nos esforzamos en acompa\u00f1ar itinerarios vitales ofertando propuestas de procesos catecumenales, de compromiso social, talleres de solidaridad y voluntariado, participaci\u00f3n activa en ONGD, educaci\u00f3n para el ocio y el tiempo libre...<br \/>\nCreemos que todo itinerario pastoral es vocacional y ha de acompa\u00f1arse para ayudar a descubrir las respuestas a los interrogantes que como personas y como cristianos nos hacemos a lo largo de nuestra vida.<\/p>\n<\/div>\n<\/div><\/div><\/div><\/div><\/div>","protected":false},"excerpt":{"rendered":"<p>El fin principal de las Obras Educativas La Salle y, por tanto, del colegio La Salle Santiago es la evangelizaci\u00f3n. Educamos evangelizando y evangelizamos educando. Los destinatarios son todas y cada una de las personas que componen la comunidad educativa. &hellip; <\/p>\n","protected":false},"author":1,"featured_media":0,"parent":0,"menu_order":0,"comment_status":"closed","ping_status":"closed","template":"","meta":{"footnotes":""},"class_list":["post-9017","page","type-page","status-publish","hentry"],"_links":{"self":[{"href":"https:\/\/web.lasallesantiago.gal\/es\/wp-json\/wp\/v2\/pages\/9017","targetHints":{"allow":["GET"]}}],"collection":[{"href":"https:\/\/web.lasallesantiago.gal\/es\/wp-json\/wp\/v2\/pages"}],"about":[{"href":"https:\/\/web.lasallesantiago.gal\/es\/wp-json\/wp\/v2\/types\/page"}],"author":[{"embeddable":true,"href":"https:\/\/web.lasallesantiago.gal\/es\/wp-json\/wp\/v2\/users\/1"}],"replies":[{"embeddable":true,"href":"https:\/\/web.lasallesantiago.gal\/es\/wp-json\/wp\/v2\/comments?post=9017"}],"version-history":[{"count":0,"href":"https:\/\/web.lasallesantiago.gal\/es\/wp-json\/wp\/v2\/pages\/9017\/revisions"}],"wp:attachment":[{"href":"https:\/\/web.lasallesantiago.gal\/es\/wp-json\/wp\/v2\/media?parent=9017"}],"curies":[{"name":"wp","href":"https:\/\/api.w.org\/{rel}","templated":true}]}}