{"id":9012,"date":"2020-05-13T07:58:41","date_gmt":"2020-05-13T07:58:41","guid":{"rendered":"https:\/\/web.lasallesantiago.gal\/?page_id=9012"},"modified":"2025-10-29T13:52:55","modified_gmt":"2025-10-29T12:52:55","slug":"administracion","status":"publish","type":"page","link":"https:\/\/web.lasallesantiago.gal\/es\/administracion\/","title":{"rendered":"Administraci\u00f3n"},"content":{"rendered":"<div id=\"pl-9012\"  class=\"panel-layout\" ><div id=\"pg-9012-0\"  class=\"panel-grid panel-no-style\" ><div id=\"pgc-9012-0-0\"  class=\"panel-grid-cell\" ><div id=\"panel-9012-0-0-0\" class=\"so-panel widget widget_heading panel-first-child panel-last-child\" data-index=\"0\" ><div class=\"thim-widget-heading template-base\"><div class=\"sc_heading  text-left\"><h3 style=\"text-transform: uppercase;\" class=\"title\">Administraci\u00f3n<\/h3><span class=\"line\"><\/span><\/div><\/div><\/div><\/div><\/div><div id=\"pg-9012-1\"  class=\"panel-grid panel-no-style\" ><div id=\"pgc-9012-1-0\"  class=\"panel-grid-cell\" ><div id=\"panel-9012-1-0-0\" class=\"so-panel widget widget_siteorigin-panels-builder panel-first-child panel-last-child\" data-index=\"1\" ><div id=\"pl-w69020e26f2689\"  class=\"panel-layout\" ><div id=\"pg-w69020e26f2689-0\"  class=\"panel-grid panel-no-style\" ><div id=\"pgc-w69020e26f2689-0-0\"  class=\"panel-grid-cell\" ><div id=\"panel-w69020e26f2689-0-0-0\" class=\"so-panel widget widget_sow-editor panel-first-child panel-last-child\" data-index=\"0\" ><div\n\t\t\t\n\t\t\tclass=\"so-widget-sow-editor so-widget-sow-editor-base\"\n\t\t\t\n\t\t>\n<div class=\"siteorigin-widget-tinymce textwidget\">\n\t<h4 class=\"texto-azul\">Administradora<\/h4>\n<p><strong>D.\u00aa Tamara Tejo Cebeiro<\/strong><br \/>\n<a class=\"icono correo\" href=\"mailto:administracion@lasallesantiago.gal\">administracion@lasallesantiago.gal<\/a><\/p>\n<h4 class=\"texto-azul\">Funciones<\/h4>\n<p>Es el departamento encargado de gestionar tanto los aspectos econ\u00f3micos vinculados a los alumnos como la contabilidad financiera del centro.<\/p>\n<p>Aunque las funciones del \u00e1rea de Administraci\u00f3n son muy amplias y diversas, las propiamente asociadas a nuestros alumnos y familias engloban la emisi\u00f3n de la facturaci\u00f3n mensual, la gesti\u00f3n de recibos, facturas, cambios de domiciliaci\u00f3n bancaria y las inscripciones en servicios complementarios.<\/p>\n<p>Se encarga de la gesti\u00f3n y organizaci\u00f3n de los alquileres, especialmente del sal\u00f3n de actos y del polideportivo.<\/p>\n<h4 class=\"texto-azul\">Horario de atenci\u00f3n al p\u00fablico<\/h4>\n<p>Lunes a jueves de 8:30 a 14:30 h y 15:00 a 17.00 h.<br \/>\nViernes de 8:30 a 14:00 h.<\/p>\n<p>Del 20 julio al 20 de agosto est\u00e1 cerrada. Durante estas fechas, todas las consultas deben hacerse a trav\u00e9s de la recepci\u00f3n del Colegio. El resto del verano, Navidad y Semana Santa, el horario de atenci\u00f3n es \u00fanicamente por la ma\u00f1ana, de 9:00 a 14:00 h.<\/p>\n<\/div>\n<\/div><\/div><\/div><\/div><\/div><\/div><\/div><\/div><\/div>","protected":false},"excerpt":{"rendered":"<p>Administraci\u00f3n Administradora D.\u00aa Tamara Tejo Cebeiro administracion@lasallesantiago.gal Funciones Es el departamento encargado de gestionar tanto los aspectos econ\u00f3micos vinculados a los alumnos como la contabilidad financiera del centro. Aunque las funciones del \u00e1rea de Administraci\u00f3n son muy amplias y diversas, &hellip; <\/p>\n","protected":false},"author":1,"featured_media":0,"parent":0,"menu_order":0,"comment_status":"closed","ping_status":"closed","template":"","meta":{"footnotes":""},"class_list":["post-9012","page","type-page","status-publish","hentry"],"_links":{"self":[{"href":"https:\/\/web.lasallesantiago.gal\/es\/wp-json\/wp\/v2\/pages\/9012","targetHints":{"allow":["GET"]}}],"collection":[{"href":"https:\/\/web.lasallesantiago.gal\/es\/wp-json\/wp\/v2\/pages"}],"about":[{"href":"https:\/\/web.lasallesantiago.gal\/es\/wp-json\/wp\/v2\/types\/page"}],"author":[{"embeddable":true,"href":"https:\/\/web.lasallesantiago.gal\/es\/wp-json\/wp\/v2\/users\/1"}],"replies":[{"embeddable":true,"href":"https:\/\/web.lasallesantiago.gal\/es\/wp-json\/wp\/v2\/comments?post=9012"}],"version-history":[{"count":1,"href":"https:\/\/web.lasallesantiago.gal\/es\/wp-json\/wp\/v2\/pages\/9012\/revisions"}],"predecessor-version":[{"id":28159,"href":"https:\/\/web.lasallesantiago.gal\/es\/wp-json\/wp\/v2\/pages\/9012\/revisions\/28159"}],"wp:attachment":[{"href":"https:\/\/web.lasallesantiago.gal\/es\/wp-json\/wp\/v2\/media?parent=9012"}],"curies":[{"name":"wp","href":"https:\/\/api.w.org\/{rel}","templated":true}]}}