{"id":8997,"date":"2020-05-13T07:55:40","date_gmt":"2020-05-13T07:55:40","guid":{"rendered":"https:\/\/web.lasallesantiago.gal\/?page_id=8997"},"modified":"2020-05-27T10:46:15","modified_gmt":"2020-05-27T10:46:15","slug":"orientacion-y-apoyo","status":"publish","type":"page","link":"https:\/\/web.lasallesantiago.gal\/es\/orientacion-y-apoyo\/","title":{"rendered":"Orientaci\u00f3n y apoyo"},"content":{"rendered":"<div id=\"pl-8997\"  class=\"panel-layout\" ><div id=\"pg-8997-0\"  class=\"panel-grid panel-no-style\" ><div id=\"pgc-8997-0-0\"  class=\"panel-grid-cell\" ><div id=\"panel-8997-0-0-0\" class=\"so-panel widget widget_heading panel-first-child panel-last-child\" data-index=\"0\" ><div class=\"thim-widget-heading template-base\"><div class=\"sc_heading  text-left\"><h3 style=\"text-transform: uppercase;\" class=\"title\">Orientaci\u00f3n y apoyo<\/h3><span class=\"line\"><\/span><\/div><\/div><\/div><\/div><\/div><div id=\"pg-8997-1\"  class=\"panel-grid panel-no-style\" ><div id=\"pgc-8997-1-0\"  class=\"panel-grid-cell\" ><div id=\"panel-8997-1-0-0\" class=\"so-panel widget widget_sow-editor panel-first-child panel-last-child\" data-index=\"1\" ><div\n\t\t\t\n\t\t\tclass=\"so-widget-sow-editor so-widget-sow-editor-base\"\n\t\t\t\n\t\t>\n<div class=\"siteorigin-widget-tinymce textwidget\">\n\t<p>El <strong>departamento de orientaci\u00f3n<\/strong> es un servicio de ayuda a toda la comunidad educativa: alumnos, familias, profesores...<\/p>\n<p>Est\u00e1 <strong>formado por cinco profesionales<\/strong>: dos psicopedagogas, un psic\u00f3logo, una pedagoga y una logopeda quienes, junto a los tutores, act\u00faan para favorecer el desarrollo integral en todas las etapas: Infantil, Primaria, ESO y Bachillerato. Se trabaja en equipo siempre buscando las mejores opciones para cada uno de los alumnos.<\/p>\n<p>El departamento act\u00faa en tres \u00e1mbitos principales:<\/p>\n<h5 class=\"texto-azul\">Apoyo al proceso de ense\u00f1anza-aprendizaje<\/h5>\n<ul>\n<li style=\"list-style-type: none;\">\n<ul>\n<li>Colabora en la prevenci\u00f3n, detecci\u00f3n y evaluaci\u00f3n de problemas de aprendizaje.<\/li>\n<li>Coordina la atenci\u00f3n a la diversidad proponiendo los ajustes y adaptaciones necesarios para la mejor atenci\u00f3n a cada persona.<\/li>\n<li>Asesora al equipo directivo en los temas pedag\u00f3gicos.<\/li>\n<li>Est\u00e1 presente en las juntas de evaluaci\u00f3n.<\/li>\n<li>Usa pruebas psicopedag\u00f3gicas colectivas para el screening de las necesidades educativas m\u00e1s comunes (en 3.\u00ba, 5.\u00ba de Primaria, 1.\u00ba de ESO y otras espec\u00edficas, cuando es necesario un informe individual).<\/li>\n<li>Orienta, junto con los tutores, a los alumnos sobre las estrategias de aprendizaje, organizaci\u00f3n del estudio, control de la ansiedad ante los ex\u00e1menes\u2026<\/li>\n<\/ul>\n<\/li>\n<\/ul>\n<h5 class=\"texto-azul\">Orientaci\u00f3n acad\u00e9mica profesional<\/h5>\n<p>Esta funci\u00f3n va ganado protagonismo con el paso de los cursos en la ESO y Bachillerato. Intentamos que los alumnos encuentren aquellas \u00e1reas educativas y profesionales que les ayudar\u00e1n a sentirse m\u00e1s motivados y satisfechos.<\/p>\n<ul>\n<li style=\"list-style-type: none;\">\n<ul>\n<li>Aplica cuestionarios de toma de decisi\u00f3n educativa y profesional a partir de 3.\u00ba de la ESO.<\/li>\n<li>Da continuidad a los consejos orientadores de los distintos cursos.<\/li>\n<li>Organiza, junto con las jefaturas de estudios y la ANPA, charlas de orientaci\u00f3n vocacional, ferias educativas, visitas a centros de ense\u00f1anza\u2026.<\/li>\n<\/ul>\n<\/li>\n<\/ul>\n<h5 class=\"texto-azul\">Acci\u00f3n tutorial<\/h5>\n<ul>\n<li style=\"list-style-type: none;\">\n<ul>\n<li>Entrevista y asesora a padres, profesores y alumnos.<\/li>\n<li>Ayuda en la elaboraci\u00f3n y evaluaci\u00f3n del Plan de Acci\u00f3n Tutorial (PAT).<\/li>\n<li>Participa, junto con el responsable de convivencia y los jefes de estudio, en acciones de prevenci\u00f3n, mediaci\u00f3n e intervenci\u00f3n para el mantenimiento de un clima de convivencia positivo que ayuda al aprendizaje y el desarrollo personal.<\/li>\n<\/ul>\n<\/li>\n<\/ul>\n<p>&nbsp;<\/p>\n<p><strong>Si ten\u00e9is cualquier consulta o duda no dud\u00e9is en contactar con nosotros.<\/strong><\/p>\n<p><strong>Contacto: <a class=\"icono correo\" href=\"mailto:xoanmanuel.perez@lasallesantiago.gal\">xoanmanuel.perez@lasallesantiago.gal<\/a><\/strong><\/p>\n<\/div>\n<\/div><\/div><\/div><div id=\"pgc-8997-1-1\"  class=\"panel-grid-cell\" ><div id=\"panel-8997-1-1-0\" class=\"widget_text so-panel widget widget_custom_html panel-first-child panel-last-child\" data-index=\"2\" ><h3 class=\"widget-title\">\u00bfAlguna consulta?<\/h3><div class=\"textwidget custom-html-widget\">\n<div class=\"wpcf7 no-js\" id=\"wpcf7-f10287-o1\" lang=\"es-ES\" dir=\"ltr\" data-wpcf7-id=\"10287\">\n<div class=\"screen-reader-response\"><p role=\"status\" aria-live=\"polite\" aria-atomic=\"true\"><\/p> <ul><\/ul><\/div>\n<form action=\"\/es\/wp-json\/wp\/v2\/pages\/8997#wpcf7-f10287-o1\" method=\"post\" class=\"wpcf7-form init\" aria-label=\"Formulario de contacto\" novalidate=\"novalidate\" data-status=\"init\">\n<fieldset class=\"hidden-fields-container\"><input type=\"hidden\" name=\"_wpcf7\" value=\"10287\" \/><input type=\"hidden\" name=\"_wpcf7_version\" value=\"6.1.5\" \/><input type=\"hidden\" name=\"_wpcf7_locale\" value=\"es_ES\" \/><input type=\"hidden\" name=\"_wpcf7_unit_tag\" value=\"wpcf7-f10287-o1\" \/><input type=\"hidden\" name=\"_wpcf7_container_post\" value=\"0\" \/><input type=\"hidden\" name=\"_wpcf7_posted_data_hash\" value=\"\" \/><input type=\"hidden\" name=\"_wpcf7_recaptcha_response\" value=\"\" \/>\n<\/fieldset>\n<p><span class=\"wpcf7-form-control-wrap\" data-name=\"nombre\"><input size=\"40\" maxlength=\"400\" class=\"wpcf7-form-control wpcf7-text wpcf7-validates-as-required\" aria-required=\"true\" aria-invalid=\"false\" placeholder=\"Nombre y apellidos *\" value=\"\" type=\"text\" name=\"nombre\" \/><\/span>\n<\/p>\n<p><span class=\"wpcf7-form-control-wrap\" data-name=\"email\"><input size=\"40\" maxlength=\"400\" class=\"wpcf7-form-control wpcf7-email wpcf7-validates-as-required wpcf7-text wpcf7-validates-as-email\" aria-required=\"true\" aria-invalid=\"false\" placeholder=\"Email *\" value=\"\" type=\"email\" name=\"email\" \/><\/span>\n<\/p>\n<p><span class=\"wpcf7-form-control-wrap\" data-name=\"asunto\"><input size=\"40\" maxlength=\"400\" class=\"wpcf7-form-control wpcf7-text wpcf7-validates-as-required\" aria-required=\"true\" aria-invalid=\"false\" placeholder=\"Asunto *\" value=\"\" type=\"text\" name=\"asunto\" \/><\/span>\n<\/p>\n<p><span class=\"wpcf7-form-control-wrap\" data-name=\"mensaje\"><textarea cols=\"40\" rows=\"10\" maxlength=\"2000\" class=\"wpcf7-form-control wpcf7-textarea wpcf7-validates-as-required\" aria-required=\"true\" aria-invalid=\"false\" placeholder=\"Mensaje *\" name=\"mensaje\"><\/textarea><\/span>\n<\/p>\n<p><span class=\"wpcf7-form-control-wrap\" data-name=\"checkbox-datos-seguros\"><span class=\"wpcf7-form-control wpcf7-checkbox wpcf7-validates-as-required\"><span class=\"wpcf7-list-item first last\"><input type=\"checkbox\" name=\"checkbox-datos-seguros[]\" value=\"Consiento &quot;Sus datos seguros&quot;\" \/><span class=\"wpcf7-list-item-label\">Consiento &quot;Sus datos seguros&quot;<\/span><\/span><\/span><\/span>\n<\/p>\n<p><input class=\"wpcf7-form-control wpcf7-submit has-spinner\" type=\"submit\" value=\"Enviar\" \/>\n<\/p><div class=\"wpcf7-response-output\" aria-hidden=\"true\"><\/div>\n<\/form>\n<\/div>\n\n<span style=\"font-size: 0.7em\">Responsable del tratamiento: COLEGIO LA SALLE SANTIAGO \/ Direcci\u00f3n del responsable: C\/San Roque 6, 15704, A Coru\u00f1a. \/ Finalidad: Sus datos ser\u00e1n usados para poder atender sus solicitudes y prestarle nuestros servicios. \/ Publicidad: Solo le enviaremos publicidad con su autorizaci\u00f3n previa, que podr\u00e1 facilitarnos mediante la casilla correspondiente establecida al efecto. \/ Legitimaci\u00f3n: \u00danicamente trataremos sus datos con su consentimiento previo, que podr\u00e1 facilitarnos mediante la casilla correspondiente establecida al efecto. \/ Destinatarios: Con car\u00e1cter general, s\u00f3lo el personal de nuestra entidad que est\u00e9 debidamente autorizado podr\u00e1 tener conocimiento de la informaci\u00f3n que le pedimos. \/ Derechos: Tiene derecho a saber qu\u00e9 informaci\u00f3n tenemos sobre usted, corregirla y eliminarla, tal y como se explica en la informaci\u00f3n adicional disponible en nuestra p\u00e1gina web. \/ Informaci\u00f3n adicional: M\u00e1s informaci\u00f3n en el apartado <a class=\"icono enlace\" href=\"\/politica-de-privacidad\"> Pol\u00edtica de privacidad<\/a> de nuestra p\u00e1gina web.<\/span><\/div><\/div><\/div><\/div><\/div>","protected":false},"excerpt":{"rendered":"<p>El departamento de orientaci\u00f3n es un servicio de ayuda a toda la comunidad educativa: alumnos, familias, profesores&#8230; Est\u00e1 formado por cinco profesionales: dos psicopedagogas, un psic\u00f3logo, una pedagoga y una logopeda quienes, junto a los tutores, act\u00faan para favorecer el &hellip; <\/p>\n","protected":false},"author":1,"featured_media":0,"parent":0,"menu_order":0,"comment_status":"closed","ping_status":"closed","template":"","meta":{"footnotes":""},"class_list":["post-8997","page","type-page","status-publish","hentry"],"_links":{"self":[{"href":"https:\/\/web.lasallesantiago.gal\/es\/wp-json\/wp\/v2\/pages\/8997","targetHints":{"allow":["GET"]}}],"collection":[{"href":"https:\/\/web.lasallesantiago.gal\/es\/wp-json\/wp\/v2\/pages"}],"about":[{"href":"https:\/\/web.lasallesantiago.gal\/es\/wp-json\/wp\/v2\/types\/page"}],"author":[{"embeddable":true,"href":"https:\/\/web.lasallesantiago.gal\/es\/wp-json\/wp\/v2\/users\/1"}],"replies":[{"embeddable":true,"href":"https:\/\/web.lasallesantiago.gal\/es\/wp-json\/wp\/v2\/comments?post=8997"}],"version-history":[{"count":0,"href":"https:\/\/web.lasallesantiago.gal\/es\/wp-json\/wp\/v2\/pages\/8997\/revisions"}],"wp:attachment":[{"href":"https:\/\/web.lasallesantiago.gal\/es\/wp-json\/wp\/v2\/media?parent=8997"}],"curies":[{"name":"wp","href":"https:\/\/api.w.org\/{rel}","templated":true}]}}