{"id":8994,"date":"2020-05-13T07:55:06","date_gmt":"2020-05-13T07:55:06","guid":{"rendered":"https:\/\/web.lasallesantiago.gal\/?page_id=8994"},"modified":"2026-03-17T18:27:03","modified_gmt":"2026-03-17T17:27:03","slug":"programa-madrugadores-ludoteca","status":"publish","type":"page","link":"https:\/\/web.lasallesantiago.gal\/es\/programa-madrugadores-ludoteca\/","title":{"rendered":"Programa madrugadores &#8211; Ludoteca"},"content":{"rendered":"<div id=\"pl-8994\"  class=\"panel-layout\" ><div id=\"pg-8994-0\"  class=\"panel-grid panel-no-style\" ><div id=\"pgc-8994-0-0\"  class=\"panel-grid-cell\" ><div id=\"panel-8994-0-0-0\" class=\"so-panel widget widget_heading panel-first-child panel-last-child\" data-index=\"0\" ><div class=\"thim-widget-heading template-base\"><div class=\"sc_heading  text-left\"><h3 style=\"text-transform: uppercase;\" class=\"title\">Programa madrugadores - Ludoteca<\/h3><span class=\"line\"><\/span><\/div><\/div><\/div><\/div><\/div><div id=\"pg-8994-1\"  class=\"panel-grid panel-no-style\" ><div id=\"pgc-8994-1-0\"  class=\"panel-grid-cell\" ><div id=\"panel-8994-1-0-0\" class=\"so-panel widget widget_siteorigin-panels-builder panel-first-child panel-last-child\" data-index=\"1\" ><div id=\"pl-w69b98eaa18514\"  class=\"panel-layout\" ><div id=\"pg-w69b98eaa18514-0\"  class=\"panel-grid panel-no-style\" ><div id=\"pgc-w69b98eaa18514-0-0\"  class=\"panel-grid-cell panel-grid-cell-empty\" ><\/div><div id=\"pgc-w69b98eaa18514-0-1\"  class=\"panel-grid-cell\" ><div id=\"panel-w69b98eaa18514-0-1-0\" class=\"so-panel widget widget_sow-editor panel-first-child\" data-index=\"0\" ><div\n\t\t\t\n\t\t\tclass=\"so-widget-sow-editor so-widget-sow-editor-base\"\n\t\t\t\n\t\t>\n<div class=\"siteorigin-widget-tinymce textwidget\">\n\t<h3 class=\"texto-azul\">Programa madrugadores<\/h3>\n<p>Con el fin de ayudar a los padres a conciliar su horario laboral con el colegio, ofrecemos el <strong>Programa Madrugadores<\/strong> para atender a los ni\u00f1os de Infantil y primer ciclo de Primaria por la ma\u00f1ana. Este programa funcionar\u00e1 si hay un m\u00ednimo de 15 ni\u00f1os.<\/p>\n<ul>\n<li><strong>Horarios septiembre y junio: <\/strong>de 7:45 a 9:00 h.<\/li>\n<li><strong>Horario octubre a mayo: <\/strong>de 7:45 a 9:30 h.<\/li>\n<li><strong>Destinatarios<\/strong>: Alumnos de Infantil, 1.\u00ba y 2.\u00ba de Primaria.<\/li>\n<li><strong>Responsable<\/strong>: Chiruca Dom\u00ednguez<\/li>\n<\/ul>\n<p>&nbsp;<\/p>\n<h3 class=\"texto-azul\">Ludoteca<\/h3>\n<p>Por la tarde ofrecemos el servicio de <strong>Ludoteca<\/strong> para atender los ni\u00f1os tambi\u00e9n hasta 2.\u00ba de Primaria.<\/p>\n<ul>\n<li><strong data-start=\"685\" data-end=\"717\">Horarios septiembre y junio:<\/strong> desde las 15:30 hasta las 17:30 h.<\/li>\n<li><strong data-start=\"755\" data-end=\"782\">Horario octubre a mayo:<\/strong> de 17:00 a 19:00 h.Los viernes desde las 15:30 hasta las 17:30 h.<\/li>\n<li><strong>Responsable<\/strong>: Chiruca Dom\u00ednguez<\/li>\n<\/ul>\n<p><strong data-start=\"905\" data-end=\"934\">Correo de la responsable:<\/strong> <a class=\"decorated-link cursor-pointer\" href=\"mailto:chiruca.dominguez@lasallesantiago.gal\" rel=\"noopener\" data-start=\"935\" data-end=\"972\">chiruca.dominguez@lasallesantiago.gal<\/a><\/p>\n<p>El resto de alumnos (3.\u00ba de Primaria en adelante) podr\u00e1n acudir a la <a class=\"icono enlace\" href=\"\/biblioteca\">biblioteca.<\/a><\/p>\n<p><strong>TARIFAS LUDOTECA<\/strong><\/p>\n<ul>\n<li>\u00bd hora \u00ad\u00ad\u00ad\u00ad\u00ad_______ 2\u20ac<\/li>\n<li>1 hora \u00ad\u00ad\u00ad\u00ad\u00ad_______ 3\u00b450 \u20ac<\/li>\n<\/ul>\n<p>TARIFA MENSUAL (con alta no servizo)<\/p>\n<p>D\u00edas \u00e1 semana que queda o neno\/a<\/p>\n<table>\n<tbody>\n<tr>\n<td width=\"87\">\u00a0\u00a0\u00a0\u00a0\u00a0\u00a0\u00a0\u00a0\u00a0\u00a0\u00a0 D\u00edas<\/p>\n<p style=\"text-align: center;\">Tempo<\/p>\n<\/td>\n<td style=\"text-align: center;\" width=\"80\">1<\/td>\n<td style=\"text-align: center;\" width=\"80\">2<\/td>\n<td style=\"text-align: center;\" width=\"79\">3<\/td>\n<td style=\"text-align: center;\" width=\"80\">4<\/td>\n<td style=\"text-align: center;\" width=\"80\">5<\/td>\n<\/tr>\n<tr>\n<td width=\"87\">\n<p style=\"text-align: center;\">\u00bd hora<\/p>\n<\/td>\n<td style=\"text-align: center;\" width=\"80\">8\u20ac<\/td>\n<td style=\"text-align: center;\" width=\"80\">12\u20ac<\/td>\n<td style=\"text-align: center;\" width=\"79\">15\u20ac<\/td>\n<td style=\"text-align: center;\" width=\"80\">18\u20ac<\/td>\n<td style=\"text-align: center;\" width=\"80\">21\u20ac<\/td>\n<\/tr>\n<tr>\n<td width=\"87\">\n<p style=\"text-align: center;\">1 hora<\/p>\n<\/td>\n<td style=\"text-align: center;\" width=\"80\">12\u20ac<\/td>\n<td style=\"text-align: center;\" width=\"80\">18\u20ac<\/td>\n<td style=\"text-align: center;\" width=\"79\">24\u20ac<\/td>\n<td style=\"text-align: center;\" width=\"80\">31\u20ac<\/td>\n<td width=\"80\">\n<p style=\"text-align: center;\">39\u20ac<\/p>\n<\/td>\n<\/tr>\n<tr>\n<td style=\"text-align: center;\" width=\"87\">1\u00bd hora<\/td>\n<td style=\"text-align: center;\" width=\"80\">15\u20ac<\/td>\n<td style=\"text-align: center;\" width=\"80\">24\u20ac<\/td>\n<td style=\"text-align: center;\" width=\"79\">35\u20ac<\/td>\n<td style=\"text-align: center;\" width=\"80\">47\u20ac<\/td>\n<td width=\"80\">\n<p style=\"text-align: center;\">58\u20ac<\/p>\n<\/td>\n<\/tr>\n<tr>\n<td style=\"text-align: center;\" width=\"87\">2 hora<\/td>\n<td style=\"text-align: center;\" width=\"80\">18\u20ac<\/td>\n<td style=\"text-align: center;\" width=\"80\">31\u20ac<\/td>\n<td style=\"text-align: center;\" width=\"79\">47\u20ac<\/td>\n<td style=\"text-align: center;\" width=\"80\">62\u20ac<\/td>\n<td width=\"80\">\n<p style=\"text-align: center;\">78\u20ac<\/p>\n<\/td>\n<\/tr>\n<\/tbody>\n<\/table>\n<p>&nbsp;<\/p>\n<p>Almorzo d\u00edas soltos (sen alta) ___________ 1\u00b450\u20ac por d\u00eda<\/p>\n<p>Almorzo (con alta no servizo) ___________ 1\u20ac por d\u00eda<\/p>\n<p>A ter en cuenta:<\/p>\n<ul>\n<li>Fracci\u00f3n m\u00ednima de cobro \u00bd hora<\/li>\n<li>Las altas, bajas y modificaci\u00f3n de horarios, deben ser comunicar\u00a0 5 primeros d\u00edas h\u00e1biles de cada mes.<\/li>\n<\/ul>\n<\/div>\n<\/div><\/div><div id=\"panel-w69b98eaa18514-0-1-1\" class=\"so-panel widget widget_gallery-images panel-last-child\" data-index=\"1\" ><div class=\"thim-widget-gallery-images template-base\"><div class=\"thim-carousel-wrapper gallery-img\" data-visible=\"3\" data-itemtablet=\"2\" data-itemmobile=\"1\" data-autoplay=\"2000\" data-navigation=\"1\" data-pagination=\"1\" data-loop=\"true\"><div class=\"item\"><img loading=\"lazy\" decoding=\"async\" width=\"576\" height=\"431\" src=\"https:\/\/web.lasallesantiago.gal\/wp-content\/uploads\/2020\/05\/ludotecta-07.jpg\" class=\"attachment-full size-full\" alt=\"\" srcset=\"https:\/\/web.lasallesantiago.gal\/wp-content\/uploads\/2020\/05\/ludotecta-07.jpg 576w, https:\/\/web.lasallesantiago.gal\/wp-content\/uploads\/2020\/05\/ludotecta-07-300x224.jpg 300w\" sizes=\"auto, (max-width: 576px) 100vw, 576px\" \/><\/div><div class=\"item\"><img loading=\"lazy\" decoding=\"async\" width=\"576\" height=\"431\" src=\"https:\/\/web.lasallesantiago.gal\/wp-content\/uploads\/2020\/05\/ludotecta-06.jpg\" class=\"attachment-full size-full\" alt=\"\" srcset=\"https:\/\/web.lasallesantiago.gal\/wp-content\/uploads\/2020\/05\/ludotecta-06.jpg 576w, https:\/\/web.lasallesantiago.gal\/wp-content\/uploads\/2020\/05\/ludotecta-06-300x224.jpg 300w\" sizes=\"auto, (max-width: 576px) 100vw, 576px\" \/><\/div><div class=\"item\"><img loading=\"lazy\" decoding=\"async\" width=\"576\" height=\"431\" src=\"https:\/\/web.lasallesantiago.gal\/wp-content\/uploads\/2020\/05\/ludotecta-05.jpg\" class=\"attachment-full size-full\" alt=\"\" srcset=\"https:\/\/web.lasallesantiago.gal\/wp-content\/uploads\/2020\/05\/ludotecta-05.jpg 576w, https:\/\/web.lasallesantiago.gal\/wp-content\/uploads\/2020\/05\/ludotecta-05-300x224.jpg 300w\" sizes=\"auto, (max-width: 576px) 100vw, 576px\" \/><\/div><div class=\"item\"><img loading=\"lazy\" decoding=\"async\" width=\"576\" height=\"431\" src=\"https:\/\/web.lasallesantiago.gal\/wp-content\/uploads\/2020\/05\/ludotecta-04.jpg\" class=\"attachment-full size-full\" alt=\"\" srcset=\"https:\/\/web.lasallesantiago.gal\/wp-content\/uploads\/2020\/05\/ludotecta-04.jpg 576w, https:\/\/web.lasallesantiago.gal\/wp-content\/uploads\/2020\/05\/ludotecta-04-300x224.jpg 300w\" sizes=\"auto, (max-width: 576px) 100vw, 576px\" \/><\/div><div class=\"item\"><img loading=\"lazy\" decoding=\"async\" width=\"576\" height=\"431\" src=\"https:\/\/web.lasallesantiago.gal\/wp-content\/uploads\/2020\/05\/ludotecta-03.jpg\" class=\"attachment-full size-full\" alt=\"\" srcset=\"https:\/\/web.lasallesantiago.gal\/wp-content\/uploads\/2020\/05\/ludotecta-03.jpg 576w, https:\/\/web.lasallesantiago.gal\/wp-content\/uploads\/2020\/05\/ludotecta-03-450x337.jpg 450w, https:\/\/web.lasallesantiago.gal\/wp-content\/uploads\/2020\/05\/ludotecta-03-300x224.jpg 300w\" sizes=\"auto, (max-width: 576px) 100vw, 576px\" \/><\/div><div class=\"item\"><img loading=\"lazy\" decoding=\"async\" width=\"576\" height=\"431\" src=\"https:\/\/web.lasallesantiago.gal\/wp-content\/uploads\/2020\/05\/ludotecta-02.jpg\" class=\"attachment-full size-full\" alt=\"\" srcset=\"https:\/\/web.lasallesantiago.gal\/wp-content\/uploads\/2020\/05\/ludotecta-02.jpg 576w, https:\/\/web.lasallesantiago.gal\/wp-content\/uploads\/2020\/05\/ludotecta-02-450x337.jpg 450w, https:\/\/web.lasallesantiago.gal\/wp-content\/uploads\/2020\/05\/ludotecta-02-300x224.jpg 300w\" sizes=\"auto, (max-width: 576px) 100vw, 576px\" \/><\/div><div class=\"item\"><img loading=\"lazy\" decoding=\"async\" width=\"576\" height=\"431\" src=\"https:\/\/web.lasallesantiago.gal\/wp-content\/uploads\/2020\/05\/ludotecta-01.jpg\" class=\"attachment-full size-full\" alt=\"\" srcset=\"https:\/\/web.lasallesantiago.gal\/wp-content\/uploads\/2020\/05\/ludotecta-01.jpg 576w, https:\/\/web.lasallesantiago.gal\/wp-content\/uploads\/2020\/05\/ludotecta-01-450x337.jpg 450w, https:\/\/web.lasallesantiago.gal\/wp-content\/uploads\/2020\/05\/ludotecta-01-300x224.jpg 300w\" sizes=\"auto, (max-width: 576px) 100vw, 576px\" \/><\/div><div class=\"item\"><img loading=\"lazy\" decoding=\"async\" width=\"576\" height=\"431\" src=\"https:\/\/web.lasallesantiago.gal\/wp-content\/uploads\/2020\/05\/ludotecta-08.jpg\" class=\"attachment-full size-full\" alt=\"\" srcset=\"https:\/\/web.lasallesantiago.gal\/wp-content\/uploads\/2020\/05\/ludotecta-08.jpg 576w, https:\/\/web.lasallesantiago.gal\/wp-content\/uploads\/2020\/05\/ludotecta-08-450x337.jpg 450w, https:\/\/web.lasallesantiago.gal\/wp-content\/uploads\/2020\/05\/ludotecta-08-300x224.jpg 300w\" sizes=\"auto, (max-width: 576px) 100vw, 576px\" \/><\/div><\/div><\/div><\/div><\/div><\/div><\/div><\/div><\/div><\/div><\/div>","protected":false},"excerpt":{"rendered":"<p>Programa madrugadores &#8211; Ludoteca Programa madrugadores Con el fin de ayudar a los padres a conciliar su horario laboral con el colegio, ofrecemos el Programa Madrugadores para atender a los ni\u00f1os de Infantil y primer ciclo de Primaria por la &hellip; <\/p>\n","protected":false},"author":1,"featured_media":0,"parent":0,"menu_order":0,"comment_status":"closed","ping_status":"closed","template":"","meta":{"footnotes":""},"class_list":["post-8994","page","type-page","status-publish","hentry"],"_links":{"self":[{"href":"https:\/\/web.lasallesantiago.gal\/es\/wp-json\/wp\/v2\/pages\/8994","targetHints":{"allow":["GET"]}}],"collection":[{"href":"https:\/\/web.lasallesantiago.gal\/es\/wp-json\/wp\/v2\/pages"}],"about":[{"href":"https:\/\/web.lasallesantiago.gal\/es\/wp-json\/wp\/v2\/types\/page"}],"author":[{"embeddable":true,"href":"https:\/\/web.lasallesantiago.gal\/es\/wp-json\/wp\/v2\/users\/1"}],"replies":[{"embeddable":true,"href":"https:\/\/web.lasallesantiago.gal\/es\/wp-json\/wp\/v2\/comments?post=8994"}],"version-history":[{"count":6,"href":"https:\/\/web.lasallesantiago.gal\/es\/wp-json\/wp\/v2\/pages\/8994\/revisions"}],"predecessor-version":[{"id":27762,"href":"https:\/\/web.lasallesantiago.gal\/es\/wp-json\/wp\/v2\/pages\/8994\/revisions\/27762"}],"wp:attachment":[{"href":"https:\/\/web.lasallesantiago.gal\/es\/wp-json\/wp\/v2\/media?parent=8994"}],"curies":[{"name":"wp","href":"https:\/\/api.w.org\/{rel}","templated":true}]}}