{"id":8991,"date":"2020-05-13T07:54:38","date_gmt":"2020-05-13T07:54:38","guid":{"rendered":"https:\/\/web.lasallesantiago.gal\/?page_id=8991"},"modified":"2026-03-30T18:06:17","modified_gmt":"2026-03-30T16:06:17","slug":"comedor-escolar","status":"publish","type":"page","link":"https:\/\/web.lasallesantiago.gal\/es\/comedor-escolar\/","title":{"rendered":"Comedor escolar"},"content":{"rendered":"<div id=\"pl-8991\"  class=\"panel-layout\" ><div id=\"pg-8991-0\"  class=\"panel-grid panel-no-style\" ><div id=\"pgc-8991-0-0\"  class=\"panel-grid-cell\" ><div id=\"panel-8991-0-0-0\" class=\"so-panel widget widget_heading panel-first-child panel-last-child\" data-index=\"0\" ><div class=\"thim-widget-heading template-base\"><div class=\"sc_heading  text-left\"><h3 style=\"text-transform: uppercase;\" class=\"title\">Comedor escolar<\/h3><p class=\"sub-heading\" style=\"\">Una alimentaci\u00f3n sana y variada<\/p><span class=\"line\"><\/span><\/div><\/div><\/div><\/div><\/div><div id=\"pg-8991-1\"  class=\"panel-grid panel-no-style\" ><div id=\"pgc-8991-1-0\"  class=\"panel-grid-cell\" ><div id=\"panel-8991-1-0-0\" class=\"so-panel widget widget_siteorigin-panels-builder panel-first-child panel-last-child\" data-index=\"1\" ><div id=\"pl-w69ca9f7952978\"  class=\"panel-layout\" ><div id=\"pg-w69ca9f7952978-0\"  class=\"panel-grid panel-no-style\" ><div id=\"pgc-w69ca9f7952978-0-0\"  class=\"panel-grid-cell\" ><div id=\"panel-w69ca9f7952978-0-0-0\" class=\"so-panel widget widget_sow-editor panel-first-child\" data-index=\"0\" ><div\n\t\t\t\n\t\t\tclass=\"so-widget-sow-editor so-widget-sow-editor-base\"\n\t\t\t\n\t\t>\n<div class=\"siteorigin-widget-tinymce textwidget\">\n\t<p>Men\u00fa escolar mes de <strong>abril 2026<\/strong><\/p>\n<\/div>\n<\/div><\/div><div id=\"panel-w69ca9f7952978-0-0-1\" class=\"so-panel widget widget_button\" data-index=\"1\" ><div class=\"thim-widget-button template-base\"><a class=\"widget-button  no-border normal custom_style\" href=\"https:\/\/web.lasallesantiago.gal\/wp-content\/uploads\/2026\/03\/MENU-LA-SALLE-ABRIL-26-SEMANA.pdf\" style=\"--widget-button-font-size: 14px;--widget-button-font-weight: normal;\">Formato semanal<\/a><\/div><\/div><div id=\"panel-w69ca9f7952978-0-0-2\" class=\"so-panel widget widget_button\" data-index=\"2\" ><div class=\"thim-widget-button template-base\"><a class=\"widget-button  no-border normal custom_style\" href=\"https:\/\/web.lasallesantiago.gal\/wp-content\/uploads\/2026\/03\/MENU-LA-SALLE-ABRIL-26-MES.pdf\" style=\"--widget-button-font-size: 14px;--widget-button-font-weight: normal;\">Formato mensual<\/a><\/div><\/div><div id=\"panel-w69ca9f7952978-0-0-3\" class=\"so-panel widget widget_button panel-last-child\" data-index=\"3\" ><div class=\"thim-widget-button template-base\"><a class=\"widget-button  no-border normal custom_style\" href=\"https:\/\/web.lasallesantiago.gal\/wp-content\/uploads\/2025\/07\/Folleto-de-servicios-y-extraescolares-en-colegios-24.pdf\" style=\"--widget-button-font-size: 14px;--widget-button-font-weight: normal;\">Precios<\/a><\/div><\/div><\/div><div id=\"pgc-w69ca9f7952978-0-1\"  class=\"panel-grid-cell\" ><div id=\"panel-w69ca9f7952978-0-1-0\" class=\"so-panel widget widget_sow-editor panel-first-child panel-last-child\" data-index=\"4\" ><div\n\t\t\t\n\t\t\tclass=\"so-widget-sow-editor so-widget-sow-editor-base\"\n\t\t\t\n\t\t>\n<div class=\"siteorigin-widget-tinymce textwidget\">\n\t<p>Inscrici\u00f3n o modificaci\u00f3n para el comedor curso 2025\/26:<\/p>\n<ul>\n<li>Infantil y primaria <a href=\"mailto:servizos@lasallesantiago.gal\">servizos@lasallesantiago.gal<\/a><\/li>\n<li>ESO y bachillerato\u00a0 <a href=\"mailto:comedor.secundaria@lasallesantiago.gal\">comedor.secundaria@lasallesantiago.gal<\/a><\/li>\n<\/ul>\n<p>En el comedor del colegio vuestros hijos disfrutar\u00e1n de una alimentaci\u00f3n sana y variada, <span style=\"color: #0055a0;\"><strong>elaborada en nuestras propias cocinas<\/strong><\/span>. Productos frescos y men\u00fas equilibrados, supervisados por distintos organismos especializados en nutrici\u00f3n. La gesti\u00f3n del comedor se realiza a trav\u00e9s de la empresa <strong>SERESCA<\/strong>.<\/p>\n<p>Los cocineros elaboran las comidas con el m\u00e1ximo control higi\u00e9nico-sanitario, y sobre todo, con todo el cari\u00f1o para que los alumnos disfruten la comida. <span style=\"color: #0055a0;\"><strong>Todos los platos se elaboran diariamente en el centro con productos frescos: <\/strong><\/span>cremas de verduras, caldos... Los empanados y rebozados tambi\u00e9n se preparan en nuestra cocina, evitando cualquier precocinado. Independientemente de la guarnici\u00f3n y postre establecidos en el men\u00fa, los alumnos tienen la posibilidad de tomar diariamente ensalada y fruta fresca.<\/p>\n<p>Los ni\u00f1os de Infantil y hasta 3.\u00ba de Primaria ser\u00e1n servidos en mesa y atendidos por sus monitores y monitoras.<\/p>\n<p>Los ni\u00f1os de 4.\u00ba de Primaria en adelante ya pasan por el <span style=\"color: #0055a0;\"><strong>lineal de autoservicio<\/strong><\/span>. Por ello pueden escoger entre dos opciones de cada plato, dos primeros y dos segundos, para tener la posibilidad de adaptar el men\u00fa a sus gustos y preferencias; eso s\u00ed, dentro del mismo grupo alimentario, garantizando as\u00ed la variedad nutricional durante la semana.<\/p>\n<p>En ning\u00fan caso se utilizan productos con aceite de palma. Por otro lado, el pescado cuenta con las garant\u00edas medioambientales y de procedencia pertinentes.<\/p>\n<p>Disponemos de men\u00fas adaptados a todo tipo de alergias e intolerancias (men\u00fa sin gluten, men\u00fa sin pescado, men\u00fa sin huevo, men\u00fa sin frutos secos, men\u00fa sin legumbres\u2026). Se atender\u00e1n tambi\u00e9n otras dietas espec\u00edficas por prescripci\u00f3n m\u00e9dica (dietas para diab\u00e9ticos, dietas hipos\u00f3dicas, hipolip\u00eddicas\u2026).<\/p>\n<blockquote>\n<p>Desde el punto de vista educativo, el comedor es un lugar privilegiado para apoyar los buenos h\u00e1bitos que trabaj\u00e1is en casa. Por ello, profesores, personal de cocina y monitores se involucran para que vuestros hijos coman saludablemente sin perder de vista las normas de educaci\u00f3n en la mesa.<\/p>\n<\/blockquote>\n<p>Podr\u00e1n utilizar el comedor todos los alumnos que lo soliciten, mensualmente o por d\u00edas sueltos (en este caso tendr\u00e1n que solicitarlo antes de las 10:00 de ese d\u00eda en recepci\u00f3n). Los alumnos que hagan uso de este servicio ser\u00e1n atendidos hasta el inicio de las clases de la tarde. No podr\u00e1n salir de las instalaciones del colegio sin una autorizaci\u00f3n previa de la familia.<\/p>\n<p>&nbsp;<\/p>\n<\/div>\n<\/div><\/div><\/div><\/div><\/div><\/div><\/div><\/div><\/div>","protected":false},"excerpt":{"rendered":"<p>Comedor escolarUna alimentaci\u00f3n sana y variada Men\u00fa escolar mes de abril 2026 Formato semanalFormato mensualPrecios Inscrici\u00f3n o modificaci\u00f3n para el comedor curso 2025\/26: Infantil y primaria servizos@lasallesantiago.gal ESO y bachillerato\u00a0 comedor.secundaria@lasallesantiago.gal En el comedor del colegio vuestros hijos disfrutar\u00e1n de &hellip; <\/p>\n","protected":false},"author":1,"featured_media":0,"parent":0,"menu_order":0,"comment_status":"closed","ping_status":"closed","template":"","meta":{"footnotes":""},"class_list":["post-8991","page","type-page","status-publish","hentry"],"_links":{"self":[{"href":"https:\/\/web.lasallesantiago.gal\/es\/wp-json\/wp\/v2\/pages\/8991","targetHints":{"allow":["GET"]}}],"collection":[{"href":"https:\/\/web.lasallesantiago.gal\/es\/wp-json\/wp\/v2\/pages"}],"about":[{"href":"https:\/\/web.lasallesantiago.gal\/es\/wp-json\/wp\/v2\/types\/page"}],"author":[{"embeddable":true,"href":"https:\/\/web.lasallesantiago.gal\/es\/wp-json\/wp\/v2\/users\/1"}],"replies":[{"embeddable":true,"href":"https:\/\/web.lasallesantiago.gal\/es\/wp-json\/wp\/v2\/comments?post=8991"}],"version-history":[{"count":24,"href":"https:\/\/web.lasallesantiago.gal\/es\/wp-json\/wp\/v2\/pages\/8991\/revisions"}],"predecessor-version":[{"id":29014,"href":"https:\/\/web.lasallesantiago.gal\/es\/wp-json\/wp\/v2\/pages\/8991\/revisions\/29014"}],"wp:attachment":[{"href":"https:\/\/web.lasallesantiago.gal\/es\/wp-json\/wp\/v2\/media?parent=8991"}],"curies":[{"name":"wp","href":"https:\/\/api.w.org\/{rel}","templated":true}]}}