{"id":8988,"date":"2020-05-13T07:53:58","date_gmt":"2020-05-13T07:53:58","guid":{"rendered":"https:\/\/web.lasallesantiago.gal\/?page_id=8988"},"modified":"2020-06-12T07:57:12","modified_gmt":"2020-06-12T07:57:12","slug":"transporte-escolar","status":"publish","type":"page","link":"https:\/\/web.lasallesantiago.gal\/es\/transporte-escolar\/","title":{"rendered":"Transporte escolar"},"content":{"rendered":"<div id=\"pl-8988\"  class=\"panel-layout\" ><div id=\"pg-8988-0\"  class=\"panel-grid panel-no-style\" ><div id=\"pgc-8988-0-0\"  class=\"panel-grid-cell\" ><div id=\"panel-8988-0-0-0\" class=\"so-panel widget widget_heading panel-first-child panel-last-child\" data-index=\"0\" ><div class=\"thim-widget-heading template-base\"><div class=\"sc_heading  text-left\"><h3 style=\"text-transform: uppercase;\" class=\"title\">Transporte escolar<\/h3><span class=\"line\"><\/span><\/div><\/div><\/div><\/div><\/div><div id=\"pg-8988-1\"  class=\"panel-grid panel-no-style\" ><div id=\"pgc-8988-1-0\"  class=\"panel-grid-cell\" ><div id=\"panel-8988-1-0-0\" class=\"so-panel widget widget_sow-editor panel-first-child panel-last-child\" data-index=\"1\" ><div\n\t\t\t\n\t\t\tclass=\"so-widget-sow-editor so-widget-sow-editor-base\"\n\t\t\t\n\t\t>\n<div class=\"siteorigin-widget-tinymce textwidget\">\n\t<p>El servicio de transporte escolar est\u00e1 contratado con <a class=\"icono enlace\" href=\"https:\/\/autosgrabanxa.es\/\" target=\"_blank\" rel=\"noopener\">Autos Grabanxa<\/a>.<\/p>\n<p>Compartimos las tres l\u00edneas existentes con el CPR La Inmaculada, CPR Ntra. Sra de los Remedios y CPR San Jorge.<\/p>\n<p>La informaci\u00f3n actualizada de los horarios y paradas se puede consultar en el documento:<\/p>\n<p><a class=\"icono pdf\" style=\"padding-left: 20px;\" href=\"https:\/\/web.lasallesantiago.gal\/wp-content\/uploads\/2020\/05\/SERVIZOS_TRANSPORTE_AMPLIADO_20192020.pdf\" target=\"_blank\" rel=\"noopener\">Transporte escolar 2019\/2020 - Informaci\u00f3n y paradas<\/a><\/p>\n<p><strong>Tel\u00e9fono de contacto de la empresa<\/strong>: 981 69 09 90<br \/>\n<strong>Tel\u00e9fono de contacto del colegio<\/strong>: 981 584611 (preguntar por Tamara).<\/p>\n<p>El cobro del servicio estar\u00e1 a cargo de la empresa de autobuses.<\/p>\n<\/div>\n<\/div><\/div><\/div><\/div><\/div>","protected":false},"excerpt":{"rendered":"<p>El servicio de transporte escolar est\u00e1 contratado con Autos Grabanxa. Compartimos las tres l\u00edneas existentes con el CPR La Inmaculada, CPR Ntra. Sra de los Remedios y CPR San Jorge. La informaci\u00f3n actualizada de los horarios y paradas se puede &hellip; <\/p>\n","protected":false},"author":1,"featured_media":0,"parent":0,"menu_order":0,"comment_status":"closed","ping_status":"closed","template":"","meta":{"footnotes":""},"class_list":["post-8988","page","type-page","status-publish","hentry"],"_links":{"self":[{"href":"https:\/\/web.lasallesantiago.gal\/es\/wp-json\/wp\/v2\/pages\/8988","targetHints":{"allow":["GET"]}}],"collection":[{"href":"https:\/\/web.lasallesantiago.gal\/es\/wp-json\/wp\/v2\/pages"}],"about":[{"href":"https:\/\/web.lasallesantiago.gal\/es\/wp-json\/wp\/v2\/types\/page"}],"author":[{"embeddable":true,"href":"https:\/\/web.lasallesantiago.gal\/es\/wp-json\/wp\/v2\/users\/1"}],"replies":[{"embeddable":true,"href":"https:\/\/web.lasallesantiago.gal\/es\/wp-json\/wp\/v2\/comments?post=8988"}],"version-history":[{"count":0,"href":"https:\/\/web.lasallesantiago.gal\/es\/wp-json\/wp\/v2\/pages\/8988\/revisions"}],"wp:attachment":[{"href":"https:\/\/web.lasallesantiago.gal\/es\/wp-json\/wp\/v2\/media?parent=8988"}],"curies":[{"name":"wp","href":"https:\/\/api.w.org\/{rel}","templated":true}]}}