{"id":8985,"date":"2020-05-13T07:53:27","date_gmt":"2020-05-13T07:53:27","guid":{"rendered":"https:\/\/web.lasallesantiago.gal\/?page_id=8985"},"modified":"2026-03-17T18:15:32","modified_gmt":"2026-03-17T17:15:32","slug":"tienda-ropa","status":"publish","type":"page","link":"https:\/\/web.lasallesantiago.gal\/es\/tienda-ropa\/","title":{"rendered":"Tienda de ropa"},"content":{"rendered":"<div id=\"pl-8985\"  class=\"panel-layout\" ><div id=\"pg-8985-0\"  class=\"panel-grid panel-no-style\" ><div id=\"pgc-8985-0-0\"  class=\"panel-grid-cell\" ><div id=\"panel-8985-0-0-0\" class=\"so-panel widget widget_heading panel-first-child panel-last-child\" data-index=\"0\" ><div class=\"thim-widget-heading template-base\"><div class=\"sc_heading  text-left\"><h3 style=\"text-transform: uppercase;\" class=\"title\">Tienda de ropa<\/h3><span class=\"line\"><\/span><\/div><\/div><\/div><\/div><\/div><div id=\"pg-8985-1\"  class=\"panel-grid panel-no-style\" ><div id=\"pgc-8985-1-0\"  class=\"panel-grid-cell\" ><div id=\"panel-8985-1-0-0\" class=\"so-panel widget widget_sow-editor panel-first-child panel-last-child\" data-index=\"1\" ><div\n\t\t\t\n\t\t\tclass=\"so-widget-sow-editor so-widget-sow-editor-base\"\n\t\t\t\n\t\t>\n<div class=\"siteorigin-widget-tinymce textwidget\">\n\t<h3 class=\"texto-azul\">Horario<\/h3>\n<p><strong>Durante el curso<\/strong>: martes de 15:15 a 16:30 h. A lo largo de la semana , se reparte a los alumnos el material solicitado por tel\u00e9fono o web con anterioridad.<\/p>\n<p><strong>\u00daltima semana de junio<\/strong>: todas las ma\u00f1anas, de 9:00 a 14:00 h.<\/p>\n<p><strong>Primera semana de septiembre (hasta el inicio de las clases)<\/strong>: de 10:00 a 14:00 h y de 16:00 a 18:00 h.<\/p>\n<\/div>\n<\/div><\/div><\/div><\/div><\/div>","protected":false},"excerpt":{"rendered":"<p>Horario Durante el curso: martes de 15:15 a 16:30 h. A lo largo de la semana , se reparte a los alumnos el material solicitado por tel\u00e9fono o web con anterioridad. \u00daltima semana de junio: todas las ma\u00f1anas, de 9:00 &hellip; <\/p>\n","protected":false},"author":1,"featured_media":0,"parent":0,"menu_order":0,"comment_status":"closed","ping_status":"closed","template":"","meta":{"footnotes":""},"class_list":["post-8985","page","type-page","status-publish","hentry"],"_links":{"self":[{"href":"https:\/\/web.lasallesantiago.gal\/es\/wp-json\/wp\/v2\/pages\/8985","targetHints":{"allow":["GET"]}}],"collection":[{"href":"https:\/\/web.lasallesantiago.gal\/es\/wp-json\/wp\/v2\/pages"}],"about":[{"href":"https:\/\/web.lasallesantiago.gal\/es\/wp-json\/wp\/v2\/types\/page"}],"author":[{"embeddable":true,"href":"https:\/\/web.lasallesantiago.gal\/es\/wp-json\/wp\/v2\/users\/1"}],"replies":[{"embeddable":true,"href":"https:\/\/web.lasallesantiago.gal\/es\/wp-json\/wp\/v2\/comments?post=8985"}],"version-history":[{"count":1,"href":"https:\/\/web.lasallesantiago.gal\/es\/wp-json\/wp\/v2\/pages\/8985\/revisions"}],"predecessor-version":[{"id":28911,"href":"https:\/\/web.lasallesantiago.gal\/es\/wp-json\/wp\/v2\/pages\/8985\/revisions\/28911"}],"wp:attachment":[{"href":"https:\/\/web.lasallesantiago.gal\/es\/wp-json\/wp\/v2\/media?parent=8985"}],"curies":[{"name":"wp","href":"https:\/\/api.w.org\/{rel}","templated":true}]}}