{"id":8982,"date":"2020-05-13T07:52:57","date_gmt":"2020-05-13T07:52:57","guid":{"rendered":"https:\/\/web.lasallesantiago.gal\/?page_id=8982"},"modified":"2025-10-12T19:27:58","modified_gmt":"2025-10-12T17:27:58","slug":"biblioteca","status":"publish","type":"page","link":"https:\/\/web.lasallesantiago.gal\/es\/biblioteca\/","title":{"rendered":"Biblioteca"},"content":{"rendered":"<div id=\"pl-8982\"  class=\"panel-layout\" ><div id=\"pg-8982-0\"  class=\"panel-grid panel-no-style\" ><div id=\"pgc-8982-0-0\"  class=\"panel-grid-cell\" ><div id=\"panel-8982-0-0-0\" class=\"so-panel widget widget_heading panel-first-child panel-last-child\" data-index=\"0\" ><div class=\"thim-widget-heading template-base\"><div class=\"sc_heading  text-left\"><h3 style=\"text-transform: uppercase;\" class=\"title\">Biblioteca<\/h3><p class=\"sub-heading\" style=\"\">Centro de Recursos Ir. Fernando Di\u00e9guez<\/p><span class=\"line\"><\/span><\/div><\/div><\/div><\/div><\/div><div id=\"pg-8982-1\"  class=\"panel-grid panel-no-style\" ><div id=\"pgc-8982-1-0\"  class=\"panel-grid-cell\" ><div id=\"panel-8982-1-0-0\" class=\"so-panel widget widget_siteorigin-panels-builder panel-first-child panel-last-child\" data-index=\"1\" ><div id=\"pl-w68ebe51df1372\"  class=\"panel-layout\" ><div id=\"pg-w68ebe51df1372-0\"  class=\"panel-grid panel-no-style\" ><div id=\"pgc-w68ebe51df1372-0-0\"  class=\"panel-grid-cell\" ><div id=\"panel-w68ebe51df1372-0-0-0\" class=\"so-panel widget widget_single-images panel-first-child panel-last-child\" data-index=\"0\" ><div class=\"thim-widget-single-images template-single-images\">\n<div class=\"single-image text-left\"><img src =\"https:\/\/web.lasallesantiago.gal\/wp-content\/uploads\/2020\/05\/bibliosalle.jpg\" width=\"182\" height=\"256\" alt=\"\"\/><\/div><\/div><\/div><\/div><div id=\"pgc-w68ebe51df1372-0-1\"  class=\"panel-grid-cell\" ><div id=\"panel-w68ebe51df1372-0-1-0\" class=\"so-panel widget widget_sow-editor panel-first-child panel-last-child\" data-index=\"1\" ><div\n\t\t\t\n\t\t\tclass=\"so-widget-sow-editor so-widget-sow-editor-base\"\n\t\t\t\n\t\t>\n<div class=\"siteorigin-widget-tinymce textwidget\">\n\t<p>La biblioteca \"<strong>Ir. Fernando Di\u00e9guez<\/strong>\" es un espacio que invita a<em> so\u00f1ar leyendo<\/em>.<\/p>\n<p>Externamente est\u00e1 dise\u00f1ada con cuatro espacios interdependientes:<\/p>\n<ul>\n<li><strong>Sala de estudio<\/strong>: 40 puestos de trabajo para que los alumnos puedan consultar libros y enciclopedias de la amplia oferta de la que disponemos.<\/li>\n<li><strong>Zona de ordenadores<\/strong>: 6 equipos con conexi\u00f3n a internet por cable y dos port\u00e1tiles con conexi\u00f3n WiFi.<\/li>\n<li><strong>Sala de lectura-relax<\/strong>: con capacidad para 35 personas, est\u00e1 pensada para que los alumnos puedan disfrutar de la lectura en un ambiente sereno y tranquilo.<\/li>\n<li><strong>Salas de trabajo el grup<\/strong>o: 3 salas con TV, v\u00eddeo y DVD. Cada una de ellas est\u00e1 preparada para grupos de 6 a 8 personas como m\u00e1ximo.<\/li>\n<\/ul>\n<\/div>\n<\/div><\/div><\/div><\/div><div id=\"pg-w68ebe51df1372-1\"  class=\"panel-grid panel-no-style\" ><div id=\"pgc-w68ebe51df1372-1-0\"  class=\"panel-grid-cell\" ><div id=\"panel-w68ebe51df1372-1-0-0\" class=\"so-panel widget widget_sow-editor panel-first-child panel-last-child\" data-index=\"2\" ><div\n\t\t\t\n\t\t\tclass=\"so-widget-sow-editor so-widget-sow-editor-base\"\n\t\t\t\n\t\t>\n<div class=\"siteorigin-widget-tinymce textwidget\">\n\t<p>El contenido de los fondos es amplio y variado, pensado para todas las edades escolares. El n\u00facleo est\u00e1 formado por novelas de aventuras, humor, investigaci\u00f3n, ciencia ficci\u00f3n, misterio, fantas\u00eda... en gallego, ingl\u00e9s y castellano. Tambi\u00e9n hay poes\u00eda, libros de consulta, enciclopedias...<\/p>\n<h4 class=\"texto-azul\">Responsable<\/h4>\n<p>Sra. Sonia Vega. Se encarga tambi\u00e9n de dinamizar d\u00edas y semanas especiales para animar a la lectura, sobre todo con los alumnos de Primaria.<\/p>\n<h4 class=\"texto-azul\">Horario<\/h4>\n<p><strong>Ma\u00f1anas:<\/strong> 8:30 a 9:30<\/p>\n<p><strong>Tardes:<\/strong><\/p>\n<ul>\n<li><strong>Lunes a jueves:<\/strong> de 14:15 a 19:00 h.<\/li>\n<li><strong>Viernes:<\/strong> de 15:30 a 17:30 h.<\/li>\n<\/ul>\n<h4 class=\"texto-azul\">Destinatarios<\/h4>\n<p>Alumnos a partir de 3.\u00ba de Primaria.<\/p>\n<\/div>\n<\/div><\/div><\/div><\/div><div id=\"pg-w68ebe51df1372-2\"  class=\"panel-grid panel-no-style\" ><div id=\"pgc-w68ebe51df1372-2-0\"  class=\"panel-grid-cell\" ><div id=\"panel-w68ebe51df1372-2-0-0\" class=\"so-panel widget widget_gallery-images panel-first-child\" data-index=\"3\" ><div class=\"thim-widget-gallery-images template-base\"><div class=\"thim-carousel-wrapper gallery-img\" data-visible=\"3\" data-itemtablet=\"2\" data-itemmobile=\"1\" data-autoplay=\"2000\" data-navigation=\"1\" data-pagination=\"1\" data-loop=\"true\"><div class=\"item\"><img loading=\"lazy\" decoding=\"async\" width=\"576\" height=\"432\" src=\"https:\/\/web.lasallesantiago.gal\/wp-content\/uploads\/2020\/05\/biblio05.jpg\" class=\"attachment-full size-full\" alt=\"\" srcset=\"https:\/\/web.lasallesantiago.gal\/wp-content\/uploads\/2020\/05\/biblio05.jpg 576w, https:\/\/web.lasallesantiago.gal\/wp-content\/uploads\/2020\/05\/biblio05-300x225.jpg 300w\" sizes=\"auto, (max-width: 576px) 100vw, 576px\" \/><\/div><div class=\"item\"><img loading=\"lazy\" decoding=\"async\" width=\"576\" height=\"432\" src=\"https:\/\/web.lasallesantiago.gal\/wp-content\/uploads\/2020\/05\/biblio01.jpg\" class=\"attachment-full size-full\" alt=\"\" srcset=\"https:\/\/web.lasallesantiago.gal\/wp-content\/uploads\/2020\/05\/biblio01.jpg 576w, https:\/\/web.lasallesantiago.gal\/wp-content\/uploads\/2020\/05\/biblio01-300x225.jpg 300w\" sizes=\"auto, (max-width: 576px) 100vw, 576px\" \/><\/div><div class=\"item\"><img loading=\"lazy\" decoding=\"async\" width=\"576\" height=\"432\" src=\"https:\/\/web.lasallesantiago.gal\/wp-content\/uploads\/2020\/05\/biblio03.jpg\" class=\"attachment-full size-full\" alt=\"\" srcset=\"https:\/\/web.lasallesantiago.gal\/wp-content\/uploads\/2020\/05\/biblio03.jpg 576w, https:\/\/web.lasallesantiago.gal\/wp-content\/uploads\/2020\/05\/biblio03-300x225.jpg 300w\" sizes=\"auto, (max-width: 576px) 100vw, 576px\" \/><\/div><div class=\"item\"><img loading=\"lazy\" decoding=\"async\" width=\"576\" height=\"432\" src=\"https:\/\/web.lasallesantiago.gal\/wp-content\/uploads\/2020\/05\/biblio02.jpg\" class=\"attachment-full size-full\" alt=\"\" srcset=\"https:\/\/web.lasallesantiago.gal\/wp-content\/uploads\/2020\/05\/biblio02.jpg 576w, https:\/\/web.lasallesantiago.gal\/wp-content\/uploads\/2020\/05\/biblio02-300x225.jpg 300w\" sizes=\"auto, (max-width: 576px) 100vw, 576px\" \/><\/div><div class=\"item\"><img loading=\"lazy\" decoding=\"async\" width=\"576\" height=\"432\" src=\"https:\/\/web.lasallesantiago.gal\/wp-content\/uploads\/2020\/05\/biblio04.jpg\" class=\"attachment-full size-full\" alt=\"\" srcset=\"https:\/\/web.lasallesantiago.gal\/wp-content\/uploads\/2020\/05\/biblio04.jpg 576w, https:\/\/web.lasallesantiago.gal\/wp-content\/uploads\/2020\/05\/biblio04-300x225.jpg 300w\" sizes=\"auto, (max-width: 576px) 100vw, 576px\" \/><\/div><\/div><\/div><\/div><div id=\"panel-w68ebe51df1372-2-0-1\" class=\"so-panel widget widget_gallery-images panel-last-child\" data-index=\"4\" ><div class=\"thim-widget-gallery-images template-base\"><\/div><\/div><\/div><\/div><\/div><\/div><\/div><\/div><\/div>","protected":false},"excerpt":{"rendered":"<p>BibliotecaCentro de Recursos Ir. Fernando Di\u00e9guez La biblioteca \u00abIr. Fernando Di\u00e9guez\u00bb es un espacio que invita a so\u00f1ar leyendo. Externamente est\u00e1 dise\u00f1ada con cuatro espacios interdependientes: Sala de estudio: 40 puestos de trabajo para que los alumnos puedan consultar libros &hellip; <\/p>\n","protected":false},"author":1,"featured_media":0,"parent":0,"menu_order":0,"comment_status":"closed","ping_status":"closed","template":"","meta":{"footnotes":""},"class_list":["post-8982","page","type-page","status-publish","hentry"],"_links":{"self":[{"href":"https:\/\/web.lasallesantiago.gal\/es\/wp-json\/wp\/v2\/pages\/8982","targetHints":{"allow":["GET"]}}],"collection":[{"href":"https:\/\/web.lasallesantiago.gal\/es\/wp-json\/wp\/v2\/pages"}],"about":[{"href":"https:\/\/web.lasallesantiago.gal\/es\/wp-json\/wp\/v2\/types\/page"}],"author":[{"embeddable":true,"href":"https:\/\/web.lasallesantiago.gal\/es\/wp-json\/wp\/v2\/users\/1"}],"replies":[{"embeddable":true,"href":"https:\/\/web.lasallesantiago.gal\/es\/wp-json\/wp\/v2\/comments?post=8982"}],"version-history":[{"count":1,"href":"https:\/\/web.lasallesantiago.gal\/es\/wp-json\/wp\/v2\/pages\/8982\/revisions"}],"predecessor-version":[{"id":27979,"href":"https:\/\/web.lasallesantiago.gal\/es\/wp-json\/wp\/v2\/pages\/8982\/revisions\/27979"}],"wp:attachment":[{"href":"https:\/\/web.lasallesantiago.gal\/es\/wp-json\/wp\/v2\/media?parent=8982"}],"curies":[{"name":"wp","href":"https:\/\/api.w.org\/{rel}","templated":true}]}}