{"id":8979,"date":"2020-05-13T07:52:26","date_gmt":"2020-05-13T07:52:26","guid":{"rendered":"https:\/\/web.lasallesantiago.gal\/?page_id=8979"},"modified":"2020-06-17T08:15:29","modified_gmt":"2020-06-17T08:15:29","slug":"sallenet","status":"publish","type":"page","link":"https:\/\/web.lasallesantiago.gal\/es\/sallenet\/","title":{"rendered":"Sallenet"},"content":{"rendered":"<div id=\"pl-8979\"  class=\"panel-layout\" ><div id=\"pg-8979-0\"  class=\"panel-grid panel-no-style\" ><div id=\"pgc-8979-0-0\"  class=\"panel-grid-cell\" ><div id=\"panel-8979-0-0-0\" class=\"so-panel widget widget_heading panel-first-child panel-last-child\" data-index=\"0\" ><div class=\"thim-widget-heading template-base\"><div class=\"sc_heading  text-left\"><h3 style=\"text-transform: uppercase;\" class=\"title\">Sallenet<\/h3><span class=\"line\"><\/span><\/div><\/div><\/div><\/div><div id=\"pgc-8979-0-1\"  class=\"panel-grid-cell\" ><div id=\"panel-8979-0-1-0\" class=\"so-panel widget widget_sow-button panel-first-child panel-last-child\" data-index=\"1\" ><div\n\t\t\t\n\t\t\tclass=\"so-widget-sow-button so-widget-sow-button-flat-e764fc5ae8e2-8979\"\n\t\t\t\n\t\t><div class=\"ow-button-base ow-button-align-center\"\n>\n\t\t\t<a\n\t\t\t\t\thref=\"https:\/\/lasallesantiago.sallenet.org\"\n\t\t\t\t\tclass=\"sowb-button ow-icon-placement-left ow-button-hover\" target=\"_blank\" rel=\"noopener noreferrer\" \t>\n\t\t<span>\n\t\t\t\n\t\t\tAcceso Sallenet\t\t<\/span>\n\t\t\t<\/a>\n\t<\/div>\n<\/div><\/div><\/div><\/div><div id=\"pg-8979-1\"  class=\"panel-grid panel-no-style\" ><div id=\"pgc-8979-1-0\"  class=\"panel-grid-cell\" ><div id=\"panel-8979-1-0-0\" class=\"so-panel widget widget_sow-editor panel-first-child panel-last-child\" data-index=\"2\" ><div\n\t\t\t\n\t\t\tclass=\"so-widget-sow-editor so-widget-sow-editor-base\"\n\t\t\t\n\t\t>\n<div class=\"siteorigin-widget-tinymce textwidget\">\n\t<p><strong>Sallenet<\/strong> es nuestra plataforma digital de comunicaci\u00f3n e interacci\u00f3n entre la escuela y la familia. B\u00e1sicamente es un entorno <strong>Moodle<\/strong> al que se han a\u00f1adido diversos m\u00f3dulos propios para adaptarlo a nuestras necesidades. \"Somos enanos encaramados a hombros de gigantes\", dec\u00edan en el medievo. Basarnos en moodle nos permite tener un sistema constantemente actualizado, seguro y con nuevas funcionalidades que surgen principalmente del mundo de la empresa y la universidad.<\/p>\n<p>Ha facilitado mucho la integraci\u00f3n de las nuevas tecnolog\u00edas en la educaci\u00f3n de los colegios La Salle de Espa\u00f1a, ofreciendo un espacio virtual de interacci\u00f3n entre padres, alumnos, profesores y resto de la comunidad educativa.<\/p>\n<ul>\n<li>Por un lado, es un entorno especialmente dise\u00f1ado para facilitar el <strong>proceso de ense\u00f1anza y aprendizaje<\/strong>. El uso transmisivo, interactivo y colaborativo de sus herramientas nos permite que profesores y alumnos se aprovechen de toda la potencialidad de las tecnolog\u00edas de la informaci\u00f3n y la comunicaci\u00f3n y puedan alcanzar los objetivos de cada materia.<\/li>\n<li>Es tambi\u00e9n un <strong>canal de comunicaci\u00f3n<\/strong> que permite el intercambio de mensajes y documentos entre profesores, padres y alumnos.<\/li>\n<li>Por \u00faltimo, es tambi\u00e9n una <strong>herramienta de gesti\u00f3n<\/strong> del colegio. Calificaciones, actas, listados, remesas bancarias... son gestionados de forma integrada y centralizada.<\/li>\n<\/ul>\n<p>Como padres, en l\u00edneas generales nos ofrece:<\/p>\n<ul>\n<li>Un seguimiento de nuestro hijo\/a, donde f\u00e1cilmente podremos disponer de un informe de las incidencias diarias de la clase: faltas, retrasos, o alguna observaci\u00f3n realizada por parte de sus profesores.<\/li>\n<li>Un seguimiento de su horario de clase, de las tareas que tiene cada d\u00eda y de su calendario de ex\u00e1menes.<\/li>\n<li>Facilitar el acceso a recursos a educativos a las familias.<\/li>\n<\/ul>\n<\/div>\n<\/div><\/div><\/div><div id=\"pgc-8979-1-1\"  class=\"panel-grid-cell\" ><div id=\"panel-8979-1-1-0\" class=\"widget_text so-panel widget widget_custom_html panel-first-child panel-last-child\" data-index=\"3\" ><h3 class=\"widget-title\">\u00bfNecesitas ayuda?<\/h3><div class=\"textwidget custom-html-widget\">\n<div class=\"wpcf7 no-js\" id=\"wpcf7-f10194-o1\" lang=\"es-ES\" dir=\"ltr\" data-wpcf7-id=\"10194\">\n<div class=\"screen-reader-response\"><p role=\"status\" aria-live=\"polite\" aria-atomic=\"true\"><\/p> <ul><\/ul><\/div>\n<form action=\"\/es\/wp-json\/wp\/v2\/pages\/8979#wpcf7-f10194-o1\" method=\"post\" class=\"wpcf7-form init\" aria-label=\"Formulario de contacto\" novalidate=\"novalidate\" data-status=\"init\">\n<fieldset class=\"hidden-fields-container\"><input type=\"hidden\" name=\"_wpcf7\" value=\"10194\" \/><input type=\"hidden\" name=\"_wpcf7_version\" value=\"6.1.5\" \/><input type=\"hidden\" name=\"_wpcf7_locale\" value=\"es_ES\" \/><input type=\"hidden\" name=\"_wpcf7_unit_tag\" value=\"wpcf7-f10194-o1\" \/><input type=\"hidden\" name=\"_wpcf7_container_post\" value=\"0\" \/><input type=\"hidden\" name=\"_wpcf7_posted_data_hash\" value=\"\" \/><input type=\"hidden\" name=\"_wpcf7_recaptcha_response\" value=\"\" \/>\n<\/fieldset>\n<p><span class=\"wpcf7-form-control-wrap\" data-name=\"nombre\"><input size=\"40\" maxlength=\"400\" class=\"wpcf7-form-control wpcf7-text wpcf7-validates-as-required\" aria-required=\"true\" aria-invalid=\"false\" placeholder=\"Nombre y apellidos *\" value=\"\" type=\"text\" name=\"nombre\" \/><\/span>\n<\/p>\n<p><span class=\"wpcf7-form-control-wrap\" data-name=\"email\"><input size=\"40\" maxlength=\"400\" class=\"wpcf7-form-control wpcf7-email wpcf7-validates-as-required wpcf7-text wpcf7-validates-as-email\" aria-required=\"true\" aria-invalid=\"false\" placeholder=\"Email *\" value=\"\" type=\"email\" name=\"email\" \/><\/span>\n<\/p>\n<p><span class=\"wpcf7-form-control-wrap\" data-name=\"asunto\"><input size=\"40\" maxlength=\"400\" class=\"wpcf7-form-control wpcf7-text wpcf7-validates-as-required\" aria-required=\"true\" aria-invalid=\"false\" placeholder=\"Asunto *\" value=\"\" type=\"text\" name=\"asunto\" \/><\/span>\n<\/p>\n<p><span class=\"wpcf7-form-control-wrap\" data-name=\"mensaje\"><textarea cols=\"40\" rows=\"10\" maxlength=\"2000\" class=\"wpcf7-form-control wpcf7-textarea wpcf7-validates-as-required\" aria-required=\"true\" aria-invalid=\"false\" placeholder=\"Mensaje *\" name=\"mensaje\"><\/textarea><\/span>\n<\/p>\n<p><span class=\"wpcf7-form-control-wrap\" data-name=\"checkbox-datos-seguros\"><span class=\"wpcf7-form-control wpcf7-checkbox wpcf7-validates-as-required\"><span class=\"wpcf7-list-item first last\"><input type=\"checkbox\" name=\"checkbox-datos-seguros[]\" value=\"Consiento &quot;Sus datos seguros&quot;\" \/><span class=\"wpcf7-list-item-label\">Consiento &quot;Sus datos seguros&quot;<\/span><\/span><\/span><\/span>\n<\/p>\n<p><input class=\"wpcf7-form-control wpcf7-submit has-spinner\" type=\"submit\" value=\"Enviar\" \/>\n<\/p><div class=\"wpcf7-response-output\" aria-hidden=\"true\"><\/div>\n<\/form>\n<\/div>\n<\/div><\/div><\/div><\/div><div id=\"pg-8979-2\"  class=\"panel-grid panel-no-style\" ><div id=\"pgc-8979-2-0\"  class=\"panel-grid-cell\" ><div id=\"panel-8979-2-0-0\" class=\"so-panel widget widget_sow-editor panel-first-child panel-last-child\" data-index=\"4\" ><div\n\t\t\t\n\t\t\tclass=\"so-widget-sow-editor so-widget-sow-editor-base\"\n\t\t\t\n\t\t>\n<div class=\"siteorigin-widget-tinymce textwidget\">\n\t<p><span style=\"font-size: 0.7em\">Responsable del tratamiento: COLEGIO LA SALLE SANTIAGO \/ Direcci\u00f3n del responsable: C\/San Roque 6, 15704, A Coru\u00f1a. \/ Finalidad: Sus datos ser\u00e1n usados para poder atender sus solicitudes y prestarle nuestros servicios. \/ Publicidad: Solo le enviaremos publicidad con su autorizaci\u00f3n previa, que podr\u00e1 facilitarnos mediante la casilla correspondiente establecida al efecto. \/ Legitimaci\u00f3n: \u00danicamente trataremos sus datos con su consentimiento previo, que podr\u00e1 facilitarnos mediante la casilla correspondiente establecida al efecto. \/ Destinatarios: Con car\u00e1cter general, s\u00f3lo el personal de nuestra entidad que est\u00e9 debidamente autorizado podr\u00e1 tener conocimiento de la informaci\u00f3n que le pedimos. \/ Derechos: Tiene derecho a saber qu\u00e9 informaci\u00f3n tenemos sobre usted, corregirla y eliminarla, tal y como se explica en la informaci\u00f3n adicional disponible en nuestra p\u00e1gina web. \/ Informaci\u00f3n adicional: M\u00e1s informaci\u00f3n en el apartado <a class=\"icono enlace\" href=\"\/politica-de-privacidad\"> Pol\u00edtica de privacidad<\/a> de nuestra p\u00e1gina web.<\/span><\/p>\n<\/div>\n<\/div><\/div><\/div><\/div><\/div>","protected":false},"excerpt":{"rendered":"<p>Sallenet es nuestra plataforma digital de comunicaci\u00f3n e interacci\u00f3n entre la escuela y la familia. B\u00e1sicamente es un entorno Moodle al que se han a\u00f1adido diversos m\u00f3dulos propios para adaptarlo a nuestras necesidades. \u00abSomos enanos encaramados a hombros de gigantes\u00bb, &hellip; <\/p>\n","protected":false},"author":1,"featured_media":0,"parent":0,"menu_order":0,"comment_status":"closed","ping_status":"closed","template":"","meta":{"footnotes":""},"class_list":["post-8979","page","type-page","status-publish","hentry"],"_links":{"self":[{"href":"https:\/\/web.lasallesantiago.gal\/es\/wp-json\/wp\/v2\/pages\/8979","targetHints":{"allow":["GET"]}}],"collection":[{"href":"https:\/\/web.lasallesantiago.gal\/es\/wp-json\/wp\/v2\/pages"}],"about":[{"href":"https:\/\/web.lasallesantiago.gal\/es\/wp-json\/wp\/v2\/types\/page"}],"author":[{"embeddable":true,"href":"https:\/\/web.lasallesantiago.gal\/es\/wp-json\/wp\/v2\/users\/1"}],"replies":[{"embeddable":true,"href":"https:\/\/web.lasallesantiago.gal\/es\/wp-json\/wp\/v2\/comments?post=8979"}],"version-history":[{"count":0,"href":"https:\/\/web.lasallesantiago.gal\/es\/wp-json\/wp\/v2\/pages\/8979\/revisions"}],"wp:attachment":[{"href":"https:\/\/web.lasallesantiago.gal\/es\/wp-json\/wp\/v2\/media?parent=8979"}],"curies":[{"name":"wp","href":"https:\/\/api.w.org\/{rel}","templated":true}]}}