{"id":8970,"date":"2020-05-13T07:50:19","date_gmt":"2020-05-13T07:50:19","guid":{"rendered":"https:\/\/web.lasallesantiago.gal\/?page_id=8970"},"modified":"2021-11-05T09:11:19","modified_gmt":"2021-11-05T09:11:19","slug":"secretaria","status":"publish","type":"page","link":"https:\/\/web.lasallesantiago.gal\/es\/secretaria\/","title":{"rendered":"Secretar\u00eda"},"content":{"rendered":"<div id=\"pl-8970\"  class=\"panel-layout\" ><div id=\"pg-8970-0\"  class=\"panel-grid panel-no-style\" ><div id=\"pgc-8970-0-0\"  class=\"panel-grid-cell\" ><div id=\"panel-8970-0-0-0\" class=\"so-panel widget widget_heading panel-first-child panel-last-child\" data-index=\"0\" ><div class=\"thim-widget-heading template-base\"><div class=\"sc_heading  text-left\"><h3 style=\"text-transform: uppercase;\" class=\"title\">Secretar\u00eda<\/h3><span class=\"line\"><\/span><\/div><\/div><\/div><\/div><\/div><div id=\"pg-8970-1\"  class=\"panel-grid panel-no-style\" ><div id=\"pgc-8970-1-0\"  class=\"panel-grid-cell\" ><div id=\"panel-8970-1-0-0\" class=\"so-panel widget widget_siteorigin-panels-builder panel-first-child panel-last-child\" data-index=\"1\" ><div id=\"pl-w6184f537947df\"  class=\"panel-layout\" ><div id=\"pg-w6184f537947df-0\"  class=\"panel-grid panel-no-style\" ><div id=\"pgc-w6184f537947df-0-0\"  class=\"panel-grid-cell\" ><div id=\"panel-w6184f537947df-0-0-0\" class=\"so-panel widget widget_sow-editor panel-first-child panel-last-child\" data-index=\"0\" ><div\n\t\t\t\n\t\t\tclass=\"so-widget-sow-editor so-widget-sow-editor-base\"\n\t\t\t\n\t\t>\n<div class=\"siteorigin-widget-tinymce textwidget\">\n\t<h4 class=\"texto-azul\">Secretaria<\/h4>\n<p><strong>D.\u00aa Mar\u00eda del Carmen Pardo Taibo <\/strong><br \/>\n<a class=\"icono correo\" href=\"mailto:secretaria@lasallesantiago.gal\">secretaria@lasallesantiago.gal<\/a><\/p>\n<h4 class=\"texto-azul\">Funciones<\/h4>\n<p>Se ocupa de todos los temas relacionados con la gesti\u00f3n de la vida acad\u00e9mica: matriculaciones oficiales, altas, bajas, certificados, tramitaci\u00f3n de becas de estudio, publicaciones, expedientes acad\u00e9micos, mantenimiento de las bases de datos...<\/p>\n<h4 class=\"texto-azul\">Horario de atenci\u00f3n al p\u00fablico<\/h4>\n<p>Lunes a jueves de 8:30 a 14:00 h y de 16:00 a 18:00 h.<br \/>\nViernes de 8:30 a 14:00 h.<\/p>\n<p>Mes de julio: de 9:00 a 14:00 h.<br \/>\nPermanece cerrada en agosto y en las vacaciones de Navidad y Semana Santa. Durante estas fechas, todas las consultas deben hacerse a trav\u00e9s de la recepci\u00f3n del Colegio.<\/p>\n<\/div>\n<\/div><\/div><\/div><\/div><\/div><\/div><\/div><\/div><\/div>","protected":false},"excerpt":{"rendered":"<p>Secretar\u00eda Secretaria D.\u00aa Mar\u00eda del Carmen Pardo Taibo secretaria@lasallesantiago.gal Funciones Se ocupa de todos los temas relacionados con la gesti\u00f3n de la vida acad\u00e9mica: matriculaciones oficiales, altas, bajas, certificados, tramitaci\u00f3n de becas de estudio, publicaciones, expedientes acad\u00e9micos, mantenimiento de las &hellip; <\/p>\n","protected":false},"author":1,"featured_media":0,"parent":0,"menu_order":0,"comment_status":"closed","ping_status":"closed","template":"","meta":{"footnotes":""},"class_list":["post-8970","page","type-page","status-publish","hentry"],"_links":{"self":[{"href":"https:\/\/web.lasallesantiago.gal\/es\/wp-json\/wp\/v2\/pages\/8970","targetHints":{"allow":["GET"]}}],"collection":[{"href":"https:\/\/web.lasallesantiago.gal\/es\/wp-json\/wp\/v2\/pages"}],"about":[{"href":"https:\/\/web.lasallesantiago.gal\/es\/wp-json\/wp\/v2\/types\/page"}],"author":[{"embeddable":true,"href":"https:\/\/web.lasallesantiago.gal\/es\/wp-json\/wp\/v2\/users\/1"}],"replies":[{"embeddable":true,"href":"https:\/\/web.lasallesantiago.gal\/es\/wp-json\/wp\/v2\/comments?post=8970"}],"version-history":[{"count":0,"href":"https:\/\/web.lasallesantiago.gal\/es\/wp-json\/wp\/v2\/pages\/8970\/revisions"}],"wp:attachment":[{"href":"https:\/\/web.lasallesantiago.gal\/es\/wp-json\/wp\/v2\/media?parent=8970"}],"curies":[{"name":"wp","href":"https:\/\/api.w.org\/{rel}","templated":true}]}}