{"id":8967,"date":"2020-05-13T07:47:38","date_gmt":"2020-05-13T07:47:38","guid":{"rendered":"https:\/\/web.lasallesantiago.gal\/?page_id=8967"},"modified":"2021-11-03T09:49:07","modified_gmt":"2021-11-03T09:49:07","slug":"recepcion-e-informacion","status":"publish","type":"page","link":"https:\/\/web.lasallesantiago.gal\/es\/recepcion-e-informacion\/","title":{"rendered":"Recepci\u00f3n e informaci\u00f3n"},"content":{"rendered":"<div id=\"pl-8967\"  class=\"panel-layout\" ><div id=\"pg-8967-0\"  class=\"panel-grid panel-no-style\" ><div id=\"pgc-8967-0-0\"  class=\"panel-grid-cell\" ><div id=\"panel-8967-0-0-0\" class=\"so-panel widget widget_heading panel-first-child panel-last-child\" data-index=\"0\" ><div class=\"thim-widget-heading template-base\"><div class=\"sc_heading  text-left\"><h3 style=\"text-transform: uppercase;\" class=\"title\">Recepci\u00f3n e informaci\u00f3n<\/h3><span class=\"line\"><\/span><\/div><\/div><\/div><\/div><\/div><div id=\"pg-8967-1\"  class=\"panel-grid panel-no-style\" ><div id=\"pgc-8967-1-0\"  class=\"panel-grid-cell\" ><div id=\"panel-8967-1-0-0\" class=\"so-panel widget widget_siteorigin-panels-builder panel-first-child panel-last-child\" data-index=\"1\" ><div id=\"pl-w61825b137e229\"  class=\"panel-layout\" ><div id=\"pg-w61825b137e229-0\"  class=\"panel-grid panel-no-style\" ><div id=\"pgc-w61825b137e229-0-0\"  class=\"panel-grid-cell\" ><div id=\"panel-w61825b137e229-0-0-0\" class=\"so-panel widget widget_sow-editor panel-first-child panel-last-child\" data-index=\"0\" ><div\n\t\t\t\n\t\t\tclass=\"so-widget-sow-editor so-widget-sow-editor-base\"\n\t\t\t\n\t\t>\n<div class=\"siteorigin-widget-tinymce textwidget\">\n\t<h4 class=\"texto-azul\">Recepci\u00f3n e informaci\u00f3n<\/h4>\n<p><strong>D.\u00aa Paula Fern\u00e1ndez Fern\u00e1ndez <\/strong><br \/>\n<strong>D.\u00aa Inmaculada Mosquera Pereiro <\/strong><br \/>\n<a class=\"icono correo\" href=\"mailto:recepcion@lasallesantiago.gal\">recepcion@lasallesantiago.gal<\/a><\/p>\n<h4 class=\"texto-azul\">Funciones<\/h4>\n<p>Entre sus funciones destacan recibir a los visitantes, atender las llamadas telef\u00f3nicas, concertar citas y proporcionar la informaci\u00f3n que se le solicita.<\/p>\n<h4 class=\"texto-azul\">Horario de atenci\u00f3n al p\u00fablico<\/h4>\n<p>Lunes a viernes de 8:00 a 21:00 h<br \/>\nS\u00e1bado de 9:00 a 13:00 h<\/p>\n<p>Durante los meses de julio y agosto, Navidad y Semana Santa, el horario de atenci\u00f3n es \u00fanicamente por la ma\u00f1ana, de 9:00 a 14:00 h. Permanece cerrada los s\u00e1bados.<\/p>\n<\/div>\n<\/div><\/div><\/div><\/div><\/div><\/div><\/div><\/div><\/div>","protected":false},"excerpt":{"rendered":"<p>Recepci\u00f3n e informaci\u00f3n Recepci\u00f3n e informaci\u00f3n D.\u00aa Paula Fern\u00e1ndez Fern\u00e1ndez D.\u00aa Inmaculada Mosquera Pereiro recepcion@lasallesantiago.gal Funciones Entre sus funciones destacan recibir a los visitantes, atender las llamadas telef\u00f3nicas, concertar citas y proporcionar la informaci\u00f3n que se le solicita. Horario de &hellip; <\/p>\n","protected":false},"author":1,"featured_media":0,"parent":0,"menu_order":0,"comment_status":"closed","ping_status":"closed","template":"","meta":{"footnotes":""},"class_list":["post-8967","page","type-page","status-publish","hentry"],"_links":{"self":[{"href":"https:\/\/web.lasallesantiago.gal\/es\/wp-json\/wp\/v2\/pages\/8967","targetHints":{"allow":["GET"]}}],"collection":[{"href":"https:\/\/web.lasallesantiago.gal\/es\/wp-json\/wp\/v2\/pages"}],"about":[{"href":"https:\/\/web.lasallesantiago.gal\/es\/wp-json\/wp\/v2\/types\/page"}],"author":[{"embeddable":true,"href":"https:\/\/web.lasallesantiago.gal\/es\/wp-json\/wp\/v2\/users\/1"}],"replies":[{"embeddable":true,"href":"https:\/\/web.lasallesantiago.gal\/es\/wp-json\/wp\/v2\/comments?post=8967"}],"version-history":[{"count":0,"href":"https:\/\/web.lasallesantiago.gal\/es\/wp-json\/wp\/v2\/pages\/8967\/revisions"}],"wp:attachment":[{"href":"https:\/\/web.lasallesantiago.gal\/es\/wp-json\/wp\/v2\/media?parent=8967"}],"curies":[{"name":"wp","href":"https:\/\/api.w.org\/{rel}","templated":true}]}}