{"id":8956,"date":"2020-05-13T07:39:41","date_gmt":"2020-05-13T07:39:41","guid":{"rendered":"https:\/\/web.lasallesantiago.gal\/?page_id=8956"},"modified":"2020-05-19T10:25:26","modified_gmt":"2020-05-19T10:25:26","slug":"bachillerato-dual","status":"publish","type":"page","link":"https:\/\/web.lasallesantiago.gal\/es\/bachillerato-dual\/","title":{"rendered":"Bachillerato Dual"},"content":{"rendered":"<div id=\"pl-8956\"  class=\"panel-layout\" ><div id=\"pg-8956-0\"  class=\"panel-grid panel-no-style\" ><div id=\"pgc-8956-0-0\"  class=\"panel-grid-cell\" ><div id=\"panel-8956-0-0-0\" class=\"so-panel widget widget_heading panel-first-child panel-last-child\" data-index=\"0\" ><div class=\"thim-widget-heading template-base\"><div class=\"sc_heading  text-left\"><h3 style=\"text-transform: uppercase;\" class=\"title\">Bachillerato dual<\/h3><span class=\"line\"><\/span><\/div><\/div><\/div><\/div><\/div><div id=\"pg-8956-1\"  class=\"panel-grid panel-no-style\" ><div id=\"pgc-8956-1-0\"  class=\"panel-grid-cell\" ><div id=\"panel-8956-1-0-0\" class=\"so-panel widget widget_siteorigin-panels-builder panel-first-child panel-last-child\" data-index=\"1\" ><div id=\"pl-w5ec3b416c7f36\"  class=\"panel-layout\" ><div id=\"pg-w5ec3b416c7f36-0\"  class=\"panel-grid panel-no-style\" ><div id=\"pgc-w5ec3b416c7f36-0-0\"  class=\"panel-grid-cell\" ><div id=\"panel-w5ec3b416c7f36-0-0-0\" class=\"so-panel widget widget_sow-editor panel-first-child panel-last-child\" data-index=\"0\" ><div\n\t\t\t\n\t\t\tclass=\"so-widget-sow-editor so-widget-sow-editor-base\"\n\t\t\t\n\t\t>\n<div class=\"siteorigin-widget-tinymce textwidget\">\n\t<p>Trabajamos con <em>Academica Corporation<\/em>, una instituci\u00f3n educativa estadounidense con sede en Miami (Florida) para poder ofrecer el <strong>Diploma Dual<\/strong>. Aunque el trabajo empieza en 2.\u00ba de Secundaria, es en Bachillerato donde alcanza plenamente sus objetivos.<\/p>\n<p>Este programa tiene <strong>tres objetivos principales<\/strong>:<\/p>\n<h5 style=\"padding-left: 40px;\" class=\"texto-azul\">Inmersi\u00f3n ling\u00fc\u00edstica<\/h5>\n<p style=\"padding-left: 40px;\">El programa se desarrolla 100% en ingl\u00e9s, pero va mucho m\u00e1s all\u00e1 del propio aprendizaje del idioma. Los alumnos piensan y trabajan en ingl\u00e9s, participan en clases magistrales y se pueden comunicar a diario con profesores nativos, participan en <em>life sessions<\/em> con otros compa\u00f1eros y, en definitiva, se defienden aut\u00f3nomamente en ingl\u00e9s, aumentando su confianza y destreza.<\/p>\n<h5 style=\"padding-left: 40px;\" class=\"texto-azul\">Inmersi\u00f3n tecnol\u00f3gica<\/h5>\n<p style=\"padding-left: 40px;\">La inmersi\u00f3n tecnol\u00f3gica da como resultado el dominio en el manejo de las tecnolog\u00edas de aprendizaje digital. El alumno tiene un papel activo, marca su ritmo de aprendizaje y es responsable de la construcci\u00f3n de sus conocimientos. La educaci\u00f3n virtual desarrolla la capacidad de pensamiento cr\u00edtico, destrezas de investigaci\u00f3n y an\u00e1lisis de informaci\u00f3n.<\/p>\n<h5 style=\"padding-left: 40px;\" class=\"texto-azul\">Inmersi\u00f3n personal<\/h5>\n<p style=\"padding-left: 40px;\">El alumno adquiere responsabilidad y madurez en el trabajo, con alto nivel de autonom\u00eda, aprendizaje de la gesti\u00f3n del tiempo, capacidad de adaptaci\u00f3n y flexibilidad para trabajar en entornos diferentes y multiculturales.<br \/>\nEstos valores adquiridos y aplicados son la garant\u00eda para la obtenci\u00f3n y superaci\u00f3n de los peque\u00f1os logros y metas iniciales que los alumnos se van a ir encontrando y que posteriormente ser\u00e1n mayores en su etapa universitaria.<\/p>\n<p>La titulaci\u00f3n de <em>High School<\/em> certifica la superaci\u00f3n de los objetivos y niveles planteados, tanto acad\u00e9micos como ling\u00fc\u00edsticos. Un alumno que ha obtenido las dos titulaciones, la espa\u00f1ola y la estadounidense simult\u00e1neamente, est\u00e1 demostrando tanto su preparaci\u00f3n como la adquisici\u00f3n de una serie de valores y el desarrollo de unas competencias para sus estudios posteriores.<\/p>\n<p><span class=\"icono enlace\">Para m\u00e1s informaci\u00f3n: <a href=\"https:\/\/www.academica.school\/\">www.academica.school<\/a><\/span><\/p>\n<\/div>\n<\/div><\/div><\/div><\/div><\/div><\/div><\/div><\/div><\/div>","protected":false},"excerpt":{"rendered":"<p>Bachillerato dual Trabajamos con Academica Corporation, una instituci\u00f3n educativa estadounidense con sede en Miami (Florida) para poder ofrecer el Diploma Dual. Aunque el trabajo empieza en 2.\u00ba de Secundaria, es en Bachillerato donde alcanza plenamente sus objetivos. Este programa tiene &hellip; <\/p>\n","protected":false},"author":1,"featured_media":0,"parent":0,"menu_order":0,"comment_status":"closed","ping_status":"closed","template":"","meta":{"footnotes":""},"class_list":["post-8956","page","type-page","status-publish","hentry"],"_links":{"self":[{"href":"https:\/\/web.lasallesantiago.gal\/es\/wp-json\/wp\/v2\/pages\/8956","targetHints":{"allow":["GET"]}}],"collection":[{"href":"https:\/\/web.lasallesantiago.gal\/es\/wp-json\/wp\/v2\/pages"}],"about":[{"href":"https:\/\/web.lasallesantiago.gal\/es\/wp-json\/wp\/v2\/types\/page"}],"author":[{"embeddable":true,"href":"https:\/\/web.lasallesantiago.gal\/es\/wp-json\/wp\/v2\/users\/1"}],"replies":[{"embeddable":true,"href":"https:\/\/web.lasallesantiago.gal\/es\/wp-json\/wp\/v2\/comments?post=8956"}],"version-history":[{"count":0,"href":"https:\/\/web.lasallesantiago.gal\/es\/wp-json\/wp\/v2\/pages\/8956\/revisions"}],"wp:attachment":[{"href":"https:\/\/web.lasallesantiago.gal\/es\/wp-json\/wp\/v2\/media?parent=8956"}],"curies":[{"name":"wp","href":"https:\/\/api.w.org\/{rel}","templated":true}]}}