{"id":8947,"date":"2020-05-13T07:37:53","date_gmt":"2020-05-13T07:37:53","guid":{"rendered":"https:\/\/web.lasallesantiago.gal\/?page_id=8947"},"modified":"2025-11-19T08:54:46","modified_gmt":"2025-11-19T07:54:46","slug":"educacion-primaria","status":"publish","type":"page","link":"https:\/\/web.lasallesantiago.gal\/es\/educacion-primaria\/","title":{"rendered":"Educaci\u00f3n Primaria"},"content":{"rendered":"<div id=\"pl-8947\"  class=\"panel-layout\" ><div id=\"pg-8947-0\"  class=\"panel-grid panel-no-style\" ><div id=\"pgc-8947-0-0\"  class=\"panel-grid-cell\" ><div id=\"panel-8947-0-0-0\" class=\"so-panel widget widget_heading panel-first-child panel-last-child\" data-index=\"0\" ><div class=\"thim-widget-heading template-base\"><div class=\"sc_heading  text-left\"><h3 style=\"text-transform: uppercase;\" class=\"title\">Educaci\u00f3n Primaria<\/h3><span class=\"line\"><\/span><\/div><\/div><\/div><\/div><\/div><div id=\"pg-8947-1\"  class=\"panel-grid panel-no-style\" ><div id=\"pgc-8947-1-0\"  class=\"panel-grid-cell\" ><div id=\"panel-8947-1-0-0\" class=\"so-panel widget widget_siteorigin-panels-builder panel-first-child panel-last-child\" data-index=\"1\" ><div id=\"pl-w6180e4f115ad8\"  class=\"panel-layout\" ><div id=\"pg-w6180e4f115ad8-0\"  class=\"panel-grid panel-no-style\" ><div id=\"pgc-w6180e4f115ad8-0-0\"  class=\"panel-grid-cell\" ><div id=\"panel-w6180e4f115ad8-0-0-0\" class=\"so-panel widget widget_sow-editor panel-first-child panel-last-child\" data-index=\"0\" ><div\n\t\t\t\n\t\t\tclass=\"so-widget-sow-editor so-widget-sow-editor-base\"\n\t\t\t\n\t\t>\n<div class=\"siteorigin-widget-tinymce textwidget\">\n\t<p>La<strong> Educaci\u00f3n Primaria<\/strong> es una etapa educativa que comprende seis cursos acad\u00e9micos, desde los seis a los doce a\u00f1os. La finalidad de esta etapa es proporcionar herramientas de trabajo fundamentales para consolidar los aprendizajes instrumentales (expresi\u00f3n oral, lectura, escritura y c\u00e1lculo) as\u00ed como la adquisici\u00f3n de h\u00e1bitos que posibiliten una progresiva autonom\u00eda en funci\u00f3n de su edad.<\/p>\n<p>Los ni\u00f1os aprenden de todo aquello que viven con intensidad. De ah\u00ed que potenciemos un entorno sano y unas metodolog\u00edas activas que favorezcan la aparici\u00f3n de actividades estimulantes, interactivas y manipulativas.<\/p>\n<p>Nuestro proyecto educativo incide en la educaci\u00f3n en valores tales como la responsabilidad, la creatividad, la justicia, la convivencia, la interioridad y la trascendencia. En esta etapa, el alumnado desarrolla las capacidades de comunicaci\u00f3n, pensamiento l\u00f3gico y conocimiento del entorno social y natural, capacidades que se corresponden con sus procesos evolutivos.<\/p>\n<p>Pretendemos que nuestra oferta educativa sea innovadora e integral. De ah\u00ed nuestra apuesta por los <a href=\"\/programas-la-salle\">Programas La Salle<\/a> y el <a href=\"\/nuestra-propuesta-educativa\">Nuevo Contexto de Aprendizaje (NCA)<\/a>.<\/p>\n<\/div>\n<\/div><\/div><\/div><\/div><\/div><\/div><\/div><\/div><div id=\"pg-8947-2\"  class=\"panel-grid panel-no-style\" ><div id=\"pgc-8947-2-0\"  class=\"panel-grid-cell\" ><div id=\"panel-8947-2-0-0\" class=\"so-panel widget widget_accordion panel-first-child panel-last-child\" data-index=\"2\" ><div class=\"thim-widget-accordion template-base\"><div class=\"thim-widget-accordion\"><div id=\"accordion_69d7eb6ca63eb\" class=\"panel-group\" role=\"tablist\" aria-multiselectable=\"true\">\n\t<!-- List Panel -->\n\t\n\t\t\t<div class=\"panel panel-default\">\n\t\t\t\t<div class=\"panel-heading\" role=\"tab\"\n\t\t\t\t\t id=\"heading_accordion_69d7eb6ca63eb_0\">\n\t\t\t\t\t<h4 class=\"panel-title\">\n\t\t\t\t\t\t<a role=\"button\" class=\"collapsed\" data-toggle=\"collapse\"\n\t\t\t\t\t\t   data-parent=\"#accordion_69d7eb6ca63eb\"\n\t\t\t\t\t\t   href=\"#collapse_accordion_69d7eb6ca63eb_0\" aria-expanded=\"false\"\n\t\t\t\t\t\t   aria-controls=\"collapse_accordion_69d7eb6ca63eb_0\">\n\t\t\t\t\t\t\tNCA\t\t\t\t\t\t<\/a>\n\t\t\t\t\t<\/h4>\n\t\t\t\t<\/div>\n\t\t\t\t<div id=\"collapse_accordion_69d7eb6ca63eb_0\"\n\t\t\t\t\t class=\"panel-collapse collapse\"\n\t\t\t\t\t role=\"tabpanel\" aria-labelledby=\"heading_accordion_69d7eb6ca63eb_0\">\n\t\t\t\t\t<div class=\"panel-body\">\n\t\t\t\t\t\tEl mundo cambia y nosotros cambiamos con \u00e9l. Durante el curso 2021-22 implantaremos este nuevo marco pedag\u00f3gico y did\u00e1ctico en todo Infantil y Primaria. A modo de avanzadilla, 14 colegios de nuestra red ya se han adelantado desde el curso 2019-20 para mostrarnos el camino y hacer los ajustes oportunos. Su satisfacci\u00f3n es garant\u00eda de que vamos por el buen camino.\n<br \/><br \/>\nLos alumnos tendr\u00e1n un papel m\u00e1s activo en su aprendizaje. Tendr\u00e1n que investigar, experimentar, cooperar con otros, expresarse por diferentes medios\u2026 en definitiva, aprender a ser competentes y creativos en un mundo que as\u00ed lo est\u00e1 exigiendo. \n<br \/><br \/>\nJuntos abordaremos todas las dimensiones de la persona: emocional, cognitiva, corporal, social y espiritual. Nos esforzaremos en superar la fragmentaci\u00f3n del conocimiento que presentan las asignaturas. Nos comprometeremos con una evaluaci\u00f3n mucho m\u00e1s certera y que ofrezca una informaci\u00f3n detallada del avance del alumno en todas las facetas de su aprendizaje (conocimientos, competencias, desarrollo personal).\n\n\n<br \/><br \/>\n<div class=\"thim-widget-button thim-widget-button-base template-base\"><a class=\"widget-button  medium custom_style\" href=\"\/nuestra-propuesta-educativa\" style=\"font-size: 12px;font-weight: normal;border-width: 1px;color: #005aa0;border-color: #005aa0;background-color: #ffffff\" data-hover=\"font-size: 12px;font-weight: normal;border-width: 1px;color: #ffffff;border-color: #005aa0;background-color: #005aa0;\">Informaci\u00f3n<\/a><\/div>\t\t\t\t\t<\/div>\n\t\t\t\t<\/div>\n\t\t\t<\/div>\n\n\t\t\n\t\t\t<div class=\"panel panel-default\">\n\t\t\t\t<div class=\"panel-heading\" role=\"tab\"\n\t\t\t\t\t id=\"heading_accordion_69d7eb6ca63eb_1\">\n\t\t\t\t\t<h4 class=\"panel-title\">\n\t\t\t\t\t\t<a role=\"button\" class=\"collapsed\" data-toggle=\"collapse\"\n\t\t\t\t\t\t   data-parent=\"#accordion_69d7eb6ca63eb\"\n\t\t\t\t\t\t   href=\"#collapse_accordion_69d7eb6ca63eb_1\" aria-expanded=\"false\"\n\t\t\t\t\t\t   aria-controls=\"collapse_accordion_69d7eb6ca63eb_1\">\n\t\t\t\t\t\t\tProgramas La Salle\t\t\t\t\t\t<\/a>\n\t\t\t\t\t<\/h4>\n\t\t\t\t<\/div>\n\t\t\t\t<div id=\"collapse_accordion_69d7eb6ca63eb_1\"\n\t\t\t\t\t class=\"panel-collapse collapse\"\n\t\t\t\t\t role=\"tabpanel\" aria-labelledby=\"heading_accordion_69d7eb6ca63eb_1\">\n\t\t\t\t\t<div class=\"panel-body\">\n\t\t\t\t\t\tIntegrados en un futuro en el <span class=\"texto-azul\"><strong>NCA<\/strong><\/span>, contamos con proyectos innovadores y programas educativos propios de la <strong>Red de Centros La Salle<\/strong>.\n<br \/><br \/>\nEstos programas se desarrollan a lo largo de toda la escolaridad de nuestro alumnado, con una implantaci\u00f3n progresiva y adaptada a su nivel madurativo y estrategias de aprendizaje, sistematiz\u00e1ndose en las rutinas del aula e integr\u00e1ndose en la metodolog\u00eda diaria.\n<br \/><br \/>\nCon ellos intentamos adaptarnos a los cambios en las formas de pensar y aprender, creando nuevos ambientes de aprendizaje a partir de los cuales las personas ven el mundo, se comunican, comparten informaci\u00f3n y construyen conocimiento, establecen nuevas relaciones con el tiempo y el espacio y exigen nuevas formas de concebir el aprendizaje. \n<br \/><br \/>\n<div class=\"thim-widget-button thim-widget-button-base template-base\"><a class=\"widget-button  medium custom_style\" href=\"\/programas-la-salle\" style=\"font-size: 12px;font-weight: normal;border-width: 1px;color: #005aa0;border-color: #005aa0;background-color: #ffffff\" data-hover=\"font-size: 12px;font-weight: normal;border-width: 1px;color: #ffffff;border-color: #005aa0;background-color: #005aa0;\">Informaci\u00f3n<\/a><\/div>\t\t\t\t\t<\/div>\n\t\t\t\t<\/div>\n\t\t\t<\/div>\n\n\t\t\n\t\t\t<div class=\"panel panel-default\">\n\t\t\t\t<div class=\"panel-heading\" role=\"tab\"\n\t\t\t\t\t id=\"heading_accordion_69d7eb6ca63eb_2\">\n\t\t\t\t\t<h4 class=\"panel-title\">\n\t\t\t\t\t\t<a role=\"button\" class=\"collapsed\" data-toggle=\"collapse\"\n\t\t\t\t\t\t   data-parent=\"#accordion_69d7eb6ca63eb\"\n\t\t\t\t\t\t   href=\"#collapse_accordion_69d7eb6ca63eb_2\" aria-expanded=\"false\"\n\t\t\t\t\t\t   aria-controls=\"collapse_accordion_69d7eb6ca63eb_2\">\n\t\t\t\t\t\t\tPluriling\u00fcismo\t\t\t\t\t\t<\/a>\n\t\t\t\t\t<\/h4>\n\t\t\t\t<\/div>\n\t\t\t\t<div id=\"collapse_accordion_69d7eb6ca63eb_2\"\n\t\t\t\t\t class=\"panel-collapse collapse\"\n\t\t\t\t\t role=\"tabpanel\" aria-labelledby=\"heading_accordion_69d7eb6ca63eb_2\">\n\t\t\t\t\t<div class=\"panel-body\">\n\t\t\t\t\t\tEstructuramos la experiencia educativa a trav\u00e9s de las siguientes \u00e1reas curriculares: Lengua Castellana y Literatura, Lengua y literatura gallega, Matem\u00e1ticas, Ciencias Naturales, Ciencias Sociales, Lengua Extranjera (Ingl\u00e9s), Educaci\u00f3n F\u00edsica, Religi\u00f3n y Educaci\u00f3n Art\u00edstica (que engloba M\u00fasica y Pl\u00e1stica).\n<br \/><br \/>\nNuestra oferta ampl\u00eda el n\u00famero de sesiones impartidas en Lengua Extranjera (Ingl\u00e9s), incluyendo las \u00e1reas de Natural Science, Arts and crafts y Physical Education (1.\u00ba, 3,\u00ba y 5.\u00ba) con el reconocimiento de Colegio Pluriling\u00fce concedido por la Xunta de Galicia.\n <br \/><br \/>\nProponemos situaciones de aprendizaje conectadas con la vida, para que los alumnos aprendan ingl\u00e9s desde un enfoque comunicativo. Utilizamos la metodolog\u00eda AICLE (CLIL) que consiste en ense\u00f1ar contenidos y lengua a la vez, de una forma integrada, de manera que se utiliza la lengua con el objetivo de aprender contenidos. Para ello, adem\u00e1s de nuestros profesores, contamos con auxiliares de conversaci\u00f3n nativos, a trav\u00e9s de nuestro convenio de colaboraci\u00f3n con BEDA.\t\t\t\t\t<\/div>\n\t\t\t\t<\/div>\n\t\t\t<\/div>\n\n\t\t\n\t\t\t<div class=\"panel panel-default\">\n\t\t\t\t<div class=\"panel-heading\" role=\"tab\"\n\t\t\t\t\t id=\"heading_accordion_69d7eb6ca63eb_3\">\n\t\t\t\t\t<h4 class=\"panel-title\">\n\t\t\t\t\t\t<a role=\"button\" class=\"collapsed\" data-toggle=\"collapse\"\n\t\t\t\t\t\t   data-parent=\"#accordion_69d7eb6ca63eb\"\n\t\t\t\t\t\t   href=\"#collapse_accordion_69d7eb6ca63eb_3\" aria-expanded=\"false\"\n\t\t\t\t\t\t   aria-controls=\"collapse_accordion_69d7eb6ca63eb_3\">\n\t\t\t\t\t\t\tReflex Math\t\t\t\t\t\t<\/a>\n\t\t\t\t\t<\/h4>\n\t\t\t\t<\/div>\n\t\t\t\t<div id=\"collapse_accordion_69d7eb6ca63eb_3\"\n\t\t\t\t\t class=\"panel-collapse collapse\"\n\t\t\t\t\t role=\"tabpanel\" aria-labelledby=\"heading_accordion_69d7eb6ca63eb_3\">\n\t\t\t\t\t<div class=\"panel-body\">\n\t\t\t\t\t\tDesde el curso 2018-2019 el Colegio La Salle de Santiago ha integrado en el trabajo de la etapa de Educaci\u00f3n Primaria el software <strong><i>ReflexMath<\/i><\/strong> dise\u00f1ado espec\u00edficamente para el aprendizaje del c\u00e1lculo a trav\u00e9s del juego. \n<br><br>\nSomos pioneros en Espa\u00f1a en el uso sistem\u00e1tico de este software y de herramientas que se adaptan en tiempo real al trabajo individualizado del alumnado, garantizando la adquisici\u00f3n de contenidos estructurales en el \u00e1rea de Matem\u00e1ticas. \nEl alumnado vive el aprendizaje como una experiencia l\u00fadica a trav\u00e9s de <i>serious games<\/i>, que se ven reforzados por herramientas de supervisi\u00f3n tanto de profesorado como de las propias familias. Las din\u00e1micas que se desarrollan en el aula, basadas en los principios de la gamificaci\u00f3n, premian la consecuci\u00f3n de objetivos del alumnado, as\u00ed como de la clase. \n<br><br>\nSe han desarrollado procesos de validaci\u00f3n de la efectividad de la propuesta, garantizando mejoras contrastadas de enriquecimiento. Concretamente, el trabajo de un trimestre escolar supone el equivalente a casi dos cursos escolares respecto a metodolog\u00edas tradicionales.\t\t\t\t\t<\/div>\n\t\t\t\t<\/div>\n\t\t\t<\/div>\n\n\t\t\n\t\t\t<div class=\"panel panel-default\">\n\t\t\t\t<div class=\"panel-heading\" role=\"tab\"\n\t\t\t\t\t id=\"heading_accordion_69d7eb6ca63eb_4\">\n\t\t\t\t\t<h4 class=\"panel-title\">\n\t\t\t\t\t\t<a role=\"button\" class=\"collapsed\" data-toggle=\"collapse\"\n\t\t\t\t\t\t   data-parent=\"#accordion_69d7eb6ca63eb\"\n\t\t\t\t\t\t   href=\"#collapse_accordion_69d7eb6ca63eb_4\" aria-expanded=\"false\"\n\t\t\t\t\t\t   aria-controls=\"collapse_accordion_69d7eb6ca63eb_4\">\n\t\t\t\t\t\t\tObservaciones pr\u00e1cticas\t\t\t\t\t\t<\/a>\n\t\t\t\t\t<\/h4>\n\t\t\t\t<\/div>\n\t\t\t\t<div id=\"collapse_accordion_69d7eb6ca63eb_4\"\n\t\t\t\t\t class=\"panel-collapse collapse\"\n\t\t\t\t\t role=\"tabpanel\" aria-labelledby=\"heading_accordion_69d7eb6ca63eb_4\">\n\t\t\t\t\t<div class=\"panel-body\">\n\t\t\t\t\t\tEs obligatorio el uso del <strong>uniforme escolar<\/strong> en toda la etapa. En las clases de Educaci\u00f3n F\u00edsica deben utilizar el ch\u00e1ndal o las mallas oficiales del colegio. Puede ser adquirido en nuestra tienda f\u00edsica. <strong>M\u00e1s informaci\u00f3n en <a href=\"\/tienda-ropa\" class=\"icono enlace\">Tienda de ropa<\/a><\/strong>\n<br><br>\n<strong>Servicio de madrugadores<\/strong> desde las 7:45 hasta las 9:30. Desayuno opcional. <strong>M\u00e1s informaci\u00f3n en <a href=\"\/programa-madrugadores-ludoteca\" class=\"icono enlace\">Programa madrugadores<\/a><\/strong>\n<br><br>\n<strong>Ludoteca<\/strong>: de 17:00-19:00. Hasta 2.\u00ba de Primaria (incluido). <strong>M\u00e1s informaci\u00f3n en <a href=\"\/programa-madrugadores-ludoteca\" class=\"icono enlace\">Ludoteca<\/a><\/strong>\n<br><br> \n<strong>Biblioteca<\/strong>: de 8:30-9:30 y de 17:00-19:00. A partir de 3.\u00ba de Primaria. <strong>M\u00e1s informaci\u00f3n en <a href=\"\/biblioteca\" class=\"icono enlace\">Biblioteca<\/a><\/strong>\n<br><br>\n<strong>Horario<\/strong> de clase semanal\n<br>\n<table>\n<tbody>\n<tr>\n<td style=\"text-align: center\"><\/td>\n<td style=\"text-align: center\">Lunes<\/td>\n<td style=\"text-align: center\">Martes<\/td>\n<td style=\"text-align: center\">Mi\u00e9rcoles<\/td>\n<td style=\"text-align: center\">Jueves<\/td>\n<td style=\"text-align: center\"><\/td>\n<td style=\"text-align: center\">Viernes<\/td>\n<\/tr>\n<tr>\n<td>9:30-10:30<\/td>\n<td style=\"text-align: center;background-color: #005aa0;color: #fff\" colspan=\"4\"><\/td>\n<td>9:30-10:20<\/td>\n<td style=\"text-align: center;background-color: #005aa0;color: #fff\"><\/td>\n<\/tr>\n\n<tr>\n<td>10:30-11:30<\/td>\n<td style=\"text-align: center;background-color: #005aa0;color: #fff\" colspan=\"4\"><\/td>\n<td>10:20-11:10<\/td>\n<td style=\"text-align: center;background-color: #005aa0;color: #fff\"><\/td>\n<\/tr>\n\n<tr>\n<td>11:30-12:00<\/td>\n<td style=\"text-align: center;background-color: #f4d923;color: #fff\" colspan=\"4\">Recreo<\/td>\n<td>11:10-12:00<\/td>\n<td style=\"text-align: center;background-color: #005aa0;color: #fff\"><\/td>\n<\/tr>\n\n<tr>\n<td>12:00-13:00<\/td>\n<td style=\"text-align: center;background-color: #005aa0;color: #fff\" colspan=\"4\"><\/td>\n<td>12:00-12:30<\/td>\n<td style=\"text-align: center;background-color: #f4d923;color: #fff\">Recreo<\/td>\n<\/tr>\n\n<tr>\n<td><\/td>\n<td style=\"text-align: center;background-color: #f4d923;color: #fff\" colspan=\"4\">Comedor<\/td>\n<td>12:30-13:15<\/td>\n<td style=\"text-align: center;background-color: #005aa0;color: #fff\"><\/td>\n<\/tr>\n\n<tr>\n<td>15:00-16:00<\/td>\n<td style=\"text-align: center;background-color: #005aa0;color: #fff\" colspan=\"4\"><\/td>\n<td>13:15-14:00<\/td>\n<td style=\"text-align: center;background-color: #005aa0;color: #fff\"><\/td>\n<\/tr>\n\n<tr>\n<td>16:00-17:00<\/td>\n<td style=\"text-align: center;background-color: #005aa0;color: #fff\" colspan=\"4\"><\/td>\n<td><\/td>\n<td style=\"text-align: center;background-color: #f4d923;color: #fff\" colspan=\"4\">Comedor<\/td>\n<\/tr>\n<\/tbody>\n<\/table>\nEl horario en los <strong>meses de septiembre y junio<\/strong> es de 9:00 a 14:00 h.\t\t\t\t\t<\/div>\n\t\t\t\t<\/div>\n\t\t\t<\/div>\n\n\t\t\t<!-- End: List Panel -->\n<\/div>\n<\/div>\n<\/div><\/div><\/div><\/div><\/div>","protected":false},"excerpt":{"rendered":"<p>Educaci\u00f3n Primaria La Educaci\u00f3n Primaria es una etapa educativa que comprende seis cursos acad\u00e9micos, desde los seis a los doce a\u00f1os. La finalidad de esta etapa es proporcionar herramientas de trabajo fundamentales para consolidar los aprendizajes instrumentales (expresi\u00f3n oral, lectura, &hellip; <\/p>\n","protected":false},"author":1,"featured_media":0,"parent":0,"menu_order":0,"comment_status":"closed","ping_status":"closed","template":"","meta":{"footnotes":""},"class_list":["post-8947","page","type-page","status-publish","hentry"],"_links":{"self":[{"href":"https:\/\/web.lasallesantiago.gal\/es\/wp-json\/wp\/v2\/pages\/8947","targetHints":{"allow":["GET"]}}],"collection":[{"href":"https:\/\/web.lasallesantiago.gal\/es\/wp-json\/wp\/v2\/pages"}],"about":[{"href":"https:\/\/web.lasallesantiago.gal\/es\/wp-json\/wp\/v2\/types\/page"}],"author":[{"embeddable":true,"href":"https:\/\/web.lasallesantiago.gal\/es\/wp-json\/wp\/v2\/users\/1"}],"replies":[{"embeddable":true,"href":"https:\/\/web.lasallesantiago.gal\/es\/wp-json\/wp\/v2\/comments?post=8947"}],"version-history":[{"count":1,"href":"https:\/\/web.lasallesantiago.gal\/es\/wp-json\/wp\/v2\/pages\/8947\/revisions"}],"predecessor-version":[{"id":28271,"href":"https:\/\/web.lasallesantiago.gal\/es\/wp-json\/wp\/v2\/pages\/8947\/revisions\/28271"}],"wp:attachment":[{"href":"https:\/\/web.lasallesantiago.gal\/es\/wp-json\/wp\/v2\/media?parent=8947"}],"curies":[{"name":"wp","href":"https:\/\/api.w.org\/{rel}","templated":true}]}}