{"id":8944,"date":"2020-05-13T07:37:04","date_gmt":"2020-05-13T07:37:04","guid":{"rendered":"https:\/\/web.lasallesantiago.gal\/?page_id=8944"},"modified":"2021-11-03T15:39:05","modified_gmt":"2021-11-03T15:39:05","slug":"educacion-infantil","status":"publish","type":"page","link":"https:\/\/web.lasallesantiago.gal\/es\/educacion-infantil\/","title":{"rendered":"Educaci\u00f3n Infantil"},"content":{"rendered":"<div id=\"pl-8944\"  class=\"panel-layout\" ><div id=\"pg-8944-0\"  class=\"panel-grid panel-no-style\" ><div id=\"pgc-8944-0-0\"  class=\"panel-grid-cell\" ><div id=\"panel-8944-0-0-0\" class=\"so-panel widget widget_heading panel-first-child panel-last-child\" data-index=\"0\" ><div class=\"thim-widget-heading template-base\"><div class=\"sc_heading  text-left\"><h3 style=\"text-transform: uppercase;\" class=\"title\">Educaci\u00f3n Infantil<\/h3><p class=\"sub-heading\" style=\"\">2.\u00ba ciclo<\/p><span class=\"line\"><\/span><\/div><\/div><\/div><\/div><\/div><div id=\"pg-8944-1\"  class=\"panel-grid panel-no-style\" ><div id=\"pgc-8944-1-0\"  class=\"panel-grid-cell\" ><div id=\"panel-8944-1-0-0\" class=\"so-panel widget widget_siteorigin-panels-builder panel-first-child panel-last-child\" data-index=\"1\" ><div id=\"pl-w6180e222b4384\"  class=\"panel-layout\" ><div id=\"pg-w6180e222b4384-0\"  class=\"panel-grid panel-no-style\" ><div id=\"pgc-w6180e222b4384-0-0\"  class=\"panel-grid-cell\" ><div id=\"panel-w6180e222b4384-0-0-0\" class=\"so-panel widget widget_sow-editor panel-first-child panel-last-child\" data-index=\"0\" ><div\n\t\t\t\n\t\t\tclass=\"so-widget-sow-editor so-widget-sow-editor-base\"\n\t\t\t\n\t\t>\n<div class=\"siteorigin-widget-tinymce textwidget\">\n\t<p>Comprende tres a\u00f1os acad\u00e9micos: aquellos que se cursan entre los 3 y los 6 a\u00f1os de edad.<\/p>\n<p>Apostamos por una educaci\u00f3n global que ayude al desarrollo de las capacidades intelectuales, afectivas, motoras, psicomotoras y sociales-religiosas de nuestros alumnos. Es una opci\u00f3n consciente por el desarrollo \u00edntegral de la persona. El juego libre, la psicomotricidad, el razonamiento, el aprendizaje cooperativo, los programas de innovaci\u00f3n, las TIC, el acercamiento a la lengua extranjera... est\u00e1n al servicio de esta visi\u00f3n de la persona, en consonancia con nuestro car\u00e1cter propio.<\/p>\n<p>Ponemos todos los medios a nuestro alcance para que vuestros hijos encuentren en nuestro centro un espacio c\u00e1lido y acogedor donde puedan experimentar el aprendizaje como algo estimulante, descubriendo lo divertido que es aprender junto con sus compa\u00f1eros, en una etapa de su vida en la que su plasticidad cerebral nos permite impulsar el aprender a aprender.<\/p>\n<p>En este camino que hacemos juntos, los ni\u00f1os aprenden a ser ellos mismos (aprender a ser), aprenden a interactuar con otros (aprender a vivir juntos) y aprenden a interpretar el mundo que les rodea (aprender a conocer y a hacer). Van creciendo en autonom\u00eda con par\u00e1metros adecuados de autoestima y autoconcepto.<\/p>\n<p>Somos conscientes de la gran importancia de la familia como agente educador, propiciando la reflexi\u00f3n y el di\u00e1logo de su funci\u00f3n en el desarrollo de esta etapa.<\/p>\n<\/div>\n<\/div><\/div><\/div><\/div><\/div><\/div><\/div><\/div><div id=\"pg-8944-2\"  class=\"panel-grid panel-no-style\" ><div id=\"pgc-8944-2-0\"  class=\"panel-grid-cell\" ><div id=\"panel-8944-2-0-0\" class=\"so-panel widget widget_accordion panel-first-child panel-last-child\" data-index=\"2\" ><div class=\"thim-widget-accordion template-base\"><div class=\"thim-widget-accordion\"><div id=\"accordion_69e90c25936eb\" class=\"panel-group\" role=\"tablist\" aria-multiselectable=\"true\">\n\t<!-- List Panel -->\n\t\n\t\t\t<div class=\"panel panel-default\">\n\t\t\t\t<div class=\"panel-heading\" role=\"tab\"\n\t\t\t\t\t id=\"heading_accordion_69e90c25936eb_0\">\n\t\t\t\t\t<h4 class=\"panel-title\">\n\t\t\t\t\t\t<a role=\"button\" class=\"collapsed\" data-toggle=\"collapse\"\n\t\t\t\t\t\t   data-parent=\"#accordion_69e90c25936eb\"\n\t\t\t\t\t\t   href=\"#collapse_accordion_69e90c25936eb_0\" aria-expanded=\"false\"\n\t\t\t\t\t\t   aria-controls=\"collapse_accordion_69e90c25936eb_0\">\n\t\t\t\t\t\t\tLa familia\t\t\t\t\t\t<\/a>\n\t\t\t\t\t<\/h4>\n\t\t\t\t<\/div>\n\t\t\t\t<div id=\"collapse_accordion_69e90c25936eb_0\"\n\t\t\t\t\t class=\"panel-collapse collapse\"\n\t\t\t\t\t role=\"tabpanel\" aria-labelledby=\"heading_accordion_69e90c25936eb_0\">\n\t\t\t\t\t<div class=\"panel-body\">\n\t\t\t\t\t\tUna implicaci\u00f3n activa y una buena relaci\u00f3n y comunicaci\u00f3n entre familia y escuela influyen muy positivamente en la visi\u00f3n y el sentimiento del ni\u00f1o hacia la educaci\u00f3n. \n<br><br>\nA trav\u00e9s de nuestra experiencia hemos podido observar que una participaci\u00f3n activa de la familia en la escuela repercute de una forma positiva en los alumnos, en sus familias y en las propias profesoras ya que:\n<br><br>\n<ul>\n<li>Aumenta la confianza en el centro, puesto que conocen de primera mano su funcionamiento.<\/li>\n<li>Se consideran parte activa del proceso de ense\u00f1anza \u2013 aprendizaje de sus hijos.<\/li>\n<li>Potencian el sentido de pertenencia tanto de las familias como de los alumnos.<\/li>\n<li>Dan seguridad y motivaci\u00f3n a los ni\u00f1os.<\/li>\n<li>Les permiten, al igual que a sus hijos, disfrutar de experiencias estimulantes.<\/li>\n<li>Mejoran la relaci\u00f3n entre familias y profesoras.<\/li>\n<li>Se relacionan con otras familias y comparten con ellas dentro del contexto escolar.<\/li>\n<li>Facilitan la labor docente porque aportan sus conocimientos y experiencias.<\/li>\n<li>Se suscitan conversaciones reales del d\u00eda a d\u00eda en casa.<\/li>\n<li>Representan un apoyo para el desarrollo de algunas actividades escolares.<\/li>\n<li>Aportan recursos para la realizaci\u00f3n de actividades en el aula.<\/li>\n<\/ul>\t\t\t\t\t<\/div>\n\t\t\t\t<\/div>\n\t\t\t<\/div>\n\n\t\t\n\t\t\t<div class=\"panel panel-default\">\n\t\t\t\t<div class=\"panel-heading\" role=\"tab\"\n\t\t\t\t\t id=\"heading_accordion_69e90c25936eb_1\">\n\t\t\t\t\t<h4 class=\"panel-title\">\n\t\t\t\t\t\t<a role=\"button\" class=\"collapsed\" data-toggle=\"collapse\"\n\t\t\t\t\t\t   data-parent=\"#accordion_69e90c25936eb\"\n\t\t\t\t\t\t   href=\"#collapse_accordion_69e90c25936eb_1\" aria-expanded=\"false\"\n\t\t\t\t\t\t   aria-controls=\"collapse_accordion_69e90c25936eb_1\">\n\t\t\t\t\t\t\tNCA\t\t\t\t\t\t<\/a>\n\t\t\t\t\t<\/h4>\n\t\t\t\t<\/div>\n\t\t\t\t<div id=\"collapse_accordion_69e90c25936eb_1\"\n\t\t\t\t\t class=\"panel-collapse collapse\"\n\t\t\t\t\t role=\"tabpanel\" aria-labelledby=\"heading_accordion_69e90c25936eb_1\">\n\t\t\t\t\t<div class=\"panel-body\">\n\t\t\t\t\t\tEl mundo cambia y nosotros cambiamos con \u00e9l. Durante el curso 2021-22 hemos implantado este nuevo marco pedag\u00f3gico y did\u00e1ctico en todo Infantil y Primaria. A modo de avanzadilla, 16 colegios de nuestra red ya se han adelantado desde el curso 2019-20 para mostrarnos el camino y hacer los ajustes oportunos. Su satisfacci\u00f3n es garant\u00eda de que vamos por el buen camino. \n<br><br>\nCon el Nuevo Contexto de Aprendizaje, La Salle ofrece una respuesta a la escuela de hoy, centr\u00e1ndose en la persona y buscando la forma de ayudarla a adquirir las habilidades y las competencias que le permitan transformar el mundo; bajo un enfoque metodol\u00f3gico innovador y actual, basado en las inteligencias m\u00faltiples y en el trabajo por proyectos.\n<br><br>\nOs mostramos algunos de los materiales que forman parte de la \"mochila NCA\" de Educaci\u00f3n Infantil este curso. Poco a poco ser\u00e1n los ni\u00f1os y ni\u00f1as, junto con sus profesoras, quienes les dar\u00e1n su aut\u00e9ntico valor, quienes los convertir\u00e1n en verdaderos tesoros de aprendizaje. \n\n<img loading=\"lazy\" decoding=\"async\" class=\"alignnone size-full wp-image-16270\" src=\"https:\/\/web.lasallesantiago.gal\/wp-content\/uploads\/2021\/11\/nca_infantil01.jpg\" alt=\"\" width=\"900\" height=\"492\" srcset=\"https:\/\/web.lasallesantiago.gal\/wp-content\/uploads\/2021\/11\/nca_infantil01.jpg 900w, https:\/\/web.lasallesantiago.gal\/wp-content\/uploads\/2021\/11\/nca_infantil01-300x164.jpg 300w, https:\/\/web.lasallesantiago.gal\/wp-content\/uploads\/2021\/11\/nca_infantil01-768x420.jpg 768w, https:\/\/web.lasallesantiago.gal\/wp-content\/uploads\/2021\/11\/nca_infantil01-600x328.jpg 600w\" sizes=\"auto, (max-width: 900px) 100vw, 900px\" \/>\n\n<br><br>\n<div class=\"thim-widget-button thim-widget-button-base template-base\"><a class=\"widget-button  medium custom_style\" href=\"\/nuestra-propuesta-educativa\" style=\"font-size: 12px;font-weight: normal;border-width: 1px;color: #005aa0;border-color: #005aa0;background-color: #ffffff\" data-hover=\"font-size: 12px;font-weight: normal;border-width: 1px;color: #ffffff;border-color: #005aa0;background-color: #005aa0;\">Informaci\u00f3n<\/a><\/div>\t\t\t\t\t<\/div>\n\t\t\t\t<\/div>\n\t\t\t<\/div>\n\n\t\t\n\t\t\t<div class=\"panel panel-default\">\n\t\t\t\t<div class=\"panel-heading\" role=\"tab\"\n\t\t\t\t\t id=\"heading_accordion_69e90c25936eb_2\">\n\t\t\t\t\t<h4 class=\"panel-title\">\n\t\t\t\t\t\t<a role=\"button\" class=\"collapsed\" data-toggle=\"collapse\"\n\t\t\t\t\t\t   data-parent=\"#accordion_69e90c25936eb\"\n\t\t\t\t\t\t   href=\"#collapse_accordion_69e90c25936eb_2\" aria-expanded=\"false\"\n\t\t\t\t\t\t   aria-controls=\"collapse_accordion_69e90c25936eb_2\">\n\t\t\t\t\t\t\tProgramas La Salle\t\t\t\t\t\t<\/a>\n\t\t\t\t\t<\/h4>\n\t\t\t\t<\/div>\n\t\t\t\t<div id=\"collapse_accordion_69e90c25936eb_2\"\n\t\t\t\t\t class=\"panel-collapse collapse\"\n\t\t\t\t\t role=\"tabpanel\" aria-labelledby=\"heading_accordion_69e90c25936eb_2\">\n\t\t\t\t\t<div class=\"panel-body\">\n\t\t\t\t\t\tIntegrados en un futuro en el NCA, contamos con proyectos innovadores y programas educativos propios de la Red de Centros La Salle.\n<br \/><br \/>\nEstos programas se desarrollan a lo largo de toda la escolaridad de nuestro alumnado, con una implantaci\u00f3n progresiva y adaptada a su nivel madurativo y estrategias de aprendizaje, sistematiz\u00e1ndose en las rutinas del aula e integr\u00e1ndose en la metodolog\u00eda diaria.\n<br \/><br \/>\nEn Infantil trabajamos especialmente Ulises, Crea, Optimis, Mapping y Hara.\n<br \/><br \/>\n<div class=\"thim-widget-button thim-widget-button-base template-base\"><a class=\"widget-button  medium custom_style\" href=\"\/programas-la-salle\" style=\"font-size: 12px;font-weight: normal;border-width: 1px;color: #005aa0;border-color: #005aa0;background-color: #ffffff\" data-hover=\"font-size: 12px;font-weight: normal;border-width: 1px;color: #ffffff;border-color: #005aa0;background-color: #005aa0;\">Informaci\u00f3n<\/a><\/div>\t\t\t\t\t<\/div>\n\t\t\t\t<\/div>\n\t\t\t<\/div>\n\n\t\t\n\t\t\t<div class=\"panel panel-default\">\n\t\t\t\t<div class=\"panel-heading\" role=\"tab\"\n\t\t\t\t\t id=\"heading_accordion_69e90c25936eb_3\">\n\t\t\t\t\t<h4 class=\"panel-title\">\n\t\t\t\t\t\t<a role=\"button\" class=\"collapsed\" data-toggle=\"collapse\"\n\t\t\t\t\t\t   data-parent=\"#accordion_69e90c25936eb\"\n\t\t\t\t\t\t   href=\"#collapse_accordion_69e90c25936eb_3\" aria-expanded=\"false\"\n\t\t\t\t\t\t   aria-controls=\"collapse_accordion_69e90c25936eb_3\">\n\t\t\t\t\t\t\tPluriling\u00fcismo\t\t\t\t\t\t<\/a>\n\t\t\t\t\t<\/h4>\n\t\t\t\t<\/div>\n\t\t\t\t<div id=\"collapse_accordion_69e90c25936eb_3\"\n\t\t\t\t\t class=\"panel-collapse collapse\"\n\t\t\t\t\t role=\"tabpanel\" aria-labelledby=\"heading_accordion_69e90c25936eb_3\">\n\t\t\t\t\t<div class=\"panel-body\">\n\t\t\t\t\t\tNuestra meta como centro pluriling\u00fce es conseguir la m\u00e1xima competencia de nuestros alumnos en las tres lenguas impartidas en esta etapa, fomentando el contacto con la segunda lengua y con la lengua extranjera (ingl\u00e9s).\n<br><br>\nDesarrollamos un programa de anticipaci\u00f3n ling\u00fc\u00edstica, basado en una metodolog\u00eda din\u00e1mica, l\u00fadica e interactiva. Por medio de juegos, canciones y m\u00faltiples actividades audiovisuales conseguimos un alto grado de comprensi\u00f3n y expresi\u00f3n oral.\n<br><br>\nQueremos que los ni\u00f1os gallegohablantes mantengan su lengua para que tanto el gallego como del castellano sean lenguas de uso en todos los niveles. \n\t\t\t\t\t<\/div>\n\t\t\t\t<\/div>\n\t\t\t<\/div>\n\n\t\t\n\t\t\t<div class=\"panel panel-default\">\n\t\t\t\t<div class=\"panel-heading\" role=\"tab\"\n\t\t\t\t\t id=\"heading_accordion_69e90c25936eb_4\">\n\t\t\t\t\t<h4 class=\"panel-title\">\n\t\t\t\t\t\t<a role=\"button\" class=\"collapsed\" data-toggle=\"collapse\"\n\t\t\t\t\t\t   data-parent=\"#accordion_69e90c25936eb\"\n\t\t\t\t\t\t   href=\"#collapse_accordion_69e90c25936eb_4\" aria-expanded=\"false\"\n\t\t\t\t\t\t   aria-controls=\"collapse_accordion_69e90c25936eb_4\">\n\t\t\t\t\t\t\tAtenci\u00f3n a la diversidad\t\t\t\t\t\t<\/a>\n\t\t\t\t\t<\/h4>\n\t\t\t\t<\/div>\n\t\t\t\t<div id=\"collapse_accordion_69e90c25936eb_4\"\n\t\t\t\t\t class=\"panel-collapse collapse\"\n\t\t\t\t\t role=\"tabpanel\" aria-labelledby=\"heading_accordion_69e90c25936eb_4\">\n\t\t\t\t\t<div class=\"panel-body\">\n\t\t\t\t\t\tNuestro centro apuesta por una educaci\u00f3n inclusiva, orientando nuestra labor educativa al desarrollo integral de cada ni\u00f1o, respetando sus ritmos y capacidades.\n<br><br>\nLa realidad personal, familiar y social de cada alumno requiere una respuesta personalizada. Para ello, adem\u00e1s de una cuidada labor tutorial, contamos con el asesoramiento del Departamento de Orientaci\u00f3n y, en los casos que as\u00ed lo requieren, con la intervenci\u00f3n directa de las especialistas que lo conforman. La diversidad es una riqueza y una valiosa oportunidad para crecer como comunidad educativa.\t\t\t\t\t<\/div>\n\t\t\t\t<\/div>\n\t\t\t<\/div>\n\n\t\t\n\t\t\t<div class=\"panel panel-default\">\n\t\t\t\t<div class=\"panel-heading\" role=\"tab\"\n\t\t\t\t\t id=\"heading_accordion_69e90c25936eb_5\">\n\t\t\t\t\t<h4 class=\"panel-title\">\n\t\t\t\t\t\t<a role=\"button\" class=\"collapsed\" data-toggle=\"collapse\"\n\t\t\t\t\t\t   data-parent=\"#accordion_69e90c25936eb\"\n\t\t\t\t\t\t   href=\"#collapse_accordion_69e90c25936eb_5\" aria-expanded=\"false\"\n\t\t\t\t\t\t   aria-controls=\"collapse_accordion_69e90c25936eb_5\">\n\t\t\t\t\t\t\tObservaciones pr\u00e1cticas\t\t\t\t\t\t<\/a>\n\t\t\t\t\t<\/h4>\n\t\t\t\t<\/div>\n\t\t\t\t<div id=\"collapse_accordion_69e90c25936eb_5\"\n\t\t\t\t\t class=\"panel-collapse collapse\"\n\t\t\t\t\t role=\"tabpanel\" aria-labelledby=\"heading_accordion_69e90c25936eb_5\">\n\t\t\t\t\t<div class=\"panel-body\">\n\t\t\t\t\t\tEl uniforme en esta etapa es el <strong>ch\u00e1ndal colegial <\/strong>que junto con el <strong>mandil\u00f3n<\/strong> es de uso obligatorio. Ambos a la venta en nuestra tienda colegial. M\u00e1s informaci\u00f3n en <a href=\"\/tienda-ropa\" class=\"icono enlace\">Tienda de ropa<\/a>\n<br><br>\nServicio de <strong>madrugadores<\/strong> desde las 7:45 hasta las 9:30. Desayuno opcional. <strong>M\u00e1s informaci\u00f3n en <a href=\"\/programa-madrugadores-ludoteca\" class=\"icono enlace\">Programa madrugadores<\/a><\/strong>\n<br><br>\n<strong>Ludoteca<\/strong>: de 17:00-19:00. <strong>M\u00e1s informaci\u00f3n en <a href=\"\/programa-madrugadores-ludoteca\" class=\"icono enlace\">Ludoteca<\/a><\/strong>\n<br><br>\n<strong>Horario<\/strong> semanal\n<table>\n<tbody>\n<tr>\n<td style=\"text-align: center\"><\/td>\n<td style=\"text-align: center\">Lunes<\/td>\n<td style=\"text-align: center\">Martes<\/td>\n<td style=\"text-align: center\">Mi\u00e9rcoles<\/td>\n<td style=\"text-align: center\">Jueves<\/td>\n<td style=\"text-align: center\"><\/td>\n<td style=\"text-align: center\">Viernes<\/td>\n<\/tr>\n<tr>\n<td>9:30-13:00<\/td>\n<td style=\"text-align: center;background-color: #005aa0;color: #fff\" colspan=\"4\"><\/td>\n<td>9:30-14:00<\/td>\n<td style=\"text-align: center;background-color: #005aa0;color: #fff\"><\/td>\n<\/tr>\n<tr>\n<td><\/td>\n<td style=\"text-align: center;background-color: #f4d923;color: #fff\" colspan=\"6\">Comedor<\/td>\n<\/tr>\n<tr>\n<td>15:00-17:00<\/td>\n<td style=\"text-align: center;background-color: #005aa0;color: #fff\" colspan=\"4\"><\/td>\n<\/tr>\n<\/tbody>\n<\/table>\n<strong>Recreos<\/strong>:\n<ul>\n<li>3 a\u00f1os: 10:30-11:00<\/li>\n<li>4 a\u00f1os: 11:00-11:30<\/li>\n<li>5 a\u00f1os: 11:30-12:00<\/li>\n<\/ul>\n\n<br>\nConsulta los <strong><a href=\"\/wp-content\/uploads\/2020\/06\/ed_infantil_criterios_organizacion_la_salle_santiago.pdf\" target=\"_blank\" class=\"icono enlace\">criterios de organizaci\u00f3n<\/a><\/strong>.\n\n\t\t\t\t\t<\/div>\n\t\t\t\t<\/div>\n\t\t\t<\/div>\n\n\t\t\t<!-- End: List Panel -->\n<\/div>\n<\/div>\n<\/div><\/div><\/div><\/div><div id=\"pg-8944-3\"  class=\"panel-grid panel-no-style\" ><div id=\"pgc-8944-3-0\"  class=\"panel-grid-cell\" ><div id=\"panel-8944-3-0-0\" class=\"so-panel widget widget_gallery-images panel-first-child panel-last-child\" data-index=\"3\" ><div class=\"thim-widget-gallery-images template-base\"><div class=\"thim-carousel-wrapper gallery-img\" data-visible=\"2\" data-itemtablet=\"2\" data-itemmobile=\"1\" data-autoplay=\"2000\" data-navigation=\"1\" data-pagination=\"1\" data-loop=\"true\"><div class=\"item\"><img loading=\"lazy\" decoding=\"async\" width=\"1280\" height=\"845\" src=\"https:\/\/web.lasallesantiago.gal\/wp-content\/uploads\/2020\/06\/infantil_instalaciones_1.jpg\" class=\"attachment-full size-full\" alt=\"\" srcset=\"https:\/\/web.lasallesantiago.gal\/wp-content\/uploads\/2020\/06\/infantil_instalaciones_1.jpg 1280w, https:\/\/web.lasallesantiago.gal\/wp-content\/uploads\/2020\/06\/infantil_instalaciones_1-300x198.jpg 300w, https:\/\/web.lasallesantiago.gal\/wp-content\/uploads\/2020\/06\/infantil_instalaciones_1-1024x676.jpg 1024w, https:\/\/web.lasallesantiago.gal\/wp-content\/uploads\/2020\/06\/infantil_instalaciones_1-768x507.jpg 768w, https:\/\/web.lasallesantiago.gal\/wp-content\/uploads\/2020\/06\/infantil_instalaciones_1-600x396.jpg 600w\" sizes=\"auto, (max-width: 1280px) 100vw, 1280px\" \/><\/div><div class=\"item\"><img loading=\"lazy\" decoding=\"async\" width=\"1280\" height=\"845\" src=\"https:\/\/web.lasallesantiago.gal\/wp-content\/uploads\/2020\/06\/infantil_instalaciones_2.jpg\" class=\"attachment-full size-full\" alt=\"\" srcset=\"https:\/\/web.lasallesantiago.gal\/wp-content\/uploads\/2020\/06\/infantil_instalaciones_2.jpg 1280w, https:\/\/web.lasallesantiago.gal\/wp-content\/uploads\/2020\/06\/infantil_instalaciones_2-300x198.jpg 300w, https:\/\/web.lasallesantiago.gal\/wp-content\/uploads\/2020\/06\/infantil_instalaciones_2-1024x676.jpg 1024w, https:\/\/web.lasallesantiago.gal\/wp-content\/uploads\/2020\/06\/infantil_instalaciones_2-768x507.jpg 768w, https:\/\/web.lasallesantiago.gal\/wp-content\/uploads\/2020\/06\/infantil_instalaciones_2-600x396.jpg 600w\" sizes=\"auto, (max-width: 1280px) 100vw, 1280px\" \/><\/div><div class=\"item\"><img loading=\"lazy\" decoding=\"async\" width=\"1280\" height=\"845\" src=\"https:\/\/web.lasallesantiago.gal\/wp-content\/uploads\/2020\/06\/infantil_instalaciones_3.jpg\" class=\"attachment-full size-full\" alt=\"\" srcset=\"https:\/\/web.lasallesantiago.gal\/wp-content\/uploads\/2020\/06\/infantil_instalaciones_3.jpg 1280w, https:\/\/web.lasallesantiago.gal\/wp-content\/uploads\/2020\/06\/infantil_instalaciones_3-300x198.jpg 300w, https:\/\/web.lasallesantiago.gal\/wp-content\/uploads\/2020\/06\/infantil_instalaciones_3-1024x676.jpg 1024w, https:\/\/web.lasallesantiago.gal\/wp-content\/uploads\/2020\/06\/infantil_instalaciones_3-768x507.jpg 768w, https:\/\/web.lasallesantiago.gal\/wp-content\/uploads\/2020\/06\/infantil_instalaciones_3-600x396.jpg 600w\" sizes=\"auto, (max-width: 1280px) 100vw, 1280px\" \/><\/div><div class=\"item\"><img loading=\"lazy\" decoding=\"async\" width=\"1280\" height=\"845\" src=\"https:\/\/web.lasallesantiago.gal\/wp-content\/uploads\/2020\/06\/infantil_instalaciones_4.jpg\" class=\"attachment-full size-full\" alt=\"\" srcset=\"https:\/\/web.lasallesantiago.gal\/wp-content\/uploads\/2020\/06\/infantil_instalaciones_4.jpg 1280w, https:\/\/web.lasallesantiago.gal\/wp-content\/uploads\/2020\/06\/infantil_instalaciones_4-300x198.jpg 300w, https:\/\/web.lasallesantiago.gal\/wp-content\/uploads\/2020\/06\/infantil_instalaciones_4-1024x676.jpg 1024w, https:\/\/web.lasallesantiago.gal\/wp-content\/uploads\/2020\/06\/infantil_instalaciones_4-768x507.jpg 768w, https:\/\/web.lasallesantiago.gal\/wp-content\/uploads\/2020\/06\/infantil_instalaciones_4-600x396.jpg 600w\" sizes=\"auto, (max-width: 1280px) 100vw, 1280px\" \/><\/div><\/div><\/div><\/div><\/div><\/div><\/div>","protected":false},"excerpt":{"rendered":"<p>Educaci\u00f3n Infantil2.\u00ba ciclo Comprende tres a\u00f1os acad\u00e9micos: aquellos que se cursan entre los 3 y los 6 a\u00f1os de edad. Apostamos por una educaci\u00f3n global que ayude al desarrollo de las capacidades intelectuales, afectivas, motoras, psicomotoras y sociales-religiosas de nuestros &hellip; <\/p>\n","protected":false},"author":1,"featured_media":0,"parent":0,"menu_order":0,"comment_status":"closed","ping_status":"closed","template":"","meta":{"footnotes":""},"class_list":["post-8944","page","type-page","status-publish","hentry"],"_links":{"self":[{"href":"https:\/\/web.lasallesantiago.gal\/es\/wp-json\/wp\/v2\/pages\/8944","targetHints":{"allow":["GET"]}}],"collection":[{"href":"https:\/\/web.lasallesantiago.gal\/es\/wp-json\/wp\/v2\/pages"}],"about":[{"href":"https:\/\/web.lasallesantiago.gal\/es\/wp-json\/wp\/v2\/types\/page"}],"author":[{"embeddable":true,"href":"https:\/\/web.lasallesantiago.gal\/es\/wp-json\/wp\/v2\/users\/1"}],"replies":[{"embeddable":true,"href":"https:\/\/web.lasallesantiago.gal\/es\/wp-json\/wp\/v2\/comments?post=8944"}],"version-history":[{"count":0,"href":"https:\/\/web.lasallesantiago.gal\/es\/wp-json\/wp\/v2\/pages\/8944\/revisions"}],"wp:attachment":[{"href":"https:\/\/web.lasallesantiago.gal\/es\/wp-json\/wp\/v2\/media?parent=8944"}],"curies":[{"name":"wp","href":"https:\/\/api.w.org\/{rel}","templated":true}]}}