{"id":8928,"date":"2020-05-13T07:28:30","date_gmt":"2020-05-13T07:28:30","guid":{"rendered":"https:\/\/web.lasallesantiago.gal\/?page_id=8928"},"modified":"2020-05-27T14:29:28","modified_gmt":"2020-05-27T14:29:28","slug":"la-salle-en-el-mundo","status":"publish","type":"page","link":"https:\/\/web.lasallesantiago.gal\/es\/la-salle-en-el-mundo\/","title":{"rendered":"La Salle en el mundo"},"content":{"rendered":"<div id=\"pl-8928\"  class=\"panel-layout\" ><div id=\"pg-8928-0\"  class=\"panel-grid panel-no-style\" ><div id=\"pgc-8928-0-0\"  class=\"panel-grid-cell\" ><div id=\"panel-8928-0-0-0\" class=\"so-panel widget widget_heading panel-first-child panel-last-child\" data-index=\"0\" ><div class=\"thim-widget-heading template-base\"><div class=\"sc_heading  text-left\"><h3 style=\"text-transform: uppercase;\" class=\"title\">La Salle en el mundo<\/h3><span class=\"line\"><\/span><\/div><\/div><\/div><\/div><\/div><div id=\"pg-8928-1\"  class=\"panel-grid panel-no-style\" ><div id=\"pgc-8928-1-0\"  class=\"panel-grid-cell\" ><div id=\"panel-8928-1-0-0\" class=\"so-panel widget widget_sow-editor panel-first-child panel-last-child\" data-index=\"1\" ><div\n\t\t\t\n\t\t\tclass=\"so-widget-sow-editor so-widget-sow-editor-base\"\n\t\t\t\n\t\t>\n<div class=\"siteorigin-widget-tinymce textwidget\">\n\t<p>Los <strong style=\"texto-azul\">Hermanos de las Escuelas Cristianas \u2013 La Salle<\/strong> junto con unos 84.000 colaboradores seglares ense\u00f1an y educan a m\u00e1s de 1.000.000 alumnos en 80 pa\u00edses.<\/p>\n<\/div>\n<\/div><\/div><\/div><\/div><div id=\"pg-8928-2\"  class=\"panel-grid panel-has-style\" ><div class=\"siteorigin-panels-stretch panel-row-style panel-row-style-for-8928-2\" data-stretch-type=\"full\" ><div id=\"pgc-8928-2-0\"  class=\"panel-grid-cell\" ><div id=\"panel-8928-2-0-0\" class=\"so-panel widget widget_counters-box panel-first-child panel-last-child\" data-index=\"2\" ><div class=\"thim-widget-counters-box template-base\"><div class=\"counter-box home-page\" style=\"\"><div class=\"icon-counter-box\" style=\"\"><i class=\"fa fa-check-square\"><\/i><\/div><div class=\"content-box-percentage\">\n\t\t<div class=\"wrap-percentage\">\n\t\t<div class=\"display-percentage\" data-percentage=\"84000\" >84000<\/div><div class=\"text_number\"><\/div><\/div><div class=\"counter-content-container\"><div class=\"counter-box-content\" style=\"\">Colaboradores<\/div><\/div><\/div><\/div><\/div><\/div><\/div><div id=\"pgc-8928-2-1\"  class=\"panel-grid-cell\" ><div id=\"panel-8928-2-1-0\" class=\"so-panel widget widget_counters-box panel-first-child panel-last-child\" data-index=\"3\" ><div class=\"thim-widget-counters-box template-base\"><div class=\"counter-box home-page\" style=\"\"><div class=\"icon-counter-box\" style=\"\"><i class=\"fa fa-users\"><\/i><\/div><div class=\"content-box-percentage\">\n\t\t<div class=\"wrap-percentage\">\n\t\t<div class=\"display-percentage\" data-percentage=\"1000000\" >1000000<\/div><div class=\"text_number\"><\/div><\/div><div class=\"counter-content-container\"><div class=\"counter-box-content\" style=\"\">Alumnos<\/div><\/div><\/div><\/div><\/div><\/div><\/div><div id=\"pgc-8928-2-2\"  class=\"panel-grid-cell\" ><div id=\"panel-8928-2-2-0\" class=\"so-panel widget widget_counters-box panel-first-child panel-last-child\" data-index=\"4\" ><div class=\"thim-widget-counters-box template-base\"><div class=\"counter-box home-page\" style=\"\"><div class=\"icon-counter-box\" style=\"\"><i class=\"fa fa-globe\"><\/i><\/div><div class=\"content-box-percentage\">\n\t\t<div class=\"wrap-percentage\">\n\t\t<div class=\"display-percentage\" data-percentage=\"80\" >80<\/div><div class=\"text_number\"><\/div><\/div><div class=\"counter-content-container\"><div class=\"counter-box-content\" style=\"\">Paises<\/div><\/div><\/div><\/div><\/div><\/div><\/div><\/div><\/div><div id=\"pg-8928-3\"  class=\"panel-grid panel-no-style\" ><div id=\"pgc-8928-3-0\"  class=\"panel-grid-cell\" ><div id=\"panel-8928-3-0-0\" class=\"so-panel widget widget_sow-editor panel-first-child panel-last-child\" data-index=\"5\" ><div\n\t\t\t\n\t\t\tclass=\"so-widget-sow-editor so-widget-sow-editor-base\"\n\t\t\t\n\t\t>\n<div class=\"siteorigin-widget-tinymce textwidget\">\n\t<h4 class=\"icono enlace texto-azul\"><a href=\"https:\/\/www.lasalle.org\/?page_id=519\">Casa Generalicia<\/a><\/h4>\n<p>La Casa Generalicia es la residencia del Hermano Superior General y de su Consejo. Aqu\u00ed se encuentra la sede del Gobierno central y de los Servicios generales de la Instituci\u00f3n La Salle.<\/p>\n<h4 class=\"icono enlace texto-azul\"><a href=\"https:\/\/www.lasalle.org\/?page_id=519&amp;page_id=523\">\u00c1frica<\/a><\/h4>\n<p><strong><span class=\"texto-amarillo\">RELAF \u2013 R\u00e9gion Lasallienne Africano-Malgache<\/span><\/strong><br \/>\nB\u00e9nin \u2013 Burkina Faso \u2013 Cameroun \u2013 C\u00f4te d\u2019Ivoire \u2013 \u00c9gypte \u2013 Eritrea \u2013 Ethiopia \u2013 Guin\u00e9e \u2013 Guinea Ecuatorial \u2013 Kenya \u2013 La R\u00e9union \u2013 Madagascar \u2013 Mo\u00e7ambique \u2013 Niger \u2013 Nigeria \u2013 R\u00e9p D\u00e9mocratique du Congo \u2013 Rwanda \u2013 Soudan \u2013 Soud Soudan \u2013 South Africa \u2013 Tchad \u2013 Togo<\/p>\n<h4 class=\"icono enlace texto-azul\"><a href=\"https:\/\/www.lasalle.org\/?page_id=519&amp;page_id=523\">Am\u00e9rica del Norte<\/a><\/h4>\n<p><strong><span class=\"texto-amarillo\">RELAN \u2013 Region Lasaliana Am\u00e9rica del Norte<\/span><\/strong><br \/>\nCanada \u2013 United States of America<\/p>\n<h4 class=\"icono enlace texto-azul\"><a href=\"https:\/\/www.lasalle.org\/?page_id=4429&amp;page_id=525&amp;page_id=527\">Am\u00e9rica Latina<\/a><\/h4>\n<p><strong><span class=\"texto-amarillo\">RELAL \u2013 Region Latinoamericana Lasallista<\/span><\/strong><br \/>\nArgentina \u2013 Bolivia \u2013 Brasil \u2013 Chile \u2013 Colombia (Bogot\u00e1 \u2013 Medell\u00edn) \u2013 Costa Rica \u2013 Cuba \u2013 Ecuador \u2013 Guatemala \u2013 Ha\u00efti \u2013 Honduras \u2013 M\u00e9xico (Norte \u2013 Sur) \u2013 Nicaragua \u2013 Panam\u00e1 \u2013 Paraguay \u2013 Per\u00fa \u2013 Puerto Rico \u2013 Republica Dominicana \u2013 Venenezuela<\/p>\n<h4 class=\"icono enlace texto-azul\"><a href=\"https:\/\/www.lasalle.org\/?page_id=4429&amp;page_id=4311&amp;page_id=4962&amp;page_id=529\">Asia y Ocean\u00eda<\/a><\/h4>\n<p><strong><span class=\"texto-amarillo\">PARC \u2013 Pacific-Asia Regional Conference<\/span><\/strong><br \/>\nAustralia- China \u2013 India \u2013 Indonesia \u2013 Japan \u2013 Malaysia \u2013 Myanmar \u2013 New Zealand \u2013 Pakistan \u2013 Papua-New Guinea \u2013 Philippines \u2013 Sri Lanka \u2013 Singapore \u2013 Thailand \u2013 Vietnam<\/p>\n<h4 class=\"icono enlace texto-azul\"><a href=\"https:\/\/www.lasalle.org\/?page_id=4776&amp;page_id=521\">Europa \u2013 Mediterraneo<\/a><\/h4>\n<p><strong><span class=\"texto-amarillo\">RELEM \u2013 R\u00e9gion Lasallienne Europ\u00e9enne-Mediterran\u00e9enne<\/span><\/strong><br \/>\nAllemagne \u2013 Autriche \u2013 Belgique (Norte \u2013 Sud) \u2013 Espa\u00f1a \u2013 France \u2013 England \u2013 Gr\u00e8ce \u2013 Hongrie \u2013 Ireland \u2013 Isra\u00ebl \u2013 Italia \u2013 Jordanie \u2013 Liban \u2013 Malta \u2013 Pays-Bas \u2013 Palestine \u2013 Pologne \u2013 Portugal \u2013 Roumanie \u2013 Scotland \u2013 Slovakia \u2013 Suisse \u2013 Turquie<\/p>\n<\/div>\n<\/div><\/div><\/div><\/div><div id=\"pg-8928-4\"  class=\"panel-grid panel-no-style\" ><div id=\"pgc-8928-4-0\"  class=\"panel-grid-cell\" ><div id=\"panel-8928-4-0-0\" class=\"so-panel widget widget_single-images panel-first-child panel-last-child\" data-index=\"6\" ><div class=\"thim-widget-single-images template-single-images\">\n<div class=\"single-image text-center\"><img src =\"https:\/\/web.lasallesantiago.gal\/wp-content\/uploads\/2020\/05\/lasalleworld.jpg\" width=\"614\" height=\"425\" alt=\"\"\/><\/div><\/div><\/div><\/div><\/div><\/div>","protected":false},"excerpt":{"rendered":"<p>Los Hermanos de las Escuelas Cristianas \u2013 La Salle junto con unos 84.000 colaboradores seglares ense\u00f1an y educan a m\u00e1s de 1.000.000 alumnos en 80 pa\u00edses.<\/p>\n","protected":false},"author":1,"featured_media":0,"parent":0,"menu_order":0,"comment_status":"closed","ping_status":"closed","template":"","meta":{"footnotes":""},"class_list":["post-8928","page","type-page","status-publish","hentry"],"_links":{"self":[{"href":"https:\/\/web.lasallesantiago.gal\/es\/wp-json\/wp\/v2\/pages\/8928","targetHints":{"allow":["GET"]}}],"collection":[{"href":"https:\/\/web.lasallesantiago.gal\/es\/wp-json\/wp\/v2\/pages"}],"about":[{"href":"https:\/\/web.lasallesantiago.gal\/es\/wp-json\/wp\/v2\/types\/page"}],"author":[{"embeddable":true,"href":"https:\/\/web.lasallesantiago.gal\/es\/wp-json\/wp\/v2\/users\/1"}],"replies":[{"embeddable":true,"href":"https:\/\/web.lasallesantiago.gal\/es\/wp-json\/wp\/v2\/comments?post=8928"}],"version-history":[{"count":0,"href":"https:\/\/web.lasallesantiago.gal\/es\/wp-json\/wp\/v2\/pages\/8928\/revisions"}],"wp:attachment":[{"href":"https:\/\/web.lasallesantiago.gal\/es\/wp-json\/wp\/v2\/media?parent=8928"}],"curies":[{"name":"wp","href":"https:\/\/api.w.org\/{rel}","templated":true}]}}