{"id":8925,"date":"2020-05-13T07:28:03","date_gmt":"2020-05-13T07:28:03","guid":{"rendered":"https:\/\/web.lasallesantiago.gal\/?page_id=8925"},"modified":"2020-05-27T14:33:59","modified_gmt":"2020-05-27T14:33:59","slug":"la-salle-en-espana","status":"publish","type":"page","link":"https:\/\/web.lasallesantiago.gal\/es\/la-salle-en-espana\/","title":{"rendered":"La Salle en Espa\u00f1a y Portugal"},"content":{"rendered":"<div id=\"pl-8925\"  class=\"panel-layout\" ><div id=\"pg-8925-0\"  class=\"panel-grid panel-no-style\" ><div id=\"pgc-8925-0-0\"  class=\"panel-grid-cell\" ><div id=\"panel-8925-0-0-0\" class=\"so-panel widget widget_heading panel-first-child panel-last-child\" data-index=\"0\" ><div class=\"thim-widget-heading template-base\"><div class=\"sc_heading  text-left\"><h3 style=\"text-transform: uppercase;\" class=\"title\">La Salle en Espa\u00f1a y Portugal<\/h3><p class=\"sub-heading\" style=\"\">Red de obras educativas<\/p><span class=\"line\"><\/span><\/div><\/div><\/div><\/div><\/div><div id=\"pg-8925-1\"  class=\"panel-grid panel-no-style\" ><div id=\"pgc-8925-1-0\"  class=\"panel-grid-cell\" ><div id=\"panel-8925-1-0-0\" class=\"so-panel widget widget_sow-editor panel-first-child panel-last-child\" data-index=\"1\" ><div\n\t\t\t\n\t\t\tclass=\"so-widget-sow-editor so-widget-sow-editor-base\"\n\t\t\t\n\t\t>\n<div class=\"siteorigin-widget-tinymce textwidget\">\n\t<p>La <strong>Red de obras educativas La Salle<\/strong> cuenta con <strong>120 centros educativos<\/strong> en los que se forman cerca de <strong>70.000 alumnos<\/strong> y participan algo m\u00e1s de <strong>5.000 educadores<\/strong>.<\/p>\n<\/div>\n<\/div><\/div><\/div><\/div><div id=\"pg-8925-2\"  class=\"panel-grid panel-has-style\" ><div class=\"siteorigin-panels-stretch panel-row-style panel-row-style-for-8925-2\" data-stretch-type=\"full\" ><div id=\"pgc-8925-2-0\"  class=\"panel-grid-cell\" ><div id=\"panel-8925-2-0-0\" class=\"so-panel widget widget_counters-box panel-first-child panel-last-child\" data-index=\"2\" ><div class=\"thim-widget-counters-box template-base\"><div class=\"counter-box home-page\" style=\"\"><div class=\"icon-counter-box\" style=\"\"><i class=\"fa fa-home\"><\/i><\/div><div class=\"content-box-percentage\">\n\t\t<div class=\"wrap-percentage\">\n\t\t<div class=\"display-percentage\" data-percentage=\"120\" >120<\/div><div class=\"text_number\"><\/div><\/div><div class=\"counter-content-container\"><div class=\"counter-box-content\" style=\"\">CENTROS EDUCATIVOS<\/div><\/div><\/div><\/div><\/div><\/div><\/div><div id=\"pgc-8925-2-1\"  class=\"panel-grid-cell\" ><div id=\"panel-8925-2-1-0\" class=\"so-panel widget widget_counters-box panel-first-child panel-last-child\" data-index=\"3\" ><div class=\"thim-widget-counters-box template-base\"><div class=\"counter-box home-page\" style=\"\"><div class=\"icon-counter-box\" style=\"\"><i class=\"fa fa-users\"><\/i><\/div><div class=\"content-box-percentage\">\n\t\t<div class=\"wrap-percentage\">\n\t\t<div class=\"display-percentage\" data-percentage=\"70000\" >70000<\/div><div class=\"text_number\"><\/div><\/div><div class=\"counter-content-container\"><div class=\"counter-box-content\" style=\"\">ALUMNOS<\/div><\/div><\/div><\/div><\/div><\/div><\/div><div id=\"pgc-8925-2-2\"  class=\"panel-grid-cell\" ><div id=\"panel-8925-2-2-0\" class=\"so-panel widget widget_counters-box panel-first-child panel-last-child\" data-index=\"4\" ><div class=\"thim-widget-counters-box template-base\"><div class=\"counter-box home-page\" style=\"\"><div class=\"icon-counter-box\" style=\"\"><i class=\"fa fa-graduation-cap\"><\/i><\/div><div class=\"content-box-percentage\">\n\t\t<div class=\"wrap-percentage\">\n\t\t<div class=\"display-percentage\" data-percentage=\"5000\" >5000<\/div><div class=\"text_number\"><\/div><\/div><div class=\"counter-content-container\"><div class=\"counter-box-content\" style=\"\">EDUCADORES<\/div><\/div><\/div><\/div><\/div><\/div><\/div><\/div><\/div><div id=\"pg-8925-3\"  class=\"panel-grid panel-no-style\" ><div id=\"pgc-8925-3-0\"  class=\"panel-grid-cell\" ><div id=\"panel-8925-3-0-0\" class=\"so-panel widget widget_sow-editor panel-first-child panel-last-child\" data-index=\"5\" ><div\n\t\t\t\n\t\t\tclass=\"so-widget-sow-editor so-widget-sow-editor-base\"\n\t\t\t\n\t\t>\n<div class=\"siteorigin-widget-tinymce textwidget\">\n\t<p>Adem\u00e1s de los colegios, La Salle cuenta tambi\u00e9n con obras de educaci\u00f3n no formal (pisos de acogida, tiempo libre y refuerzo escolar, formaci\u00f3n de adultos, aulas taller\u2026), centros superiores universitarios, granjas-escuela, residencias, albergues y centros de espiritualidad.<\/p>\n<\/div>\n<\/div><\/div><\/div><\/div><\/div>","protected":false},"excerpt":{"rendered":"<p>La Red de obras educativas La Salle cuenta con 120 centros educativos en los que se forman cerca de 70.000 alumnos y participan algo m\u00e1s de 5.000 educadores.<\/p>\n","protected":false},"author":1,"featured_media":0,"parent":0,"menu_order":0,"comment_status":"closed","ping_status":"closed","template":"","meta":{"footnotes":""},"class_list":["post-8925","page","type-page","status-publish","hentry"],"_links":{"self":[{"href":"https:\/\/web.lasallesantiago.gal\/es\/wp-json\/wp\/v2\/pages\/8925","targetHints":{"allow":["GET"]}}],"collection":[{"href":"https:\/\/web.lasallesantiago.gal\/es\/wp-json\/wp\/v2\/pages"}],"about":[{"href":"https:\/\/web.lasallesantiago.gal\/es\/wp-json\/wp\/v2\/types\/page"}],"author":[{"embeddable":true,"href":"https:\/\/web.lasallesantiago.gal\/es\/wp-json\/wp\/v2\/users\/1"}],"replies":[{"embeddable":true,"href":"https:\/\/web.lasallesantiago.gal\/es\/wp-json\/wp\/v2\/comments?post=8925"}],"version-history":[{"count":0,"href":"https:\/\/web.lasallesantiago.gal\/es\/wp-json\/wp\/v2\/pages\/8925\/revisions"}],"wp:attachment":[{"href":"https:\/\/web.lasallesantiago.gal\/es\/wp-json\/wp\/v2\/media?parent=8925"}],"curies":[{"name":"wp","href":"https:\/\/api.w.org\/{rel}","templated":true}]}}