{"id":8922,"date":"2020-05-13T07:27:05","date_gmt":"2020-05-13T07:27:05","guid":{"rendered":"https:\/\/web.lasallesantiago.gal\/?page_id=8922"},"modified":"2020-05-27T14:22:47","modified_gmt":"2020-05-27T14:22:47","slug":"familia-lasaliana","status":"publish","type":"page","link":"https:\/\/web.lasallesantiago.gal\/es\/familia-lasaliana\/","title":{"rendered":"Familia Lasaliana"},"content":{"rendered":"<div id=\"pl-8922\"  class=\"panel-layout\" ><div id=\"pg-8922-0\"  class=\"panel-grid panel-no-style\" ><div id=\"pgc-8922-0-0\"  class=\"panel-grid-cell\" ><div id=\"panel-8922-0-0-0\" class=\"so-panel widget widget_heading panel-first-child panel-last-child\" data-index=\"0\" ><div class=\"thim-widget-heading template-base\"><div class=\"sc_heading  text-left\"><h3 style=\"text-transform: uppercase;\" class=\"title\">Familia Lasaliana<\/h3><span class=\"line\"><\/span><\/div><\/div><\/div><\/div><\/div><div id=\"pg-8922-1\"  class=\"panel-grid panel-no-style\" ><div id=\"pgc-8922-1-0\"  class=\"panel-grid-cell\" ><div id=\"panel-8922-1-0-0\" class=\"so-panel widget widget_sow-editor panel-first-child panel-last-child\" data-index=\"1\" ><div\n\t\t\t\n\t\t\tclass=\"so-widget-sow-editor so-widget-sow-editor-base\"\n\t\t\t\n\t\t>\n<div class=\"siteorigin-widget-tinymce textwidget\">\n\t<p>Las obras educativas <strong>La Salle<\/strong> est\u00e1n animadas por las comunidades de la <strong>Familia Lasaliana<\/strong>. Cada comunidad pretende ser un fermento inspirador del carisma de san Juan Bautista de La Salle para toda la comunidad educativa con la que comparte la misi\u00f3n.<\/p>\n<p>Las comunidades lasalianas est\u00e1n formadas o bien por Hermanos, o bien por seglares lasalianos, hombres y mujeres, o bien por Hermanos y seglares, todos ellos asociados para servir juntos a la misi\u00f3n educativa y especialmente a los m\u00e1s necesitados.<\/p>\n<p>Los Hermanos son religiosos laicos (no sacerdotes) que se consagran a Dios en comunidad y dedican su vida a sostener esta misi\u00f3n educativa. Forman el Instituto \u201cHermanos de las Escuelas Cristianas\u201d, fundado por san Juan Bautista de La Salle hace m\u00e1s de 300 a\u00f1os. Se integran hoy en la Familia Lasaliana con muchos educadores seglares que, desde otras opciones de vida, participan en el mismo carisma y viven la misma espiritualidad que les hace sentirse mediadores del amor de Dios junto a los ni\u00f1os y j\u00f3venes, con una especial predilecci\u00f3n para los m\u00e1s vulnerables.<\/p>\n<\/div>\n<\/div><\/div><\/div><\/div><div id=\"pg-8922-2\"  class=\"panel-grid panel-has-style\" ><div class=\"siteorigin-panels-stretch panel-row-style panel-row-style-for-8922-2\" data-stretch-type=\"full\" ><div id=\"pgc-8922-2-0\"  class=\"panel-grid-cell\" ><div id=\"panel-8922-2-0-0\" class=\"so-panel widget widget_counters-box panel-first-child panel-last-child\" data-index=\"2\" ><div class=\"thim-widget-counters-box template-base\"><div class=\"counter-box home-page\" style=\"\"><div class=\"icon-counter-box\" style=\"\"><i class=\"fa fa-flag\"><\/i><\/div><div class=\"content-box-percentage\">\n\t\t<div class=\"wrap-percentage\">\n\t\t<div class=\"display-percentage\" data-percentage=\"80\" >80<\/div><div class=\"text_number\"><\/div><\/div><div class=\"counter-content-container\"><div class=\"counter-box-content\" style=\"\">Pa\u00edses<\/div><\/div><\/div><\/div><\/div><\/div><\/div><div id=\"pgc-8922-2-1\"  class=\"panel-grid-cell\" ><div id=\"panel-8922-2-1-0\" class=\"so-panel widget widget_counters-box panel-first-child panel-last-child\" data-index=\"3\" ><div class=\"thim-widget-counters-box template-base\"><div class=\"counter-box home-page\" style=\"\"><div class=\"icon-counter-box\" style=\"\"><i class=\"fa fa-globe\"><\/i><\/div><div class=\"content-box-percentage\">\n\t\t<div class=\"wrap-percentage\">\n\t\t<div class=\"display-percentage\" data-percentage=\"5\" >5<\/div><div class=\"text_number\"><\/div><\/div><div class=\"counter-content-container\"><div class=\"counter-box-content\" style=\"\">Continentes<\/div><\/div><\/div><\/div><\/div><\/div><\/div><div id=\"pgc-8922-2-2\"  class=\"panel-grid-cell\" ><div id=\"panel-8922-2-2-0\" class=\"so-panel widget widget_counters-box panel-first-child panel-last-child\" data-index=\"4\" ><div class=\"thim-widget-counters-box template-base\"><div class=\"counter-box home-page\" style=\"\"><div class=\"icon-counter-box\" style=\"\"><i class=\"fa fa-home\"><\/i><\/div><div class=\"content-box-percentage\">\n\t\t<div class=\"wrap-percentage\">\n\t\t<div class=\"display-percentage\" data-percentage=\"122\" >122<\/div><div class=\"text_number\"><\/div><\/div><div class=\"counter-content-container\"><div class=\"counter-box-content\" style=\"\">Obras Educativas<\/div><\/div><\/div><\/div><\/div><\/div><\/div><\/div><\/div><div id=\"pg-8922-3\"  class=\"panel-grid panel-no-style\" ><div id=\"pgc-8922-3-0\"  class=\"panel-grid-cell\" ><div id=\"panel-8922-3-0-0\" class=\"so-panel widget widget_sow-editor panel-first-child panel-last-child\" data-index=\"5\" ><div\n\t\t\t\n\t\t\tclass=\"so-widget-sow-editor so-widget-sow-editor-base\"\n\t\t\t\n\t\t>\n<div class=\"siteorigin-widget-tinymce textwidget\">\n\t<p>La Salle est\u00e1 hoy presente en <strong>80 pa\u00edses<\/strong>, en los <strong>5 continentes<\/strong>, con m\u00e1s de un mill\u00f3n de alumnos en todos los niveles de la educaci\u00f3n. En Espa\u00f1a hay un centenar de comunidades lasalianas que animan <strong>122 obras educativas<\/strong>.<\/p>\n<\/div>\n<\/div><\/div><\/div><\/div><\/div>","protected":false},"excerpt":{"rendered":"<p>Las obras educativas La Salle est\u00e1n animadas por las comunidades de la Familia Lasaliana. Cada comunidad pretende ser un fermento inspirador del carisma de san Juan Bautista de La Salle para toda la comunidad educativa con la que comparte la &hellip; <\/p>\n","protected":false},"author":1,"featured_media":0,"parent":0,"menu_order":0,"comment_status":"closed","ping_status":"closed","template":"","meta":{"footnotes":""},"class_list":["post-8922","page","type-page","status-publish","hentry"],"_links":{"self":[{"href":"https:\/\/web.lasallesantiago.gal\/es\/wp-json\/wp\/v2\/pages\/8922","targetHints":{"allow":["GET"]}}],"collection":[{"href":"https:\/\/web.lasallesantiago.gal\/es\/wp-json\/wp\/v2\/pages"}],"about":[{"href":"https:\/\/web.lasallesantiago.gal\/es\/wp-json\/wp\/v2\/types\/page"}],"author":[{"embeddable":true,"href":"https:\/\/web.lasallesantiago.gal\/es\/wp-json\/wp\/v2\/users\/1"}],"replies":[{"embeddable":true,"href":"https:\/\/web.lasallesantiago.gal\/es\/wp-json\/wp\/v2\/comments?post=8922"}],"version-history":[{"count":0,"href":"https:\/\/web.lasallesantiago.gal\/es\/wp-json\/wp\/v2\/pages\/8922\/revisions"}],"wp:attachment":[{"href":"https:\/\/web.lasallesantiago.gal\/es\/wp-json\/wp\/v2\/media?parent=8922"}],"curies":[{"name":"wp","href":"https:\/\/api.w.org\/{rel}","templated":true}]}}