{"id":8907,"date":"2020-05-13T07:21:31","date_gmt":"2020-05-13T07:21:31","guid":{"rendered":"https:\/\/web.lasallesantiago.gal\/?page_id=8907"},"modified":"2020-06-01T14:54:14","modified_gmt":"2020-06-01T14:54:14","slug":"programas-la-salle","status":"publish","type":"page","link":"https:\/\/web.lasallesantiago.gal\/es\/programas-la-salle\/","title":{"rendered":"Programas La Salle"},"content":{"rendered":"<div id=\"pl-8907\"  class=\"panel-layout\" ><div id=\"pg-8907-0\"  class=\"panel-grid panel-no-style\" ><div id=\"pgc-8907-0-0\"  class=\"panel-grid-cell\" ><div id=\"panel-8907-0-0-0\" class=\"so-panel widget widget_heading panel-first-child panel-last-child\" data-index=\"0\" ><div class=\"thim-widget-heading template-base\"><div class=\"sc_heading  text-left\"><h3 style=\"text-transform: uppercase;\" class=\"title\">Programas La Salle<\/h3><p class=\"sub-heading\" style=\"\">As\u00ed trabajamos<\/p><span class=\"line\"><\/span><\/div><\/div><\/div><\/div><\/div><div id=\"pg-8907-1\"  class=\"panel-grid panel-no-style\" ><div id=\"pgc-8907-1-0\"  class=\"panel-grid-cell\" ><div id=\"panel-8907-1-0-0\" class=\"so-panel widget widget_siteorigin-panels-builder panel-first-child panel-last-child\" data-index=\"1\" ><div id=\"pl-w5ed51696a1afa\"  class=\"panel-layout\" ><div id=\"pg-w5ed51696a1afa-0\"  class=\"panel-grid panel-no-style\" ><div id=\"pgc-w5ed51696a1afa-0-0\"  class=\"panel-grid-cell\" ><div class=\"panel-cell-style panel-cell-style-for-w5ed51696a1afa-0-0\" ><div id=\"panel-w5ed51696a1afa-0-0-0\" class=\"so-panel widget widget_single-images panel-first-child panel-last-child\" data-index=\"0\" ><div class=\"thim-widget-single-images template-single-images\">\n<div class=\"single-image text-center\"><img src =\"https:\/\/web.lasallesantiago.gal\/wp-content\/uploads\/2020\/05\/pls-logo-300x276.png\" width=\"300\" height=\"276\" alt=\"\"\/><\/div><\/div><\/div><\/div><\/div><div id=\"pgc-w5ed51696a1afa-0-1\"  class=\"panel-grid-cell\" ><div id=\"panel-w5ed51696a1afa-0-1-0\" class=\"so-panel widget widget_sow-editor panel-first-child panel-last-child\" data-index=\"1\" ><div\n\t\t\t\n\t\t\tclass=\"so-widget-sow-editor so-widget-sow-editor-base\"\n\t\t\t\n\t\t>\n<div class=\"siteorigin-widget-tinymce textwidget\">\n\t<p>Nuestra propuesta pedag\u00f3gica incluye la aplicaci\u00f3n de <span class=\"texto-azul\"><strong>proyectos innovadores y programas educativos<\/strong><\/span> propios de la Red de Centros La Salle.<\/p>\n<p>Estos programas se desarrollan a lo largo de toda la escolaridad de nuestro alumnado, con una implantaci\u00f3n progresiva y adaptada a su nivel madurativo y estrategias de aprendizaje, sistematiz\u00e1ndose en las rutinas del aula e integr\u00e1ndose en la metodolog\u00eda diaria.<\/p>\n<\/div>\n<\/div><\/div><\/div><\/div><div id=\"pg-w5ed51696a1afa-1\"  class=\"panel-grid panel-no-style\" ><div id=\"pgc-w5ed51696a1afa-1-0\"  class=\"panel-grid-cell\" ><div id=\"panel-w5ed51696a1afa-1-0-0\" class=\"so-panel widget widget_sow-editor panel-first-child panel-last-child\" data-index=\"2\" ><div\n\t\t\t\n\t\t\tclass=\"so-widget-sow-editor so-widget-sow-editor-base\"\n\t\t\t\n\t\t>\n<div class=\"siteorigin-widget-tinymce textwidget\">\n\t<p>Con ellos intentamos adaptarnos a los cambios en las formas de pensar y aprender, creando nuevos ambientes de aprendizaje a partir de los cuales las personas ven el mundo, se comunican, comparten informaci\u00f3n y construyen conocimiento, establecen nuevas relaciones con el tiempo y el espacio y exigen <span class=\"texto-azul\"><strong>nuevas formas de concebir el aprendizaje<\/strong><\/span>.<\/p>\n<\/div>\n<\/div><\/div><\/div><\/div><div id=\"pg-w5ed51696a1afa-2\"  class=\"panel-grid panel-no-style\" ><div id=\"pgc-w5ed51696a1afa-2-0\"  class=\"panel-grid-cell\" ><div id=\"panel-w5ed51696a1afa-2-0-0\" class=\"so-panel widget widget_sow-features panel-first-child\" data-index=\"3\" ><div\n\t\t\t\n\t\t\tclass=\"so-widget-sow-features so-widget-sow-features-default-edb4a4f7045b\"\n\t\t\t\n\t\t><ul\n\tclass=\"sow-features-list\n\tsow-features-responsive\">\n\n\t\t\t<li\n\t\t\tclass=\"sow-features-feature sow-icon-container-position-top\"\n\t\t\tstyle=\"display: flex; flex-direction: column; width: calc(33.333% - 25px);\"\n\t\t>\n\t\t\t\n\t\t\t\t\t\t<div\t\t\t\tclass=\"sow-icon-container sow-container-round\"\n\t\t\t\tstyle=\"color: #005aa0; \"\n\t\t\t\t\n\t\t\t\t\t\t\t>\n\t\t\t\t<span class=\"sow-icon-fontawesome sow-far\" data-sow-icon=\"&#xf058;\"\n\t\tstyle=\"font-size: 24px; color: #FFFFFF\" \n\t\taria-hidden=\"true\"><\/span>\t\t\t<\/div>\n\n\t\t\t<div class=\"textwidget\">\n\t\t\t\t\n\t\t\t\t\n\t\t\t\t\t\t\t\t\t<div class=\"sow-features-feature-text\">\n\t\t\t\t\t<h4>Desarrollar las distintas \u00e1reas de la inteligencia: vertical, lateral y emocional.<\/h4>\t\t\t\t\t<\/div>\n\t\t\t\t\t\t\t\t<\/div>\n\t\t\t\t\t\t\t\t<\/li>\n\n\t\t\t<li\n\t\t\tclass=\"sow-features-feature sow-icon-container-position-top\"\n\t\t\tstyle=\"display: flex; flex-direction: column; width: calc(33.333% - 25px);\"\n\t\t>\n\t\t\t\n\t\t\t\t\t\t<div\t\t\t\tclass=\"sow-icon-container sow-container-round\"\n\t\t\t\tstyle=\"color: #005aa0; \"\n\t\t\t\t\n\t\t\t\t\t\t\t>\n\t\t\t\t<span class=\"sow-icon-fontawesome sow-far\" data-sow-icon=\"&#xf058;\"\n\t\tstyle=\"font-size: 24px; color: #FFFFFF\" \n\t\taria-hidden=\"true\"><\/span>\t\t\t<\/div>\n\n\t\t\t<div class=\"textwidget\">\n\t\t\t\t\n\t\t\t\t\n\t\t\t\t\t\t\t\t\t<div class=\"sow-features-feature-text\">\n\t\t\t\t\t<h4>Adquirir competencias visualizadas como necesidades de futuro.<\/h4>\t\t\t\t\t<\/div>\n\t\t\t\t\t\t\t\t<\/div>\n\t\t\t\t\t\t\t\t<\/li>\n\n\t\t\t<li\n\t\t\tclass=\"sow-features-feature sow-icon-container-position-top\"\n\t\t\tstyle=\"display: flex; flex-direction: column; width: calc(33.333% - 25px);\"\n\t\t>\n\t\t\t\n\t\t\t\t\t\t<div\t\t\t\tclass=\"sow-icon-container sow-container-round\"\n\t\t\t\tstyle=\"color: #005aa0; \"\n\t\t\t\t\n\t\t\t\t\t\t\t>\n\t\t\t\t<span class=\"sow-icon-fontawesome sow-far\" data-sow-icon=\"&#xf058;\"\n\t\tstyle=\"font-size: 24px; color: #FFFFFF\" \n\t\taria-hidden=\"true\"><\/span>\t\t\t<\/div>\n\n\t\t\t<div class=\"textwidget\">\n\t\t\t\t\n\t\t\t\t\n\t\t\t\t\t\t\t\t\t<div class=\"sow-features-feature-text\">\n\t\t\t\t\t<h4>Potenciar la adhesi\u00f3n de los educadores a un proyecto com\u00fan.<\/h4>\t\t\t\t\t<\/div>\n\t\t\t\t\t\t\t\t<\/div>\n\t\t\t\t\t\t\t\t<\/li>\n\n\t<\/ul>\n<\/div><\/div><div id=\"panel-w5ed51696a1afa-2-0-1\" class=\"so-panel widget widget_sow-features panel-last-child\" data-index=\"4\" ><div\n\t\t\t\n\t\t\tclass=\"so-widget-sow-features so-widget-sow-features-default-3b6dfcb4dbc2\"\n\t\t\t\n\t\t><ul\n\tclass=\"sow-features-list\n\tsow-features-responsive\">\n\n\t\t\t<li\n\t\t\tclass=\"sow-features-feature sow-icon-container-position-top\"\n\t\t\tstyle=\"display: flex; flex-direction: column; width: calc(50% - 25px);\"\n\t\t>\n\t\t\t\n\t\t\t\t\t\t<div\t\t\t\tclass=\"sow-icon-container sow-container-round\"\n\t\t\t\tstyle=\"color: #005aa0; \"\n\t\t\t\t\n\t\t\t\t\t\t\t>\n\t\t\t\t<span class=\"sow-icon-fontawesome sow-far\" data-sow-icon=\"&#xf058;\"\n\t\tstyle=\"font-size: 24px; color: #FFFFFF\" \n\t\taria-hidden=\"true\"><\/span>\t\t\t<\/div>\n\n\t\t\t<div class=\"textwidget\">\n\t\t\t\t\n\t\t\t\t\n\t\t\t\t\t\t\t\t\t<div class=\"sow-features-feature-text\">\n\t\t\t\t\t<h4>Interiorizar los rasgos distintivos de la oferta educativa La Salle.<\/h4>\t\t\t\t\t<\/div>\n\t\t\t\t\t\t\t\t<\/div>\n\t\t\t\t\t\t\t\t<\/li>\n\n\t\t\t<li\n\t\t\tclass=\"sow-features-feature sow-icon-container-position-top\"\n\t\t\tstyle=\"display: flex; flex-direction: column; width: calc(50% - 25px);\"\n\t\t>\n\t\t\t\n\t\t\t\t\t\t<div\t\t\t\tclass=\"sow-icon-container sow-container-round\"\n\t\t\t\tstyle=\"color: #005aa0; \"\n\t\t\t\t\n\t\t\t\t\t\t\t>\n\t\t\t\t<span class=\"sow-icon-fontawesome sow-far\" data-sow-icon=\"&#xf058;\"\n\t\tstyle=\"font-size: 24px; color: #FFFFFF\" \n\t\taria-hidden=\"true\"><\/span>\t\t\t<\/div>\n\n\t\t\t<div class=\"textwidget\">\n\t\t\t\t\n\t\t\t\t\n\t\t\t\t\t\t\t\t\t<div class=\"sow-features-feature-text\">\n\t\t\t\t\t<h4>Dar continuidad y renovar la tradici\u00f3n lasaliana basada en la innovaci\u00f3n pedag\u00f3gica constante.<\/h4>\t\t\t\t\t<\/div>\n\t\t\t\t\t\t\t\t<\/div>\n\t\t\t\t\t\t\t\t<\/li>\n\n\t<\/ul>\n<\/div><\/div><\/div><\/div><div id=\"pg-w5ed51696a1afa-3\"  class=\"panel-grid panel-no-style\" ><div id=\"pgc-w5ed51696a1afa-3-0\"  class=\"panel-grid-cell\" ><div id=\"panel-w5ed51696a1afa-3-0-0\" class=\"so-panel widget widget_sow-editor panel-first-child panel-last-child\" data-index=\"5\" ><div\n\t\t\t\n\t\t\tclass=\"so-widget-sow-editor so-widget-sow-editor-base\"\n\t\t\t\n\t\t>\n<div class=\"siteorigin-widget-tinymce textwidget\">\n\t<p>La persona es el centro de toda la acci\u00f3n educativa. Fomentamos la personalizaci\u00f3n en la formaci\u00f3n, el conocimiento del alumnado y el acompa\u00f1amiento en su proceso de aprendizaje que conduzcan al desarrollo de todas sus potencialidades.<\/p>\n<p>Optamos por la educaci\u00f3n inclusiva. Orientamos nuestra educaci\u00f3n hacia el desarrollo integral de cada persona, respetando sus ritmos y capacidades; atendemos a la diversidad de situaciones, ofreciendo a cada uno oportunidades para su pleno desarrollo.<\/p>\n<p>Las caracter\u00edsticas personales, familiares y sociales dan origen a situaciones que implican una atenci\u00f3n personalizada. Para lograrla, y tambi\u00e9n para que cada uno encuentre personas y lugares de acogida, ofrecemos todos los recursos disponibles.<\/p>\n<\/div>\n<\/div><\/div><\/div><\/div><div id=\"pg-w5ed51696a1afa-4\"  class=\"panel-grid panel-no-style\" ><div id=\"pgc-w5ed51696a1afa-4-0\"  class=\"panel-grid-cell\" ><div id=\"panel-w5ed51696a1afa-4-0-0\" class=\"so-panel widget widget_sow-editor panel-first-child panel-last-child\" data-index=\"6\" ><div\n\t\t\t\n\t\t\tclass=\"so-widget-sow-editor so-widget-sow-editor-base\"\n\t\t\t\n\t\t>\n<div class=\"siteorigin-widget-tinymce textwidget\">\n\t<h2 class=\"texto-azul\">Pedagog\u00eda innovadora: Aprendizaje Cooperativo y Programas La Salle<\/h2>\n<\/div>\n<\/div><\/div><\/div><\/div><div id=\"pg-w5ed51696a1afa-5\"  class=\"panel-grid panel-no-style\" ><div id=\"pgc-w5ed51696a1afa-5-0\"  class=\"panel-grid-cell\" ><div id=\"panel-w5ed51696a1afa-5-0-0\" class=\"so-panel widget widget_single-images panel-first-child\" data-index=\"7\" ><div class=\"thim-widget-single-images template-single-images\">\n<div class=\"single-image text-center\"><img src =\"https:\/\/web.lasallesantiago.gal\/wp-content\/uploads\/2020\/05\/PLS-castellano.png\" width=\"4795\" height=\"3178\" alt=\"\"\/><\/div><\/div><\/div><div id=\"panel-w5ed51696a1afa-5-0-1\" class=\"so-panel widget widget_sow-editor panel-last-child\" data-index=\"8\" ><div\n\t\t\t\n\t\t\tclass=\"so-widget-sow-editor so-widget-sow-editor-base\"\n\t\t\t\n\t\t>\n<div class=\"siteorigin-widget-tinymce textwidget\">\n\t<p>La Obra Educativa La Salle entiende la educaci\u00f3n como un proceso de ense\u00f1anza-aprendizaje en el que el alumnado es el principal protagonista de su propia formaci\u00f3n y crecimiento personal. Mediante el <span class=\"texto-azul\">Aprendizaje Cooperativo<\/span> y por Proyectos, junto a los <span class=\"texto-azul\">Programas La Salle<\/span> de Estimulaci\u00f3n y Desarrollo de Capacidades, desarrollamos una pedagog\u00eda innovadora, con procesos que aseguran el acompa\u00f1amiento, la evaluaci\u00f3n y mejora continua de estos programas.<\/p>\n<\/div>\n<\/div><\/div><\/div><\/div><div id=\"pg-w5ed51696a1afa-6\"  class=\"panel-grid panel-no-style\" ><div id=\"pgc-w5ed51696a1afa-6-0\"  class=\"panel-grid-cell\" ><div id=\"panel-w5ed51696a1afa-6-0-0\" class=\"so-panel widget widget_gallery-images panel-first-child panel-last-child\" data-index=\"9\" ><div class=\"thim-widget-gallery-images template-base\"><div class=\"thim-carousel-wrapper gallery-img\" data-visible=\"4\" data-itemtablet=\"4\" data-itemmobile=\"2\" data-autoplay=\"2000\" data-navigation=\"1\" data-pagination=\"0\" data-loop=\"true\"><div class=\"item\"><a target=_self href=\"#\"><img loading=\"lazy\" decoding=\"async\" width=\"640\" height=\"481\" src=\"https:\/\/web.lasallesantiago.gal\/wp-content\/uploads\/2020\/05\/pls-la-salle-1024x769.png\" class=\"attachment-large size-large\" alt=\"\" srcset=\"https:\/\/web.lasallesantiago.gal\/wp-content\/uploads\/2020\/05\/pls-la-salle-1024x769.png 1024w, https:\/\/web.lasallesantiago.gal\/wp-content\/uploads\/2020\/05\/pls-la-salle-600x451.png 600w, https:\/\/web.lasallesantiago.gal\/wp-content\/uploads\/2020\/05\/pls-la-salle-300x225.png 300w, https:\/\/web.lasallesantiago.gal\/wp-content\/uploads\/2020\/05\/pls-la-salle-768x577.png 768w, https:\/\/web.lasallesantiago.gal\/wp-content\/uploads\/2020\/05\/pls-la-salle.png 1100w\" sizes=\"auto, (max-width: 640px) 100vw, 640px\" \/><\/a><\/div><div class=\"item\"><a target=_self href=\"\/ulises\"><img loading=\"lazy\" decoding=\"async\" width=\"640\" height=\"481\" src=\"https:\/\/web.lasallesantiago.gal\/wp-content\/uploads\/2020\/05\/pls-ulises-1024x769.png\" class=\"attachment-large size-large\" alt=\"\" srcset=\"https:\/\/web.lasallesantiago.gal\/wp-content\/uploads\/2020\/05\/pls-ulises-1024x769.png 1024w, https:\/\/web.lasallesantiago.gal\/wp-content\/uploads\/2020\/05\/pls-ulises-600x451.png 600w, https:\/\/web.lasallesantiago.gal\/wp-content\/uploads\/2020\/05\/pls-ulises-300x225.png 300w, https:\/\/web.lasallesantiago.gal\/wp-content\/uploads\/2020\/05\/pls-ulises-768x577.png 768w, https:\/\/web.lasallesantiago.gal\/wp-content\/uploads\/2020\/05\/pls-ulises.png 1100w\" sizes=\"auto, (max-width: 640px) 100vw, 640px\" \/><\/a><\/div><div class=\"item\"><a target=_self href=\"\/crea\"><img loading=\"lazy\" decoding=\"async\" width=\"640\" height=\"481\" src=\"https:\/\/web.lasallesantiago.gal\/wp-content\/uploads\/2020\/05\/pls-crea-1-1024x769.png\" class=\"attachment-large size-large\" alt=\"\" srcset=\"https:\/\/web.lasallesantiago.gal\/wp-content\/uploads\/2020\/05\/pls-crea-1-1024x769.png 1024w, https:\/\/web.lasallesantiago.gal\/wp-content\/uploads\/2020\/05\/pls-crea-1-600x451.png 600w, https:\/\/web.lasallesantiago.gal\/wp-content\/uploads\/2020\/05\/pls-crea-1-300x225.png 300w, https:\/\/web.lasallesantiago.gal\/wp-content\/uploads\/2020\/05\/pls-crea-1-768x577.png 768w, https:\/\/web.lasallesantiago.gal\/wp-content\/uploads\/2020\/05\/pls-crea-1.png 1100w\" sizes=\"auto, (max-width: 640px) 100vw, 640px\" \/><\/a><\/div><div class=\"item\"><a target=_self href=\"\/optimis\"><img loading=\"lazy\" decoding=\"async\" width=\"640\" height=\"481\" src=\"https:\/\/web.lasallesantiago.gal\/wp-content\/uploads\/2020\/05\/pls-optimis-1024x769.png\" class=\"attachment-large size-large\" alt=\"\" srcset=\"https:\/\/web.lasallesantiago.gal\/wp-content\/uploads\/2020\/05\/pls-optimis-1024x769.png 1024w, https:\/\/web.lasallesantiago.gal\/wp-content\/uploads\/2020\/05\/pls-optimis-600x451.png 600w, https:\/\/web.lasallesantiago.gal\/wp-content\/uploads\/2020\/05\/pls-optimis-300x225.png 300w, https:\/\/web.lasallesantiago.gal\/wp-content\/uploads\/2020\/05\/pls-optimis-768x577.png 768w, https:\/\/web.lasallesantiago.gal\/wp-content\/uploads\/2020\/05\/pls-optimis.png 1100w\" sizes=\"auto, (max-width: 640px) 100vw, 640px\" \/><\/a><\/div><div class=\"item\"><a target=_self href=\"\/irati\"><img loading=\"lazy\" decoding=\"async\" width=\"640\" height=\"481\" src=\"https:\/\/web.lasallesantiago.gal\/wp-content\/uploads\/2020\/05\/pls-irati-1-1024x769.png\" class=\"attachment-large size-large\" alt=\"\" srcset=\"https:\/\/web.lasallesantiago.gal\/wp-content\/uploads\/2020\/05\/pls-irati-1-1024x769.png 1024w, https:\/\/web.lasallesantiago.gal\/wp-content\/uploads\/2020\/05\/pls-irati-1-600x451.png 600w, https:\/\/web.lasallesantiago.gal\/wp-content\/uploads\/2020\/05\/pls-irati-1-300x225.png 300w, https:\/\/web.lasallesantiago.gal\/wp-content\/uploads\/2020\/05\/pls-irati-1-768x577.png 768w, https:\/\/web.lasallesantiago.gal\/wp-content\/uploads\/2020\/05\/pls-irati-1.png 1100w\" sizes=\"auto, (max-width: 640px) 100vw, 640px\" \/><\/a><\/div><div class=\"item\"><a target=_self href=\"\/lectura-eficaz\"><img loading=\"lazy\" decoding=\"async\" width=\"640\" height=\"481\" src=\"https:\/\/web.lasallesantiago.gal\/wp-content\/uploads\/2020\/05\/pls-lectura-eficaz-1024x769.png\" class=\"attachment-large size-large\" alt=\"\" srcset=\"https:\/\/web.lasallesantiago.gal\/wp-content\/uploads\/2020\/05\/pls-lectura-eficaz-1024x769.png 1024w, https:\/\/web.lasallesantiago.gal\/wp-content\/uploads\/2020\/05\/pls-lectura-eficaz-600x451.png 600w, https:\/\/web.lasallesantiago.gal\/wp-content\/uploads\/2020\/05\/pls-lectura-eficaz-300x225.png 300w, https:\/\/web.lasallesantiago.gal\/wp-content\/uploads\/2020\/05\/pls-lectura-eficaz-768x577.png 768w, https:\/\/web.lasallesantiago.gal\/wp-content\/uploads\/2020\/05\/pls-lectura-eficaz.png 1100w\" sizes=\"auto, (max-width: 640px) 100vw, 640px\" \/><\/a><\/div><div class=\"item\"><a target=_self href=\"\/aprendizaje-cooperativo\"><img loading=\"lazy\" decoding=\"async\" width=\"640\" height=\"481\" src=\"https:\/\/web.lasallesantiago.gal\/wp-content\/uploads\/2020\/05\/pls-apredizaje-cooperativo-1024x769.png\" class=\"attachment-large size-large\" alt=\"\" srcset=\"https:\/\/web.lasallesantiago.gal\/wp-content\/uploads\/2020\/05\/pls-apredizaje-cooperativo-1024x769.png 1024w, https:\/\/web.lasallesantiago.gal\/wp-content\/uploads\/2020\/05\/pls-apredizaje-cooperativo-600x451.png 600w, https:\/\/web.lasallesantiago.gal\/wp-content\/uploads\/2020\/05\/pls-apredizaje-cooperativo-300x225.png 300w, https:\/\/web.lasallesantiago.gal\/wp-content\/uploads\/2020\/05\/pls-apredizaje-cooperativo-768x577.png 768w, https:\/\/web.lasallesantiago.gal\/wp-content\/uploads\/2020\/05\/pls-apredizaje-cooperativo.png 1100w\" sizes=\"auto, (max-width: 640px) 100vw, 640px\" \/><\/a><\/div><div class=\"item\"><a target=_self href=\"\/hara\"><img loading=\"lazy\" decoding=\"async\" width=\"640\" height=\"481\" src=\"https:\/\/web.lasallesantiago.gal\/wp-content\/uploads\/2020\/05\/pls-hara-1-1024x769.png\" class=\"attachment-large size-large\" alt=\"\" srcset=\"https:\/\/web.lasallesantiago.gal\/wp-content\/uploads\/2020\/05\/pls-hara-1-1024x769.png 1024w, https:\/\/web.lasallesantiago.gal\/wp-content\/uploads\/2020\/05\/pls-hara-1-600x451.png 600w, https:\/\/web.lasallesantiago.gal\/wp-content\/uploads\/2020\/05\/pls-hara-1-300x225.png 300w, https:\/\/web.lasallesantiago.gal\/wp-content\/uploads\/2020\/05\/pls-hara-1-768x577.png 768w, https:\/\/web.lasallesantiago.gal\/wp-content\/uploads\/2020\/05\/pls-hara-1.png 1100w\" sizes=\"auto, (max-width: 640px) 100vw, 640px\" \/><\/a><\/div><\/div><\/div><\/div><\/div><\/div><\/div><\/div><\/div><div id=\"pgc-8907-1-1\"  class=\"panel-grid-cell\" ><div id=\"panel-8907-1-1-0\" class=\"so-panel widget widget_sow-editor panel-first-child panel-last-child\" data-index=\"2\" ><div class=\"menu-secundario panel-widget-style panel-widget-style-for-8907-1-1-0\" ><div\n\t\t\t\n\t\t\tclass=\"so-widget-sow-editor so-widget-sow-editor-base\"\n\t\t\t\n\t\t><h3 class=\"widget-title\">Programas La Salle<\/h3>\n<div class=\"siteorigin-widget-tinymce textwidget\">\n\t<div class=\"widget-area\">\n<aside class=\"widget widget_nav_menu\">\n<div>\n<ul class=\"menu\">\n<li class=\"menu-item menu-item-type-custom menu-item-object-custom tc-menu-item tc-menu-depth-0 tc-menu-align-left tc-menu-layout-default\"><a class=\"tc-menu-inner\" href=\"\/ulises\">Ulises<\/a><\/li>\n<li class=\"menu-item menu-item-type-custom menu-item-object-custom tc-menu-item tc-menu-depth-0 tc-menu-align-left tc-menu-layout-default\"><a class=\"tc-menu-inner\" href=\"\/crea\">Crea<\/a><\/li>\n<li class=\"menu-item menu-item-type-custom menu-item-object-custom tc-menu-item tc-menu-depth-0 tc-menu-align-left tc-menu-layout-default\"><a class=\"tc-menu-inner\" href=\"\/optimis\">Optimis<\/a><\/li>\n<li class=\"menu-item menu-item-type-custom menu-item-object-custom tc-menu-item tc-menu-depth-0 tc-menu-align-left tc-menu-layout-default\"><a class=\"tc-menu-inner\" href=\"\/irati\">Irati<\/a><\/li>\n<li class=\"menu-item menu-item-type-custom menu-item-object-custom tc-menu-item tc-menu-depth-0 tc-menu-align-left tc-menu-layout-default\"><a class=\"tc-menu-inner\" href=\"\/lectura-eficaz\">Lectura Eficaz<\/a><\/li>\n<li class=\"menu-item menu-item-type-custom menu-item-object-custom tc-menu-item tc-menu-depth-0 tc-menu-align-left tc-menu-layout-default\"><a class=\"tc-menu-inner\" href=\"\/aprendizaje-cooperativo\">Aprendizaje Cooperativo<\/a><\/li>\n<li class=\"menu-item menu-item-type-custom menu-item-object-custom tc-menu-item tc-menu-depth-0 tc-menu-align-left tc-menu-layout-default\"><a class=\"tc-menu-inner\" href=\"\/hara\">Hara<\/a><\/li>\n<\/ul>\n<\/div>\n<\/aside>\n<\/div>\n<\/div>\n<\/div><\/div><\/div><\/div><\/div><\/div>","protected":false},"excerpt":{"rendered":"<p>Ulises Crea Optimis Irati Lectura Eficaz Aprendizaje Cooperativo Hara<\/p>\n","protected":false},"author":1,"featured_media":0,"parent":0,"menu_order":0,"comment_status":"closed","ping_status":"closed","template":"","meta":{"footnotes":""},"class_list":["post-8907","page","type-page","status-publish","hentry"],"_links":{"self":[{"href":"https:\/\/web.lasallesantiago.gal\/es\/wp-json\/wp\/v2\/pages\/8907","targetHints":{"allow":["GET"]}}],"collection":[{"href":"https:\/\/web.lasallesantiago.gal\/es\/wp-json\/wp\/v2\/pages"}],"about":[{"href":"https:\/\/web.lasallesantiago.gal\/es\/wp-json\/wp\/v2\/types\/page"}],"author":[{"embeddable":true,"href":"https:\/\/web.lasallesantiago.gal\/es\/wp-json\/wp\/v2\/users\/1"}],"replies":[{"embeddable":true,"href":"https:\/\/web.lasallesantiago.gal\/es\/wp-json\/wp\/v2\/comments?post=8907"}],"version-history":[{"count":0,"href":"https:\/\/web.lasallesantiago.gal\/es\/wp-json\/wp\/v2\/pages\/8907\/revisions"}],"wp:attachment":[{"href":"https:\/\/web.lasallesantiago.gal\/es\/wp-json\/wp\/v2\/media?parent=8907"}],"curies":[{"name":"wp","href":"https:\/\/api.w.org\/{rel}","templated":true}]}}