{"id":8885,"date":"2020-05-13T07:14:44","date_gmt":"2020-05-13T07:14:44","guid":{"rendered":"https:\/\/web.lasallesantiago.gal\/?page_id=8885"},"modified":"2020-05-27T13:37:05","modified_gmt":"2020-05-27T13:37:05","slug":"nuestra-propuesta-educativa","status":"publish","type":"page","link":"https:\/\/web.lasallesantiago.gal\/es\/nuestra-propuesta-educativa\/","title":{"rendered":"Nuestra propuesta educativa"},"content":{"rendered":"<div id=\"pl-8885\"  class=\"panel-layout\" ><div id=\"pg-8885-0\"  class=\"panel-grid panel-no-style\" ><div id=\"pgc-8885-0-0\"  class=\"panel-grid-cell\" ><div id=\"panel-8885-0-0-0\" class=\"so-panel widget widget_heading panel-first-child panel-last-child\" data-index=\"0\" ><div class=\"thim-widget-heading template-base\"><div class=\"sc_heading  text-left\"><h3 style=\"text-transform: uppercase;\" class=\"title\">La Salle, una escuela para la vida<\/h3><p class=\"sub-heading\" style=\"\">Nuevo contexto de aprendizaje<\/p><span class=\"line\"><\/span><\/div><\/div><\/div><\/div><\/div><div id=\"pg-8885-1\"  class=\"panel-grid panel-has-style\" ><div class=\"panel-row-style panel-row-style-for-8885-1\" ><div id=\"pgc-8885-1-0\"  class=\"panel-grid-cell\" ><div id=\"panel-8885-1-0-0\" class=\"widget_text so-panel widget widget_custom_html panel-first-child panel-last-child\" data-index=\"1\" ><div class=\"textwidget custom-html-widget\"><h2 class=\"texto-azul\">Nuevo<\/h2>\n<p style=\"font-size: 1.2em; line-height: 1.5em\">\n\tpor los medios que se utilizan para aprender para la vida y desde la vida.<\/p><\/div><\/div><\/div><div id=\"pgc-8885-1-1\"  class=\"panel-grid-cell\" ><div id=\"panel-8885-1-1-0\" class=\"widget_text so-panel widget widget_custom_html panel-first-child panel-last-child\" data-index=\"2\" ><div class=\"textwidget custom-html-widget\"><h2 class=\"texto-azul\">Contexto<\/h2>\n<p style=\"font-size: 1.2em; line-height: 1.5em\">porque c\u00f3mo se aprende es tanto o m\u00e1s importante que lo que se aprende..<\/p><\/div><\/div><\/div><div id=\"pgc-8885-1-2\"  class=\"panel-grid-cell\" ><div id=\"panel-8885-1-2-0\" class=\"widget_text so-panel widget widget_custom_html panel-first-child panel-last-child\" data-index=\"3\" ><div class=\"textwidget custom-html-widget\"><h2 class=\"texto-azul\">Aprendizaje<\/h2>\n<p style=\"font-size: 1.2em; line-height: 1.5em\">como centro del modelo frente a la ense\u00f1anza tal y como la conocemos.<\/p><\/div><\/div><\/div><\/div><\/div><div id=\"pg-8885-2\"  class=\"panel-grid panel-has-style\" ><div class=\"siteorigin-panels-stretch panel-row-style panel-row-style-for-8885-2\" data-stretch-type=\"full\" ><div id=\"pgc-8885-2-0\"  class=\"panel-grid-cell\" ><div id=\"panel-8885-2-0-0\" class=\"so-panel widget widget_single-images panel-first-child panel-last-child\" data-index=\"4\" ><div class=\"thim-widget-single-images template-single-images\">\n<div class=\"single-image text-center\"><img src =\"https:\/\/web.lasallesantiago.gal\/wp-content\/uploads\/2020\/05\/NCA-CAS_Mesa-de-trabajo-1-300x200-1.png\" width=\"300\" height=\"200\" alt=\"NCA\"\/><\/div><\/div><\/div><\/div><div id=\"pgc-8885-2-1\"  class=\"panel-grid-cell\" ><div id=\"panel-8885-2-1-0\" class=\"widget_text so-panel widget widget_custom_html panel-first-child\" data-index=\"5\" ><div class=\"textwidget custom-html-widget\"><p style=\"font-size: 1.2em; line-height: 1.5em\">\n\tEl <b><span class=\"thim-color\">Nuevo Contexto de Aprendizaje (NCA)<\/span><\/b> es un marco pedag\u00f3gico y pastoral, con identidad propia, que presenta una propuesta organizativa, metodol\u00f3gica y evaluativa clara. Otorga sentido pleno a la educaci\u00f3n de la persona abordando de forma integral sus dimensiones emocional, cognitiva, corporal, social o espiritual, a lo largo de las diferentes etapas de su desarrollo. El alumno es, si cabe, incluso m\u00e1s protagonista de su propio aprendizaje.\n<\/p><\/div><\/div><div id=\"panel-8885-2-1-1\" class=\"so-panel widget widget_button panel-last-child\" data-index=\"6\" ><div class=\"thim-widget-button template-base\"><a class=\"widget-button  small custom_style\" href=\"https:\/\/web.lasallesantiago.gal\/wp-content\/uploads\/2020\/05\/triptico-nca-cas-m20.pdf\" style=\"--widget-button-font-size: 12px;--widget-button-font-weight: normal;--widget-button-border-width: 1px;--widget-button-color: #005aa0;--widget-button-border-color: #005aa0;--widget-button-color-hover: #ffffff;--widget-button-border-color-hover: #005aa0;--widget-button-background-color-hover: #005aa0;\">Descargar informaci\u00f3n<\/a><\/div><\/div><\/div><\/div><\/div><div id=\"pg-8885-3\"  class=\"panel-grid panel-no-style\" ><div id=\"pgc-8885-3-0\"  class=\"panel-grid-cell\" ><div id=\"panel-8885-3-0-0\" class=\"so-panel widget widget_sow-editor panel-first-child\" data-index=\"7\" ><div\n\t\t\t\n\t\t\tclass=\"so-widget-sow-editor so-widget-sow-editor-base\"\n\t\t\t\n\t\t>\n<div class=\"siteorigin-widget-tinymce textwidget\">\n\t<h2 class=\"texto-azul\">La respuesta a la escuela de hoy<\/h2>\nEl mundo est\u00e1 cambiando y la educaci\u00f3n no puede quedarse al margen de esta revoluci\u00f3n en la manera de vivir y adquirir el conocimiento. La Salle ofrece una respuesta a la escuela de hoy, centr\u00e1ndose en la persona, en sus talentos, y buscando la forma de ayudarla a adquirir las habilidades y competencias que le permitan transformar el mundo.<\/div>\n<\/div><\/div><div id=\"panel-8885-3-0-1\" class=\"so-panel widget widget_sow-editor panel-last-child\" data-index=\"8\" ><div\n\t\t\t\n\t\t\tclass=\"so-widget-sow-editor so-widget-sow-editor-base\"\n\t\t\t\n\t\t>\n<div class=\"siteorigin-widget-tinymce textwidget\">\n\t<h2 class=\"texto-azul\">El alumno, centro de su propio aprendizaje<\/h2>\nEl NCA propone a la persona como protagonista del proceso ense\u00f1anza-aprendizaje a partir de las dimensiones emocional, cognitiva, corporal, social y espiritual.<\/div>\n<\/div><\/div><\/div><\/div><div id=\"pg-8885-4\"  class=\"panel-grid panel-no-style\" ><div id=\"pgc-8885-4-0\"  class=\"panel-grid-cell\" ><div id=\"panel-8885-4-0-0\" class=\"so-panel widget widget_single-images panel-first-child panel-last-child\" data-index=\"9\" ><div class=\"thim-widget-single-images template-single-images\">\n<div class=\"single-image text-center\"><img src =\"https:\/\/web.lasallesantiago.gal\/wp-content\/uploads\/2020\/05\/nca_01.jpg\" width=\"640\" height=\"600\" alt=\"\"\/><\/div><\/div><\/div><\/div><div id=\"pgc-8885-4-1\"  class=\"panel-grid-cell\" ><div id=\"panel-8885-4-1-0\" class=\"so-panel widget widget_sow-editor panel-first-child panel-last-child\" data-index=\"10\" ><div\n\t\t\t\n\t\t\tclass=\"so-widget-sow-editor so-widget-sow-editor-base\"\n\t\t\t\n\t\t>\n<div class=\"siteorigin-widget-tinymce textwidget\">\n\t<h2 class=\"texto-azul\">Pilares esenciales del modelo NCA<\/h2>\n<h4 class=\"texto-amarillo\">Modelo experiencial<\/h4>\nVivir experiencias significativas permite, adem\u00e1s de adquirir conocimientos, la construcci\u00f3n de la personalidad.\n<h4 class=\"texto-amarillo\">Modelo relacional<\/h4>\nEl aprendizaje cooperativo ayuda a interpretar, integrar, desde el propio aprendizaje, las experiencias de conocimiento.\n<h4 class=\"texto-amarillo\">Ense\u00f1anza-aprendizaje<\/h4>\nEl alumno protagoniza su formaci\u00f3n y crecimiento personal dentro de un modelo en continua mejora.\n<h4 class=\"texto-amarillo\">Figura del educador<\/h4>\nEl educador es el mediador en el proceso de aprendizaje, acompa\u00f1ando al alumno en su propio camino.\n<\/div>\n<\/div><\/div><\/div><\/div><div id=\"pg-8885-5\"  class=\"panel-grid panel-no-style\" ><div id=\"pgc-8885-5-0\"  class=\"panel-grid-cell\" ><div id=\"panel-8885-5-0-0\" class=\"so-panel widget widget_sow-editor panel-first-child panel-last-child\" data-index=\"11\" ><div\n\t\t\t\n\t\t\tclass=\"so-widget-sow-editor so-widget-sow-editor-base\"\n\t\t\t\n\t\t>\n<div class=\"siteorigin-widget-tinymce textwidget\">\n\t<h2 class=\"texto-azul\">Principios pedag\u00f3gicos<\/h2>\n<h4 class=\"texto-amarillo\">Interioridad<\/h4>\nLa vida interior es importante, por eso nos preocupamos de desarrollar la cualidad humana que a\u00fana espiritualidad y personalidad.\n<h4 class=\"texto-amarillo\">Mente, cuerpo y movimiento<\/h4>\nLos espacios y el movimiento son esenciales en el desarrollo cognitivo. Rompemos con el aula tradicional, potenciando la creatividad y el aprendizaje.\n<h4 class=\"texto-amarillo\">Construcci\u00f3n del pensamiento<\/h4>\nEl pensamiento es educable y la escuela debe fomentar momentos de reflexi\u00f3n individual y colectiva.\n<h4 class=\"texto-amarillo\">Conducta y actividad autorregulada<\/h4>\nEl alumno genera h\u00e1bitos de aprendizaje aut\u00f3nomo y la escuela ayuda a construir procesos naturales e individuales de aprendizaje como experiencia intransferible.\n<h4 class=\"texto-amarillo\">Dimensi\u00f3n social<\/h4>\nAprendemos a ser respetuosos con los dem\u00e1s y a enriquecernos participando en las pr\u00e1cticas sociales y culturales.\n<\/div>\n<\/div><\/div><\/div><div id=\"pgc-8885-5-1\"  class=\"panel-grid-cell\" ><div id=\"panel-8885-5-1-0\" class=\"so-panel widget widget_single-images panel-first-child panel-last-child\" data-index=\"12\" ><div class=\"thim-widget-single-images template-single-images\">\n<div class=\"single-image text-center\"><img src =\"https:\/\/web.lasallesantiago.gal\/wp-content\/uploads\/2020\/05\/nca_02.jpg\" width=\"640\" height=\"498\" alt=\"\"\/><\/div><\/div><\/div><\/div><\/div><div id=\"pg-8885-6\"  class=\"panel-grid panel-no-style\" ><div id=\"pgc-8885-6-0\"  class=\"panel-grid-cell\" ><div id=\"panel-8885-6-0-0\" class=\"so-panel widget widget_single-images panel-first-child panel-last-child\" data-index=\"13\" ><div class=\"thim-widget-single-images template-single-images\">\n<div class=\"single-image text-center\"><img src =\"https:\/\/web.lasallesantiago.gal\/wp-content\/uploads\/2020\/05\/nca_03.jpg\" width=\"800\" height=\"436\" alt=\"\"\/><\/div><\/div><\/div><\/div><div id=\"pgc-8885-6-1\"  class=\"panel-grid-cell\" ><div id=\"panel-8885-6-1-0\" class=\"so-panel widget widget_sow-editor panel-first-child panel-last-child\" data-index=\"14\" ><div\n\t\t\t\n\t\t\tclass=\"so-widget-sow-editor so-widget-sow-editor-base\"\n\t\t\t\n\t\t>\n<div class=\"siteorigin-widget-tinymce textwidget\">\n\t<h2 class=\"texto-azul\">\u00c1mbitos de aprendizaje<\/h2>\n<h4 class=\"texto-amarillo\">Acogida<\/h4>\nEs el \u00e1mbito de experiencia que prepara al alumno para lo que va a vivir.\n<h4 class=\"texto-amarillo\">Seminario<\/h4>\nEs el \u00e1mbito donde se produce el encuentro entre persona y conocimiento, donde tienen cabida el contenido curricular. Es el espacio del SABER.\n<h4 class=\"texto-amarillo\">Taller<\/h4>\nEs el \u00e1mbito en el que el alumno se construye a s\u00ed mismo y es protagonista de su aprendizaje. Es el espacio del SER.\n<h4 class=\"texto-amarillo\">Proyecto<\/h4>\nEs el \u00e1mbito donde los alumnos trabajan transversalmente todos los principios NCA, aprendiendo de la experiencia. Es el espacio del HACER.\n<h4 class=\"texto-amarillo\">Cierre<\/h4>\nEs el momento de la evaluaci\u00f3n, la reflexi\u00f3n y la celebraci\u00f3n de lo vivido.<\/div>\n<\/div><\/div><\/div><\/div><div id=\"pg-8885-7\"  class=\"panel-grid panel-has-style\" ><div class=\"siteorigin-panels-stretch panel-row-style panel-row-style-for-8885-7\" data-stretch-type=\"full\" ><div id=\"pgc-8885-7-0\"  class=\"panel-grid-cell\" ><div id=\"panel-8885-7-0-0\" class=\"so-panel widget widget_single-images panel-first-child panel-last-child\" data-index=\"15\" ><div class=\"thim-widget-single-images template-single-images\">\n<div class=\"single-image text-center\"><img src =\"https:\/\/web.lasallesantiago.gal\/wp-content\/uploads\/2020\/05\/nca_06_b.png\" width=\"800\" height=\"800\" alt=\"\"\/><\/div><\/div><\/div><\/div><div id=\"pgc-8885-7-1\"  class=\"panel-grid-cell\" ><div id=\"panel-8885-7-1-0\" class=\"widget_text so-panel widget widget_custom_html panel-first-child\" data-index=\"16\" ><div class=\"textwidget custom-html-widget\"><p style=\"font-size: 1.2em; line-height: 1.5em\">\nLa Salle ha desarrollado materiales propios que materializan el <b>Nuevo Contexto de Aprendizaje<\/b>, apostando por una educaci\u00f3n integral, que a\u00fana aprendizaje cooperativo, creatividad y visi\u00f3n solidaria, y que se apoya en nuestros principios pedag\u00f3gicos.\n<\/p><\/div><\/div><div id=\"panel-8885-7-1-1\" class=\"so-panel widget widget_button panel-last-child\" data-index=\"17\" ><div class=\"thim-widget-button template-base\"><a class=\"widget-button  small custom_style\" href=\"https:\/\/web.lasallesantiago.gal\/wp-content\/uploads\/2020\/05\/catalogo-nca-CASTELLANO.pdf\" style=\"--widget-button-font-size: 12px;--widget-button-font-weight: normal;--widget-button-border-width: 1px;--widget-button-color: #005aa0;--widget-button-border-color: #005aa0;--widget-button-color-hover: #ffffff;--widget-button-border-color-hover: #005aa0;--widget-button-background-color-hover: #005aa0;\">Descargar informaci\u00f3n<\/a><\/div><\/div><\/div><\/div><\/div><\/div>","protected":false},"excerpt":{"rendered":"<p>La Salle, una escuela para la vidaNuevo contexto de aprendizajeNuevo por los medios que se utilizan para aprender para la vida y desde la vida.Contexto porque c\u00f3mo se aprende es tanto o m\u00e1s importante que lo que se aprende..Aprendizaje como &hellip; <\/p>\n","protected":false},"author":1,"featured_media":0,"parent":0,"menu_order":0,"comment_status":"closed","ping_status":"closed","template":"","meta":{"footnotes":""},"class_list":["post-8885","page","type-page","status-publish","hentry"],"_links":{"self":[{"href":"https:\/\/web.lasallesantiago.gal\/es\/wp-json\/wp\/v2\/pages\/8885","targetHints":{"allow":["GET"]}}],"collection":[{"href":"https:\/\/web.lasallesantiago.gal\/es\/wp-json\/wp\/v2\/pages"}],"about":[{"href":"https:\/\/web.lasallesantiago.gal\/es\/wp-json\/wp\/v2\/types\/page"}],"author":[{"embeddable":true,"href":"https:\/\/web.lasallesantiago.gal\/es\/wp-json\/wp\/v2\/users\/1"}],"replies":[{"embeddable":true,"href":"https:\/\/web.lasallesantiago.gal\/es\/wp-json\/wp\/v2\/comments?post=8885"}],"version-history":[{"count":0,"href":"https:\/\/web.lasallesantiago.gal\/es\/wp-json\/wp\/v2\/pages\/8885\/revisions"}],"wp:attachment":[{"href":"https:\/\/web.lasallesantiago.gal\/es\/wp-json\/wp\/v2\/media?parent=8885"}],"curies":[{"name":"wp","href":"https:\/\/api.w.org\/{rel}","templated":true}]}}