{"id":8882,"date":"2020-05-13T07:14:00","date_gmt":"2020-05-13T07:14:00","guid":{"rendered":"https:\/\/web.lasallesantiago.gal\/?page_id=8882"},"modified":"2025-10-20T17:31:12","modified_gmt":"2025-10-20T15:31:12","slug":"historia","status":"publish","type":"page","link":"https:\/\/web.lasallesantiago.gal\/es\/historia\/","title":{"rendered":"Historia del colegio"},"content":{"rendered":"<div id=\"pl-8882\"  class=\"panel-layout\" ><div id=\"pg-8882-0\"  class=\"panel-grid panel-no-style\" ><div id=\"pgc-8882-0-0\"  class=\"panel-grid-cell\" ><div id=\"panel-8882-0-0-0\" class=\"so-panel widget widget_heading panel-first-child panel-last-child\" data-index=\"0\" ><div class=\"thim-widget-heading template-base\"><div class=\"sc_heading  text-left\"><h3 style=\"text-transform: uppercase;\" class=\"title\">Historia del colegio<\/h3><p class=\"sub-heading\" style=\"\">La Salle en Santiago de Compostela<\/p><span class=\"line\"><\/span><\/div><\/div><\/div><\/div><\/div><div id=\"pg-8882-1\"  class=\"panel-grid panel-no-style\" ><div id=\"pgc-8882-1-0\"  class=\"panel-grid-cell\" ><div id=\"panel-8882-1-0-0\" class=\"so-panel widget widget_sow-editor panel-first-child panel-last-child\" data-index=\"1\" ><div\n\t\t\t\n\t\t\tclass=\"so-widget-sow-editor so-widget-sow-editor-base\"\n\t\t\t\n\t\t>\n<div class=\"siteorigin-widget-tinymce textwidget\">\n\t<p><strong>La Salle<\/strong> como instituci\u00f3n lleva presente en Santiago de Compostela desde 1924. Durante aproximadamente 30 a\u00f1os los Hermanos animaron y dirigieron la Escuela de La Inmaculada, que se convirti\u00f3 en la semilla de la que luego brot\u00f3 el colegio La Salle. La escuela dio una educaci\u00f3n primaria muy adecuada, tanto que las empresas de Santiago compet\u00edan para contratar a los estudiantes al finalizar la escolaridad.<\/p>\n<p>Gracias a la colaboraci\u00f3n de los antiguos alumnos, que deseaban que sus hijos continuaran los estudios secundarios, y al apoyo y generosidad de la fundadora de la Escuela, D.\u00aa Isabel Garc\u00eda Blanco, se coloc\u00f3 la primera piedra del colegio el 27 de julio de 1953, con la presencia de las autoridades, entre ellas la del Sr. Arzobispo, cardenal Quiroga Palacios.<\/p>\n<p>Cuatro Hermanos llenos de ilusi\u00f3n llegaron unos meses antes para preparar el camino: fueron los Hnos. Antonio Murillo (el primer director), Isidoro Arnaiz, Manuel Colina y Juan Santamar\u00eda. Como casi todas las obras importantes, tuvo un comienzo muy humilde: comenzaron las clases el 2 de octubre de 1953 con 109 estudiantes en el n.\u00ba 22 de la calle de San Roque.<\/p>\n<p>Mientras, las obras de edificaci\u00f3n del nuevo colegio iban progresando. Es de justicia reconocer la ayuda desinteresada de la Asociaci\u00f3n \"Amigos del colegio La Salle\". Durante cuatro a\u00f1os no fue reconocido oficialmente, por lo que los estudiantes hicieron los ex\u00e1menes oficiales en el Instituto Arcebispo Xelm\u00edrez, teniendo mucho \u00e9xito en los resultados.<\/p>\n<p>En el curso acad\u00e9mico 1955-56, con las obras del nuevo colegio a punto de finalizar, inician el traslado a las nuevas aulas. Se abre la cafeter\u00eda y el internado. Son ya 304 estudiantes y la comunidad ha aumentado a 11 Hermanos. En breve llegar\u00edan el reconocimiento oficial como centro de Educaci\u00f3n Secundaria, los \u00e9xitos de los festivales de gimnasia, el aumento a 387 alumnos, la inauguraci\u00f3n de la sala de teatro, capilla, laboratorios...<\/p>\n<p>El curso acad\u00e9mico 1985-86, el colegio ya es mixto en su alumnado. En ese mismo a\u00f1o obtuvo el concierto general, aunque ya lo ten\u00eda parcialmente desde 1977. El colegio, mientras, contin\u00faa ampliando las instalaciones con un amplio y funcional polideportivo. El a\u00f1o 2003 celebrar\u00eda sus bodas de oro bajo el lema: \u00abTendendo pontes e abrindo canles\u00bb.<\/p>\n<p>Son muchos los Hermanos y profesores que en todos estos a\u00f1os han dejado lo mejor de s\u00ed mismos por los ni\u00f1os y j\u00f3venes compostelanos, comprometidos con una educaci\u00f3n integral, humana y cristiana. Junto con los alumnos y los padres, son la mejor parte de la historia. Que sea por muchos a\u00f1os.<\/p>\n<\/div>\n<\/div><\/div><\/div><div id=\"pgc-8882-1-1\"  class=\"panel-grid-cell\" ><div id=\"panel-8882-1-1-0\" class=\"so-panel widget widget_black-studio-tinymce widget_black_studio_tinymce panel-first-child panel-last-child\" data-index=\"2\" ><div class=\"textwidget\"><h4>Directores del Colegio La Salle Santiago<\/h4>\n<p style=\"font-size: 0.8em;\"><strong>1953 -1959<\/strong> Antonio Murillo San Rom\u00e1n<\/p>\n<p style=\"font-size: 0.8em;\"><strong>1959 \u2013 1965<\/strong> Timoteo Garc\u00eda Cuesta<\/p>\n<p style=\"font-size: 0.8em;\"><strong>1965 \u2013 1967<\/strong> Francisco Tudanca Mart\u00ednez<\/p>\n<p style=\"font-size: 0.8em;\"><strong>1967 \u2013 1970<\/strong> Emiliano Medina Ozalla<\/p>\n<p style=\"font-size: 0.8em;\"><strong>1970 -1973<\/strong> Jos\u00e9 Mar\u00eda Valladolid Ba\u00f1uelos<\/p>\n<p style=\"font-size: 0.8em;\"><strong>1973 \u2013 1975<\/strong> Gregorio de Frutos Sanz<\/p>\n<p style=\"font-size: 0.8em;\"><strong>1975 \u2013 1978<\/strong> Francisco Tudanca Mart\u00ednez<\/p>\n<p style=\"font-size: 0.8em;\"><strong>1978 \u2013 1982<\/strong> Silvano Maeso Garc\u00eda<\/p>\n<p style=\"font-size: 0.8em;\"><strong>1982 \u2013 1989<\/strong> Jos\u00e9 Couselo Esper\u00f3n<\/p>\n<p style=\"font-size: 0.8em;\"><strong>1989 -1994<\/strong> Juan Pablo Mart\u00edn Due\u00f1as<\/p>\n<p style=\"font-size: 0.8em;\"><strong>1994 \u2013 2000<\/strong> Gregorio de Frutos Sanz<\/p>\n<p style=\"font-size: 0.8em;\"><strong>2000 \u2013 2005<\/strong> \u00c1ngel Jes\u00fas Hernando Benito<\/p>\n<p style=\"font-size: 0.8em;\"><strong>2005 \u2013 2012<\/strong> Abraham Jorge Meneses Villagr\u00e1<\/p>\n<p style=\"font-size: 0.8em;\"><strong>2012\u00a0 - 2018<\/strong> M\u00aa del Mar Fern\u00e1ndez Balboa<\/p>\n<p style=\"font-size: 0.8em;\"><strong>2018 - 2025<\/strong> Jes\u00fas Mart\u00edn G\u00f3mez<\/p>\n<p style=\"font-size: 0.8em;\"><strong>2025 - actualidad<\/strong>\u00a0Manuel Guti\u00e9rrez Pichel<\/p>\n<p>&nbsp;<\/p>\n<\/div><\/div><\/div><\/div><div id=\"pg-8882-2\"  class=\"panel-grid panel-no-style\" ><div id=\"pgc-8882-2-0\"  class=\"panel-grid-cell\" ><div id=\"panel-8882-2-0-0\" class=\"so-panel widget widget_gallery-images panel-first-child panel-last-child\" data-index=\"3\" ><div class=\"thim-widget-gallery-images template-base\"><div class=\"thim-carousel-wrapper gallery-img\" data-visible=\"2\" data-itemtablet=\"2\" data-itemmobile=\"1\" data-autoplay=\"0\" data-navigation=\"1\" data-pagination=\"1\" data-loop=\"true\"><div class=\"item\"><img loading=\"lazy\" decoding=\"async\" width=\"875\" height=\"561\" src=\"https:\/\/web.lasallesantiago.gal\/wp-content\/uploads\/2020\/06\/historia_colexio_2.jpg\" class=\"attachment-full size-full\" alt=\"\" srcset=\"https:\/\/web.lasallesantiago.gal\/wp-content\/uploads\/2020\/06\/historia_colexio_2.jpg 875w, https:\/\/web.lasallesantiago.gal\/wp-content\/uploads\/2020\/06\/historia_colexio_2-300x192.jpg 300w, https:\/\/web.lasallesantiago.gal\/wp-content\/uploads\/2020\/06\/historia_colexio_2-768x492.jpg 768w, https:\/\/web.lasallesantiago.gal\/wp-content\/uploads\/2020\/06\/historia_colexio_2-600x385.jpg 600w\" sizes=\"auto, (max-width: 875px) 100vw, 875px\" \/><\/div><div class=\"item\"><img loading=\"lazy\" decoding=\"async\" width=\"875\" height=\"560\" src=\"https:\/\/web.lasallesantiago.gal\/wp-content\/uploads\/2020\/06\/historia_colexio_3.jpg\" class=\"attachment-full size-full\" alt=\"\" srcset=\"https:\/\/web.lasallesantiago.gal\/wp-content\/uploads\/2020\/06\/historia_colexio_3.jpg 875w, https:\/\/web.lasallesantiago.gal\/wp-content\/uploads\/2020\/06\/historia_colexio_3-300x192.jpg 300w, https:\/\/web.lasallesantiago.gal\/wp-content\/uploads\/2020\/06\/historia_colexio_3-768x492.jpg 768w, https:\/\/web.lasallesantiago.gal\/wp-content\/uploads\/2020\/06\/historia_colexio_3-600x384.jpg 600w\" sizes=\"auto, (max-width: 875px) 100vw, 875px\" \/><\/div><div class=\"item\"><img loading=\"lazy\" decoding=\"async\" width=\"875\" height=\"652\" src=\"https:\/\/web.lasallesantiago.gal\/wp-content\/uploads\/2020\/06\/historia_colexio_12.jpg\" class=\"attachment-full size-full\" alt=\"\" srcset=\"https:\/\/web.lasallesantiago.gal\/wp-content\/uploads\/2020\/06\/historia_colexio_12.jpg 875w, https:\/\/web.lasallesantiago.gal\/wp-content\/uploads\/2020\/06\/historia_colexio_12-300x224.jpg 300w, https:\/\/web.lasallesantiago.gal\/wp-content\/uploads\/2020\/06\/historia_colexio_12-768x572.jpg 768w, https:\/\/web.lasallesantiago.gal\/wp-content\/uploads\/2020\/06\/historia_colexio_12-600x447.jpg 600w\" sizes=\"auto, (max-width: 875px) 100vw, 875px\" \/><\/div><div class=\"item\"><img loading=\"lazy\" decoding=\"async\" width=\"875\" height=\"607\" src=\"https:\/\/web.lasallesantiago.gal\/wp-content\/uploads\/2020\/06\/historia_colexio_1.jpg\" class=\"attachment-full size-full\" alt=\"\" srcset=\"https:\/\/web.lasallesantiago.gal\/wp-content\/uploads\/2020\/06\/historia_colexio_1.jpg 875w, https:\/\/web.lasallesantiago.gal\/wp-content\/uploads\/2020\/06\/historia_colexio_1-300x208.jpg 300w, https:\/\/web.lasallesantiago.gal\/wp-content\/uploads\/2020\/06\/historia_colexio_1-768x533.jpg 768w, https:\/\/web.lasallesantiago.gal\/wp-content\/uploads\/2020\/06\/historia_colexio_1-600x416.jpg 600w\" sizes=\"auto, (max-width: 875px) 100vw, 875px\" \/><\/div><div class=\"item\"><img loading=\"lazy\" decoding=\"async\" width=\"875\" height=\"579\" src=\"https:\/\/web.lasallesantiago.gal\/wp-content\/uploads\/2020\/06\/historia_colexio_4.jpg\" class=\"attachment-full size-full\" alt=\"\" srcset=\"https:\/\/web.lasallesantiago.gal\/wp-content\/uploads\/2020\/06\/historia_colexio_4.jpg 875w, https:\/\/web.lasallesantiago.gal\/wp-content\/uploads\/2020\/06\/historia_colexio_4-300x199.jpg 300w, https:\/\/web.lasallesantiago.gal\/wp-content\/uploads\/2020\/06\/historia_colexio_4-768x508.jpg 768w, https:\/\/web.lasallesantiago.gal\/wp-content\/uploads\/2020\/06\/historia_colexio_4-391x260.jpg 391w, https:\/\/web.lasallesantiago.gal\/wp-content\/uploads\/2020\/06\/historia_colexio_4-600x397.jpg 600w\" sizes=\"auto, (max-width: 875px) 100vw, 875px\" \/><\/div><div class=\"item\"><img loading=\"lazy\" decoding=\"async\" width=\"875\" height=\"635\" src=\"https:\/\/web.lasallesantiago.gal\/wp-content\/uploads\/2020\/06\/historia_colexio_6.jpg\" class=\"attachment-full size-full\" alt=\"\" srcset=\"https:\/\/web.lasallesantiago.gal\/wp-content\/uploads\/2020\/06\/historia_colexio_6.jpg 875w, https:\/\/web.lasallesantiago.gal\/wp-content\/uploads\/2020\/06\/historia_colexio_6-300x218.jpg 300w, https:\/\/web.lasallesantiago.gal\/wp-content\/uploads\/2020\/06\/historia_colexio_6-768x557.jpg 768w, https:\/\/web.lasallesantiago.gal\/wp-content\/uploads\/2020\/06\/historia_colexio_6-600x435.jpg 600w\" sizes=\"auto, (max-width: 875px) 100vw, 875px\" \/><\/div><div class=\"item\"><img loading=\"lazy\" decoding=\"async\" width=\"875\" height=\"606\" src=\"https:\/\/web.lasallesantiago.gal\/wp-content\/uploads\/2020\/06\/historia_colexio_7.jpg\" class=\"attachment-full size-full\" alt=\"\" srcset=\"https:\/\/web.lasallesantiago.gal\/wp-content\/uploads\/2020\/06\/historia_colexio_7.jpg 875w, https:\/\/web.lasallesantiago.gal\/wp-content\/uploads\/2020\/06\/historia_colexio_7-300x208.jpg 300w, https:\/\/web.lasallesantiago.gal\/wp-content\/uploads\/2020\/06\/historia_colexio_7-768x532.jpg 768w, https:\/\/web.lasallesantiago.gal\/wp-content\/uploads\/2020\/06\/historia_colexio_7-600x416.jpg 600w\" sizes=\"auto, (max-width: 875px) 100vw, 875px\" \/><\/div><div class=\"item\"><img loading=\"lazy\" decoding=\"async\" width=\"875\" height=\"630\" src=\"https:\/\/web.lasallesantiago.gal\/wp-content\/uploads\/2020\/06\/historia_colexio_8.jpg\" class=\"attachment-full size-full\" alt=\"\" srcset=\"https:\/\/web.lasallesantiago.gal\/wp-content\/uploads\/2020\/06\/historia_colexio_8.jpg 875w, https:\/\/web.lasallesantiago.gal\/wp-content\/uploads\/2020\/06\/historia_colexio_8-300x216.jpg 300w, https:\/\/web.lasallesantiago.gal\/wp-content\/uploads\/2020\/06\/historia_colexio_8-768x553.jpg 768w, https:\/\/web.lasallesantiago.gal\/wp-content\/uploads\/2020\/06\/historia_colexio_8-600x432.jpg 600w\" sizes=\"auto, (max-width: 875px) 100vw, 875px\" \/><\/div><div class=\"item\"><img loading=\"lazy\" decoding=\"async\" width=\"875\" height=\"616\" src=\"https:\/\/web.lasallesantiago.gal\/wp-content\/uploads\/2020\/06\/historia_colexio_9.jpg\" class=\"attachment-full size-full\" alt=\"\" srcset=\"https:\/\/web.lasallesantiago.gal\/wp-content\/uploads\/2020\/06\/historia_colexio_9.jpg 875w, https:\/\/web.lasallesantiago.gal\/wp-content\/uploads\/2020\/06\/historia_colexio_9-300x211.jpg 300w, https:\/\/web.lasallesantiago.gal\/wp-content\/uploads\/2020\/06\/historia_colexio_9-768x541.jpg 768w, https:\/\/web.lasallesantiago.gal\/wp-content\/uploads\/2020\/06\/historia_colexio_9-600x422.jpg 600w\" sizes=\"auto, (max-width: 875px) 100vw, 875px\" \/><\/div><div class=\"item\"><img loading=\"lazy\" decoding=\"async\" width=\"875\" height=\"641\" src=\"https:\/\/web.lasallesantiago.gal\/wp-content\/uploads\/2020\/06\/historia_colexio_10.jpg\" class=\"attachment-full size-full\" alt=\"\" srcset=\"https:\/\/web.lasallesantiago.gal\/wp-content\/uploads\/2020\/06\/historia_colexio_10.jpg 875w, https:\/\/web.lasallesantiago.gal\/wp-content\/uploads\/2020\/06\/historia_colexio_10-300x220.jpg 300w, https:\/\/web.lasallesantiago.gal\/wp-content\/uploads\/2020\/06\/historia_colexio_10-768x563.jpg 768w, https:\/\/web.lasallesantiago.gal\/wp-content\/uploads\/2020\/06\/historia_colexio_10-600x440.jpg 600w\" sizes=\"auto, (max-width: 875px) 100vw, 875px\" \/><\/div><div class=\"item\"><img loading=\"lazy\" decoding=\"async\" width=\"875\" height=\"636\" src=\"https:\/\/web.lasallesantiago.gal\/wp-content\/uploads\/2020\/06\/historia_colexio_11.jpg\" class=\"attachment-full size-full\" alt=\"\" srcset=\"https:\/\/web.lasallesantiago.gal\/wp-content\/uploads\/2020\/06\/historia_colexio_11.jpg 875w, https:\/\/web.lasallesantiago.gal\/wp-content\/uploads\/2020\/06\/historia_colexio_11-300x218.jpg 300w, https:\/\/web.lasallesantiago.gal\/wp-content\/uploads\/2020\/06\/historia_colexio_11-768x558.jpg 768w, https:\/\/web.lasallesantiago.gal\/wp-content\/uploads\/2020\/06\/historia_colexio_11-600x436.jpg 600w\" sizes=\"auto, (max-width: 875px) 100vw, 875px\" \/><\/div><div class=\"item\"><img loading=\"lazy\" decoding=\"async\" width=\"875\" height=\"637\" src=\"https:\/\/web.lasallesantiago.gal\/wp-content\/uploads\/2020\/06\/historia_colexio_14.png\" class=\"attachment-full size-full\" alt=\"\" srcset=\"https:\/\/web.lasallesantiago.gal\/wp-content\/uploads\/2020\/06\/historia_colexio_14.png 875w, https:\/\/web.lasallesantiago.gal\/wp-content\/uploads\/2020\/06\/historia_colexio_14-300x218.png 300w, https:\/\/web.lasallesantiago.gal\/wp-content\/uploads\/2020\/06\/historia_colexio_14-768x559.png 768w, https:\/\/web.lasallesantiago.gal\/wp-content\/uploads\/2020\/06\/historia_colexio_14-600x437.png 600w\" sizes=\"auto, (max-width: 875px) 100vw, 875px\" \/><\/div><div class=\"item\"><img loading=\"lazy\" decoding=\"async\" width=\"875\" height=\"602\" src=\"https:\/\/web.lasallesantiago.gal\/wp-content\/uploads\/2020\/06\/historia_colexio_5.jpg\" class=\"attachment-full size-full\" alt=\"\" srcset=\"https:\/\/web.lasallesantiago.gal\/wp-content\/uploads\/2020\/06\/historia_colexio_5.jpg 875w, https:\/\/web.lasallesantiago.gal\/wp-content\/uploads\/2020\/06\/historia_colexio_5-300x206.jpg 300w, https:\/\/web.lasallesantiago.gal\/wp-content\/uploads\/2020\/06\/historia_colexio_5-768x528.jpg 768w, https:\/\/web.lasallesantiago.gal\/wp-content\/uploads\/2020\/06\/historia_colexio_5-600x413.jpg 600w\" sizes=\"auto, (max-width: 875px) 100vw, 875px\" \/><\/div><div class=\"item\"><img loading=\"lazy\" decoding=\"async\" width=\"875\" height=\"570\" src=\"https:\/\/web.lasallesantiago.gal\/wp-content\/uploads\/2020\/06\/historia_colexio_13.jpg\" class=\"attachment-full size-full\" alt=\"\" srcset=\"https:\/\/web.lasallesantiago.gal\/wp-content\/uploads\/2020\/06\/historia_colexio_13.jpg 875w, https:\/\/web.lasallesantiago.gal\/wp-content\/uploads\/2020\/06\/historia_colexio_13-300x195.jpg 300w, https:\/\/web.lasallesantiago.gal\/wp-content\/uploads\/2020\/06\/historia_colexio_13-768x500.jpg 768w, https:\/\/web.lasallesantiago.gal\/wp-content\/uploads\/2020\/06\/historia_colexio_13-600x391.jpg 600w\" sizes=\"auto, (max-width: 875px) 100vw, 875px\" \/><\/div><\/div><\/div><\/div><\/div><\/div><\/div>","protected":false},"excerpt":{"rendered":"<p>La Salle como instituci\u00f3n lleva presente en Santiago de Compostela desde 1924. Durante aproximadamente 30 a\u00f1os los Hermanos animaron y dirigieron la Escuela de La Inmaculada, que se convirti\u00f3 en la semilla de la que luego brot\u00f3 el colegio La &hellip; <\/p>\n","protected":false},"author":1,"featured_media":0,"parent":0,"menu_order":0,"comment_status":"closed","ping_status":"closed","template":"","meta":{"footnotes":""},"class_list":["post-8882","page","type-page","status-publish","hentry"],"_links":{"self":[{"href":"https:\/\/web.lasallesantiago.gal\/es\/wp-json\/wp\/v2\/pages\/8882","targetHints":{"allow":["GET"]}}],"collection":[{"href":"https:\/\/web.lasallesantiago.gal\/es\/wp-json\/wp\/v2\/pages"}],"about":[{"href":"https:\/\/web.lasallesantiago.gal\/es\/wp-json\/wp\/v2\/types\/page"}],"author":[{"embeddable":true,"href":"https:\/\/web.lasallesantiago.gal\/es\/wp-json\/wp\/v2\/users\/1"}],"replies":[{"embeddable":true,"href":"https:\/\/web.lasallesantiago.gal\/es\/wp-json\/wp\/v2\/comments?post=8882"}],"version-history":[{"count":2,"href":"https:\/\/web.lasallesantiago.gal\/es\/wp-json\/wp\/v2\/pages\/8882\/revisions"}],"predecessor-version":[{"id":28045,"href":"https:\/\/web.lasallesantiago.gal\/es\/wp-json\/wp\/v2\/pages\/8882\/revisions\/28045"}],"wp:attachment":[{"href":"https:\/\/web.lasallesantiago.gal\/es\/wp-json\/wp\/v2\/media?parent=8882"}],"curies":[{"name":"wp","href":"https:\/\/api.w.org\/{rel}","templated":true}]}}