{"id":8879,"date":"2020-05-13T07:13:32","date_gmt":"2020-05-13T07:13:32","guid":{"rendered":"https:\/\/web.lasallesantiago.gal\/?page_id=8879"},"modified":"2020-06-01T12:12:15","modified_gmt":"2020-06-01T12:12:15","slug":"presentacion","status":"publish","type":"page","link":"https:\/\/web.lasallesantiago.gal\/es\/presentacion\/","title":{"rendered":"Presentaci\u00f3n"},"content":{"rendered":"<div id=\"pl-8879\"  class=\"panel-layout\" ><div id=\"pg-8879-0\"  class=\"panel-grid panel-no-style\" ><div id=\"pgc-8879-0-0\"  class=\"panel-grid-cell\" ><div id=\"panel-8879-0-0-0\" class=\"so-panel widget widget_heading panel-first-child panel-last-child\" data-index=\"0\" ><div class=\"thim-widget-heading template-base\"><div class=\"sc_heading  text-left\"><h3 style=\"text-transform: uppercase;\" class=\"title\">Somos La Salle<\/h3><p class=\"sub-heading\" style=\"\">M\u00e1s de 300 a\u00f1os de historia<\/p><span class=\"line\"><\/span><\/div><\/div><\/div><\/div><\/div><div id=\"pg-8879-1\"  class=\"panel-grid panel-no-style\" ><div id=\"pgc-8879-1-0\"  class=\"panel-grid-cell\" ><div id=\"panel-8879-1-0-0\" class=\"so-panel widget widget_sow-editor panel-first-child panel-last-child\" data-index=\"1\" ><div\n\t\t\t\n\t\t\tclass=\"so-widget-sow-editor so-widget-sow-editor-base\"\n\t\t\t\n\t\t>\n<div class=\"siteorigin-widget-tinymce textwidget\">\n\t<p><strong>La Salle<\/strong> es una instituci\u00f3n cat\u00f3lica con presencia en m\u00e1s de ochenta pa\u00edses. Formar parte de esta red es una de nuestras mayores fortalezas. M\u00e1s de 300 a\u00f1os de historia nos han ense\u00f1ado a mantener un estilo que nos une, a adaptarnos constantemente y a innovar cuando ha sido necesario.<\/p>\n<p>Nos dedicamos a la educaci\u00f3n de las personas desde los valores humanos y cristianos. Preparamos a nuestros chicos y chicas para ser hombres y mujeres del siglo XXI que aporten valor a la sociedad del futuro. Personas aut\u00f3nomas, competentes, creativas e implicadas en la construcci\u00f3n de una sociedad m\u00e1s justa y solidaria. Cada uno \u201cser\u00e1 lo que quiera ser\u201d gracias a una formaci\u00f3n integral que respeta los ritmos y el potencial de cada uno desde el principio. Hacemos de su futuro nuestro presente. Para ello nos preocupamos de formarlos, orientarlos y enfocarlos hacia su futuro acad\u00e9mico y profesional.<\/p>\n<\/div>\n<\/div><\/div><\/div><div id=\"pgc-8879-1-1\"  class=\"panel-grid-cell\" ><div class=\"panel-cell-style panel-cell-style-for-8879-1-1\" ><div id=\"panel-8879-1-1-0\" class=\"so-panel widget widget_sow-image panel-first-child\" data-index=\"2\" ><div\n\t\t\t\n\t\t\tclass=\"so-widget-sow-image so-widget-sow-image-default-8b5b6f678277-8879\"\n\t\t\t\n\t\t>\n<div class=\"sow-image-container\">\n\t\t<img \n\tsrc=\"https:\/\/web.lasallesantiago.gal\/wp-content\/uploads\/2020\/05\/recurso_colegio_manos_rx-1.jpg\" width=\"1920\" height=\"1080\" srcset=\"https:\/\/web.lasallesantiago.gal\/wp-content\/uploads\/2020\/05\/recurso_colegio_manos_rx-1.jpg 1920w, https:\/\/web.lasallesantiago.gal\/wp-content\/uploads\/2020\/05\/recurso_colegio_manos_rx-1-600x338.jpg 600w, https:\/\/web.lasallesantiago.gal\/wp-content\/uploads\/2020\/05\/recurso_colegio_manos_rx-1-300x169.jpg 300w, https:\/\/web.lasallesantiago.gal\/wp-content\/uploads\/2020\/05\/recurso_colegio_manos_rx-1-1024x576.jpg 1024w, https:\/\/web.lasallesantiago.gal\/wp-content\/uploads\/2020\/05\/recurso_colegio_manos_rx-1-768x432.jpg 768w, https:\/\/web.lasallesantiago.gal\/wp-content\/uploads\/2020\/05\/recurso_colegio_manos_rx-1-1536x864.jpg 1536w\" sizes=\"(max-width: 1920px) 100vw, 1920px\" title=\"recurso_colegio_manos_rx (1)\" alt=\"\" \t\tclass=\"so-widget-image\"\/>\n\t<\/div>\n\n<\/div><\/div><div id=\"panel-8879-1-1-1\" class=\"so-panel widget widget_sow-editor panel-last-child\" data-index=\"3\" ><div\n\t\t\t\n\t\t\tclass=\"so-widget-sow-editor so-widget-sow-editor-base\"\n\t\t\t\n\t\t>\n<div class=\"siteorigin-widget-tinymce textwidget\">\n\t<p><span style=\"font-size: 1.5em;\">Llevamos desde 1953 haciendo de tu <span class=\"thim-color\"><b>futuro<\/b><\/span> nuestro <span class=\"thim-color\"><b>presente<\/b><\/span><\/span><\/p>\n<\/div>\n<\/div><\/div><\/div><\/div><\/div><div id=\"pg-8879-2\"  class=\"panel-grid panel-no-style\" ><div id=\"pgc-8879-2-0\"  class=\"panel-grid-cell\" ><div id=\"panel-8879-2-0-0\" class=\"so-panel widget widget_sow-editor panel-first-child panel-last-child\" data-index=\"4\" ><div\n\t\t\t\n\t\t\tclass=\"so-widget-sow-editor so-widget-sow-editor-base\"\n\t\t\t\n\t\t>\n<div class=\"siteorigin-widget-tinymce textwidget\">\n\t<blockquote>\n<p><em>M\u00e1s all\u00e1 de lo local<\/em>, tendemos puentes siendo centro multiling\u00fce.<br \/>\n<em>M\u00e1s all\u00e1 de los temas<\/em>, aportamos herramientas para interpretar el mundo que nos rodea.<br \/>\n<em>M\u00e1s all\u00e1 de las disciplinas tradicionales<\/em>, nos abrimos a nuevos contextos de aprendizaje.<br \/>\n<em>M\u00e1s all\u00e1 de las disciplinas concretas<\/em>, aprendemos desde proyectos interdisciplinares.<br \/>\n<em>M\u00e1s all\u00e1 de los estudios prescritos<\/em>, atendemos a cada ni\u00f1o, a cada uno de nuestros protagonistas, de una manera muy personal, para que cada uno de ellos encuentre su lugar.<\/p>\n<\/blockquote>\n<p>No ser\u00eda posible sin las personas. Profesores, personal de administraci\u00f3n y servicios, monitores, entrenadores, voluntarios... Juntos formamos un equipo de calidad profesional y humana enfocados en dar respuesta desde la mejora continua y la innovaci\u00f3n.<\/p>\n<\/div>\n<\/div><\/div><\/div><\/div><\/div>","protected":false},"excerpt":{"rendered":"<p>La Salle es una instituci\u00f3n cat\u00f3lica con presencia en m\u00e1s de ochenta pa\u00edses. Formar parte de esta red es una de nuestras mayores fortalezas. M\u00e1s de 300 a\u00f1os de historia nos han ense\u00f1ado a mantener un estilo que nos une, &hellip; <\/p>\n","protected":false},"author":1,"featured_media":0,"parent":0,"menu_order":0,"comment_status":"closed","ping_status":"closed","template":"","meta":{"footnotes":""},"class_list":["post-8879","page","type-page","status-publish","hentry"],"_links":{"self":[{"href":"https:\/\/web.lasallesantiago.gal\/es\/wp-json\/wp\/v2\/pages\/8879","targetHints":{"allow":["GET"]}}],"collection":[{"href":"https:\/\/web.lasallesantiago.gal\/es\/wp-json\/wp\/v2\/pages"}],"about":[{"href":"https:\/\/web.lasallesantiago.gal\/es\/wp-json\/wp\/v2\/types\/page"}],"author":[{"embeddable":true,"href":"https:\/\/web.lasallesantiago.gal\/es\/wp-json\/wp\/v2\/users\/1"}],"replies":[{"embeddable":true,"href":"https:\/\/web.lasallesantiago.gal\/es\/wp-json\/wp\/v2\/comments?post=8879"}],"version-history":[{"count":0,"href":"https:\/\/web.lasallesantiago.gal\/es\/wp-json\/wp\/v2\/pages\/8879\/revisions"}],"wp:attachment":[{"href":"https:\/\/web.lasallesantiago.gal\/es\/wp-json\/wp\/v2\/media?parent=8879"}],"curies":[{"name":"wp","href":"https:\/\/api.w.org\/{rel}","templated":true}]}}