{"id":8873,"date":"2020-05-13T07:11:40","date_gmt":"2020-05-13T07:11:40","guid":{"rendered":"https:\/\/web.lasallesantiago.gal\/?page_id=8873"},"modified":"2022-06-14T06:12:44","modified_gmt":"2022-06-14T06:12:44","slug":"politica-de-privacidad","status":"publish","type":"page","link":"https:\/\/web.lasallesantiago.gal\/es\/politica-de-privacidad\/","title":{"rendered":"Pol\u00edtica de privacidad"},"content":{"rendered":"<div id=\"pl-8873\"  class=\"panel-layout\" ><div id=\"pg-8873-0\"  class=\"panel-grid panel-no-style\" ><div id=\"pgc-8873-0-0\"  class=\"panel-grid-cell\" ><div id=\"panel-8873-0-0-0\" class=\"so-panel widget widget_heading panel-first-child panel-last-child\" data-index=\"0\" ><div class=\"thim-widget-heading template-base\"><div class=\"sc_heading  text-left\"><h3 style=\"text-transform: uppercase;\" class=\"title\">Pol\u00edtica de privacidad<\/h3><span class=\"line\"><\/span><\/div><\/div><\/div><\/div><\/div><div id=\"pg-8873-1\"  class=\"panel-grid panel-no-style\" ><div id=\"pgc-8873-1-0\"  class=\"panel-grid-cell\" ><div id=\"panel-8873-1-0-0\" class=\"so-panel widget widget_sow-editor panel-first-child panel-last-child\" data-index=\"1\" ><div\n\t\t\t\n\t\t\tclass=\"so-widget-sow-editor so-widget-sow-editor-base\"\n\t\t\t\n\t\t>\n<div class=\"siteorigin-widget-tinymce textwidget\">\n\t<h3>1. DATOS DEL RESPONSABLE DEL TRATAMIENTO DE LOS DATOS<\/h3>\n<ul>\n<li><strong>Nombre entidad<\/strong>: COLEGIO LA SALLE SANTIAGO (en adelante, C. LA SALLE SANTIAGO)<\/li>\n<li><strong>Direcci\u00f3n<\/strong>: C\/San Roque 6, 15704, A Coru\u00f1a<\/li>\n<li><strong>Tel\u00e9fono<\/strong>: 981584611<\/li>\n<li><strong>Correo electr\u00f3nico<\/strong>: comunicacion@lasallesantiago.gal<\/li>\n<li><strong>Datos de contacto del Delegado de protecci\u00f3n de datos<\/strong>: PRODA CYL, S.L.U<\/li>\n<li><strong>Contacto DPD<\/strong>: protecciondatos@sallep.net<\/li>\n<\/ul>\n<h3>2. TRATAMIENTOS DE DATOS RECABADOS A TRAV\u00c9S DE LA P\u00c1GINA WEB<\/h3>\n<p>Los datos que C. LA SALLE SANTIAGO pueda recopilar por el uso, navegaci\u00f3n de la p\u00e1gina web, a trav\u00e9s de nuestros formularios, v\u00eda email o con motivo de la relaci\u00f3n contractual que le une con C. LA SALLE SANTIAGO son datos de car\u00e1cter personal. En algunas ocasiones, le informamos de que por el simple uso y navegaci\u00f3n en nuestra P\u00e1gina web, C. LA SALLE SANTIAGO almacenar\u00e1 datos relativos a:<\/p>\n<ul>\n<li>Direcci\u00f3n IP<\/li>\n<li>Versi\u00f3n del navegador<\/li>\n<li>Sistema operativo<\/li>\n<li>Duraci\u00f3n de la visita o navegaci\u00f3n por la P\u00e1gina web<\/li>\n<\/ul>\n<p>Tal informaci\u00f3n puede almacenarse mediante Google Analytics, por lo que nos remitimos a la Pol\u00edtica de Privacidad de Google, ya que \u00e9ste recaba y trata tal informaci\u00f3n.<\/p>\n<p>C. LA SALLE SANTIAGO se reserva el derecho a modificar o adaptar la presente Pol\u00edtica de Privacidad en todo momento. Por lo tanto, le recomendamos que revise la misma cada vez que acceda a la P\u00e1gina Web. En el supuesto de que usuario se haya registrado en la p\u00e1gina web y acceda a su cuenta o perfil, al acceder a la misma, se le informar\u00e1 en el supuesto de que haya habido modificaciones sustanciales en relaci\u00f3n con el tratamiento de sus datos personales.<\/p>\n<h4>1. Informaci\u00f3n facilitada a trav\u00e9s de los correos electr\u00f3nicos puestos a disposici\u00f3n en la web.<\/h4>\n<p style=\"padding-left: 40px;\">a. Finalidad. Darle contestaci\u00f3n a su solicitud de informaci\u00f3n.<\/p>\n<p style=\"padding-left: 40px;\">b. Legitimaci\u00f3n. El consentimiento otorgado por usted en el momento que nos env\u00eda la solicitud v\u00eda email.<\/p>\n<p style=\"padding-left: 40px;\">c. Destinatarios. Los destinatarios de sus datos ser\u00e1n los distintos departamentos de nuestro centro, as\u00ed como los terceros a los que cedamos sus datos, cuando sea l\u00edcito conforme a lo dispuesto en la normativa vigente en materia de protecci\u00f3n de datos.<\/p>\n<h4>2. Candidaturas espont\u00e1neas y trabaja con nosostros<\/h4>\n<p style=\"padding-left: 40px;\">a. Finalidad. Hacerle part\u00edcipe de los procesos de selecci\u00f3n de personal que se realicen por C. LA SALLE SANTIAGO.<\/p>\n<p style=\"padding-left: 40px;\">b. Legitimaci\u00f3n. Ejecuci\u00f3n de un contrato en el que la persona interesada es parte o para la aplicaci\u00f3n a petici\u00f3n de \u00e9ste de medidas precontractuales.<\/p>\n<p style=\"padding-left: 40px;\">c. Destinatarios. Los destinatarios de sus datos ser\u00e1n los distintos departamentos de nuestro centro, as\u00ed como los terceros a los que cedamos sus datos, cuando sea l\u00edcito conforme a lo dispuesto en la normativa vigente en materia de protecci\u00f3n de datos.<\/p>\n<h4>3. Ejercicio de derechos RGPD<\/h4>\n<p style=\"padding-left: 40px;\">a. Finalidad: Atender las solicitudes de los interesados en materia de protecci\u00f3n de datos<\/p>\n<p style=\"padding-left: 40px;\">b. Legitimaci\u00f3n: 6.1.c) Tratamiento necesario para el cumplimiento de una obligaci\u00f3n legal aplicable al Reglamento General de Protecci\u00f3n de Datos.<\/p>\n<p style=\"padding-left: 40px;\">c. Destinatarios: Los destinatarios de sus datos ser\u00e1n el departamento de inform\u00e1tica, el Delegado de Protecci\u00f3n de Datos, direcci\u00f3n y\/o administraci\u00f3n del centro en funci\u00f3n de la petici\u00f3n, as\u00ed como los terceros a los que se cedan sus datos siempre que concurran los requisitos exigibles en materia de protecci\u00f3n de datos.<\/p>\n<h4>4. Brecha de seguridad<\/h4>\n<p style=\"padding-left: 40px;\">a. Finalidad: Gestionar y resolver la brecha de seguridad en materia de protecci\u00f3n de datos, as\u00ed como la posible comunicaci\u00f3n a los afectados.<\/p>\n<p style=\"padding-left: 40px;\">b. Legitimaci\u00f3n: 6.1.c) Tratamiento necesario para el cumplimiento de una obligaci\u00f3n legal aplicable al Reglamento General de Protecci\u00f3n de Datos.<\/p>\n<p style=\"padding-left: 40px;\">c. Destinatarios: Los destinatarios de sus datos ser\u00e1n el departamento de inform\u00e1tica, el Delegado de Protecci\u00f3n de Datos, direcci\u00f3n y\/o administraci\u00f3n del centro en funci\u00f3n de la petici\u00f3n, as\u00ed como los terceros a los que se cedan sus datos siempre que concurran los requisitos exigibles en materia de protecci\u00f3n de datos.<\/p>\n<h4>5. Formulario de inscripci\u00f3n Jornada de Puertas Abiertas.<\/h4>\n<p style=\"padding-left: 40px;\">a. Finalidad. La finalidad del presente formulario es su inscripci\u00f3n en la Jornada de Puertas Abiertas que se realizar\u00e1 en el centro.<\/p>\n<p style=\"padding-left: 40px;\">b. Legitimaci\u00f3n. La legitimaci\u00f3n para el tratamiento de los datos de car\u00e1cter personal es el consentimiento del interesado.<\/p>\n<p style=\"padding-left: 40px;\">c. Destinarios. Los destinatarios de sus datos ser\u00e1n los distintos departamentos de nuestro centro, as\u00ed como los terceros a los que cedamos sus datos, cuando sea l\u00edcito conforme a lo dispuesto en la normativa vigente en materia de protecci\u00f3n de datos.<\/p>\n<h4>6. Tienda.<\/h4>\n<p style=\"padding-left: 40px;\">a. Finalidad. La finalidad del presente formulario es la reserva de compra de productos escolares.<\/p>\n<p style=\"padding-left: 40px;\">b. Legitimaci\u00f3n. La legitimaci\u00f3n para el tratamiento de los datos de car\u00e1cter personal es el consentimiento del interesado.<\/p>\n<p style=\"padding-left: 40px;\">c. Destinarios. Los destinatarios de sus datos ser\u00e1n los distintos departamentos de nuestro centro, as\u00ed como los terceros a los que cedamos sus datos, cuando sea l\u00edcito conforme a lo dispuesto en la normativa vigente en materia de protecci\u00f3n de datos.<\/p>\n<p>&nbsp;<\/p>\n<h3>3. OTROS TRATAMIENTOS DE DATOS<\/h3>\n<h4>1. Exclusivo para contactos profesionales.<\/h4>\n<p style=\"padding-left: 40px;\">a. Finalidad. En C. LA SALLE SANTIAGO tratamos sus datos personales con la finalidad de mantener la relaci\u00f3n profesional que entre ambos tenemos.<\/p>\n<p style=\"padding-left: 40px;\">b. Legitimaci\u00f3n. El inter\u00e9s leg\u00edtimo.<\/p>\n<p style=\"padding-left: 40px;\">c. Destinatarios. Los destinatarios de sus datos ser\u00e1n los distintos departamentos de nuestro centro, as\u00ed como los terceros a los que cedamos sus datos, cuando sea l\u00edcito conforme a lo dispuesto en la normativa vigente en materia de protecci\u00f3n de datos.<\/p>\n<h4>2. Exclusivo para contactos a trav\u00e9s de redes sociales<\/h4>\n<p style=\"padding-left: 40px;\">a. Finalidad. En C. LA SALLE SANTIAGO tratamos sus datos personales con las siguientes finalidades:<\/p>\n<ul>\n<li style=\"list-style-type: none;\">\n<ul>\n<li>Contestar a consultas, solicitudes o peticiones.<\/li>\n<li>Gestionar el servicio solicitado, contestar a la solicitud, o tramitar una petici\u00f3n.<\/li>\n<li>Establecer una relaci\u00f3n usuario-responsable, y crear una comunidad de seguidores.<\/li>\n<\/ul>\n<\/li>\n<\/ul>\n<p style=\"padding-left: 40px;\">b. Legitimaci\u00f3n. El inter\u00e9s leg\u00edtimo del responsable del tratamiento, as\u00ed como la aceptaci\u00f3n de una relaci\u00f3n contractual en el entorno de la red social que corresponda.<\/p>\n<p style=\"padding-left: 40px;\">c. Destinatarios. Los destinatarios de sus datos ser\u00e1n los distintos departamentos de nuestro centro, as\u00ed como los terceros a los que cedamos sus datos, cuando sea l\u00edcito conforme a lo dispuesto en la normativa vigente en materia de protecci\u00f3n de datos. No obstante, recomendamos la revisi\u00f3n de la pol\u00edtica de privacidad de las redes sociales que principalmente utilizamos ya que las redes sociales, al ser norteamericanas, pueden transferir datos a Estados Unidos.<\/p>\n<h3>4. PLAZOS DE CONSERVACI\u00d3N<\/h3>\n<p style=\"padding-left: 40px;\"><img loading=\"lazy\" decoding=\"async\" class=\"alignnone size-full wp-image-19709\" src=\"https:\/\/web.lasallesantiago.gal\/wp-content\/uploads\/2022\/06\/tratamientodatos.png\" alt=\"\" width=\"686\" height=\"685\" srcset=\"https:\/\/web.lasallesantiago.gal\/wp-content\/uploads\/2022\/06\/tratamientodatos.png 686w, https:\/\/web.lasallesantiago.gal\/wp-content\/uploads\/2022\/06\/tratamientodatos-300x300.png 300w, https:\/\/web.lasallesantiago.gal\/wp-content\/uploads\/2022\/06\/tratamientodatos-150x150.png 150w, https:\/\/web.lasallesantiago.gal\/wp-content\/uploads\/2022\/06\/tratamientodatos-600x599.png 600w, https:\/\/web.lasallesantiago.gal\/wp-content\/uploads\/2022\/06\/tratamientodatos-100x100.png 100w\" sizes=\"auto, (max-width: 686px) 100vw, 686px\" \/>\n<\/p>\n<h3>5. TRANSFERENCIAS INTERNACIONALES<\/h3>\n<p>El Centro no tiene previsto llevar a cabo transferencias internacionales de datos. En aquellos supuestos en los que sea necesario, solo se realizaran a entidades que hayan demostrado que cumplen con el nivel de protecci\u00f3n y garant\u00edas de acuerdo con los par\u00e1metros y exigencias previstas en la normativa vigente en materia de protecci\u00f3n de datos, como el Reglamento Europeo o cuando exista una habilitaci\u00f3n legal para realizar la transferencia internacional.<\/p>\n<p>&nbsp;<\/p>\n<h3>6. \u00bfCU\u00c1LES SON SUS DERECHOS EN RELACI\u00d3N CON EL TRATAMIENTO DE DATOS?<\/h3>\n<p>Usted como titular de datos tiene derecho a obtener confirmaci\u00f3n sobre la existencia de un tratamiento de sus datos, a acceder a sus datos personales, solicitar la rectificaci\u00f3n de los datos que sean inexactos o, en su caso, solicitar la supresi\u00f3n, cuando entre otros motivos, los datos ya no sean necesarios para los fines para los que fueron recogidos o usted como interesado retire el consentimiento otorgado. C. LA SALLE SANTIAGO tratar\u00e1 y conservar\u00e1 sus datos de acuerdo con la normativa vigente, sin perjuicio de que como interesado pueda solicitar en todo caso, la limitaci\u00f3n del tratamiento de sus datos. En ciertos supuestos podr\u00e1 ejercitar su derecho a la portabilidad de los datos, que ser\u00e1n entregados en un formato estructurado, de uso com\u00fan o lectura mec\u00e1nica a usted o al nuevo responsable de tratamiento que designe. Tendr\u00e1 derecho a revocar en cualquier momento el consentimiento para cualquiera de los tratamientos para los que lo ha otorgado. Para ejercitar sus derechos comun\u00edquese con nosotros a trav\u00e9s de la direcci\u00f3n de correo electr\u00f3nico protecciondatos@sallep.net. Disponemos de formularios para el ejercicio de todos los derechos anteriormente indicados, no obstante, tambi\u00e9n puede utilizar los elaborados por la Agencia Espa\u00f1ola de Protecci\u00f3n de Datos. Tendr\u00e1 derecho a presentar una reclamaci\u00f3n ante la Agencia Espa\u00f1ola de Protecci\u00f3n de Datos en el supuesto de que considere que no se ha atendido convenientemente el ejercicio de sus derechos. El plazo m\u00e1ximo para resolver ser\u00e1 el de un mes a contar desde la recepci\u00f3n de su solicitud. En el caso de producirse alguna modificaci\u00f3n de sus datos, le agradecemos nos lo comunique debidamente por escrito con la finalidad de mantener sus datos actualizados.<\/p>\n<p><span style=\"font-size: 0.7em;\">\u00daltima versi\u00f3n: junio de 2022<\/span><\/p>\n<p>&nbsp;<\/p>\n<\/div>\n<\/div><\/div><\/div><\/div><\/div>","protected":false},"excerpt":{"rendered":"<p>1. DATOS DEL RESPONSABLE DEL TRATAMIENTO DE LOS DATOS Nombre entidad: COLEGIO LA SALLE SANTIAGO (en adelante, C. LA SALLE SANTIAGO) Direcci\u00f3n: C\/San Roque 6, 15704, A Coru\u00f1a Tel\u00e9fono: 981584611 Correo electr\u00f3nico: comunicacion@lasallesantiago.gal Datos de contacto del Delegado de protecci\u00f3n &hellip; <\/p>\n","protected":false},"author":1,"featured_media":0,"parent":0,"menu_order":0,"comment_status":"closed","ping_status":"closed","template":"","meta":{"footnotes":""},"class_list":["post-8873","page","type-page","status-publish","hentry"],"_links":{"self":[{"href":"https:\/\/web.lasallesantiago.gal\/es\/wp-json\/wp\/v2\/pages\/8873","targetHints":{"allow":["GET"]}}],"collection":[{"href":"https:\/\/web.lasallesantiago.gal\/es\/wp-json\/wp\/v2\/pages"}],"about":[{"href":"https:\/\/web.lasallesantiago.gal\/es\/wp-json\/wp\/v2\/types\/page"}],"author":[{"embeddable":true,"href":"https:\/\/web.lasallesantiago.gal\/es\/wp-json\/wp\/v2\/users\/1"}],"replies":[{"embeddable":true,"href":"https:\/\/web.lasallesantiago.gal\/es\/wp-json\/wp\/v2\/comments?post=8873"}],"version-history":[{"count":0,"href":"https:\/\/web.lasallesantiago.gal\/es\/wp-json\/wp\/v2\/pages\/8873\/revisions"}],"wp:attachment":[{"href":"https:\/\/web.lasallesantiago.gal\/es\/wp-json\/wp\/v2\/media?parent=8873"}],"curies":[{"name":"wp","href":"https:\/\/api.w.org\/{rel}","templated":true}]}}