{"id":8870,"date":"2020-05-13T07:11:03","date_gmt":"2020-05-13T07:11:03","guid":{"rendered":"https:\/\/web.lasallesantiago.gal\/?page_id=8870"},"modified":"2022-06-14T06:24:49","modified_gmt":"2022-06-14T06:24:49","slug":"politica-de-cookies","status":"publish","type":"page","link":"https:\/\/web.lasallesantiago.gal\/es\/politica-de-cookies\/","title":{"rendered":"Pol\u00edtica de cookies"},"content":{"rendered":"<div id=\"pl-8870\"  class=\"panel-layout\" ><div id=\"pg-8870-0\"  class=\"panel-grid panel-no-style\" ><div id=\"pgc-8870-0-0\"  class=\"panel-grid-cell\" ><div id=\"panel-8870-0-0-0\" class=\"so-panel widget widget_heading panel-first-child panel-last-child\" data-index=\"0\" ><div class=\"thim-widget-heading template-base\"><div class=\"sc_heading  text-left\"><h3 style=\"text-transform: uppercase;\" class=\"title\">Pol\u00edtica de cookies<\/h3><span class=\"line\"><\/span><\/div><\/div><\/div><\/div><\/div><div id=\"pg-8870-1\"  class=\"panel-grid panel-no-style\" ><div id=\"pgc-8870-1-0\"  class=\"panel-grid-cell\" ><div id=\"panel-8870-1-0-0\" class=\"so-panel widget widget_sow-editor panel-first-child panel-last-child\" data-index=\"1\" ><div\n\t\t\t\n\t\t\tclass=\"so-widget-sow-editor so-widget-sow-editor-base\"\n\t\t\t\n\t\t>\n<div class=\"siteorigin-widget-tinymce textwidget\">\n\t<p>En cumplimiento de la Ley 34\/2002, de 11 de julio, de Servicios de la Sociedad de la Informaci\u00f3n y Comercio Electr\u00f3nico le informamos de que este sitio web usa Cookies para mejorar y optimizar la experiencia del usuario. A continuaci\u00f3n, encontrar\u00e1 informaci\u00f3n detallada sobre qu\u00e9 son las \u201cCookies\u201d, qu\u00e9 tipolog\u00eda utiliza este sitio web, c\u00f3mo cambiar la configuraci\u00f3n de sus cookies, y qu\u00e9 ocurre si deshabilita las Cookies.<\/p>\n<h3>\u00bfQu\u00e9 son las cookies?<\/h3>\n<p>Una cookie es un peque\u00f1o archivo que se descarga en el equipo del usuario con la finalidad de almacenar datos, los cuales podr\u00e1n ser actualizados y recuperados por la entidad responsable de su instalaci\u00f3n.<\/p>\n<h3>Tipos de cookies seg\u00fan la entidad que las gestione.<\/h3>\n<ul>\n<li>Cookies propias: son aquellas que se env\u00edan al equipo terminal del usuario desde un equipo o dominio gestionado por el propio editor y desde el que se presta el servicio solicitado por el usuario.<\/li>\n<li>Cookies de terceros: son aquellas que se env\u00edan al equipo terminal del usuario desde un equipo o dominio que no es gestionado por el editor, sino por otra entidad que trata los datos obtenidos trav\u00e9s de las cookies.<\/li>\n<\/ul>\n<h3>Tipos de cookies seg\u00fan su finalidad.<\/h3>\n<ol>\n<li><strong>Cookies t\u00e9cnicas<\/strong>: son aquellas que permiten al usuario la navegaci\u00f3n a trav\u00e9s de una p\u00e1gina web, plataforma o aplicaci\u00f3n y la utilizaci\u00f3n de las diferentes opciones o servicios que en ella existan, incluyendo aquellas que el editor utiliza para permitir la gesti\u00f3n y operativa de la p\u00e1gina web y habilitar sus funciones y servicios, como, por ejemplo, controlar el tr\u00e1fico y la comunicaci\u00f3n de datos, identificar la sesi\u00f3n, acceder a partes de acceso restringido, realizar el proceso de compra de un pedido, gestionar el pago, realizar la solicitud de inscripci\u00f3n o participaci\u00f3n en un evento, o compartir contenidos a trav\u00e9s de redes sociales.<\/li>\n<\/ol>\n<p style=\"padding-left: 40px;\">Tambi\u00e9n pertenecen a esta categor\u00eda, por su naturaleza t\u00e9cnica, aquellas cookies que permiten la gesti\u00f3n, de la forma m\u00e1s eficaz posible, de los espacios publicitarios que, como un elemento m\u00e1s de dise\u00f1o o \u201cmaquetaci\u00f3n\u201d del servicio ofrecido al usuario, el editor haya incluido en una p\u00e1gina web, aplicaci\u00f3n o plataforma en base a criterios como el contenido editado, sin que se recopile informaci\u00f3n de los usuarios con fines distintos.<\/p>\n<ol>\n<li><strong>Cookies de preferencias o personalizaci\u00f3n<\/strong>: son aquellas que permiten recordar informaci\u00f3n para que el usuario acceda al servicio con determinadas caracter\u00edsticas que pueden diferenciar su experiencia de la de otros usuarios, como, por ejemplo, el idioma, el n\u00famero de resultados a mostrar cuando el usuario realiza una b\u00fasqueda, etc. Si es el propio usuario quien elige esas caracter\u00edsticas las cookies estar\u00e1n exceptuadas de las obligaciones del art\u00edculo 22.2 de la LSSI por considerarse un servicio expresamente solicitado por el usuario, y ello siempre y cuando las cookies obedezcan exclusivamente a la finalidad seleccionada.<\/li>\n<li><strong>Cookies de an\u00e1lisis o medici\u00f3n<\/strong>: son aquellas que permiten al responsable de las mismas el seguimiento y an\u00e1lisis del comportamiento de los usuarios de los sitios web a los que est\u00e1n vinculadas, incluida la cuantificaci\u00f3n de los impactos de los anuncios. La informaci\u00f3n recogida mediante este tipo de cookies se utiliza en la medici\u00f3n de la actividad de los sitios web, aplicaci\u00f3n o plataforma, con el fin de introducir mejoras en funci\u00f3n del an\u00e1lisis de los datos de uso que hacen los usuarios del servicio.<\/li>\n<li><strong>Cookies de publicidad comportamental<\/strong>: son aquellas que almacenan informaci\u00f3n del comportamiento de los usuarios obtenida a trav\u00e9s de la observaci\u00f3n continuada de sus h\u00e1bitos de navegaci\u00f3n, lo que permite desarrollar un perfil espec\u00edfico para mostrar publicidad en funci\u00f3n del mismo.<\/li>\n<\/ol>\n<h3>Tipos de cookies seg\u00fan el plazo de tiempo que permanecen activadas<\/h3>\n<ol>\n<li><strong>Cookies de sesi\u00f3n<\/strong>: son aquellas dise\u00f1adas para recabar y almacenar datos mientras el usuario accede a una p\u00e1gina web. Se suelen emplear para almacenar informaci\u00f3n que solo interesa conservar para la prestaci\u00f3n del servicio solicitado por el usuario en una sola ocasi\u00f3n (por ejemplo, una lista de productos adquiridos) y desaparecen al terminar la sesi\u00f3n.<\/li>\n<li><strong>Cookies persistentes<\/strong>: son aquellas en las que los datos siguen almacenados en el terminal y pueden ser accedidos y tratados durante un periodo definido por el responsable de la cookie, y que puede ir de unos minutos a varios a\u00f1os.<\/li>\n<\/ol>\n<h3>\u00bfQu\u00e9 tipo de Cookies utiliza esta p\u00e1gina web?<\/h3>\n<p>&nbsp;<\/p>\n<table class=\"Normal tm5 tm6 tm7\" border=\"0\" rules=\"all\">\n<tbody class=\"tm8\">\n<tr>\n<td class=\"tm9 tm10 tm11\">\n<p class=\"Normal tm12\"><strong><span class=\"tm13\">Dominio <\/span><\/strong><\/p>\n<\/td>\n<td class=\"tm9 tm10 tm14\">\n<p class=\"Normal tm15\"><strong><span class=\"tm13\">Proveedor\/ Titular<\/span><\/strong><\/p>\n<\/td>\n<td class=\"tm9 tm10 tm16\">\n<p class=\"Normal tm17\"><strong><span class=\"tm13\">Principales cookies empleadas<\/span><\/strong><\/p>\n<\/td>\n<td class=\"tm9 tm10 tm18\">\n<p class=\"Normal tm17\"><strong><span class=\"tm13\">Finalidad<\/span><\/strong><\/p>\n<\/td>\n<td class=\"tm9 tm10 tm19\">\n<p class=\"Normal tm20\"><strong><span class=\"tm13\">Pol\u00edtica de privacidad del proveedor<\/span><\/strong><\/p>\n<\/td>\n<td class=\"tm9 tm10 tm21\">\n<p class=\"Normal tm22\"><strong><span class=\"tm13\">Caducidad<\/span><\/strong><\/p>\n<p class=\"Normal\"><strong><span class=\"tm13\">\u00a0<\/span><\/strong><\/p>\n<\/td>\n<\/tr>\n<tr>\n<td class=\"tm9 tm23 tm11\">\n<p class=\"Normal tm12\"><span class=\"tm24\">Google<\/span><\/p>\n<\/td>\n<td class=\"tm9 tm23 tm14\">\n<p class=\"Normal tm15\"><span class=\"tm24\">Terceros<\/span><\/p>\n<\/td>\n<td class=\"tm9 tm23 tm16\">\n<p class=\"Normal tm15\"><span class=\"tm24\">_ga<\/span><\/p>\n<\/td>\n<td class=\"tm9 tm23 tm18\">\n<p class=\"Normal tm17\"><span class=\"tm24\">Ayudan a los sitios a entender c\u00f3mo interact\u00faan los visitantes con sus propiedades<\/span><\/p>\n<\/td>\n<td class=\"tm9 tm23 tm19\">\n<p class=\"Normal tm17\"><span class=\"tm24\">https:\/\/policies.google.com\/technologies\/cookies?hl=es<\/span><\/p>\n<\/td>\n<td class=\"tm9 tm23 tm21\">\n<p class=\"Normal tm17\"><span class=\"tm24\">2 a\u00f1os<\/span><\/p>\n<\/td>\n<\/tr>\n<tr>\n<td class=\"tm9 tm23 tm11\">\n<p class=\"Normal tm15\"><span class=\"tm24\">Google<\/span><\/p>\n<\/td>\n<td class=\"tm9 tm23 tm14\">\n<p class=\"Normal tm15\"><span class=\"tm24\">Terceros<\/span><\/p>\n<\/td>\n<td class=\"tm9 tm23 tm16\">\n<p class=\"Normal tm15\"><span class=\"tm24\">_gid<\/span><\/p>\n<\/td>\n<td class=\"tm9 tm23 tm18\">\n<p class=\"Normal tm17\"><span class=\"tm24\">Almacenar y contar las p\u00e1ginas vistas<\/span><\/p>\n<\/td>\n<td class=\"tm9 tm23 tm19\">\n<p class=\"Normal tm17\"><span class=\"tm24\">https:\/\/policies.google.com\/technologies\/cookies?hl=es<\/span><\/p>\n<\/td>\n<td class=\"tm9 tm23 tm21\">\n<p class=\"Normal tm17\"><span class=\"tm24\">24 horas<\/span><\/p>\n<\/td>\n<\/tr>\n<tr>\n<td class=\"tm9 tm23 tm11\">\n<p class=\"Normal tm15\"><span class=\"tm24\">Google<\/span><\/p>\n<\/td>\n<td class=\"tm9 tm23 tm14\">\n<p class=\"Normal tm15\"><span class=\"tm24\">Terceros<\/span><\/p>\n<\/td>\n<td class=\"tm9 tm23 tm16\">\n<p class=\"Normal tm15\"><span class=\"tm24\">_gat y _gat_gtag_UA_68491648_3<\/span><\/p>\n<p class=\"Normal tm15\"><span class=\"tm24\">_gat_gtag_UA_169270876_1<\/span><\/p>\n<p class=\"Normal tm15\"><span class=\"tm24\">\u00a0<\/span><\/p>\n<\/td>\n<td class=\"tm9 tm23 tm18\">\n<p class=\"Normal tm15\"><span class=\"tm24\">Leer y filtrar las peticiones.<\/span> <span class=\"tm24\">En concreto limita la velocidad de petici\u00f3n y la limitaci\u00f3n de la recogida de datos en los sitios de alto tr\u00e1fico<\/span><\/p>\n<\/td>\n<td class=\"tm9 tm23 tm19\">\n<p class=\"Normal tm15\"><span class=\"tm24\">https:\/\/policies.google.com\/technologies\/cookies?hl=es<\/span><\/p>\n<\/td>\n<td class=\"tm9 tm23 tm21\">\n<p class=\"Normal tm17\"><span class=\"tm24\">De 10 minutos <\/span><\/p>\n<\/td>\n<\/tr>\n<tr>\n<td class=\"tm9 tm23 tm11\">\n<p class=\"Normal tm15\"><span class=\"tm24\">Google<\/span><\/p>\n<\/td>\n<td class=\"tm9 tm23 tm14\">\n<p class=\"Normal tm15\"><span class=\"tm24\">Terceros<\/span><\/p>\n<\/td>\n<td class=\"tm9 tm23 tm16\">\n<p class=\"Normal tm15\"><span class=\"tm24\">_NID<\/span><\/p>\n<\/td>\n<td class=\"tm9 tm23 tm18\">\n<p class=\"Normal tm15\"><span class=\"tm24\">Marketing y seguimiento del usuario<\/span><\/p>\n<\/td>\n<td class=\"tm9 tm23 tm19\">\n<p class=\"Normal tm15\"><span class=\"tm24\">https:\/\/policies.google.com\/technologies\/cookies?hl=es<\/span><\/p>\n<\/td>\n<td class=\"tm9 tm23 tm21\">\n<p class=\"Normal tm17\"><span class=\"tm24\">6 meses<\/span><\/p>\n<\/td>\n<\/tr>\n<tr>\n<td class=\"tm9 tm23 tm11\">\n<p class=\"Normal tm15\"><span class=\"tm24\">Google<\/span><\/p>\n<\/td>\n<td class=\"tm9 tm23 tm14\">\n<p class=\"Normal tm15\"><span class=\"tm24\">Terceros<\/span><\/p>\n<\/td>\n<td class=\"tm9 tm23 tm16\">\n<p class=\"Normal tm15\"><span class=\"tm24\">Secure-3PAPISID<\/span><\/p>\n<p class=\"Normal tm15\"><span class=\"tm24\">__Secure-3PSID<\/span><\/p>\n<p class=\"Normal tm15\"><span class=\"tm24\">__Secure-3PSIDCC<\/span><\/p>\n<\/td>\n<td class=\"tm9 tm23 tm18\">\n<p class=\"Normal tm15\"><span class=\"tm24\">Publicidad (Anuncios m\u00e1s relevantes)<\/span><\/p>\n<\/td>\n<td class=\"tm9 tm23 tm19\">\n<p class=\"Normal tm15\"><span class=\"tm24\">https:\/\/policies.google.com\/technologies\/cookies?hl=es<\/span><\/p>\n<\/td>\n<td class=\"tm9 tm23 tm21\">\n<p class=\"Normal tm17\"><span class=\"tm24\">1 hora<\/span><\/p>\n<\/td>\n<\/tr>\n<\/tbody>\n<\/table>\n<p>&nbsp;<\/p>\n<h3>\u00bfC\u00f3mo puede configurar sus Cookies?<\/h3>\n<p>Al entrar a la web encontrar\u00e1 un banner con el que configurar las cookies, teniendo oportunidad de aceptar todas, rechazarlas o configurarlas en funci\u00f3n del tipo de cookie. Las cookies t\u00e9cnicas y de sesi\u00f3n son necesarias para cargar la p\u00e1gina y no requieren consentimiento del usuario porque no hay un tratamiento de datos. Aun as\u00ed, en el caso de que quiera eliminar todas las cookies, le dejamos los pasos a seguir respecto de los principales navegadores:<\/p>\n<ul>\n<li><strong>Internet Edge<\/strong>: Configuraci\u00f3n &gt; Cookies y permisos del sitio &gt;Administra y elimina cookies y datos almacenados. Para m\u00e1s informaci\u00f3n, puede consultar el\u00a0soporte de Microsoft\u00a0o la Ayuda del navegador.<\/li>\n<li><strong>Firefox<\/strong>: Herramientas &gt; Opciones &gt; Privacidad &gt; Historial &gt; Configuraci\u00f3n Personalizada. Para m\u00e1s informaci\u00f3n, puede consultar el\u00a0 soporte de Mozilla\u00a0o la Ayuda del navegador.<\/li>\n<li><strong>Chrome<\/strong>: Configuraci\u00f3n &gt; Mostrar opciones avanzadas &gt; Privacidad -&gt; Configuraci\u00f3n de contenido. Para m\u00e1s informaci\u00f3n, puede consultar el\u00a0soporte de Google\u00a0o la Ayuda del navegador.<\/li>\n<li><strong>Safari<\/strong>: Preferencias &gt; Borrar historial y datos de sitios web. Para m\u00e1s informaci\u00f3n, puede consultar el\u00a0soporte de Apple\u00a0o la Ayuda del navegador.<\/li>\n<li><strong>Opera<\/strong>: Configuraci\u00f3n &gt; Opciones &gt; Avanzado &gt; Cookies. Para m\u00e1s informaci\u00f3n, puede consultar el soporte de Opera o la Ayuda del navegador.<\/li>\n<\/ul>\n<p>Si usa otro navegador distinto a los anteriores, consulte su pol\u00edtica de instalaci\u00f3n, uso y bloqueo de cookies.<\/p>\n<h3>\u00bfQu\u00e9 ocurre si se deshabilitan las Cookies?<\/h3>\n<p>Algunas funcionalidades de los Servicios y \u00e1reas de este sitio web podr\u00edan no funcionar correctamente si se deshabilitan las cookies.<\/p>\n<h3>\u00bfActualizamos nuestra Pol\u00edtica de Cookies?<\/h3>\n<p>Es posible que actualicemos la Pol\u00edtica de Cookies de nuestra p\u00e1gina web, por ello le recomendamos revisar esta pol\u00edtica cada vez que acceda a nuestro sitio web con el objetivo de estar adecuadamente informado sobre c\u00f3mo y para qu\u00e9 usamos las cookies.<\/p>\n<p>&nbsp;<\/p>\n<\/div>\n<\/div><\/div><\/div><\/div><\/div>","protected":false},"excerpt":{"rendered":"<p>En cumplimiento de la Ley 34\/2002, de 11 de julio, de Servicios de la Sociedad de la Informaci\u00f3n y Comercio Electr\u00f3nico le informamos de que este sitio web usa Cookies para mejorar y optimizar la experiencia del usuario. A continuaci\u00f3n, &hellip; <\/p>\n","protected":false},"author":1,"featured_media":0,"parent":0,"menu_order":0,"comment_status":"closed","ping_status":"closed","template":"","meta":{"footnotes":""},"class_list":["post-8870","page","type-page","status-publish","hentry"],"_links":{"self":[{"href":"https:\/\/web.lasallesantiago.gal\/es\/wp-json\/wp\/v2\/pages\/8870","targetHints":{"allow":["GET"]}}],"collection":[{"href":"https:\/\/web.lasallesantiago.gal\/es\/wp-json\/wp\/v2\/pages"}],"about":[{"href":"https:\/\/web.lasallesantiago.gal\/es\/wp-json\/wp\/v2\/types\/page"}],"author":[{"embeddable":true,"href":"https:\/\/web.lasallesantiago.gal\/es\/wp-json\/wp\/v2\/users\/1"}],"replies":[{"embeddable":true,"href":"https:\/\/web.lasallesantiago.gal\/es\/wp-json\/wp\/v2\/comments?post=8870"}],"version-history":[{"count":0,"href":"https:\/\/web.lasallesantiago.gal\/es\/wp-json\/wp\/v2\/pages\/8870\/revisions"}],"wp:attachment":[{"href":"https:\/\/web.lasallesantiago.gal\/es\/wp-json\/wp\/v2\/media?parent=8870"}],"curies":[{"name":"wp","href":"https:\/\/api.w.org\/{rel}","templated":true}]}}