{"id":8867,"date":"2020-05-13T07:10:30","date_gmt":"2020-05-13T07:10:30","guid":{"rendered":"https:\/\/web.lasallesantiago.gal\/?page_id=8867"},"modified":"2022-06-14T06:30:06","modified_gmt":"2022-06-14T06:30:06","slug":"aviso-legal","status":"publish","type":"page","link":"https:\/\/web.lasallesantiago.gal\/es\/aviso-legal\/","title":{"rendered":"Aviso Legal"},"content":{"rendered":"<div id=\"pl-8867\"  class=\"panel-layout\" ><div id=\"pg-8867-0\"  class=\"panel-grid panel-no-style\" ><div id=\"pgc-8867-0-0\"  class=\"panel-grid-cell\" ><div id=\"panel-8867-0-0-0\" class=\"so-panel widget widget_heading panel-first-child panel-last-child\" data-index=\"0\" ><div class=\"thim-widget-heading template-base\"><div class=\"sc_heading  text-left\"><h3 style=\"text-transform: uppercase;\" class=\"title\">Aviso legal<\/h3><p class=\"sub-heading\" style=\"\">Condiciones Generales de Uso<\/p><span class=\"line\"><\/span><\/div><\/div><\/div><\/div><\/div><div id=\"pg-8867-1\"  class=\"panel-grid panel-no-style\" ><div id=\"pgc-8867-1-0\"  class=\"panel-grid-cell\" ><div id=\"panel-8867-1-0-0\" class=\"so-panel widget widget_sow-editor panel-first-child panel-last-child\" data-index=\"1\" ><div\n\t\t\t\n\t\t\tclass=\"so-widget-sow-editor so-widget-sow-editor-base\"\n\t\t\t\n\t\t>\n<div class=\"siteorigin-widget-tinymce textwidget\">\n\t<p class=\"Textbody tm9\"><span class=\"tm10\">Las presentes Condiciones Generales tienen por objeto regular las condiciones de uso del Sitio Web <\/span><u><span class=\"tm11\">http:\/\/colexio.lasallesantiago.gal\/<\/span><\/u> <span class=\"tm10\">(en adelante, \u201cla web\u201d), cuyo titular es <\/span><strong><span class=\"tm12\">COLEGIO LA SALLE SANTIAGO<\/span><span class=\"tm12\">,<\/span> <\/strong><span class=\"tm10\">(en adelante, <\/span><strong><span class=\"tm12\">C. LA SALLE SANTIAGO<\/span><\/strong><span class=\"tm10\">)<\/span><strong><span class=\"tm12\">,<\/span><\/strong><span class=\"tm10\"> con CIF <\/span><strong><span class=\"tm12\">R1500083I<\/span><\/strong><span class=\"tm10\">, domicilio en C\/San Roque 6, 15704, A Coru\u00f1a e <\/span><span class=\"tm10\">inscrita en el Registro de entidades religiosas con el n\u00famero 6913. Centro autorizado por Orden Ministerial publicada en el Bolet\u00edn Oficial del Estado el 29 de abril de 1974 y con el que se puede poner en contacto a trav\u00e9s de<\/span> <u><a href=\"mailto:comunicacion@lasallesantiago.gal\"><span class=\"tm10\">comunicacion@lasallesantiago.gal<\/span><\/a><\/u> <span class=\"tm10\">y <\/span><span class=\"tm10\">del tel\u00e9fono 981584611. <\/span><\/p>\n<h3 class=\"Textbody tm13\"><strong><span class=\"tm12\">1. Condiciones de acceso.<\/span><\/strong><\/h3>\n<p class=\"Textbody tm13\"><span class=\"tm10\">La finalidad de esta web es facilitar informaci\u00f3n sobre nuestros servicios y actividades. Su utilizaci\u00f3n<\/span><span class=\"tm10\"> supone la aceptaci\u00f3n plena por el Usuario de estas condiciones, por lo que si no est\u00e1 de acuerdo con el contenido de las mismas deber\u00e1 abstenerse de hacer uso de la web, as\u00ed como de los servicios ofrecidos en ella. <\/span><strong><span class=\"tm12\">C. LA SALLE SANTIAGO <\/span><\/strong><span class=\"tm10\">se reserva el derecho a efectuar las modificaciones que estime oportunas, pudiendo modificar, suprimir o incluir, sin previo aviso, nuevos contenidos y\/o servicios, as\u00ed como la forma en que \u00e9stos aparezcan presentados y localizados y las condiciones de uso de la web.<\/span><\/p>\n<p class=\"Textbody tm13\"><span class=\"tm10\">El Usuario acepta que el acceso y uso de la web y de los contenidos incluidos en la misma tiene lugar libre y conscientemente, bajo su exclusiva responsabilidad, y en consecuencia se compromete a:<\/span><\/p>\n<ul>\n<li class=\"Textbody tm14\"><span class=\"tm10\">No utilizar la web para la realizaci\u00f3n de actividades contrarias a la ley, a la moral, al orden p\u00fablico, en general, y hacer un uso l\u00edcito y honrado conforme a las presentes Condiciones Generales, as\u00ed como abstenerse de realizar cualquier acto que pudiera da\u00f1ar, inutilizar, sobrecargar o deteriorar la web y\/o impedir el normal uso y utilizaci\u00f3n por parte del resto de Usuarios.<\/span><\/li>\n<li class=\"Textbody tm14\"><span class=\"tm10\">No manipular o alterar cualquier contenido de la web sin el consentimiento expreso y por escrito de su titular. Cualquier alteraci\u00f3n, modificaci\u00f3n o manipulaci\u00f3n sin el consentimiento de su titular, exime a su \u00e9ste de responsabilidad alguna.<\/span><\/li>\n<li class=\"Textbody tm14\"><span class=\"tm10\">No reproducir, copiar, distribuir, comunicar p\u00fablicamente, transformar o modificar los contenidos, a menos que se cuente con la preceptiva autorizaci\u00f3n del titular de los correspondientes derechos o ello resulte legalmente permitido; as\u00ed como suprimir, eludir o manipular el <\/span><em><span class=\"tm16\">Copyright<\/span><\/em><span class=\"tm10\"> y dem\u00e1s datos identificativos de los derechos de <\/span><strong><span class=\"tm12\">C. LA SALLE SANTIAGO <\/span><\/strong><span class=\"tm10\">o de sus titulares incorporados a los contenidos, as\u00ed como los dispositivos t\u00e9cnicos de protecci\u00f3n, o cualesquiera mecanismos de informaci\u00f3n que pudieren contener los\u00a0 rese\u00f1ados contenidos.<\/span><\/li>\n<li class=\"Textbody tm14\"><span class=\"tm10\">No introducir o difundir en la web, programas de datos (virus o cualquier tipo de <\/span><em><span class=\"tm16\">software<\/span><\/em><span class=\"tm10\"> de car\u00e1cter nocivo) susceptibles de provocar da\u00f1os en la web.\u00a0<\/span><\/li>\n<\/ul>\n<p class=\"Textbody tm13\"><span class=\"tm17\">\u00a0<\/span><strong><span class=\"tm12\">C. LA SALLE SANTIAGO<\/span><\/strong><span class=\"tm10\"> no garantiza la disponibilidad y continuidad de la web ni se hace responsable de cualesquiera da\u00f1os y perjuicios puedan producirse, ni de los defectos t\u00e9cnicos, incluidos virus u otros elementos lesivos, cualquiera que sea la naturaleza, derivados del uso de la informaci\u00f3n y de las materias contenidas en la web.<\/span><\/p>\n<h3 class=\"Textbody tm13\"><span class=\"tm17\">\u00a0<\/span><strong><span class=\"tm12\">2. Uso de <\/span><em><span class=\"tm18\">cookies.<\/span><\/em><\/strong><\/h3>\n<p class=\"Textbody tm13\"><span class=\"tm10\">Con el objeto de prestar un mejor servicio, <\/span><strong><span class=\"tm12\">C. LA SALLE SANTIAGO<\/span><\/strong><span class=\"tm10\"> puede almacenar en el ordenador del Usuario peque\u00f1os ficheros de informaci\u00f3n denominados <\/span><em><span class=\"tm16\">cookies<\/span><\/em><span class=\"tm10\">, utilizados para el correcto funcionamiento de algunos de los servicios que se ofrecen, as\u00ed como para realizar estad\u00edsticas de uso, diagnosticar problemas en la web, y para la administraci\u00f3n de algunos de los servicios ofrecidos. Para limitar o restringir la admisi\u00f3n de <\/span><em><span class=\"tm16\">cookies <\/span><\/em><span class=\"tm10\">en su equipo, el Usuario puede configurar su navegador a estos efectos. Para m\u00e1s informaci\u00f3n, por favor visite nuestra pol\u00edtica de cookies.<\/span><\/p>\n<h3 class=\"Textbody tm13\"><span class=\"tm10\">\u00a0<\/span><strong><span class=\"tm12\">3. Responsabilidades.<\/span><\/strong><\/h3>\n<p class=\"Textbody tm13\"><span class=\"tm10\">El Usuario responder\u00e1 de los da\u00f1os y perjuicios de toda naturaleza que <\/span><strong><span class=\"tm12\">C. LA SALLE SANTIAGO<\/span><\/strong><span class=\"tm10\"> o cualquier tercero pueda sufrir como consecuencia del incumplimiento de cualquiera de las obligaciones a las que queda sometido por las presentes Condiciones Generales.<\/span><\/p>\n<p class=\"Textbody tm13\"><strong><span class=\"tm12\">C. LA SALLE SANTIAGO<\/span><\/strong><span class=\"tm10\"> no asume ninguna responsabilidad ni realiza ning\u00fan control sobre los posibles hiperv\u00ednculos que contenga la web a contenidos externos a la misma; no obstante, retirar\u00e1 aquellos enlaces que incluyan contenidos il\u00edcitos tan pronto como pueda conocerlo.<\/span><\/p>\n<h3 class=\"Textbody tm19\"><strong><span class=\"tm12\">4. Propiedad Intelectual e Industrial.<\/span><\/strong><\/h3>\n<h5 class=\"tm13\"><span class=\"tm20\">El Usuario reconoce que todos los contenidos de la web y, en concreto, de toda la informaci\u00f3n y materiales, la estructura, selecci\u00f3n, ordenaci\u00f3n y prestaci\u00f3n de sus contenidos, programas y desarrollo de aplicaciones utilizados en relaci\u00f3n con ellos, est\u00e1n protegidos por derechos de propiedad intelectual e industrial propiedad del titular de la web o, en su caso, de terceros.<\/span><\/h5>\n<p class=\"Textbody tm13\"><span class=\"tm10\">En ning\u00fan caso el acceso a los mismos o su utilizaci\u00f3n por parte del Usuario implicar\u00e1 ning\u00fan tipo de renuncia, transmisi\u00f3n o cesi\u00f3n total ni parcial de dichos derechos, ni confiere ning\u00fan derecho de utilizaci\u00f3n, alteraci\u00f3n, explotaci\u00f3n, reproducci\u00f3n, distribuci\u00f3n o comunicaci\u00f3n p\u00fablica sobre dichos contenidos sin la previa y expresa autorizaci\u00f3n espec\u00edficamente otorgada a tal efecto por parte de <\/span><strong><span class=\"tm12\">C. LA SALLE SANTIAGO <\/span><\/strong><span class=\"tm10\">o del tercero titular de los derechos afectados.<\/span><\/p>\n<p class=\"Textbody tm13\"><strong><span class=\"tm12\">C. LA SALLE SANTIAGO<\/span><\/strong> <span class=\"tm10\">es titular de los elementos que integran el dise\u00f1o gr\u00e1fico de su web, los men\u00fas, botones de navegaci\u00f3n, el c\u00f3digo, los textos, im\u00e1genes, texturas, gr\u00e1ficos y cualquier otro contenido de la p\u00e1gina web o, en otros casos, dispone de la correspondiente autorizaci\u00f3n para la utilizaci\u00f3n de dichos elementos.<\/span><\/p>\n<p class=\"Textbody tm13\"><span class=\"tm10\">Todas las marcas, nombres comerciales o signos distintivos mostrados en esta p\u00e1gina son propiedad de <\/span><strong><span class=\"tm12\">C. LA SALLE SANTIAGO<\/span><\/strong> <span class=\"tm10\">y\/o de terceras empresas. Se proh\u00edbe usarlos o descargarlos permanentemente, copiarlos o distribuirlos por cualquier medio sin el preceptivo consentimiento de su titular.<\/span><\/p>\n<p class=\"Textbody tm13\"><span class=\"tm10\">En el caso de que cualquier Usuario o un tercero consideren que cualquiera de los contenidos ha sido introducido en la web con violaci\u00f3n de sus derechos de Propiedad Intelectual o Industrial deber\u00e1 enviar una notificaci\u00f3n a <\/span><strong><span class=\"tm12\">C. LA SALLE SANTIAGO<\/span><\/strong><span class=\"tm10\"> identific\u00e1ndose a s\u00ed mismo y al titular de los derechos de propiedad intelectual o industrial supuestamente infringidos, aportando t\u00edtulo o acreditaci\u00f3n de la representaci\u00f3n de los mencionados derechos.<\/span><\/p>\n<h3 class=\"Textbody tm13\"><span class=\"tm10\">\u00a0<\/span><strong><span class=\"tm12\">5. Protecci\u00f3n de datos.<\/span><\/strong><\/h3>\n<p class=\"Textbody tm13\"><span class=\"tm10\">Para obtener informaci\u00f3n acerca del uso de sus datos, consulte nuestra <\/span><em><u><span class=\"tm16\">Pol\u00edtica de Privacidad<\/span><\/u><span class=\"tm10\">.<\/span><\/em><\/p>\n<h3 class=\"Textbody tm13\"><span class=\"tm10\">\u00a0<\/span><strong><span class=\"tm12\">6. Confidencialidad.<\/span><\/strong><\/h3>\n<p class=\"Textbody tm13\"><span class=\"tm10\">Toda informaci\u00f3n que cualquiera de las partes comunique o facilite a la otra o a la que tengan acceso cualquiera de ellas, ser\u00e1 considerada confidencial y no podr\u00e1 ser divulgada, mostrada, reproducida, copiada, discutida con terceros, ni empleada por ninguna de las partes para fines ajenos a los que motivaron su comunicaci\u00f3n.<\/span><\/p>\n<h3 class=\"Textbody tm13\"><span class=\"tm10\">\u00a0<\/span><strong><span class=\"tm12\">7. Legislaci\u00f3n aplicable y jurisdicci\u00f3n.<\/span><\/strong><\/h3>\n<p class=\"Textbody tm13\"><span class=\"tm10\">Las presentes Condiciones Generales se regir\u00e1n por lo dispuesto en la legislaci\u00f3n\u00a0espa\u00f1ola. Para cuantas cuestiones pudieran suscitarse entre las partes en relaci\u00f3n con la interpretaci\u00f3n y ejecuci\u00f3n del presente documento, ambas partes acuerdan de forma expresa y con renuncia de cualquier otro fuero que pudiera corresponderles, a la jurisdicci\u00f3n de los Juzgados y Tribunales de A Coru\u00f1a. <\/span><\/p>\n<p class=\"Textbody tm13\"><span class=\"tm10\">\u00a0<\/span><\/p>\n<h6 class=\"Textbody tm13\"><span class=\"tm10\">\u00a9 Copyright 2021 <\/span><strong><span class=\"tm12\">COLEGIO<\/span><\/strong> <strong><span class=\"tm12\">LA SALLE SANTIAGO<\/span><\/strong><span class=\"tm10\">- <\/span><span class=\"tm10\">Todos los derechos reservados.<\/span><\/h6>\n<h6 class=\"Textbody tm22\"><em><span class=\"tm23\">\u00daltima versi\u00f3n: septiembre 2021<\/span><\/em><\/h6>\n<p>&nbsp;<\/p>\n<p><span style=\"font-size: 0.7em;\">\u00a0<\/span><\/p>\n<\/div>\n<\/div><\/div><\/div><\/div><\/div>","protected":false},"excerpt":{"rendered":"<p>Las presentes Condiciones Generales tienen por objeto regular las condiciones de uso del Sitio Web http:\/\/colexio.lasallesantiago.gal\/ (en adelante, \u201cla web\u201d), cuyo titular es COLEGIO LA SALLE SANTIAGO, (en adelante, C. LA SALLE SANTIAGO), con CIF R1500083I, domicilio en C\/San Roque &hellip; <\/p>\n","protected":false},"author":1,"featured_media":0,"parent":0,"menu_order":0,"comment_status":"closed","ping_status":"closed","template":"","meta":{"footnotes":""},"class_list":["post-8867","page","type-page","status-publish","hentry"],"_links":{"self":[{"href":"https:\/\/web.lasallesantiago.gal\/es\/wp-json\/wp\/v2\/pages\/8867","targetHints":{"allow":["GET"]}}],"collection":[{"href":"https:\/\/web.lasallesantiago.gal\/es\/wp-json\/wp\/v2\/pages"}],"about":[{"href":"https:\/\/web.lasallesantiago.gal\/es\/wp-json\/wp\/v2\/types\/page"}],"author":[{"embeddable":true,"href":"https:\/\/web.lasallesantiago.gal\/es\/wp-json\/wp\/v2\/users\/1"}],"replies":[{"embeddable":true,"href":"https:\/\/web.lasallesantiago.gal\/es\/wp-json\/wp\/v2\/comments?post=8867"}],"version-history":[{"count":0,"href":"https:\/\/web.lasallesantiago.gal\/es\/wp-json\/wp\/v2\/pages\/8867\/revisions"}],"wp:attachment":[{"href":"https:\/\/web.lasallesantiago.gal\/es\/wp-json\/wp\/v2\/media?parent=8867"}],"curies":[{"name":"wp","href":"https:\/\/api.w.org\/{rel}","templated":true}]}}