{"id":29386,"date":"2026-05-04T19:26:01","date_gmt":"2026-05-04T17:26:01","guid":{"rendered":"https:\/\/web.lasallesantiago.gal\/punto-laranxa\/"},"modified":"2026-05-04T19:26:03","modified_gmt":"2026-05-04T17:26:03","slug":"punto-laranxa","status":"publish","type":"page","link":"https:\/\/web.lasallesantiago.gal\/es\/punto-laranxa\/","title":{"rendered":"Punto Laranxa"},"content":{"rendered":"<div id=\"pl-gb29386-69f8ef1967a22\"  class=\"panel-layout\" ><div id=\"pg-gb29386-69f8ef1967a22-0\"  class=\"panel-grid panel-no-style\" ><div id=\"pgc-gb29386-69f8ef1967a22-0-0\"  class=\"panel-grid-cell\" ><div id=\"panel-gb29386-69f8ef1967a22-0-0-0\" class=\"so-panel widget widget_media_image panel-first-child panel-last-child\" data-index=\"0\" ><img loading=\"lazy\" decoding=\"async\" class=\"image \" src=\"https:\/\/www.colexiosanjorge.com\/images\/punto-laranxa-contra-o-acoso-e-ciberacoso.png\" alt=\"\" width=\"700\" height=\"280\" \/><\/div><\/div><div id=\"pgc-gb29386-69f8ef1967a22-0-1\"  class=\"panel-grid-cell\" ><div id=\"panel-gb29386-69f8ef1967a22-0-1-0\" class=\"so-panel widget widget_black-studio-tinymce widget_black_studio_tinymce panel-first-child panel-last-child\" data-index=\"1\" ><div class=\"textwidget\"><p>Lo mismo que en todos los centros gallegos, contamos con el <strong>Punto Laranxa.<\/strong><\/p>\n<p>Este <strong>Punto Laranxa<\/strong> funciona como un buz\u00f3n a trav\u00e9s del cual el alumnado, desde el absoluto anonimato, puede <strong>trasladar situaciones de acoso o ciberacoso<\/strong> propias o que sufran o perciban en terceros.<\/p>\n<p>El Punto Laranxa es una <strong>medida impulsada desde la Xunta<\/strong> con el objetivo de <strong>erradicar el acoso y el ciberacoso en los centros educativos<\/strong>, gracias a la colaboraci\u00f3n de alumnos, docentes, familiares y otras personas pr\u00f3ximas a la comunidad educativa. El anonimato constituye un refugio seguro a la hora de denunciar, facilitando as\u00ed el logro de un cambio entre todos y todas. <\/p>\n<p>El buz\u00f3n est\u00e1 situado en la zona de recepci\u00f3n, en el \u00e1rea de despachos, al lado del despacho del Orientador.<\/p>\n<\/div><\/div><\/div><\/div><\/div>","protected":false},"excerpt":{"rendered":"<p>Lo mismo que en todos los centros gallegos, contamos con el Punto Laranxa. Este Punto Laranxa funciona como un buz\u00f3n a trav\u00e9s del cual el alumnado, desde el absoluto anonimato, puede trasladar situaciones de acoso o ciberacoso propias o que &hellip; <\/p>\n","protected":false},"author":1,"featured_media":0,"parent":0,"menu_order":0,"comment_status":"closed","ping_status":"closed","template":"","meta":{"footnotes":""},"class_list":["post-29386","page","type-page","status-publish","hentry"],"_links":{"self":[{"href":"https:\/\/web.lasallesantiago.gal\/es\/wp-json\/wp\/v2\/pages\/29386","targetHints":{"allow":["GET"]}}],"collection":[{"href":"https:\/\/web.lasallesantiago.gal\/es\/wp-json\/wp\/v2\/pages"}],"about":[{"href":"https:\/\/web.lasallesantiago.gal\/es\/wp-json\/wp\/v2\/types\/page"}],"author":[{"embeddable":true,"href":"https:\/\/web.lasallesantiago.gal\/es\/wp-json\/wp\/v2\/users\/1"}],"replies":[{"embeddable":true,"href":"https:\/\/web.lasallesantiago.gal\/es\/wp-json\/wp\/v2\/comments?post=29386"}],"version-history":[{"count":2,"href":"https:\/\/web.lasallesantiago.gal\/es\/wp-json\/wp\/v2\/pages\/29386\/revisions"}],"predecessor-version":[{"id":29388,"href":"https:\/\/web.lasallesantiago.gal\/es\/wp-json\/wp\/v2\/pages\/29386\/revisions\/29388"}],"wp:attachment":[{"href":"https:\/\/web.lasallesantiago.gal\/es\/wp-json\/wp\/v2\/media?parent=29386"}],"curies":[{"name":"wp","href":"https:\/\/api.w.org\/{rel}","templated":true}]}}