{"id":28034,"date":"2025-10-19T23:06:40","date_gmt":"2025-10-19T21:06:40","guid":{"rendered":"https:\/\/web.lasallesantiago.gal\/?page_id=28034"},"modified":"2025-10-19T23:06:41","modified_gmt":"2025-10-19T21:06:41","slug":"programaciones","status":"publish","type":"page","link":"https:\/\/web.lasallesantiago.gal\/es\/programaciones\/","title":{"rendered":"Programaciones"},"content":{"rendered":"<div id=\"pl-28034\"  class=\"panel-layout\" ><div id=\"pg-28034-0\"  class=\"panel-grid panel-no-style\" ><div id=\"pgc-28034-0-0\"  class=\"panel-grid-cell\" ><div id=\"panel-28034-0-0-0\" class=\"so-panel widget widget_heading panel-first-child panel-last-child\" data-index=\"0\" ><div class=\"thim-widget-heading template-base\"><div class=\"sc_heading  text-left\"><h3 style=\"text-transform: uppercase;\" class=\"title\">Programaciones did\u00e1cticas<\/h3><span class=\"line\"><\/span><\/div><\/div><\/div><\/div><\/div><div id=\"pg-28034-1\"  class=\"panel-grid panel-no-style\" ><div id=\"pgc-28034-1-0\"  class=\"panel-grid-cell\" ><div id=\"panel-28034-1-0-0\" class=\"so-panel widget widget_sow-editor panel-first-child\" data-index=\"1\" ><div\n\t\t\t\n\t\t\tclass=\"so-widget-sow-editor so-widget-sow-editor-base\"\n\t\t\t\n\t\t>\n<div class=\"siteorigin-widget-tinymce textwidget\">\n\t<p>Las <strong>programaciones did\u00e1cticas<\/strong> son los documentos de organizaci\u00f3n de cada una de las asignaturas. En la programaci\u00f3n se recogen, entre otras cosas, los objetivos, contenidos y criterios de evaluaci\u00f3n a trabajar a lo largo del curso en cada una de las asignaturas.<\/p>\n<p>Estas programaciones son p\u00fablicas y est\u00e1n publicadas en la plataforma de la Xunta de Galicia, <strong>PROENS.<\/strong><\/p>\n<p>Aqu\u00ed dejamos un enlace para poder acceder a ellas.<\/p>\n<\/div>\n<\/div><\/div><div id=\"panel-28034-1-0-1\" class=\"so-panel widget widget_button panel-last-child\" data-index=\"2\" ><div class=\"thim-widget-button template-base\"><a class=\"widget-button  normal custom_style\" href=\"https:\/\/www.edu.xunta.gal\/proens\/AccesoPublicoListaxe-listaxeBaleira.action\" style=\"--widget-button-font-size: 14px;--widget-button-font-weight: normal;--widget-button-border-width: 1;--widget-button-color: #005aa0;--widget-button-border-color: #005aa0;--widget-button-background-color: #ffffff;--widget-button-color-hover: #ffffff;--widget-button-border-color-hover: #005aa0;--widget-button-background-color-hover: #005aa0;\">Acceso a PROENS<\/a><\/div><\/div><\/div><\/div><\/div>","protected":false},"excerpt":{"rendered":"<p>Las programaciones did\u00e1cticas son los documentos de organizaci\u00f3n de cada una de las asignaturas. En la programaci\u00f3n se recogen, entre otras cosas, los objetivos, contenidos y criterios de evaluaci\u00f3n a trabajar a lo largo del curso en cada una de &hellip; <\/p>\n","protected":false},"author":1,"featured_media":0,"parent":0,"menu_order":0,"comment_status":"closed","ping_status":"closed","template":"","meta":{"footnotes":""},"class_list":["post-28034","page","type-page","status-publish","hentry"],"_links":{"self":[{"href":"https:\/\/web.lasallesantiago.gal\/es\/wp-json\/wp\/v2\/pages\/28034","targetHints":{"allow":["GET"]}}],"collection":[{"href":"https:\/\/web.lasallesantiago.gal\/es\/wp-json\/wp\/v2\/pages"}],"about":[{"href":"https:\/\/web.lasallesantiago.gal\/es\/wp-json\/wp\/v2\/types\/page"}],"author":[{"embeddable":true,"href":"https:\/\/web.lasallesantiago.gal\/es\/wp-json\/wp\/v2\/users\/1"}],"replies":[{"embeddable":true,"href":"https:\/\/web.lasallesantiago.gal\/es\/wp-json\/wp\/v2\/comments?post=28034"}],"version-history":[{"count":1,"href":"https:\/\/web.lasallesantiago.gal\/es\/wp-json\/wp\/v2\/pages\/28034\/revisions"}],"predecessor-version":[{"id":28035,"href":"https:\/\/web.lasallesantiago.gal\/es\/wp-json\/wp\/v2\/pages\/28034\/revisions\/28035"}],"wp:attachment":[{"href":"https:\/\/web.lasallesantiago.gal\/es\/wp-json\/wp\/v2\/media?parent=28034"}],"curies":[{"name":"wp","href":"https:\/\/api.w.org\/{rel}","templated":true}]}}