{"id":21144,"date":"2022-11-30T10:38:15","date_gmt":"2022-11-30T10:38:15","guid":{"rendered":"https:\/\/web.lasallesantiago.gal\/subvencion-para-la-dotacion-de-medios-digitales\/"},"modified":"2022-11-30T10:38:15","modified_gmt":"2022-11-30T10:38:15","slug":"subvencion-para-la-dotacion-de-medios-digitales","status":"publish","type":"page","link":"https:\/\/web.lasallesantiago.gal\/es\/subvencion-para-la-dotacion-de-medios-digitales\/","title":{"rendered":"Subvenci\u00f3n para la dotaci\u00f3n de medios digitales"},"content":{"rendered":"\n<p>El colegio recibi\u00f3 una subvenci\u00f3n a centro privados para la dotaci\u00f3n de aulas digitales cofinanciadas por el fondo europeo en el marco del plan de recuperaci\u00f3n, transformaci\u00f3n y resiliencia financiado por la Uni\u00f3n Europea- Next Generation EU.<\/p>\n\n<p class=\"has-text-align-center\"><br\/><a href=\"http:\/\/www.edu.xunta.gal\/portal\/es\/node\/37783\">http:\/\/www.edu.xunta.gal\/portal\/es\/node\/37783<\/a><\/p>\n\n<p>Nuestras aulas de Infantil, Primaria y Secundaria cuentan con pantallas interactivas de \u00faltima generaci\u00f3n. Gracias a esto, se mejoran las posibilidades de continuar avanzando en nuestro proceso de innovaci\u00f3n educativa ya que abren las puertas a un millar de recursos y posibilidades para ir adquiriendo el aprendizaje de la forma m\u00e1s significativa en nuestro d\u00eda a d\u00eda.<\/p>\n\n<h2 class=\"has-text-align-center wp-block-heading\">\u00a1Continuamos aprendiendo!<\/h2>\n\n<figure class=\"wp-block-gallery has-nested-images columns-default is-cropped wp-block-gallery-1 is-layout-flex wp-block-gallery-is-layout-flex\">\n<figure class=\"wp-block-image size-large\"><img loading=\"lazy\" decoding=\"async\" width=\"523\" height=\"184\" data-id=\"21112\" src=\"https:\/\/web.lasallesantiago.gal\/wp-content\/uploads\/2022\/11\/1-5.jpg\" alt=\"\" class=\"wp-image-21112\" srcset=\"https:\/\/web.lasallesantiago.gal\/wp-content\/uploads\/2022\/11\/1-5.jpg 523w, https:\/\/web.lasallesantiago.gal\/wp-content\/uploads\/2022\/11\/1-5-300x106.jpg 300w\" sizes=\"auto, (max-width: 523px) 100vw, 523px\" \/><\/figure>\n\n\n<figure class=\"wp-block-image size-large\"><img loading=\"lazy\" decoding=\"async\" width=\"648\" height=\"184\" data-id=\"21108\" src=\"https:\/\/web.lasallesantiago.gal\/wp-content\/uploads\/2022\/11\/3-2.jpg\" alt=\"\" class=\"wp-image-21108\" srcset=\"https:\/\/web.lasallesantiago.gal\/wp-content\/uploads\/2022\/11\/3-2.jpg 648w, https:\/\/web.lasallesantiago.gal\/wp-content\/uploads\/2022\/11\/3-2-300x85.jpg 300w, https:\/\/web.lasallesantiago.gal\/wp-content\/uploads\/2022\/11\/3-2-600x170.jpg 600w\" sizes=\"auto, (max-width: 648px) 100vw, 648px\" \/><\/figure>\n\n\n<figure class=\"wp-block-image size-large\"><img loading=\"lazy\" decoding=\"async\" width=\"631\" height=\"184\" data-id=\"21110\" src=\"https:\/\/web.lasallesantiago.gal\/wp-content\/uploads\/2022\/11\/2-2.jpg\" alt=\"\" class=\"wp-image-21110\" srcset=\"https:\/\/web.lasallesantiago.gal\/wp-content\/uploads\/2022\/11\/2-2.jpg 631w, https:\/\/web.lasallesantiago.gal\/wp-content\/uploads\/2022\/11\/2-2-300x87.jpg 300w, https:\/\/web.lasallesantiago.gal\/wp-content\/uploads\/2022\/11\/2-2-600x175.jpg 600w\" sizes=\"auto, (max-width: 631px) 100vw, 631px\" \/><\/figure><\/figure>\n\n<figure class=\"wp-block-image size-full\"><img loading=\"lazy\" decoding=\"async\" width=\"900\" height=\"675\" src=\"https:\/\/web.lasallesantiago.gal\/wp-content\/uploads\/2022\/11\/Foto-1-5.jpg\" alt=\"\" class=\"wp-image-21084\" srcset=\"https:\/\/web.lasallesantiago.gal\/wp-content\/uploads\/2022\/11\/Foto-1-5.jpg 900w, https:\/\/web.lasallesantiago.gal\/wp-content\/uploads\/2022\/11\/Foto-1-5-300x225.jpg 300w, https:\/\/web.lasallesantiago.gal\/wp-content\/uploads\/2022\/11\/Foto-1-5-768x576.jpg 768w, https:\/\/web.lasallesantiago.gal\/wp-content\/uploads\/2022\/11\/Foto-1-5-600x450.jpg 600w\" sizes=\"auto, (max-width: 900px) 100vw, 900px\" \/><\/figure>","protected":false},"excerpt":{"rendered":"<p>El colegio recibi\u00f3 una subvenci\u00f3n a centro privados para la dotaci\u00f3n de aulas digitales cofinanciadas por el fondo europeo en el marco del plan de recuperaci\u00f3n, transformaci\u00f3n y resiliencia financiado por la Uni\u00f3n Europea- Next Generation EU. http:\/\/www.edu.xunta.gal\/portal\/es\/node\/37783 Nuestras aulas &hellip; <\/p>\n","protected":false},"author":1,"featured_media":0,"parent":0,"menu_order":0,"comment_status":"closed","ping_status":"closed","template":"","meta":{"footnotes":""},"class_list":["post-21144","page","type-page","status-publish","hentry"],"_links":{"self":[{"href":"https:\/\/web.lasallesantiago.gal\/es\/wp-json\/wp\/v2\/pages\/21144","targetHints":{"allow":["GET"]}}],"collection":[{"href":"https:\/\/web.lasallesantiago.gal\/es\/wp-json\/wp\/v2\/pages"}],"about":[{"href":"https:\/\/web.lasallesantiago.gal\/es\/wp-json\/wp\/v2\/types\/page"}],"author":[{"embeddable":true,"href":"https:\/\/web.lasallesantiago.gal\/es\/wp-json\/wp\/v2\/users\/1"}],"replies":[{"embeddable":true,"href":"https:\/\/web.lasallesantiago.gal\/es\/wp-json\/wp\/v2\/comments?post=21144"}],"version-history":[{"count":0,"href":"https:\/\/web.lasallesantiago.gal\/es\/wp-json\/wp\/v2\/pages\/21144\/revisions"}],"wp:attachment":[{"href":"https:\/\/web.lasallesantiago.gal\/es\/wp-json\/wp\/v2\/media?parent=21144"}],"curies":[{"name":"wp","href":"https:\/\/api.w.org\/{rel}","templated":true}]}}