{"id":16187,"date":"2021-11-01T10:08:27","date_gmt":"2021-11-01T10:08:27","guid":{"rendered":"https:\/\/web.lasallesantiago.gal\/?page_id=16187"},"modified":"2025-10-19T20:12:01","modified_gmt":"2025-10-19T18:12:01","slug":"lema-curso-2021-22","status":"publish","type":"page","link":"https:\/\/web.lasallesantiago.gal\/es\/lema-curso-2021-22\/","title":{"rendered":"Lema curso 2025-26"},"content":{"rendered":"\n<figure class=\"wp-block-gallery has-nested-images columns-default is-cropped wp-block-gallery-1 is-layout-flex wp-block-gallery-is-layout-flex\">\n<figure class=\"wp-block-image size-full\"><img loading=\"lazy\" decoding=\"async\" width=\"768\" height=\"539\" data-id=\"28020\" src=\"https:\/\/web.lasallesantiago.gal\/wp-content\/uploads\/2025\/10\/POST_lema_25-26_CAS-768x539-1.jpg\" alt=\"\" class=\"wp-image-28020\" srcset=\"https:\/\/web.lasallesantiago.gal\/wp-content\/uploads\/2025\/10\/POST_lema_25-26_CAS-768x539-1.jpg 768w, https:\/\/web.lasallesantiago.gal\/wp-content\/uploads\/2025\/10\/POST_lema_25-26_CAS-768x539-1-300x211.jpg 300w, https:\/\/web.lasallesantiago.gal\/wp-content\/uploads\/2025\/10\/POST_lema_25-26_CAS-768x539-1-600x421.jpg 600w\" sizes=\"auto, (max-width: 768px) 100vw, 768px\" \/><\/figure>\n<\/figure>\n\n\n\n<p><\/p>\n\n\n\n<p>\u201c<strong>De compromiso en compromiso<\/strong>\u201d, lema de La Salle para el curso 2025-2026<\/p>\n\n\n\n<p>Estamos de estreno. Ha llegado el nuevo curso 2025-2026 y en La Salle le damos la bienvenida presentando el lema que&nbsp;<strong>orientar\u00e1 la reflexi\u00f3n<\/strong>&nbsp;durante los pr\u00f3ximos meses en todas nuestras obras educativas: \u201cDe compromiso en compromiso\u201d.<\/p>\n\n\n\n<p>Apoy\u00e1ndonos en unas palabras de&nbsp;<strong>nuestro fundador San Juan Bautista de La Salle<\/strong>, el valor del compromiso se extiende desde los inicios del proyecto de los Hermanos de las Escuelas Cristianas hasta nuestros d\u00edas, dej\u00e1ndose notar en cada una de las acciones que se llevan a cabo para hacer realidad la misi\u00f3n lasaliana.<\/p>\n\n\n\n<p><em>\u201cDios, que todo lo gu\u00eda con sabidur\u00eda y suavidad y no suele forzar la inclinaci\u00f3n de los hombres, queriendo comprometerme a tomar enteramente el cuidado de las escuelas, lo hizo de manera muy imperceptible y en mucho tiempo, de modo que un compromiso me llevaba a otro, sin que yo lo previera al comienzo\u201d. (MSO 6)<\/em><\/p>\n\n\n\n<p>El compromiso lasaliano implica estar en proceso, implica formar parte, implica tener esperanza. Tal y como san Juan Bautista vivi\u00f3 el compromiso, comprometerse nace de la decisi\u00f3n meditada de dedicarse a una causa en la que creemos, y que tiene en el centro a las personas, sobre todo, a aquellas que m\u00e1s lo necesitan. Comprometerse tambi\u00e9n es formar y tomar parte, mirar m\u00e1s all\u00e1 y trabajar, desde nuestra vocaci\u00f3n, para contribuir a la misi\u00f3n. Comprometerse es un acto de esperanza porque, sea cual sea nuestra labor, siempre desde nuestros principios y valores, los lasalianos y lasalianas tenemos fe en el futuro.<\/p>\n\n\n\n<p>El mundo actual, en el que se ha instalado el conflicto y la desigualdad, que presenta innumerables desaf\u00edos en todos los \u00e1mbitos, necesita de personas que hagan valer su compromiso. El de La Salle sigue siendo apostar por la educaci\u00f3n como herramienta de transformaci\u00f3n social, dedic\u00e1ndose a las personas, ofreci\u00e9ndoles acompa\u00f1amiento para su desarrollo integral, buscando que sean capaces de comprometerse para hacer que la sociedad sea m\u00e1s justa, solidaria, integradora y con oportunidades para todos.<\/p>\n\n\n\n<p>Y esta llamada al compromiso tambi\u00e9n nos llega desde nuestra identidad m\u00e1s profunda, desde el ADN que como lasalianos y lasalianas impregna lo que somos y hacemos y que nos recuerda que \u201ctodo est\u00e1 conectado\u201d. Y desde esa conexi\u00f3n, con nuestro alumnado, con nuestras familias, con nuestros educadores y educadoras, con nuestras comunidades, seguimos dando pasos para que el proyecto de La Salle sigua vivo y contin\u00fae creciendo.<\/p>\n\n\n\n<p>Desde La Salle en Espa\u00f1a y Portugal os invitamos a comprometeros y a seguir haciendo realidad el compromiso que un d\u00eda asumi\u00f3 san Juan Bautista de La Salle.<\/p>\n\n\n\n<p>\u00a1Bienvenidos y bienvenidas al nuevo curso!<\/p>\n","protected":false},"excerpt":{"rendered":"<p>\u201cDe compromiso en compromiso\u201d, lema de La Salle para el curso 2025-2026 Estamos de estreno. Ha llegado el nuevo curso 2025-2026 y en La Salle le damos la bienvenida presentando el lema que&nbsp;orientar\u00e1 la reflexi\u00f3n&nbsp;durante los pr\u00f3ximos meses en todas &hellip; <\/p>\n","protected":false},"author":1,"featured_media":0,"parent":0,"menu_order":0,"comment_status":"closed","ping_status":"closed","template":"","meta":{"footnotes":""},"class_list":["post-16187","page","type-page","status-publish","hentry"],"_links":{"self":[{"href":"https:\/\/web.lasallesantiago.gal\/es\/wp-json\/wp\/v2\/pages\/16187","targetHints":{"allow":["GET"]}}],"collection":[{"href":"https:\/\/web.lasallesantiago.gal\/es\/wp-json\/wp\/v2\/pages"}],"about":[{"href":"https:\/\/web.lasallesantiago.gal\/es\/wp-json\/wp\/v2\/types\/page"}],"author":[{"embeddable":true,"href":"https:\/\/web.lasallesantiago.gal\/es\/wp-json\/wp\/v2\/users\/1"}],"replies":[{"embeddable":true,"href":"https:\/\/web.lasallesantiago.gal\/es\/wp-json\/wp\/v2\/comments?post=16187"}],"version-history":[{"count":2,"href":"https:\/\/web.lasallesantiago.gal\/es\/wp-json\/wp\/v2\/pages\/16187\/revisions"}],"predecessor-version":[{"id":28023,"href":"https:\/\/web.lasallesantiago.gal\/es\/wp-json\/wp\/v2\/pages\/16187\/revisions\/28023"}],"wp:attachment":[{"href":"https:\/\/web.lasallesantiago.gal\/es\/wp-json\/wp\/v2\/media?parent=16187"}],"curies":[{"name":"wp","href":"https:\/\/api.w.org\/{rel}","templated":true}]}}