{"id":15416,"date":"2024-01-24T13:43:25","date_gmt":"2024-01-24T12:43:25","guid":{"rendered":"https:\/\/web.lasallesantiago.gal\/?page_id=15416"},"modified":"2026-03-24T11:09:09","modified_gmt":"2026-03-24T10:09:09","slug":"admisiones","status":"publish","type":"page","link":"https:\/\/web.lasallesantiago.gal\/es\/admisiones\/","title":{"rendered":"Admisiones"},"content":{"rendered":"<div id=\"pl-15416\"  class=\"panel-layout\" ><div id=\"pg-15416-0\"  class=\"panel-grid panel-no-style\" ><div id=\"pgc-15416-0-0\"  class=\"panel-grid-cell\" ><div id=\"panel-15416-0-0-0\" class=\"so-panel widget widget_heading panel-first-child panel-last-child\" data-index=\"0\" ><div class=\"thim-widget-heading template-base\"><div class=\"sc_heading  text-left\"><h3 style=\"text-transform: uppercase;\" class=\"title\">Admisi\u00f3ns<\/h3><span class=\"line\"><\/span><\/div><\/div><\/div><\/div><\/div><div id=\"pg-15416-1\"  class=\"panel-grid panel-no-style\" ><div id=\"pgc-15416-1-0\"  class=\"panel-grid-cell\" ><div id=\"panel-15416-1-0-0\" class=\"so-panel widget widget_media_video panel-first-child\" data-index=\"1\" ><div class=\"panel-widget-style panel-widget-style-for-15416-1-0-0\" ><div style=\"width:100%;\" class=\"wp-video\"><video class=\"wp-video-shortcode\" id=\"video-15416-1\" preload=\"metadata\" controls=\"controls\"><source type=\"video\/youtube\" src=\"https:\/\/www.youtube.com\/watch?v=uZzzpPDK_Lo&#038;_=1\" \/><a href=\"https:\/\/www.youtube.com\/watch?v=uZzzpPDK_Lo\">https:\/\/www.youtube.com\/watch?v=uZzzpPDK_Lo<\/a><\/video><\/div><\/div><\/div><div id=\"panel-15416-1-0-1\" class=\"so-panel widget widget_sow-image panel-last-child\" data-index=\"2\" ><div\n\t\t\t\n\t\t\tclass=\"so-widget-sow-image so-widget-sow-image-default-8b5b6f678277-15416\"\n\t\t\t\n\t\t>\n<div class=\"sow-image-container\">\n\t\t<img \n\tsrc=\"https:\/\/web.lasallesantiago.gal\/wp-content\/uploads\/2026\/03\/ANUNCIO-APERTURA-2026-27-1.png\" width=\"2000\" height=\"1414\" srcset=\"https:\/\/web.lasallesantiago.gal\/wp-content\/uploads\/2026\/03\/ANUNCIO-APERTURA-2026-27-1.png 2000w, https:\/\/web.lasallesantiago.gal\/wp-content\/uploads\/2026\/03\/ANUNCIO-APERTURA-2026-27-1-300x212.png 300w, https:\/\/web.lasallesantiago.gal\/wp-content\/uploads\/2026\/03\/ANUNCIO-APERTURA-2026-27-1-1024x724.png 1024w, https:\/\/web.lasallesantiago.gal\/wp-content\/uploads\/2026\/03\/ANUNCIO-APERTURA-2026-27-1-768x543.png 768w, https:\/\/web.lasallesantiago.gal\/wp-content\/uploads\/2026\/03\/ANUNCIO-APERTURA-2026-27-1-1536x1086.png 1536w, https:\/\/web.lasallesantiago.gal\/wp-content\/uploads\/2026\/03\/ANUNCIO-APERTURA-2026-27-1-600x424.png 600w\" sizes=\"(max-width: 2000px) 100vw, 2000px\" title=\"ANUNCIO APERTURA 2026-27 (1)\" alt=\"\" \t\tclass=\"so-widget-image\"\/>\n\t<\/div>\n\n<\/div><\/div><\/div><\/div><div id=\"pg-15416-2\"  class=\"panel-grid panel-no-style\" ><div id=\"pgc-15416-2-0\"  class=\"panel-grid-cell panel-grid-cell-empty\" ><\/div><\/div><div id=\"pg-15416-3\"  class=\"panel-grid panel-no-style\" ><div id=\"pgc-15416-3-0\"  class=\"panel-grid-cell\" ><div id=\"panel-15416-3-0-0\" class=\"widget_text so-panel widget widget_custom_html panel-first-child panel-last-child\" data-index=\"3\" ><div class=\"textwidget custom-html-widget\"><p>\n Seg\u00fan la <b>ORDEN del 21 de octubre de 2022<\/b> en la que se desarrolla el Decreto 13\/2022, de 3 de febrero, y se regula el procedimiento de admisi\u00f3n de alumnado, los PLAZOS DE ADMISI\u00d3N para el curso 2025\/26 son: \n<\/p>\n<ol>\n<li>RESERVA DE PLAZA de un centro a otro en el que est\u00e9 adscrito:<\/li>\n<\/ol><ul>\n<li>Plazo: del 15 de enero al 4 de febrero (ambos incluidos).<\/li>\n<li>Centros adscritos: CPR INMACULADA y CPR SAN JORGE<\/li>\n<li><a class=\"icono enlace\" href=\"https:\/\/www.edu.xunta.gal\/axudaplicacion\/DescargarFicheiro.do?_nome=ED550A-G-2025-26.pdf&amp;_carpeta=admisionalumnado&amp;_ext=PDF\" target=\"_blank\">ANEXO I (ED550A)<\/a><\/li>\n<\/ul>\n<li>Solicitudes ORDINARIAS de admisi\u00f3n (alumnos nuevos):<\/li>\n<ul>\n<li>Publicaci\u00f3n de vacantes antes del 1 de marzo<\/li>\n<li>Plazo para presentaci\u00f3n de solicitudes: entre el d\u00eda 1 y el 20 de marzo (ambos incluidos)<\/li>\n<li><a class=\"icono enlace\" href=\"https:\/\/www.edu.xunta.gal\/axudaplicacion\/DescargarFicheiro.do?_nome=ED550B-G-2025-26.pdf&amp;_carpeta=admisionalumnado&amp;_ext=PDF\" target=\"_blank\">ANEXO II (ED550B)<\/a><\/li>\n<li>Los formularios podr\u00e1n descargarse y entregarse en el centro o cumplimentarse en la aplicaci\u00f3n inform\u00e1tica www.edu.xunta.gal\/admisionalumnado<\/li>\n<\/ul>\n\n<p>\n Para cualquier informaci\u00f3n: <a class=\"icono correo\" href=\"mailto:secretaria@lasallesantiago.gal\">secretaria@lasallesantiago.gal<\/a>\n<\/p>\n<\/div><\/div><\/div><\/div><div id=\"pg-15416-4\"  class=\"panel-grid panel-no-style\" ><div id=\"pgc-15416-4-0\"  class=\"panel-grid-cell\" ><div id=\"panel-15416-4-0-0\" class=\"so-panel widget widget_tab panel-first-child\" data-index=\"4\" ><div class=\"thim-widget-tab template-tab\">\n<ul class=\"nav nav-tabs\" role=\"tablist\"><li role=\"presentation\" class='active tab-col-2'><a href=\"#thim-widget-tab-11775316353-1-93\"  role=\"tab\" data-toggle=\"tab\">Documentaci\u00f3n<\/a><\/li><li role=\"presentation\" class='tab-col-2'><a href=\"#thim-widget-tab-21775316353-1-93\"  role=\"tab\" data-toggle=\"tab\">Normativa de aplicaci\u00f3n<\/a><\/li><\/ul><div class=\"tab-content\"> <div role=\"tabpanel\" class=\"tab-pane active\" id=\"thim-widget-tab-11775316353-1-93\"><ul>\n<li><strong><a href=\"https:\/\/web.lasallesantiago.gal\/wp-content\/uploads\/2026\/02\/Instruccions-xerais-admision-2026-27-1.pdf\">Instrucciones general admisi\u00f3n 2026<\/a><\/strong><\/li>\n<li><strong><a href=\"https:\/\/web.lasallesantiago.gal\/wp-content\/uploads\/2026\/02\/INFORMACION-E-DATAS-DO-PROCESO-DE-ADMISION.pdf\">Informaci\u00f3n y fechas del proceso de admisi\u00f3n<\/a><\/strong><\/li>\n<li><strong><a href=\"https:\/\/web.lasallesantiago.gal\/wp-content\/uploads\/2026\/02\/CRITERIOS-DE-BAREMACION-2026.pdf\">Criterios baremaci\u00f3n 2026<\/a><\/strong><\/li>\n<li><strong><a href=\"https:\/\/web.lasallesantiago.gal\/wp-content\/uploads\/2026\/02\/01_anuncio_do_sorteo_publico_anual_para_resolver_os_empates_no_procedemento_de_admision_no_curso_2026_2027.pdf\">Anuncio del sorteo p\u00fablico para resolver empates.<\/a><\/strong><\/li>\n<li><strong><a href=\"https:\/\/web.lasallesantiago.gal\/wp-content\/uploads\/2026\/02\/vacantes-23-febrero.pdf\">Plazas Vacantes curso 2026-27<\/a><\/strong><\/li>\n<li><strong><a href=\"https:\/\/web.lasallesantiago.gal\/wp-content\/uploads\/2026\/02\/Solicitude-admision-castellanoED550B-C-2026-27.pdf\">Solicitud Admisi\u00f3n castellano<\/a><\/strong><\/li>\n<li><strong><a href=\"https:\/\/web.lasallesantiago.gal\/wp-content\/uploads\/2026\/02\/Solicitude-admision-GalegoED550B-G-2026-27.pdf\">Solicitud Admisi\u00f3n gallego <\/a><\/strong><\/li>\n<li><strong><a href=\"https:\/\/www.edu.xunta.gal\/centroseducativos\/CargarDetalleCentro.do?codigo=15015603\">Zonas de influencia (Para ver a zona de influencia deben marcar a casilla \"ver zonas influencia\")<\/a><\/strong><\/li>\n<li><strong><a href=\"https:\/\/web.lasallesantiago.gal\/wp-content\/uploads\/2026\/02\/04_resolucion_do_25_de_febreiro_de_2026._resultado_do_sorteo.pdf\">Resoluci\u00f3n del 25\/02\/2026 resultado del sorteo<\/a><\/strong><\/li>\n<li><strong><a href=\"https:\/\/web.lasallesantiago.gal\/wp-content\/uploads\/2026\/03\/Presentacion-documentacion.pdf\">ANUNCIO DE APERTURA DE PRAZO PARA PRESENTACI\u00d3N DE DOCUMENTACI\u00d3N\nCURSO 2026\/27<\/a><\/strong><\/li>\n<\/ul><\/div> <div role=\"tabpanel\" class=\"tab-pane\" id=\"thim-widget-tab-21775316353-1-93\"><p style=\"text-align: justify\"><b>NORMATIVA DE APLICACI\u00d3N<\/b><\/p>\n<p>&nbsp;<\/p>\n\n<ul>\n\t<li><span style=\"font-size:11pt\"><span style=\"font-family:Calibri,sans-serif\"><a href=\"https:\/\/www.edu.xunta.gal\/portal\/sites\/web\/files\/anunciog0598-040222-0004_es.pdf\"><span style=\"font-size:14.0pt\"><span style=\"color:blue\">Decreto 13\/2022 do 3 de febreiro<\/span><\/span><\/a>&nbsp;polo que se regula a admisi&oacute;n de alumnado en centros docentes sostidos con fondos p&uacute;blicos que imparten ensinandas de segundo ciclo de infantil, educaci&oacute;n primaria, educaci&oacute;n secundaria obrigatoria e de bacharelato reguladas na Lei org&aacute;nica 2\/2006 de 3 de ,aio, de educaci&oacute;n.<\/span><\/span><\/li>\n\t\n\t<li><span style=\"font-size:11pt\"><span style=\"font-family:Calibri,sans-serif\"><a href=\"https:\/\/www.xunta.gal\/dog\/Publicados\/2022\/20221108\/AnuncioG0655-281022-0001_gl.pdf\"><span style=\"font-size:14.0pt\"><span style=\"color:blue\">Orde do 21 de outubro de&nbsp;2022<\/span><\/span><\/a> pola que se desenvolve o DECRETO 13\/2022 do 3 de febreiro, e se regula o procedemento de admisi&oacute;n de alumnado nos centros docentes sostidos con fondos p&uacute;blicos que imparten ensinanzas de segundo ciclo de educaci&oacute;n infantil, de educaci&oacute;n primaria, e educaci&oacute;n secundaria obrigatoria e de bacharelato reguladas na Lei org&aacute;nica 2\/2006, do 3 de maio, de educaci&oacute;n (c&oacute;digos de procedemento ED550A, ED550B e ED550C).<\/span><\/span><\/li>\n\t\n\t<li style=\"text-align:justify\"><span style=\"font-size:11pt\"><span style=\"font-family:Calibri,sans-serif\"><a href=\"https:\/\/web.lasallesantiago.gal\/wp-content\/uploads\/2025\/01\/Instruccions-xerais-admision-2025-26.pdf\"><span style=\"font-size:14.0pt\"><span style=\"color:blue\">Instrucci\u00f3ns da Direcci\u00f3n Xeral de Centros e Recursos Humanos<\/span><\/span><\/a> sobre o desenvolvemento do proceso de admisi\u00f3n de alumnado en centros docentes sostidos con fondos p\u00fablicos para o curso acad\u00e9mico 2025-2026<\/span><\/span><\/li>\n<\/ul><\/div><\/div><\/div><\/div><div id=\"panel-15416-4-0-1\" class=\"so-panel widget widget_tab panel-last-child\" data-index=\"5\" ><div class=\"thim-widget-tab template-tab\">\n<\/div><\/div><\/div><\/div><div id=\"pg-15416-5\"  class=\"panel-grid panel-no-style\" ><div id=\"pgc-15416-5-0\"  class=\"panel-grid-cell\" ><div id=\"panel-15416-5-0-0\" class=\"so-panel widget widget_single-images panel-first-child panel-last-child\" data-index=\"6\" ><div class=\"thim-widget-single-images template-single-images\">\n<div class=\"single-image text-center\"><img src =\"https:\/\/web.lasallesantiago.gal\/wp-content\/uploads\/2020\/05\/xunta-logo-educacion.jpg\" width=\"1643\" height=\"387\" alt=\"\"\/><\/div><\/div><\/div><\/div><div id=\"pgc-15416-5-1\"  class=\"panel-grid-cell\" ><div id=\"panel-15416-5-1-0\" class=\"widget_text so-panel widget widget_custom_html panel-first-child\" data-index=\"7\" ><div class=\"textwidget custom-html-widget\"><p>\n La <strong>Xunta de Galicia<\/strong> dispone de una <strong>aplicaci\u00f3n de gesti\u00f3n de las solicitudes<\/strong> de reserva para centros adscritos y admisi\u00f3n para alumnos de Educaci\u00f3n Infantil, Primaria, Ense\u00f1anza Secundaria Obligatoria e Bachillerato en centros sostenidos con fondos p\u00fablicos.\n<\/p><\/div><\/div><div id=\"panel-15416-5-1-1\" class=\"so-panel widget widget_button panel-last-child\" data-index=\"8\" ><div class=\"thim-widget-button template-base\"><a class=\"widget-button  small custom_style\" href=\"https:\/\/www.edu.xunta.es\/admisionalumnado\/\" style=\"--widget-button-font-size: 14px;--widget-button-font-weight: normal;--widget-button-border-width: 1px;--widget-button-color: #005aa0;--widget-button-border-color: #005aa0;--widget-button-color-hover: #ffffff;--widget-button-border-color-hover: #005aa0;--widget-button-background-color-hover: #005aa0;\">Acceso a aplicaci\u00f3n de xesti\u00f3n das solicitudes<\/a><\/div><\/div><\/div><\/div><div id=\"pg-15416-6\"  class=\"panel-grid panel-no-style\" ><div id=\"pgc-15416-6-0\"  class=\"panel-grid-cell panel-grid-cell-empty\" ><\/div><\/div><\/div>","protected":false},"excerpt":{"rendered":"<p>Admisi\u00f3nshttps:\/\/www.youtube.com\/watch?v=uZzzpPDK_Lo Seg\u00fan la ORDEN del 21 de octubre de 2022 en la que se desarrolla el Decreto 13\/2022, de 3 de febrero, y se regula el procedimiento de admisi\u00f3n de alumnado, los PLAZOS DE ADMISI\u00d3N para el curso 2025\/26 son: &hellip; <\/p>\n","protected":false},"author":1,"featured_media":0,"parent":0,"menu_order":0,"comment_status":"closed","ping_status":"closed","template":"","meta":{"footnotes":""},"class_list":["post-15416","page","type-page","status-publish","hentry"],"_links":{"self":[{"href":"https:\/\/web.lasallesantiago.gal\/es\/wp-json\/wp\/v2\/pages\/15416","targetHints":{"allow":["GET"]}}],"collection":[{"href":"https:\/\/web.lasallesantiago.gal\/es\/wp-json\/wp\/v2\/pages"}],"about":[{"href":"https:\/\/web.lasallesantiago.gal\/es\/wp-json\/wp\/v2\/types\/page"}],"author":[{"embeddable":true,"href":"https:\/\/web.lasallesantiago.gal\/es\/wp-json\/wp\/v2\/users\/1"}],"replies":[{"embeddable":true,"href":"https:\/\/web.lasallesantiago.gal\/es\/wp-json\/wp\/v2\/comments?post=15416"}],"version-history":[{"count":7,"href":"https:\/\/web.lasallesantiago.gal\/es\/wp-json\/wp\/v2\/pages\/15416\/revisions"}],"predecessor-version":[{"id":28980,"href":"https:\/\/web.lasallesantiago.gal\/es\/wp-json\/wp\/v2\/pages\/15416\/revisions\/28980"}],"wp:attachment":[{"href":"https:\/\/web.lasallesantiago.gal\/es\/wp-json\/wp\/v2\/media?parent=15416"}],"curies":[{"name":"wp","href":"https:\/\/api.w.org\/{rel}","templated":true}]}}