{"id":11862,"date":"2020-06-22T11:51:08","date_gmt":"2020-06-22T11:51:08","guid":{"rendered":"https:\/\/web.lasallesantiago.gal\/?page_id=11862"},"modified":"2025-09-12T16:39:59","modified_gmt":"2025-09-12T14:39:59","slug":"oferta-deportiva","status":"publish","type":"page","link":"https:\/\/web.lasallesantiago.gal\/es\/oferta-deportiva\/","title":{"rendered":"Oferta deportiva"},"content":{"rendered":"<div id=\"pl-11862\"  class=\"panel-layout\" ><div id=\"pg-11862-0\"  class=\"panel-grid panel-no-style\" ><div id=\"pgc-11862-0-0\"  class=\"panel-grid-cell\" ><div id=\"panel-11862-0-0-0\" class=\"so-panel widget widget_sow-editor panel-first-child\" data-index=\"0\" ><div\n\t\t\t\n\t\t\tclass=\"so-widget-sow-editor so-widget-sow-editor-base\"\n\t\t\t\n\t\t><h3 class=\"widget-title\">Deportivas<\/h3>\n<div class=\"siteorigin-widget-tinymce textwidget\">\n\t<\/div>\n<\/div><\/div><div id=\"panel-11862-0-0-1\" class=\"so-panel widget widget_tab panel-last-child\" data-index=\"1\" ><div class=\"thim-widget-tab template-tab\">\n<ul class=\"nav nav-tabs\" role=\"tablist\"><li role=\"presentation\" class='active tab-col-4'><a href=\"#thim-widget-tab-11776354230-1-96\"  role=\"tab\" data-toggle=\"tab\">F\u00fatbol sala<\/a><\/li><li role=\"presentation\" class='tab-col-4'><a href=\"#thim-widget-tab-21776354230-1-96\"  role=\"tab\" data-toggle=\"tab\">F\u00fatbol campo<\/a><\/li><li role=\"presentation\" class='tab-col-4'><a href=\"#thim-widget-tab-31776354230-1-96\"  role=\"tab\" data-toggle=\"tab\">Baloncesto<\/a><\/li><li role=\"presentation\" class='tab-col-4'><a href=\"#thim-widget-tab-41776354230-1-96\"  role=\"tab\" data-toggle=\"tab\">Voleibol<\/a><\/li><\/ul><div class=\"tab-content\"> <div role=\"tabpanel\" class=\"tab-pane active\" id=\"thim-widget-tab-11776354230-1-96\"><h4 class=\"texto-azul\">Destinatarios<\/h4>\nAlumnos del colegio y externos, desde 4 a\u00f1os<br>\nEl alumnado de Infantil podr\u00e1n tener un curso de iniciaci\u00f3n (sin competici\u00f3n).\n<br>\n<h4 class=\"texto-azul\">Objetivos<\/h4>\n- Contribuir al desarrollo y a la formaci\u00f3n f\u00edsica de los alumnos.<br>\n- Fomentar la cooperaci\u00f3n, el trabajo en equipo y el respeto mutuo.<br>\n- Adquirir responsabilidad y compromiso hacia el grupo.\n<br>\n<h4 class=\"texto-azul\">Actividades que se desarrollan<\/h4>\nDos sesiones semanales de una hora de entrenamiento en el colegio.<br>\nParticipaci\u00f3n en actividades organizadas por la Federaci\u00f3n y la Agrupaci\u00f3n deportiva (campeonatos, concentraciones...).\n<br>\n<h4 class=\"texto-azul\">D\u00edas y horas<\/h4>\n- Educaci\u00f3n Infantil: lunes 17.00h a 18.00h<br>\n- Nacidos en el 2019 al 2016: martes y jueves 17.00h a 18.00h (Prebenjam\u00edn y Benjam\u00edn)<br>\n- Nacidos en 2015 y 2014: martes y jueves 19.00h a 20.00h (Alevines)<br>\n- Nacidos en 2013 y 2012: martes y jueves 20.00h a 21.00h (Infantil)<br>\n- Nacidos en 2011 y 2010: martes y jueves 21.00h a 22.00h (Cadete)<br>\n<br>\n<h4 class=\"texto-azul\">Material necesario<\/h4>\nRopa deportiva. Obligatoria la compra de equipaci\u00f3n para poder competir (dos camisetas roja y azul, pantal\u00f3n y medias)\n<br>\n<h4 class=\"texto-azul\">Responsable<\/h4>\n\u00c1lvaro Calvelo \n<br>\n<h4 class=\"texto-azul\">Coste<\/h4>\n33 \u20ac de mensualidad\n<br>\n<h4 class=\"texto-azul\">Para participar<\/h4>\nLa formaci\u00f3n de los equipos se realizar\u00e1 siguiendo ciertos criterios establecidos, los cuales ser\u00e1n comunicados a todos los participantes antes del inicio de las competencias<br>\nLa inscripci\u00f3n se realizar\u00e1 a trav\u00e9s del formulario disponible en Sallenet en el mes de septiembre\n<br>\n<h4 class=\"texto-azul\">Contacto<\/h4>\n<a class=\"icono correo\" href=\"mailto:futbol@lasallesantiago.gal\">futbol@lasallesantiago.gal <\/a><\/div> <div role=\"tabpanel\" class=\"tab-pane\" id=\"thim-widget-tab-21776354230-1-96\"><h4 class=\"texto-azul\">Destinatarios<\/h4>\nAlumnos del colegio y externos, desde 1.\u00ba de Primaria.\n<br>\n<h4 class=\"texto-azul\">Objetivos<\/h4>\n- Contribuir al desarrollo y a la formaci\u00f3n f\u00edsica de los alumnos.<br>\n- Fomentar la cooperaci\u00f3n, el trabajo en equipo y el respeto mutuo.<br>\n- Adquirir responsabilidad y compromiso hacia el grupo.\n<br>\n<h4 class=\"texto-azul\">Actividades que se desarrollan<\/h4>\nDos sesiones semanales de una hora y media en los campos de f\u00fatbol de Belvis, Conxo y Santa Isabel.<br>\nParticipaci\u00f3n en actividades organizadas por la Federaci\u00f3n y la Agrupaci\u00f3n deportiva (campeonatos, concentraciones...).\n<br>\n<h4 class=\"texto-azul\">D\u00edas y horas<\/h4>\n-Nacidos en el 2019 al 2014: mi\u00e9rcoles 18.30h a 20.00h y viernes de 16.30h a 18.00h en el Campo de Belvis (Debido a las reformas en el campo de Belv\u00eds, empezaremos en el campo de Conxo.) (Prebenjam\u00edn, Benjam\u00edn y Alev\u00edn)<br>\n-Nacidos en el 2013 al 2010: lunes 18.30h a 20.00h en el campo de Santa Isabel y mi\u00e9rcoles 16.30h a 17.30h en el campo de Conxo (Infantil y Cadete)<br>\n-Nacidos en el 2009 al 2007: mi\u00e9rcoles y viernes 21.30 h 23.00h Campo de Conxo. (Juveniles)\n<br>\n<h4 class=\"texto-azul\">Material necesario<\/h4>\nRopa deportiva. Obligatoria la compra de equipaci\u00f3n para poder competir (dos camisetas roja y azul, pantal\u00f3n y medias)\n<br>\n<h4 class=\"texto-azul\">Responsable<\/h4>\n\u00c1lvaro Calvelo \n<br>\n<h4 class=\"texto-azul\">Coste<\/h4>\n35 \u20ac de mensualidad<br>\n(sin recargo por hacer f\u00fatbol campo y f\u00fatbol sala)\n<br>\n<h4 class=\"texto-azul\">Para participar<\/h4>\nLa formaci\u00f3n de los equipos se realizar\u00e1 siguiendo ciertos criterios establecidos, los cuales ser\u00e1n comunicados a todos los participantes antes del inicio de las competencias<br>\nLa inscripci\u00f3n se realizar\u00e1 a trav\u00e9s del formulario disponible en Sallenet en el mes de septiembre\n<br>\n<h4 class=\"texto-azul\">Contacto<\/h4>\n<a class=\"icono correo\" href=\"mailto:futbol@lasallesantiago.gal\">futbol@lasallesantiago.gal <\/a><\/div> <div role=\"tabpanel\" class=\"tab-pane\" id=\"thim-widget-tab-31776354230-1-96\"><h4 class=\"texto-azul\">Destinatarios<\/h4>\nAlumnos del colegio y externos, desde 1.\u00ba de Primaria.\n<br>\n<h4 class=\"texto-azul\">Objetivos<\/h4>\n- Contribuir al desarrollo y a la formaci\u00f3n f\u00edsica de los alumnos.<br>\n- Fomentar la cooperaci\u00f3n, el trabajo en equipo y el respeto mutuo.<br>\n- Adquirir responsabilidad y compromiso hacia el grupo.\n<br>\n<h4 class=\"texto-azul\">Actividades que se desarrollan<\/h4>\nDos  o tes sesiones semanales de una hora de entrenamiento en el colegio.<br>\nParticipaci\u00f3n en actividades organizadas por la Federaci\u00f3n y la Agrupaci\u00f3n deportiva (campeonatos, concentraciones...).\n<br>\n<h4 class=\"texto-azul\">D\u00edas y horas<\/h4>\n- Escuela Nacidos en el 2019 y 2018: martes y jueves 17.00h a 18.00h (Escuela)<br>\n- Nacidos en el 2017 y 2016: mi\u00e9rcoles y viernes 17.00 a 18.00h (Preminibasket)<br>\n- Nacidos en el 2015 al  2014: lunes, mi\u00e9rcoles y viernes 17.00h a 18.00h (Minibasket)<br>\n- Nacidos en 2013 y 2012: lunes, mi\u00e9rcoles y viernes 18.00h a 19.00h (Infantil\/Cadete)<br>\n- Nacidos en 2011 y 2010: lunes, mi\u00e9rcoles y viernes 19.00h a 20.00h (Cadete\/Junior) <br>\n- Nacidos en el 2009 al 2008: lunes, mi\u00e9rcoles y viernes 20.00h a 21.00h (Junior)<br>\n- Nacidos en 2007 en adelante: martes y viernes 21.00h a 22.30h (Senior)\n<br>\n<h4 class=\"texto-azul\">Material necesario<\/h4>\nRopa deportiva. Obligatoria la compra de equipaci\u00f3n para poder competir (cubre,  camisetas de juego y pantal\u00f3n)\n<br>\n<h4 class=\"texto-azul\">Responsable<\/h4>\nMarta Posse\n<br>\n<h4 class=\"texto-azul\">Coste<\/h4>\n33\u20ac de mensualidad para las categor\u00edas de escuela y preminibasket<br>\n35\u20ac de mensualidad para categor\u00edas Mini en adelante \n<br>\n<h4 class=\"texto-azul\">Para participar<\/h4>\nLa formaci\u00f3n de los equipos se realizar\u00e1 siguiendo ciertos criterios establecidos, los cuales ser\u00e1n comunicados a todos los participantes antes del inicio de las competencias<br>\nLa inscripci\u00f3n se realizar\u00e1 a trav\u00e9s del formulario disponible en Sallenet en el mes de septiembre\n<br>\n<h4 class=\"texto-azul\">Contacto<\/h4>\n<a class=\"icono correo\" href=\"mailto:baloncesto@lasallesantiago.gal\">baloncesto@lasallesantiago.gal <\/a><\/div> <div role=\"tabpanel\" class=\"tab-pane\" id=\"thim-widget-tab-41776354230-1-96\"><h4 class=\"texto-azul\">Destinatarios<\/h4>\nAlumnos del colegio y externos, desde 1.\u00ba de ESO\n<br>\n<h4 class=\"texto-azul\">Objetivos<\/h4>\n- Contribuir al desarrollo y a la formaci\u00f3n f\u00edsica de los alumnos.<br>\n- Fomentar la cooperaci\u00f3n, el trabajo en equipo y el respeto mutuo.<br>\n- Adquirir responsabilidad y compromiso hacia el grupo.\n<br>\n<h4 class=\"texto-azul\">Actividades que se desarrollan<\/h4>\nDos  o tes sesiones semanales de una hora de entrenamiento en el colegio.<br>\nParticipaci\u00f3n en actividades organizadas por la Federaci\u00f3n y la Agrupaci\u00f3n deportiva (campeonatos, concentraciones...).\n<br>\n<h4 class=\"texto-azul\">D\u00edas y horas<\/h4>\n- Nacidos en 2013 al 2008: martes y jueves 16.00h a 17.00h  (Infantil, Cadete y Juvenil))\n<br>\n<h4 class=\"texto-azul\">Material necesario<\/h4>\nRopa deportiva. Obligatoria la compra de equipaci\u00f3n para poder competir (camisetas de juego)\n<br>\n<h4 class=\"texto-azul\">Responsable<\/h4>\n-\n<br>\n<h4 class=\"texto-azul\">Coste<\/h4>\n33\u20ac de mensualidad\n<br>\n<h4 class=\"texto-azul\">Para participar<\/h4>\nLa formaci\u00f3n de los equipos se realizar\u00e1 siguiendo ciertos criterios establecidos, los cuales ser\u00e1n comunicados a todos los participantes antes del inicio de las competencias<br>\nLa inscripci\u00f3n se realizar\u00e1 a trav\u00e9s del formulario disponible en Sallenet en el mes de septiembre\n<br>\n<h4 class=\"texto-azul\">Contacto<\/h4>\n<a class=\"icono correo\" href=\"mailto:voleibol@lasallesantiago.gal\">voleibol@lasallesantiago.gal <\/a><\/div><\/div><\/div><\/div><\/div><\/div><\/div>","protected":false},"excerpt":{"rendered":"<p>Deportivas F\u00fatbol salaF\u00fatbol campoBaloncestoVoleibol Destinatarios Alumnos del colegio y externos, desde 4 a\u00f1os El alumnado de Infantil podr\u00e1n tener un curso de iniciaci\u00f3n (sin competici\u00f3n). Objetivos &#8211; Contribuir al desarrollo y a la formaci\u00f3n f\u00edsica de los alumnos. &#8211; Fomentar &hellip; <\/p>\n","protected":false},"author":1,"featured_media":0,"parent":0,"menu_order":0,"comment_status":"closed","ping_status":"closed","template":"","meta":{"footnotes":""},"class_list":["post-11862","page","type-page","status-publish","hentry"],"_links":{"self":[{"href":"https:\/\/web.lasallesantiago.gal\/es\/wp-json\/wp\/v2\/pages\/11862","targetHints":{"allow":["GET"]}}],"collection":[{"href":"https:\/\/web.lasallesantiago.gal\/es\/wp-json\/wp\/v2\/pages"}],"about":[{"href":"https:\/\/web.lasallesantiago.gal\/es\/wp-json\/wp\/v2\/types\/page"}],"author":[{"embeddable":true,"href":"https:\/\/web.lasallesantiago.gal\/es\/wp-json\/wp\/v2\/users\/1"}],"replies":[{"embeddable":true,"href":"https:\/\/web.lasallesantiago.gal\/es\/wp-json\/wp\/v2\/comments?post=11862"}],"version-history":[{"count":7,"href":"https:\/\/web.lasallesantiago.gal\/es\/wp-json\/wp\/v2\/pages\/11862\/revisions"}],"predecessor-version":[{"id":27837,"href":"https:\/\/web.lasallesantiago.gal\/es\/wp-json\/wp\/v2\/pages\/11862\/revisions\/27837"}],"wp:attachment":[{"href":"https:\/\/web.lasallesantiago.gal\/es\/wp-json\/wp\/v2\/media?parent=11862"}],"curies":[{"name":"wp","href":"https:\/\/api.w.org\/{rel}","templated":true}]}}