{"id":11276,"date":"2020-06-09T06:56:35","date_gmt":"2020-06-09T06:56:35","guid":{"rendered":"https:\/\/web.lasallesantiago.gal\/traballa-connosco\/"},"modified":"2020-06-09T08:11:22","modified_gmt":"2020-06-09T08:11:22","slug":"trabaja-con-nosotros","status":"publish","type":"page","link":"https:\/\/web.lasallesantiago.gal\/es\/trabaja-con-nosotros\/","title":{"rendered":"Trabaja con  nosotros"},"content":{"rendered":"<div id=\"pl-11276\"  class=\"panel-layout\" ><div id=\"pg-11276-0\"  class=\"panel-grid panel-no-style\" ><div id=\"pgc-11276-0-0\"  class=\"panel-grid-cell\" ><div id=\"panel-11276-0-0-0\" class=\"so-panel widget widget_heading panel-first-child panel-last-child\" data-index=\"0\" ><div class=\"thim-widget-heading template-base\"><div class=\"sc_heading  text-center\"><h3 style=\"text-transform: uppercase;\" class=\"title\">Trabaja con nosotros<\/h3><p class=\"sub-heading\" style=\"\">Env\u00eda tu curr\u00edculum<\/p><span class=\"line\"><\/span><\/div><\/div><\/div><\/div><\/div><div id=\"pg-11276-1\"  class=\"panel-grid panel-no-style\" ><div id=\"pgc-11276-1-0\"  class=\"panel-grid-cell\" ><div id=\"panel-11276-1-0-0\" class=\"so-panel widget widget_sow-editor panel-first-child panel-last-child\" data-index=\"1\" ><div\n\t\t\t\n\t\t\tclass=\"so-widget-sow-editor so-widget-sow-editor-base\"\n\t\t\t\n\t\t>\n<div class=\"siteorigin-widget-tinymce textwidget\">\n\t<p>Si quieres formar parte de nuestro proyecto educativo trabajando en nuestro centro, <strong>env\u00eda tu curr\u00edculum<\/strong> a la siguiente direcci\u00f3n indicando en el asunto tu nombre y el puesto para el que realizas la solicitud a la siguiente direcci\u00f3n:<\/p>\n<\/div>\n<\/div><\/div><\/div><\/div><div id=\"pg-11276-2\"  class=\"panel-grid panel-has-style\" ><div class=\"panel-row-style panel-row-style-for-11276-2\" ><div id=\"pgc-11276-2-0\"  class=\"panel-grid-cell\" ><div id=\"panel-11276-2-0-0\" class=\"so-panel widget widget_sow-editor panel-first-child panel-last-child\" data-index=\"2\" ><div\n\t\t\t\n\t\t\tclass=\"so-widget-sow-editor so-widget-sow-editor-base\"\n\t\t\t\n\t\t>\n<div class=\"siteorigin-widget-tinymce textwidget\">\n\t<p><strong>Secretar\u00eda del Colegio<\/strong><br \/>\n<a class=\"icono correo\" href=\"mailto:secretariasantiago@sallep.net\">secretariasantiago@sallep.net<\/a><\/p>\n<\/div>\n<\/div><\/div><\/div><\/div><\/div><div id=\"pg-11276-3\"  class=\"panel-grid panel-no-style\" ><div id=\"pgc-11276-3-0\"  class=\"panel-grid-cell\" ><div id=\"panel-11276-3-0-0\" class=\"so-panel widget widget_sow-editor panel-first-child panel-last-child\" data-index=\"3\" ><div\n\t\t\t\n\t\t\tclass=\"so-widget-sow-editor so-widget-sow-editor-base\"\n\t\t\t\n\t\t>\n<div class=\"siteorigin-widget-tinymce textwidget\">\n\t<p>Tu curr\u00edculum pasar\u00e1 a formar parte de nuestra base de datos y ser\u00e1 tratado de acuerdo al tratamiento de protecci\u00f3n de datos que se indica a continuaci\u00f3n.<\/p>\n<\/div>\n<\/div><\/div><\/div><\/div><div id=\"pg-11276-4\"  class=\"panel-grid panel-no-style\" ><div id=\"pgc-11276-4-0\"  class=\"panel-grid-cell\" ><div id=\"panel-11276-4-0-0\" class=\"so-panel widget widget_sow-editor panel-first-child panel-last-child\" data-index=\"4\" ><div\n\t\t\t\n\t\t\tclass=\"so-widget-sow-editor so-widget-sow-editor-base\"\n\t\t\t\n\t\t>\n<div class=\"siteorigin-widget-tinymce textwidget\">\n\t<div style=\"font-size: 0.9em;\">\n<p><strong>INFORMACI\u00d3N RECEPCI\u00d3N CURR\u00edCULUM VITAE<br \/>\nINFORMACI\u00d3N B\u00c1SICA SOBRE PROTECCI\u00d3N DE DATOSS<\/strong><\/p>\n<p>Conforme a la normativa vigente en materia de protecci\u00f3n de datos de car\u00e1cter personal, le informamos de que COLEGIO LA SALLE SANTIAGO es el responsable del tratamiento de sus datos facilitados a trav\u00e9s de su solicitud de empleo y que los mismos ser\u00e1n tratados con la finalidad de hacerle participar en los procesos de selecci\u00f3n de personal que se realicen por el Centro.<\/p>\n<p>La legitimaci\u00f3n de este tratamiento de datos reside en el consentimiento que nos otorga en virtud de su candidatura espont\u00e1nea. No se ceder\u00e1n sus datos a terceros, salvo que la cesi\u00f3n sea l\u00edcita conforme a lo establecido en el Reglamento Europeo de Protecci\u00f3n de Datos y la normativa espa\u00f1ola vigente.<\/p>\n<p>En caso de producirse alguna modificaci\u00f3n en sus datos, le rogamos nos lo comunique debidamente. Asimismo, le comunicamos que transcurrido dos a\u00f1os desde la recepci\u00f3n de su curr\u00edculum vitae, procederemos a su destrucci\u00f3n segura.<\/p>\n<p>Tiene derecho a acceder, rectificar y suprimir sus datos, as\u00ed como otros derechos, como se explica en el en nuestra Pol\u00edtica de Privacidad: <a class=\"icono enlace\" href=\"https:\/\/web.lasallesantiago.gal\/politica-de-privacidad\/\">Pol\u00edtica de privacidade<\/a><\/p>\n<\/div>\n<\/div>\n<\/div><\/div><\/div><\/div><\/div>","protected":false},"excerpt":{"rendered":"<p>Si quieres formar parte de nuestro proyecto educativo trabajando en nuestro centro, env\u00eda tu curr\u00edculum a la siguiente direcci\u00f3n indicando en el asunto tu nombre y el puesto para el que realizas la solicitud a la siguiente direcci\u00f3n:<\/p>\n","protected":false},"author":1,"featured_media":0,"parent":0,"menu_order":0,"comment_status":"closed","ping_status":"closed","template":"","meta":{"footnotes":""},"class_list":["post-11276","page","type-page","status-publish","hentry"],"_links":{"self":[{"href":"https:\/\/web.lasallesantiago.gal\/es\/wp-json\/wp\/v2\/pages\/11276","targetHints":{"allow":["GET"]}}],"collection":[{"href":"https:\/\/web.lasallesantiago.gal\/es\/wp-json\/wp\/v2\/pages"}],"about":[{"href":"https:\/\/web.lasallesantiago.gal\/es\/wp-json\/wp\/v2\/types\/page"}],"author":[{"embeddable":true,"href":"https:\/\/web.lasallesantiago.gal\/es\/wp-json\/wp\/v2\/users\/1"}],"replies":[{"embeddable":true,"href":"https:\/\/web.lasallesantiago.gal\/es\/wp-json\/wp\/v2\/comments?post=11276"}],"version-history":[{"count":0,"href":"https:\/\/web.lasallesantiago.gal\/es\/wp-json\/wp\/v2\/pages\/11276\/revisions"}],"wp:attachment":[{"href":"https:\/\/web.lasallesantiago.gal\/es\/wp-json\/wp\/v2\/media?parent=11276"}],"curies":[{"name":"wp","href":"https:\/\/api.w.org\/{rel}","templated":true}]}}