{"id":10515,"date":"2020-06-01T09:24:18","date_gmt":"2020-06-01T09:24:18","guid":{"rendered":"https:\/\/web.lasallesantiago.gal\/?page_id=10515"},"modified":"2020-06-01T09:24:18","modified_gmt":"2020-06-01T09:24:18","slug":"caracter-propio","status":"publish","type":"page","link":"https:\/\/web.lasallesantiago.gal\/es\/caracter-propio\/","title":{"rendered":"Car\u00e1cter Propio"},"content":{"rendered":"<div id=\"pl-10515\"  class=\"panel-layout\" ><div id=\"pg-10515-0\"  class=\"panel-grid panel-no-style\" ><div id=\"pgc-10515-0-0\"  class=\"panel-grid-cell\" ><div id=\"panel-10515-0-0-0\" class=\"so-panel widget widget_heading panel-first-child panel-last-child\" data-index=\"0\" ><div class=\"thim-widget-heading template-base\"><div class=\"sc_heading  text-left\"><h3 style=\"text-transform: uppercase;\" class=\"title\">Car\u00e1cter propio<\/h3><p class=\"sub-heading\" style=\"\">La se\u00f1ales de nuestra identidad<\/p><span class=\"line\"><\/span><\/div><\/div><\/div><\/div><\/div><div id=\"pg-10515-1\"  class=\"panel-grid panel-no-style\" ><div id=\"pgc-10515-1-0\"  class=\"panel-grid-cell\" ><div id=\"panel-10515-1-0-0\" class=\"so-panel widget widget_sow-editor panel-first-child\" data-index=\"1\" ><div\n\t\t\t\n\t\t\tclass=\"so-widget-sow-editor so-widget-sow-editor-base\"\n\t\t\t\n\t\t>\n<div class=\"siteorigin-widget-tinymce textwidget\">\n\t<p>\tEl <strong>Car\u00e1cter Propio <\/strong>de las instituciones educativas lasalianas es un documento donde se plasman las se\u00f1ales de nuestra identidad.<\/p>\n<p>En \u00e9l se expresan nuestros deseos de mejorar la sociedad por medio de la educaci\u00f3n y se recogen los principios que dan sentido es nuestra misi\u00f3n de educadores.<\/p>\n<p>Es, sobre todo, una invitaci\u00f3n para que toda la Comunidad Educativa se sienta implicada en la educaci\u00f3n cristiana de los alumnos y alumnas de los Centros La Salle.<\/p>\n<\/div>\n<\/div><\/div><div id=\"panel-10515-1-0-1\" class=\"so-panel widget widget_button panel-last-child\" data-index=\"2\" ><div class=\"thim-widget-button template-base\"><a class=\"widget-button  normal custom_style\" href=\"https:\/\/www.lasalle.es\/images\/stories\/Documentos\/Caracter%20propio\/gallego.pdf\" style=\"--widget-button-font-size: 14px;--widget-button-font-weight: normal;--widget-button-border-width: 1px;--widget-button-color: #005aa0;--widget-button-border-color: #005aa0;--widget-button-background-color: #ffffff;--widget-button-color-hover: #ffffff;--widget-button-border-color-hover: #005aa0;--widget-button-background-color-hover: #005aa0;\">Consultar<\/a><\/div><\/div><\/div><\/div><\/div>","protected":false},"excerpt":{"rendered":"<p>El Car\u00e1cter Propio de las instituciones educativas lasalianas es un documento donde se plasman las se\u00f1ales de nuestra identidad. En \u00e9l se expresan nuestros deseos de mejorar la sociedad por medio de la educaci\u00f3n y se recogen los principios que &hellip; <\/p>\n","protected":false},"author":1,"featured_media":0,"parent":0,"menu_order":0,"comment_status":"closed","ping_status":"closed","template":"","meta":{"footnotes":""},"class_list":["post-10515","page","type-page","status-publish","hentry"],"_links":{"self":[{"href":"https:\/\/web.lasallesantiago.gal\/es\/wp-json\/wp\/v2\/pages\/10515","targetHints":{"allow":["GET"]}}],"collection":[{"href":"https:\/\/web.lasallesantiago.gal\/es\/wp-json\/wp\/v2\/pages"}],"about":[{"href":"https:\/\/web.lasallesantiago.gal\/es\/wp-json\/wp\/v2\/types\/page"}],"author":[{"embeddable":true,"href":"https:\/\/web.lasallesantiago.gal\/es\/wp-json\/wp\/v2\/users\/1"}],"replies":[{"embeddable":true,"href":"https:\/\/web.lasallesantiago.gal\/es\/wp-json\/wp\/v2\/comments?post=10515"}],"version-history":[{"count":0,"href":"https:\/\/web.lasallesantiago.gal\/es\/wp-json\/wp\/v2\/pages\/10515\/revisions"}],"wp:attachment":[{"href":"https:\/\/web.lasallesantiago.gal\/es\/wp-json\/wp\/v2\/media?parent=10515"}],"curies":[{"name":"wp","href":"https:\/\/api.w.org\/{rel}","templated":true}]}}