{"id":10258,"date":"2020-05-27T08:32:02","date_gmt":"2020-05-27T08:32:02","guid":{"rendered":"https:\/\/web.lasallesantiago.gal\/?page_id=10258"},"modified":"2022-04-19T11:23:15","modified_gmt":"2022-04-19T11:23:15","slug":"admision","status":"publish","type":"page","link":"https:\/\/web.lasallesantiago.gal\/es\/admision\/","title":{"rendered":"Admisiones"},"content":{"rendered":"<div id=\"pl-10258\"  class=\"panel-layout\" ><div id=\"pg-10258-0\"  class=\"panel-grid panel-no-style\" ><div id=\"pgc-10258-0-0\"  class=\"panel-grid-cell\" ><div id=\"panel-10258-0-0-0\" class=\"so-panel widget widget_heading panel-first-child panel-last-child\" data-index=\"0\" ><div class=\"thim-widget-heading template-base\"><div class=\"sc_heading  text-left\"><h3 style=\"text-transform: uppercase;\" class=\"title\">Admisiones<\/h3><span class=\"line\"><\/span><\/div><\/div><\/div><\/div><\/div><div id=\"pg-10258-1\"  class=\"panel-grid panel-no-style\" ><div id=\"pgc-10258-1-0\"  class=\"panel-grid-cell\" ><div id=\"panel-10258-1-0-0\" class=\"widget_text so-panel widget widget_custom_html panel-first-child panel-last-child\" data-index=\"1\" ><div class=\"textwidget custom-html-widget\"><p>\n\tSegundo a <b>Orde do 18 de decembro de 2020<\/b>, pola que se modifica a Orde do 12 de marzo que desenvolve o procedemento de admisi\u00f3n de alumnado, os PRAZOS DE ADMISI\u00d3N para o curso 2022\/23 son: \n<\/p>\n<ol>\n<li>RESERVA DE PRAZA dun centro a outro ao que se est\u00e9 adscrito:<\/li>\n<ul>\n<li>Prazo: do 11 de xaneiro ao 8 de febrero de 2022.<\/li>\n<li>Centros adscritos: CPR INMACULADA e CPR SAN JORGE<\/li>\n<li><a class=\"icono enlace\" href=\"https:\/\/www.edu.xunta.es\/axudaplicacion\/files\/admisionalumnado\/ED550A-G_2021_2022.pdf\" target=\"_blank\">ANEXO I (ED550A)<\/a><\/li>\n<\/ul>\n<li>Solicitudes ORDINARIAS de admisi\u00f3n (alumnos novos):<\/li>\n<ul>\n<li>Publicaci\u00f3n de vacantes antes do 1 de marzo<\/li>\n<li>Prazo para presentaci\u00f3n de solicitudes do 1 ao 21 de marzo de 2022<\/li>\n<li><a class=\"icono enlace\" href=\"https:\/\/web.lasallesantiago.gal\/wp-content\/uploads\/2022\/02\/ED550B-Impreso-solicitude-galego.pdf\" target=\"_blank\">ANEXO II (ED550B) en galego<\/a><\/li>\n<li><a class=\"icono enlace\" href=\"https:\/\/web.lasallesantiago.gal\/wp-content\/uploads\/2022\/02\/ED550B-C-Impreso-solicitud-castellano.pdf\" target=\"_blank\">ANEXO II (ED550B) en castel\u00e1n<\/a><\/li>\n<li>Os formularios poder\u00e1n descargarse e entregarse no centro ou cumplimentarse na aplicaci\u00f3n inform\u00e1tica www.edu.xunta.gal\/admisionalumnado<\/li>\n<\/ul>\n<\/ol>\n<p>\n\tPara calquera informaci\u00f3n: <a class=\"icono correo\" href=\"mailto:secretaria@lasallesantiago.gal\">secretaria@lasallesantiago.gal<\/a>\n<\/p>\n<\/div><\/div><\/div><\/div><div id=\"pg-10258-2\"  class=\"panel-grid panel-no-style\" ><div id=\"pgc-10258-2-0\"  class=\"panel-grid-cell\" ><div id=\"panel-10258-2-0-0\" class=\"so-panel widget widget_accordion panel-first-child panel-last-child\" data-index=\"2\" ><div class=\"thim-widget-accordion template-base\"><div class=\"thim-widget-accordion\"><h3 class=\"widget-title\">Documentaci\u00f3n e normativa<\/h3><div id=\"accordion_69ea4b72686fd\" class=\"panel-group\" role=\"tablist\" aria-multiselectable=\"true\">\n\t<!-- List Panel -->\n\t\n\t\t\t<div class=\"panel panel-default\">\n\t\t\t\t<div class=\"panel-heading\" role=\"tab\"\n\t\t\t\t\t id=\"heading_accordion_69ea4b72686fd_0\">\n\t\t\t\t\t<h4 class=\"panel-title\">\n\t\t\t\t\t\t<a role=\"button\" class=\"collapsed\" data-toggle=\"collapse\"\n\t\t\t\t\t\t   data-parent=\"#accordion_69ea4b72686fd\"\n\t\t\t\t\t\t   href=\"#collapse_accordion_69ea4b72686fd_0\" aria-expanded=\"false\"\n\t\t\t\t\t\t   aria-controls=\"collapse_accordion_69ea4b72686fd_0\">\n\t\t\t\t\t\t\tVisitas guiadas e Documentaci\u00f3n\t\t\t\t\t\t<\/a>\n\t\t\t\t\t<\/h4>\n\t\t\t\t<\/div>\n\t\t\t\t<div id=\"collapse_accordion_69ea4b72686fd_0\"\n\t\t\t\t\t class=\"panel-collapse collapse\"\n\t\t\t\t\t role=\"tabpanel\" aria-labelledby=\"heading_accordion_69ea4b72686fd_0\">\n\t\t\t\t\t<div class=\"panel-body\">\n\t\t\t\t\t\t<ul style=\"list-style-type: none;text-align: justify\">\n<li class=\"icono pdf\" style=\"margin-left: 12px;margin-bottom: 5px\"><a style=\"padding-left: 3px\" href=\"https:\/\/web.lasallesantiago.gal\/wp-content\/uploads\/2022\/01\/visitasguiadas21-22-1.pdf\" target=\"_blank\"><b>Informaci\u00f3n<\/b> e <b>visitas guiadas<\/b><\/a> [24\/1\/2022]<\/li>\n<li class=\"icono pdf\" style=\"margin-left: 12px;margin-bottom: 5px\"><a style=\"padding-left: 3px\" href=\"https:\/\/web.lasallesantiago.gal\/wp-content\/uploads\/2022\/01\/Cartel-visitas-guiadas.png\" target=\"_blank\"><b>Cartel<\/b> de <b>visitas guiadas<\/b><\/a><\/li>\n<li class=\"icono pdf\" style=\"margin-left: 12px;margin-bottom: 5px\"><a style=\"padding-left: 3px\" href=\"https:\/\/web.lasallesantiago.gal\/wp-content\/uploads\/2022\/02\/Nota-informaiva_prazos.pdf\" target=\"_blank\"><b>Prazos de admisi\u00f3n<\/b><\/a><\/li>\n<li class=\"icono pdf\" style=\"margin-left: 12px;margin-bottom: 5px\"><a style=\"padding-left: 3px\" href=\"https:\/\/web.lasallesantiago.gal\/wp-content\/uploads\/2022\/02\/Vacantes-curso-22-23.pdf\" target=\"_blank\"><b>Vacantes curso 2022-23<\/b><\/a><\/li>\n<li class=\"icono pdf\" style=\"margin-left: 12px;margin-bottom: 5px\"><a style=\"padding-left: 3px\" href=\"https:\/\/web.lasallesantiago.gal\/wp-content\/uploads\/2022\/02\/Baremacion_tabla_22-23.pdf\" target=\"_blank\"><b>Tabla baremaci\u00f3n<\/b><\/a><\/li>\n<li class=\"icono pdf\" style=\"margin-left: 12px;margin-bottom: 5px\"><a style=\"padding-left: 3px\" href=\"https:\/\/web.lasallesantiago.gal\/wp-content\/uploads\/2022\/02\/MAPA-ZONA-DE-INFLUENCIA-1-scaled.jpg\" target=\"_blank\"><b> Mapa zona influencia 1<\/b><\/a><\/li>\n<li class=\"icono pdf\" style=\"margin-left: 12px;margin-bottom: 5px\"><a style=\"padding-left: 3px\" href=\"https:\/\/web.lasallesantiago.gal\/wp-content\/uploads\/2022\/02\/MAPA-ZONA-INFLUENCIA-2-scaled.jpg\" target=\"_blank\"><b> Mapa zona influencia 2<\/b><\/a><\/li>\n<li class=\"icono pdf\" style=\"margin-left: 12px;margin-bottom: 5px\"><a style=\"padding-left: 3px\" href=\"https:\/\/web.lasallesantiago.gal\/wp-content\/uploads\/2022\/02\/Anuncio-sorteo-anual-letras-admision-2022-23.pdf\" target=\"_blank\"><b>Anuncio sorteo p\u00fablico letras admisi\u00f3n<\/b><\/a><\/li>\n<li class=\"icono pdf\" style=\"margin-left: 12px;margin-bottom: 5px\"><a style=\"padding-left: 3px\" href=\"https:\/\/web.lasallesantiago.gal\/wp-content\/uploads\/2022\/02\/Resolucion-resultado-sorteo-2022_23.pdf\" target=\"_blank\"><b>Resultado do sorteo da letra de prioridade<\/b><\/a><\/li>\n<li class=\"icono pdf\" style=\"margin-left: 12px;margin-bottom: 5px\"><a style=\"padding-left: 3px\" href=\"https:\/\/web.lasallesantiago.gal\/wp-content\/uploads\/2022\/04\/Publicacion-listaxes-provisionais.pdf\" target=\"_blank\"><b>Publicaci\u00f3n das listaxes provisionais de admitidos e non admitidos para o curso 2022\/23<\/b><\/a><\/li>\t\t\t\t\t<\/div>\n\t\t\t\t<\/div>\n\t\t\t<\/div>\n\n\t\t\n\t\t\t<div class=\"panel panel-default\">\n\t\t\t\t<div class=\"panel-heading\" role=\"tab\"\n\t\t\t\t\t id=\"heading_accordion_69ea4b72686fd_1\">\n\t\t\t\t\t<h4 class=\"panel-title\">\n\t\t\t\t\t\t<a role=\"button\" class=\"collapsed\" data-toggle=\"collapse\"\n\t\t\t\t\t\t   data-parent=\"#accordion_69ea4b72686fd\"\n\t\t\t\t\t\t   href=\"#collapse_accordion_69ea4b72686fd_1\" aria-expanded=\"false\"\n\t\t\t\t\t\t   aria-controls=\"collapse_accordion_69ea4b72686fd_1\">\n\t\t\t\t\t\t\tNormativa de aplicaci\u00f3n\t\t\t\t\t\t<\/a>\n\t\t\t\t\t<\/h4>\n\t\t\t\t<\/div>\n\t\t\t\t<div id=\"collapse_accordion_69ea4b72686fd_1\"\n\t\t\t\t\t class=\"panel-collapse collapse\"\n\t\t\t\t\t role=\"tabpanel\" aria-labelledby=\"heading_accordion_69ea4b72686fd_1\">\n\t\t\t\t\t<div class=\"panel-body\">\n\t\t\t\t\t\t<p style=\"text-align: justify\"><b>NORMATIVA DE APLICACI\u00d3N<\/b><\/p>\n<ul style=\"list-style-type: none;text-align: justify\">\n<li class=\"icono pdf\" style=\"margin-left: 12px;margin-bottom: 5px\"><a style=\"padding-left: 3px\" href=\"https:\/\/web.lasallesantiago.gal\/wp-content\/uploads\/2022\/02\/Instrucions-Direccion-Xeral-de-Centros-22-23.pdf\" target=\"_blank\"><strong>Decreto regulador<\/strong> do proceso de admisi\u00f3n de alumnado en centros docentes sustentados con fondos p\u00fablicos<\/a>\u00a0\u00a0<br \/>\n<p style=\"margin-left: 20px\"><em>DECRETO 13\/2022, do 3 de febreiro, polo que se regula a admisi\u00f3n de alumnado en centros docentes sostidos con fondos p\u00fablicos que imparten ensinanzas de segundo ciclo de educaci\u00f3n infantil, de educaci\u00f3n primaria, de educaci\u00f3n secundaria obrigatoria e de bacharelato reguladas na Lei org\u00e1nica 2\/2006 do 3 de maio.<\/em><\/p>\n<\/li>\n<li class=\"icono pdf\" style=\"margin-left: 12px;margin-bottom: 5px\"><a style=\"padding-left: 3px\" href=\"documentos\/admision20172018\/01_orden_admision.pdf\" target=\"_blank\"><strong>Orde reguladora<\/strong> da admisi\u00f3n de alumnado en centros docentes sustentados con fondos p\u00fablicos<\/a>\u00a0<br \/>\n<p style=\"margin-left: 20px\"><em>ORDE do 12 de marzo de 2013 pola que se desenvolve o procedemento para a admisi\u00f3n do alumnado en centros docentes sustentados con fondos p\u00fablicos que impartan ensinanzas de 2\u00ba ciclo de educaci\u00f3n infantil, de educaci\u00f3n primaria, de educaci\u00f3n secundaria obrigatoria e de bacharelato reguladas na Lei org\u00e1nica 2\/2006, do 3 de maio, de educaci\u00f3n.<\/em><\/p>\n<\/li>\n<li class=\"icono pdf\" style=\"margin-left: 12px;margin-bottom: 5px\"><a style=\"padding-left: 3px\" href=\"documentos\/admision20172018\/02_modificacion_orde_admision.pdf\" target=\"_blank\"><strong>Modificaci\u00f3n da orde reguladora<\/strong> da admisi\u00f3n de alumnado en centros docentes sustentados con fondos p\u00fablicos<\/a><br \/>\n<p style=\"margin-left: 20px\"><em>ORDE do 25 de xaneiro de 2017 pola que se modifica a Orde do 12 de marzo de 2013 pola que se desenvolve o procedemento para a admisi\u00f3n do alumnado en centros docentes sustentados con fondos p\u00fablicos que impartan ensinanzas de 2\u00ba ciclo de educaci\u00f3n infantil, de educaci\u00f3n primaria, de educaci\u00f3n secundaria obrigatoria e de bacharelato reguladas na Lei org\u00e1nica 2\/2006, do 3 de maio, de educaci\u00f3n.<\/em><\/p>\n<\/li>\n\n<li class=\"icono pdf\" style=\"margin-left: 12px;margin-bottom: 5px\"><a style=\"padding-left: 3px\" href=\"https:\/\/www.xunta.gal\/dog\/Publicados\/2020\/20201222\/AnuncioG0598-211220-0001_gl.html\" target=\"_blank\"><strong>ORDE do 18 de decembro de 2020<\/strong> pola que se modifica a Orde do 12 de marzo de 2013 pola que se desenvolve o procedemento para a admisi\u00f3n do alumnado en centros docentes sustentados con fondos p\u00fablicos que impartan ensinanzas de 2\u00ba ciclo de educaci\u00f3n infantil, de educaci\u00f3n primaria, de educaci\u00f3n secundaria obrigatoria e de bacharelato reguladas na Lei org\u00e1nica 2\/2006, do 3 de maio, de educaci\u00f3n (c\u00f3digo de procedemento ED550A e ED550B).<\/a><br \/>\n<\/li>\n<\/ul>\t\t\t\t\t<\/div>\n\t\t\t\t<\/div>\n\t\t\t<\/div>\n\n\t\t\t<!-- End: List Panel -->\n<\/div>\n<\/div>\n<\/div><\/div><\/div><\/div><div id=\"pg-10258-3\"  class=\"panel-grid panel-no-style\" ><div id=\"pgc-10258-3-0\"  class=\"panel-grid-cell panel-grid-cell-empty\" ><\/div><\/div><div id=\"pg-10258-4\"  class=\"panel-grid panel-no-style\" ><div id=\"pgc-10258-4-0\"  class=\"panel-grid-cell\" ><div id=\"panel-10258-4-0-0\" class=\"so-panel widget widget_single-images panel-first-child panel-last-child\" data-index=\"3\" ><div class=\"thim-widget-single-images template-single-images\">\n<div class=\"single-image text-center\"><img src =\"https:\/\/web.lasallesantiago.gal\/wp-content\/uploads\/2020\/05\/xunta-logo-educacion.jpg\" width=\"1643\" height=\"387\" alt=\"\"\/><\/div><\/div><\/div><\/div><div id=\"pgc-10258-4-1\"  class=\"panel-grid-cell\" ><div id=\"panel-10258-4-1-0\" class=\"widget_text so-panel widget widget_custom_html panel-first-child\" data-index=\"4\" ><div class=\"textwidget custom-html-widget\"><p>\n\tA <strong>Xunta de Galicia<\/strong> disp\u00f3n dunha <strong>aplicaci\u00f3n de xesti\u00f3n das solicitudes<\/strong> de reserva para centros adscritos e admisi\u00f3n para alumnos de Educaci\u00f3n Infantil, Primaria, Ensinanza Secundaria Obrigatoria e Bacharelato en centros sostidos con fondos p\u00fablicos.\n<\/p><\/div><\/div><div id=\"panel-10258-4-1-1\" class=\"so-panel widget widget_button panel-last-child\" data-index=\"5\" ><div class=\"thim-widget-button template-base\"><a class=\"widget-button  small custom_style\" href=\"https:\/\/www.edu.xunta.es\/admisionalumnado\/\" style=\"--widget-button-font-size: 14px;--widget-button-font-weight: normal;--widget-button-border-width: 1px;--widget-button-color: #005aa0;--widget-button-border-color: #005aa0;--widget-button-color-hover: #ffffff;--widget-button-border-color-hover: #005aa0;--widget-button-background-color-hover: #005aa0;\">Acceso a aplicaci\u00f3n de xesti\u00f3n das solicitudes<\/a><\/div><\/div><\/div><\/div><div id=\"pg-10258-5\"  class=\"panel-grid panel-no-style\" ><div id=\"pgc-10258-5-0\"  class=\"panel-grid-cell\" ><div id=\"panel-10258-5-0-0\" class=\"so-panel widget widget_media_video panel-first-child panel-last-child\" data-index=\"6\" ><div style=\"width:100%;\" class=\"wp-video\"><video class=\"wp-video-shortcode\" id=\"video-10258-1\" preload=\"metadata\" controls=\"controls\"><source type=\"video\/youtube\" src=\"https:\/\/www.youtube.com\/watch?v=uZzzpPDK_Lo&#038;_=1\" \/><a href=\"https:\/\/www.youtube.com\/watch?v=uZzzpPDK_Lo\">https:\/\/www.youtube.com\/watch?v=uZzzpPDK_Lo<\/a><\/video><\/div><\/div><\/div><\/div><\/div>","protected":false},"excerpt":{"rendered":"<p>Admisiones Segundo a Orde do 18 de decembro de 2020, pola que se modifica a Orde do 12 de marzo que desenvolve o procedemento de admisi\u00f3n de alumnado, os PRAZOS DE ADMISI\u00d3N para o curso 2022\/23 son: RESERVA DE PRAZA &hellip; <\/p>\n","protected":false},"author":1,"featured_media":0,"parent":0,"menu_order":0,"comment_status":"closed","ping_status":"closed","template":"","meta":{"footnotes":""},"class_list":["post-10258","page","type-page","status-publish","hentry"],"_links":{"self":[{"href":"https:\/\/web.lasallesantiago.gal\/es\/wp-json\/wp\/v2\/pages\/10258","targetHints":{"allow":["GET"]}}],"collection":[{"href":"https:\/\/web.lasallesantiago.gal\/es\/wp-json\/wp\/v2\/pages"}],"about":[{"href":"https:\/\/web.lasallesantiago.gal\/es\/wp-json\/wp\/v2\/types\/page"}],"author":[{"embeddable":true,"href":"https:\/\/web.lasallesantiago.gal\/es\/wp-json\/wp\/v2\/users\/1"}],"replies":[{"embeddable":true,"href":"https:\/\/web.lasallesantiago.gal\/es\/wp-json\/wp\/v2\/comments?post=10258"}],"version-history":[{"count":0,"href":"https:\/\/web.lasallesantiago.gal\/es\/wp-json\/wp\/v2\/pages\/10258\/revisions"}],"wp:attachment":[{"href":"https:\/\/web.lasallesantiago.gal\/es\/wp-json\/wp\/v2\/media?parent=10258"}],"curies":[{"name":"wp","href":"https:\/\/api.w.org\/{rel}","templated":true}]}}